{"id":2011,"date":"2022-08-05T04:53:33","date_gmt":"2022-08-05T04:53:33","guid":{"rendered":"https:\/\/tijuana.com.uy\/index.php\/producto\/set-de-sellos-transparentes-cumpleaos\/"},"modified":"2022-11-26T02:26:23","modified_gmt":"2022-11-26T02:26:23","slug":"set-de-sellos-transparentes-cumpleaos","status":"publish","type":"product","link":"https:\/\/tijuana.com.uy\/?product=set-de-sellos-transparentes-cumpleaos","title":{"rendered":"SET DE SELLOS SILICONADOS &#8211; CUMPLEA\u00d1OS"},"content":{"rendered":"","protected":false},"excerpt":{"rendered":"<p>Sellos en silicona transparente reutilizables y duraderos. Perfecto para estampar sobre manualidades en papel, tarjetas, \u00e1lbumes de recortes, etiquetas de regalo, etc. 18 Sellos transparentes con dise\u00f1os varios de Cumplea\u00f1os.<\/p>\n","protected":false},"featured_media":3044,"template":"","meta":[],"product_brand":[],"product_cat":[25],"product_tag":[61],"class_list":{"0":"post-2011","1":"product","2":"type-product","3":"status-publish","4":"has-post-thumbnail","6":"product_cat-papeleria","7":"product_tag-ibi-craft","9":"first","10":"instock","11":"taxable","12":"shipping-taxable","13":"purchasable","14":"product-type-simple"},"yoast_head":"<!-- This site is optimized with the Yoast SEO plugin v27.5 - https:\/\/yoast.com\/product\/yoast-seo-wordpress\/ -->\n<title>SET DE SELLOS SILICONADOS - CUMPLEA\u00d1OS - Tijuana<\/title>\n<meta name=\"description\" content=\"Sellos en silicona transparente reutilizables y duraderos. Perfecto para estampar sobre manualidades en papel, tarjetas, \u00e1lbumes de recortes, etiquetas de regalo, etc.\" \/>\n<meta name=\"robots\" content=\"index, follow, max-snippet:-1, max-image-preview:large, max-video-preview:-1\" \/>\n<link rel=\"canonical\" href=\"https:\/\/tijuana.com.uy\/?product=set-de-sellos-transparentes-cumpleaos\" \/>\n<meta property=\"og:locale\" content=\"es_ES\" \/>\n<meta property=\"og:type\" content=\"article\" \/>\n<meta property=\"og:title\" content=\"SET DE SELLOS SILICONADOS - CUMPLEA\u00d1OS - Tijuana\" \/>\n<meta property=\"og:description\" content=\"Sellos en silicona transparente reutilizables y duraderos. Perfecto para estampar sobre manualidades en papel, tarjetas, \u00e1lbumes de recortes, etiquetas de regalo, etc.\" \/>\n<meta property=\"og:url\" content=\"https:\/\/tijuana.com.uy\/?product=set-de-sellos-transparentes-cumpleaos\" \/>\n<meta property=\"og:site_name\" content=\"Tijuana\" \/>\n<meta property=\"article:modified_time\" content=\"2022-11-26T02:26:23+00:00\" \/>\n<meta property=\"og:image\" content=\"https:\/\/tijuana.com.uy\/wp-content\/uploads\/2022\/08\/sellos-de-silicona-ameli-papeleria-03.jpeg\" \/>\n\t<meta property=\"og:image:width\" content=\"800\" \/>\n\t<meta property=\"og:image:height\" content=\"800\" \/>\n\t<meta property=\"og:image:type\" content=\"image\/jpeg\" \/>\n<meta name=\"twitter:card\" content=\"summary_large_image\" \/>\n<script type=\"application\/ld+json\" class=\"yoast-schema-graph\">{\"@context\":\"https:\\\/\\\/schema.org\",\"@graph\":[{\"@type\":\"WebPage\",\"@id\":\"https:\\\/\\\/tijuana.com.uy\\\/?product=set-de-sellos-transparentes-cumpleaos\",\"url\":\"https:\\\/\\\/tijuana.com.uy\\\/?product=set-de-sellos-transparentes-cumpleaos\",\"name\":\"SET DE SELLOS SILICONADOS - CUMPLEA\u00d1OS - Tijuana\",\"isPartOf\":{\"@id\":\"https:\\\/\\\/tijuana.com.uy\\\/#website\"},\"primaryImageOfPage\":{\"@id\":\"https:\\\/\\\/tijuana.com.uy\\\/?product=set-de-sellos-transparentes-cumpleaos#primaryimage\"},\"image\":{\"@id\":\"https:\\\/\\\/tijuana.com.uy\\\/?product=set-de-sellos-transparentes-cumpleaos#primaryimage\"},\"thumbnailUrl\":\"https:\\\/\\\/tijuana.com.uy\\\/wp-content\\\/uploads\\\/2022\\\/08\\\/sellos-de-silicona-ameli-papeleria-03.jpeg\",\"datePublished\":\"2022-08-05T04:53:33+00:00\",\"dateModified\":\"2022-11-26T02:26:23+00:00\",\"description\":\"Sellos en silicona transparente reutilizables y duraderos. Perfecto para estampar sobre manualidades en papel, tarjetas, \u00e1lbumes de recortes, etiquetas de regalo, etc.\",\"breadcrumb\":{\"@id\":\"https:\\\/\\\/tijuana.com.uy\\\/?product=set-de-sellos-transparentes-cumpleaos#breadcrumb\"},\"inLanguage\":\"es\",\"potentialAction\":[{\"@type\":\"ReadAction\",\"target\":[\"https:\\\/\\\/tijuana.com.uy\\\/?product=set-de-sellos-transparentes-cumpleaos\"]}]},{\"@type\":\"ImageObject\",\"inLanguage\":\"es\",\"@id\":\"https:\\\/\\\/tijuana.com.uy\\\/?product=set-de-sellos-transparentes-cumpleaos#primaryimage\",\"url\":\"https:\\\/\\\/tijuana.com.uy\\\/wp-content\\\/uploads\\\/2022\\\/08\\\/sellos-de-silicona-ameli-papeleria-03.jpeg\",\"contentUrl\":\"https:\\\/\\\/tijuana.com.uy\\\/wp-content\\\/uploads\\\/2022\\\/08\\\/sellos-de-silicona-ameli-papeleria-03.jpeg\",\"width\":800,\"height\":800,\"caption\":\"SET DE SELLOS SILICONADOS SILICONA CUMPLEA\u00d1OS IBI CRAFT\"},{\"@type\":\"BreadcrumbList\",\"@id\":\"https:\\\/\\\/tijuana.com.uy\\\/?product=set-de-sellos-transparentes-cumpleaos#breadcrumb\",\"itemListElement\":[{\"@type\":\"ListItem\",\"position\":1,\"name\":\"Inicio\",\"item\":\"https:\\\/\\\/tijuana.com.uy\\\/\"},{\"@type\":\"ListItem\",\"position\":2,\"name\":\"Todos nuestros productos\",\"item\":\"https:\\\/\\\/tijuana.com.uy\\\/?page_id=365\"},{\"@type\":\"ListItem\",\"position\":3,\"name\":\"SET DE SELLOS SILICONADOS &#8211; CUMPLEA\u00d1OS\"}]},{\"@type\":\"WebSite\",\"@id\":\"https:\\\/\\\/tijuana.com.uy\\\/#website\",\"url\":\"https:\\\/\\\/tijuana.com.uy\\\/\",\"name\":\"Tijuana\",\"description\":\"Ecommerce Tijuana\",\"potentialAction\":[{\"@type\":\"SearchAction\",\"target\":{\"@type\":\"EntryPoint\",\"urlTemplate\":\"https:\\\/\\\/tijuana.com.uy\\\/?s={search_term_string}\"},\"query-input\":{\"@type\":\"PropertyValueSpecification\",\"valueRequired\":true,\"valueName\":\"search_term_string\"}}],\"inLanguage\":\"es\"}]}<\/script>\n<!-- \/ Yoast SEO plugin. -->","yoast_head_json":{"title":"SET DE SELLOS SILICONADOS - CUMPLEA\u00d1OS - Tijuana","description":"Sellos en silicona transparente reutilizables y duraderos. Perfecto para estampar sobre manualidades en papel, tarjetas, \u00e1lbumes de recortes, etiquetas de regalo, etc.","robots":{"index":"index","follow":"follow","max-snippet":"max-snippet:-1","max-image-preview":"max-image-preview:large","max-video-preview":"max-video-preview:-1"},"canonical":"https:\/\/tijuana.com.uy\/?product=set-de-sellos-transparentes-cumpleaos","og_locale":"es_ES","og_type":"article","og_title":"SET DE SELLOS SILICONADOS - CUMPLEA\u00d1OS - Tijuana","og_description":"Sellos en silicona transparente reutilizables y duraderos. Perfecto para estampar sobre manualidades en papel, tarjetas, \u00e1lbumes de recortes, etiquetas de regalo, etc.","og_url":"https:\/\/tijuana.com.uy\/?product=set-de-sellos-transparentes-cumpleaos","og_site_name":"Tijuana","article_modified_time":"2022-11-26T02:26:23+00:00","og_image":[{"width":800,"height":800,"url":"https:\/\/tijuana.com.uy\/wp-content\/uploads\/2022\/08\/sellos-de-silicona-ameli-papeleria-03.jpeg","type":"image\/jpeg"}],"twitter_card":"summary_large_image","schema":{"@context":"https:\/\/schema.org","@graph":[{"@type":"WebPage","@id":"https:\/\/tijuana.com.uy\/?product=set-de-sellos-transparentes-cumpleaos","url":"https:\/\/tijuana.com.uy\/?product=set-de-sellos-transparentes-cumpleaos","name":"SET DE SELLOS SILICONADOS - CUMPLEA\u00d1OS - Tijuana","isPartOf":{"@id":"https:\/\/tijuana.com.uy\/#website"},"primaryImageOfPage":{"@id":"https:\/\/tijuana.com.uy\/?product=set-de-sellos-transparentes-cumpleaos#primaryimage"},"image":{"@id":"https:\/\/tijuana.com.uy\/?product=set-de-sellos-transparentes-cumpleaos#primaryimage"},"thumbnailUrl":"https:\/\/tijuana.com.uy\/wp-content\/uploads\/2022\/08\/sellos-de-silicona-ameli-papeleria-03.jpeg","datePublished":"2022-08-05T04:53:33+00:00","dateModified":"2022-11-26T02:26:23+00:00","description":"Sellos en silicona transparente reutilizables y duraderos. Perfecto para estampar sobre manualidades en papel, tarjetas, \u00e1lbumes de recortes, etiquetas de regalo, etc.","breadcrumb":{"@id":"https:\/\/tijuana.com.uy\/?product=set-de-sellos-transparentes-cumpleaos#breadcrumb"},"inLanguage":"es","potentialAction":[{"@type":"ReadAction","target":["https:\/\/tijuana.com.uy\/?product=set-de-sellos-transparentes-cumpleaos"]}]},{"@type":"ImageObject","inLanguage":"es","@id":"https:\/\/tijuana.com.uy\/?product=set-de-sellos-transparentes-cumpleaos#primaryimage","url":"https:\/\/tijuana.com.uy\/wp-content\/uploads\/2022\/08\/sellos-de-silicona-ameli-papeleria-03.jpeg","contentUrl":"https:\/\/tijuana.com.uy\/wp-content\/uploads\/2022\/08\/sellos-de-silicona-ameli-papeleria-03.jpeg","width":800,"height":800,"caption":"SET DE SELLOS SILICONADOS SILICONA CUMPLEA\u00d1OS IBI CRAFT"},{"@type":"BreadcrumbList","@id":"https:\/\/tijuana.com.uy\/?product=set-de-sellos-transparentes-cumpleaos#breadcrumb","itemListElement":[{"@type":"ListItem","position":1,"name":"Inicio","item":"https:\/\/tijuana.com.uy\/"},{"@type":"ListItem","position":2,"name":"Todos nuestros productos","item":"https:\/\/tijuana.com.uy\/?page_id=365"},{"@type":"ListItem","position":3,"name":"SET DE SELLOS SILICONADOS &#8211; CUMPLEA\u00d1OS"}]},{"@type":"WebSite","@id":"https:\/\/tijuana.com.uy\/#website","url":"https:\/\/tijuana.com.uy\/","name":"Tijuana","description":"Ecommerce Tijuana","potentialAction":[{"@type":"SearchAction","target":{"@type":"EntryPoint","urlTemplate":"https:\/\/tijuana.com.uy\/?s={search_term_string}"},"query-input":{"@type":"PropertyValueSpecification","valueRequired":true,"valueName":"search_term_string"}}],"inLanguage":"es"}]}},"_links":{"self":[{"href":"https:\/\/tijuana.com.uy\/index.php?rest_route=\/wp\/v2\/product\/2011","targetHints":{"allow":["GET"]}}],"collection":[{"href":"https:\/\/tijuana.com.uy\/index.php?rest_route=\/wp\/v2\/product"}],"about":[{"href":"https:\/\/tijuana.com.uy\/index.php?rest_route=\/wp\/v2\/types\/product"}],"wp:featuredmedia":[{"embeddable":true,"href":"https:\/\/tijuana.com.uy\/index.php?rest_route=\/wp\/v2\/media\/3044"}],"wp:attachment":[{"href":"https:\/\/tijuana.com.uy\/index.php?rest_route=%2Fwp%2Fv2%2Fmedia&parent=2011"}],"wp:term":[{"taxonomy":"product_brand","embeddable":true,"href":"https:\/\/tijuana.com.uy\/index.php?rest_route=%2Fwp%2Fv2%2Fproduct_brand&post=2011"},{"taxonomy":"product_cat","embeddable":true,"href":"https:\/\/tijuana.com.uy\/index.php?rest_route=%2Fwp%2Fv2%2Fproduct_cat&post=2011"},{"taxonomy":"product_tag","embeddable":true,"href":"https:\/\/tijuana.com.uy\/index.php?rest_route=%2Fwp%2Fv2%2Fproduct_tag&post=2011"}],"curies":[{"name":"wp","href":"https:\/\/api.w.org\/{rel}","templated":true}]}}