{"id":2034,"date":"2022-08-05T04:54:44","date_gmt":"2022-08-05T04:54:44","guid":{"rendered":"https:\/\/tijuana.com.uy\/index.php\/producto\/banco-pica-colores-con-martillo-polar-b\/"},"modified":"2022-10-21T21:26:18","modified_gmt":"2022-10-21T21:26:18","slug":"banco-pica-colores-con-martillo-polar-b","status":"publish","type":"product","link":"https:\/\/tijuana.com.uy\/?product=banco-pica-colores-con-martillo-polar-b","title":{"rendered":"BANCO PICA COLORES CON MARTILLO POLAR B"},"content":{"rendered":"<p>Una mesa banco de madera con 6 clavijas de color y un martillo. Martille las clavijas a trav\u00e9s de los agujeros, de vuelta el banco y vuelva a hacerlo. Este banco de madera estimula el reconocimiento del color y ayuda a desarrollar habilidades motoras finas. Golpea las clavijas para desarrollar la flexibilidad de la mu\u00f1eca de los ni\u00f1os, as\u00ed como la coordinaci\u00f3n mano-ojo.<\/p>\n<p>Edad:+ 1 a\u00f1os. Medidas: Largo 10,5 cm x Ancho 7 cm x Alto 19,8 cm.<\/p>\n","protected":false},"excerpt":{"rendered":"<p>Una mesa banco de madera con 6 clavijas de color y un martillo. Martille las clavijas a trav\u00e9s de los agujeros, de vuelta el banco y vuelva a hacerlo. Este banco de madera estimula el reconocimiento del color y ayuda a desarrollar habilidades motoras finas. Golpea las clavijas para desarrollar la flexibilidad de la mu\u00f1eca [&hellip;]<\/p>\n","protected":false},"featured_media":2729,"template":"","meta":[],"product_brand":[],"product_cat":[26],"product_tag":[64,65,63],"class_list":{"0":"post-2034","1":"product","2":"type-product","3":"status-publish","4":"has-post-thumbnail","6":"product_cat-jugueteria","7":"product_tag-1-2anos","8":"product_tag-3-4anos","9":"product_tag-polar-b","11":"first","12":"instock","13":"taxable","14":"shipping-taxable","15":"purchasable","16":"product-type-simple"},"yoast_head":"<!-- This site is optimized with the Yoast SEO plugin v27.5 - https:\/\/yoast.com\/product\/yoast-seo-wordpress\/ -->\n<title>BANCO PICA COLORES CON MARTILLO POLAR B - Tijuana<\/title>\n<meta name=\"description\" content=\"Una mesa banco de madera con 6 clavijas de color y un martillo. Martille las clavijas a trav\u00e9s de los agujeros, de vuelta el banco y vuelva a hacerlo.\" \/>\n<meta name=\"robots\" content=\"index, follow, max-snippet:-1, max-image-preview:large, max-video-preview:-1\" \/>\n<link rel=\"canonical\" href=\"https:\/\/tijuana.com.uy\/?product=banco-pica-colores-con-martillo-polar-b\" \/>\n<meta property=\"og:locale\" content=\"es_ES\" \/>\n<meta property=\"og:type\" content=\"article\" \/>\n<meta property=\"og:title\" content=\"BANCO PICA COLORES CON MARTILLO POLAR B - Tijuana\" \/>\n<meta property=\"og:description\" content=\"Una mesa banco de madera con 6 clavijas de color y un martillo. Martille las clavijas a trav\u00e9s de los agujeros, de vuelta el banco y vuelva a hacerlo.\" \/>\n<meta property=\"og:url\" content=\"https:\/\/tijuana.com.uy\/?product=banco-pica-colores-con-martillo-polar-b\" \/>\n<meta property=\"og:site_name\" content=\"Tijuana\" \/>\n<meta property=\"article:modified_time\" content=\"2022-10-21T21:26:18+00:00\" \/>\n<meta property=\"og:image\" content=\"https:\/\/tijuana.com.uy\/wp-content\/uploads\/2022\/08\/D_NQ_NP_775039-MLU43442468021_092020-O.webp\" \/>\n\t<meta property=\"og:image:width\" content=\"500\" \/>\n\t<meta property=\"og:image:height\" content=\"349\" \/>\n\t<meta property=\"og:image:type\" content=\"image\/webp\" \/>\n<meta name=\"twitter:card\" content=\"summary_large_image\" \/>\n<meta name=\"twitter:label1\" content=\"Tiempo de lectura\" \/>\n\t<meta name=\"twitter:data1\" content=\"1 minuto\" \/>\n<script type=\"application\/ld+json\" class=\"yoast-schema-graph\">{\"@context\":\"https:\\\/\\\/schema.org\",\"@graph\":[{\"@type\":\"WebPage\",\"@id\":\"https:\\\/\\\/tijuana.com.uy\\\/?product=banco-pica-colores-con-martillo-polar-b\",\"url\":\"https:\\\/\\\/tijuana.com.uy\\\/?product=banco-pica-colores-con-martillo-polar-b\",\"name\":\"BANCO PICA COLORES CON MARTILLO POLAR B - Tijuana\",\"isPartOf\":{\"@id\":\"https:\\\/\\\/tijuana.com.uy\\\/#website\"},\"primaryImageOfPage\":{\"@id\":\"https:\\\/\\\/tijuana.com.uy\\\/?product=banco-pica-colores-con-martillo-polar-b#primaryimage\"},\"image\":{\"@id\":\"https:\\\/\\\/tijuana.com.uy\\\/?product=banco-pica-colores-con-martillo-polar-b#primaryimage\"},\"thumbnailUrl\":\"https:\\\/\\\/tijuana.com.uy\\\/wp-content\\\/uploads\\\/2022\\\/08\\\/D_NQ_NP_775039-MLU43442468021_092020-O.webp\",\"datePublished\":\"2022-08-05T04:54:44+00:00\",\"dateModified\":\"2022-10-21T21:26:18+00:00\",\"description\":\"Una mesa banco de madera con 6 clavijas de color y un martillo. Martille las clavijas a trav\u00e9s de los agujeros, de vuelta el banco y vuelva a hacerlo.\",\"breadcrumb\":{\"@id\":\"https:\\\/\\\/tijuana.com.uy\\\/?product=banco-pica-colores-con-martillo-polar-b#breadcrumb\"},\"inLanguage\":\"es\",\"potentialAction\":[{\"@type\":\"ReadAction\",\"target\":[\"https:\\\/\\\/tijuana.com.uy\\\/?product=banco-pica-colores-con-martillo-polar-b\"]}]},{\"@type\":\"ImageObject\",\"inLanguage\":\"es\",\"@id\":\"https:\\\/\\\/tijuana.com.uy\\\/?product=banco-pica-colores-con-martillo-polar-b#primaryimage\",\"url\":\"https:\\\/\\\/tijuana.com.uy\\\/wp-content\\\/uploads\\\/2022\\\/08\\\/D_NQ_NP_775039-MLU43442468021_092020-O.webp\",\"contentUrl\":\"https:\\\/\\\/tijuana.com.uy\\\/wp-content\\\/uploads\\\/2022\\\/08\\\/D_NQ_NP_775039-MLU43442468021_092020-O.webp\",\"width\":500,\"height\":349,\"caption\":\"BANCO PICA COLORES CON MARTILLO POLAR B\"},{\"@type\":\"BreadcrumbList\",\"@id\":\"https:\\\/\\\/tijuana.com.uy\\\/?product=banco-pica-colores-con-martillo-polar-b#breadcrumb\",\"itemListElement\":[{\"@type\":\"ListItem\",\"position\":1,\"name\":\"Inicio\",\"item\":\"https:\\\/\\\/tijuana.com.uy\\\/\"},{\"@type\":\"ListItem\",\"position\":2,\"name\":\"Todos nuestros productos\",\"item\":\"https:\\\/\\\/tijuana.com.uy\\\/?page_id=365\"},{\"@type\":\"ListItem\",\"position\":3,\"name\":\"BANCO PICA COLORES CON MARTILLO POLAR B\"}]},{\"@type\":\"WebSite\",\"@id\":\"https:\\\/\\\/tijuana.com.uy\\\/#website\",\"url\":\"https:\\\/\\\/tijuana.com.uy\\\/\",\"name\":\"Tijuana\",\"description\":\"Ecommerce Tijuana\",\"potentialAction\":[{\"@type\":\"SearchAction\",\"target\":{\"@type\":\"EntryPoint\",\"urlTemplate\":\"https:\\\/\\\/tijuana.com.uy\\\/?s={search_term_string}\"},\"query-input\":{\"@type\":\"PropertyValueSpecification\",\"valueRequired\":true,\"valueName\":\"search_term_string\"}}],\"inLanguage\":\"es\"}]}<\/script>\n<!-- \/ Yoast SEO plugin. -->","yoast_head_json":{"title":"BANCO PICA COLORES CON MARTILLO POLAR B - Tijuana","description":"Una mesa banco de madera con 6 clavijas de color y un martillo. Martille las clavijas a trav\u00e9s de los agujeros, de vuelta el banco y vuelva a hacerlo.","robots":{"index":"index","follow":"follow","max-snippet":"max-snippet:-1","max-image-preview":"max-image-preview:large","max-video-preview":"max-video-preview:-1"},"canonical":"https:\/\/tijuana.com.uy\/?product=banco-pica-colores-con-martillo-polar-b","og_locale":"es_ES","og_type":"article","og_title":"BANCO PICA COLORES CON MARTILLO POLAR B - Tijuana","og_description":"Una mesa banco de madera con 6 clavijas de color y un martillo. Martille las clavijas a trav\u00e9s de los agujeros, de vuelta el banco y vuelva a hacerlo.","og_url":"https:\/\/tijuana.com.uy\/?product=banco-pica-colores-con-martillo-polar-b","og_site_name":"Tijuana","article_modified_time":"2022-10-21T21:26:18+00:00","og_image":[{"width":500,"height":349,"url":"https:\/\/tijuana.com.uy\/wp-content\/uploads\/2022\/08\/D_NQ_NP_775039-MLU43442468021_092020-O.webp","type":"image\/webp"}],"twitter_card":"summary_large_image","twitter_misc":{"Tiempo de lectura":"1 minuto"},"schema":{"@context":"https:\/\/schema.org","@graph":[{"@type":"WebPage","@id":"https:\/\/tijuana.com.uy\/?product=banco-pica-colores-con-martillo-polar-b","url":"https:\/\/tijuana.com.uy\/?product=banco-pica-colores-con-martillo-polar-b","name":"BANCO PICA COLORES CON MARTILLO POLAR B - Tijuana","isPartOf":{"@id":"https:\/\/tijuana.com.uy\/#website"},"primaryImageOfPage":{"@id":"https:\/\/tijuana.com.uy\/?product=banco-pica-colores-con-martillo-polar-b#primaryimage"},"image":{"@id":"https:\/\/tijuana.com.uy\/?product=banco-pica-colores-con-martillo-polar-b#primaryimage"},"thumbnailUrl":"https:\/\/tijuana.com.uy\/wp-content\/uploads\/2022\/08\/D_NQ_NP_775039-MLU43442468021_092020-O.webp","datePublished":"2022-08-05T04:54:44+00:00","dateModified":"2022-10-21T21:26:18+00:00","description":"Una mesa banco de madera con 6 clavijas de color y un martillo. Martille las clavijas a trav\u00e9s de los agujeros, de vuelta el banco y vuelva a hacerlo.","breadcrumb":{"@id":"https:\/\/tijuana.com.uy\/?product=banco-pica-colores-con-martillo-polar-b#breadcrumb"},"inLanguage":"es","potentialAction":[{"@type":"ReadAction","target":["https:\/\/tijuana.com.uy\/?product=banco-pica-colores-con-martillo-polar-b"]}]},{"@type":"ImageObject","inLanguage":"es","@id":"https:\/\/tijuana.com.uy\/?product=banco-pica-colores-con-martillo-polar-b#primaryimage","url":"https:\/\/tijuana.com.uy\/wp-content\/uploads\/2022\/08\/D_NQ_NP_775039-MLU43442468021_092020-O.webp","contentUrl":"https:\/\/tijuana.com.uy\/wp-content\/uploads\/2022\/08\/D_NQ_NP_775039-MLU43442468021_092020-O.webp","width":500,"height":349,"caption":"BANCO PICA COLORES CON MARTILLO POLAR B"},{"@type":"BreadcrumbList","@id":"https:\/\/tijuana.com.uy\/?product=banco-pica-colores-con-martillo-polar-b#breadcrumb","itemListElement":[{"@type":"ListItem","position":1,"name":"Inicio","item":"https:\/\/tijuana.com.uy\/"},{"@type":"ListItem","position":2,"name":"Todos nuestros productos","item":"https:\/\/tijuana.com.uy\/?page_id=365"},{"@type":"ListItem","position":3,"name":"BANCO PICA COLORES CON MARTILLO POLAR B"}]},{"@type":"WebSite","@id":"https:\/\/tijuana.com.uy\/#website","url":"https:\/\/tijuana.com.uy\/","name":"Tijuana","description":"Ecommerce Tijuana","potentialAction":[{"@type":"SearchAction","target":{"@type":"EntryPoint","urlTemplate":"https:\/\/tijuana.com.uy\/?s={search_term_string}"},"query-input":{"@type":"PropertyValueSpecification","valueRequired":true,"valueName":"search_term_string"}}],"inLanguage":"es"}]}},"_links":{"self":[{"href":"https:\/\/tijuana.com.uy\/index.php?rest_route=\/wp\/v2\/product\/2034","targetHints":{"allow":["GET"]}}],"collection":[{"href":"https:\/\/tijuana.com.uy\/index.php?rest_route=\/wp\/v2\/product"}],"about":[{"href":"https:\/\/tijuana.com.uy\/index.php?rest_route=\/wp\/v2\/types\/product"}],"wp:featuredmedia":[{"embeddable":true,"href":"https:\/\/tijuana.com.uy\/index.php?rest_route=\/wp\/v2\/media\/2729"}],"wp:attachment":[{"href":"https:\/\/tijuana.com.uy\/index.php?rest_route=%2Fwp%2Fv2%2Fmedia&parent=2034"}],"wp:term":[{"taxonomy":"product_brand","embeddable":true,"href":"https:\/\/tijuana.com.uy\/index.php?rest_route=%2Fwp%2Fv2%2Fproduct_brand&post=2034"},{"taxonomy":"product_cat","embeddable":true,"href":"https:\/\/tijuana.com.uy\/index.php?rest_route=%2Fwp%2Fv2%2Fproduct_cat&post=2034"},{"taxonomy":"product_tag","embeddable":true,"href":"https:\/\/tijuana.com.uy\/index.php?rest_route=%2Fwp%2Fv2%2Fproduct_tag&post=2034"}],"curies":[{"name":"wp","href":"https:\/\/api.w.org\/{rel}","templated":true}]}}