{"id":2036,"date":"2022-08-05T04:54:50","date_gmt":"2022-08-05T04:54:50","guid":{"rendered":"https:\/\/tijuana.com.uy\/index.php\/producto\/oso-polar-de-madera-apilable-polar-b\/"},"modified":"2022-10-21T21:09:58","modified_gmt":"2022-10-21T21:09:58","slug":"oso-polar-de-madera-apilable-polar-b","status":"publish","type":"product","link":"https:\/\/tijuana.com.uy\/?product=oso-polar-de-madera-apilable-polar-b","title":{"rendered":"OSO POLAR DE MADERA APILABLE POLAR B"},"content":{"rendered":"","protected":false},"excerpt":{"rendered":"<p>Juego apilable oso Polar B. Incluye 6 piezas de discos de varios tama\u00f1os. Hay un pin en la base para colocar elementos. Un juguete perfecto para los ni\u00f1os peque\u00f1os que comienzan a construir torres con bloques. La pir\u00e1mide apoya el desarrollo de la coordinaci\u00f3n ojo-mano, el pensamiento l\u00f3gico y, adem\u00e1s, apoya el aprendizaje de reconocer los colores. Hecho de madera con pintura no t\u00f3xica.<\/p>\n<p>Edad: +1 a\u00f1o.<\/p>\n","protected":false},"featured_media":2724,"template":"","meta":[],"product_brand":[],"product_cat":[26],"product_tag":[69,64,65,63],"class_list":{"0":"post-2036","1":"product","2":"type-product","3":"status-publish","4":"has-post-thumbnail","6":"product_cat-jugueteria","7":"product_tag-0-12meses","8":"product_tag-1-2anos","9":"product_tag-3-4anos","10":"product_tag-polar-b","12":"first","13":"instock","14":"taxable","15":"shipping-taxable","16":"purchasable","17":"product-type-simple"},"yoast_head":"<!-- This site is optimized with the Yoast SEO plugin v27.5 - https:\/\/yoast.com\/product\/yoast-seo-wordpress\/ -->\n<title>OSO POLAR DE MADERA APILABLE POLAR B - Tijuana<\/title>\n<meta name=\"description\" content=\"Juego apilable oso Polar B. Incluye 6 piezas de discos de varios tama\u00f1os. Hay un pin en la base para colocar elementos.\" \/>\n<meta name=\"robots\" content=\"index, follow, max-snippet:-1, max-image-preview:large, max-video-preview:-1\" \/>\n<link rel=\"canonical\" href=\"https:\/\/tijuana.com.uy\/?product=oso-polar-de-madera-apilable-polar-b\" \/>\n<meta property=\"og:locale\" content=\"es_ES\" \/>\n<meta property=\"og:type\" content=\"article\" \/>\n<meta property=\"og:title\" content=\"OSO POLAR DE MADERA APILABLE POLAR B - Tijuana\" \/>\n<meta property=\"og:description\" content=\"Juego apilable oso Polar B. Incluye 6 piezas de discos de varios tama\u00f1os. Hay un pin en la base para colocar elementos.\" \/>\n<meta property=\"og:url\" content=\"https:\/\/tijuana.com.uy\/?product=oso-polar-de-madera-apilable-polar-b\" \/>\n<meta property=\"og:site_name\" content=\"Tijuana\" \/>\n<meta property=\"article:modified_time\" content=\"2022-10-21T21:09:58+00:00\" \/>\n<meta property=\"og:image\" content=\"https:\/\/tijuana.com.uy\/wp-content\/uploads\/2022\/08\/D_NQ_NP_950192-MLU43198718945_082020-O.webp\" \/>\n\t<meta property=\"og:image:width\" content=\"399\" \/>\n\t<meta property=\"og:image:height\" content=\"500\" \/>\n\t<meta property=\"og:image:type\" content=\"image\/webp\" \/>\n<meta name=\"twitter:card\" content=\"summary_large_image\" \/>\n<script type=\"application\/ld+json\" class=\"yoast-schema-graph\">{\"@context\":\"https:\\\/\\\/schema.org\",\"@graph\":[{\"@type\":\"WebPage\",\"@id\":\"https:\\\/\\\/tijuana.com.uy\\\/?product=oso-polar-de-madera-apilable-polar-b\",\"url\":\"https:\\\/\\\/tijuana.com.uy\\\/?product=oso-polar-de-madera-apilable-polar-b\",\"name\":\"OSO POLAR DE MADERA APILABLE POLAR B - Tijuana\",\"isPartOf\":{\"@id\":\"https:\\\/\\\/tijuana.com.uy\\\/#website\"},\"primaryImageOfPage\":{\"@id\":\"https:\\\/\\\/tijuana.com.uy\\\/?product=oso-polar-de-madera-apilable-polar-b#primaryimage\"},\"image\":{\"@id\":\"https:\\\/\\\/tijuana.com.uy\\\/?product=oso-polar-de-madera-apilable-polar-b#primaryimage\"},\"thumbnailUrl\":\"https:\\\/\\\/tijuana.com.uy\\\/wp-content\\\/uploads\\\/2022\\\/08\\\/D_NQ_NP_950192-MLU43198718945_082020-O.webp\",\"datePublished\":\"2022-08-05T04:54:50+00:00\",\"dateModified\":\"2022-10-21T21:09:58+00:00\",\"description\":\"Juego apilable oso Polar B. Incluye 6 piezas de discos de varios tama\u00f1os. Hay un pin en la base para colocar elementos.\",\"breadcrumb\":{\"@id\":\"https:\\\/\\\/tijuana.com.uy\\\/?product=oso-polar-de-madera-apilable-polar-b#breadcrumb\"},\"inLanguage\":\"es\",\"potentialAction\":[{\"@type\":\"ReadAction\",\"target\":[\"https:\\\/\\\/tijuana.com.uy\\\/?product=oso-polar-de-madera-apilable-polar-b\"]}]},{\"@type\":\"ImageObject\",\"inLanguage\":\"es\",\"@id\":\"https:\\\/\\\/tijuana.com.uy\\\/?product=oso-polar-de-madera-apilable-polar-b#primaryimage\",\"url\":\"https:\\\/\\\/tijuana.com.uy\\\/wp-content\\\/uploads\\\/2022\\\/08\\\/D_NQ_NP_950192-MLU43198718945_082020-O.webp\",\"contentUrl\":\"https:\\\/\\\/tijuana.com.uy\\\/wp-content\\\/uploads\\\/2022\\\/08\\\/D_NQ_NP_950192-MLU43198718945_082020-O.webp\",\"width\":399,\"height\":500,\"caption\":\"OSO POLAR DE MADERA APILABLE POLAR B\"},{\"@type\":\"BreadcrumbList\",\"@id\":\"https:\\\/\\\/tijuana.com.uy\\\/?product=oso-polar-de-madera-apilable-polar-b#breadcrumb\",\"itemListElement\":[{\"@type\":\"ListItem\",\"position\":1,\"name\":\"Inicio\",\"item\":\"https:\\\/\\\/tijuana.com.uy\\\/\"},{\"@type\":\"ListItem\",\"position\":2,\"name\":\"Todos nuestros productos\",\"item\":\"https:\\\/\\\/tijuana.com.uy\\\/?page_id=365\"},{\"@type\":\"ListItem\",\"position\":3,\"name\":\"OSO POLAR DE MADERA APILABLE POLAR B\"}]},{\"@type\":\"WebSite\",\"@id\":\"https:\\\/\\\/tijuana.com.uy\\\/#website\",\"url\":\"https:\\\/\\\/tijuana.com.uy\\\/\",\"name\":\"Tijuana\",\"description\":\"Ecommerce Tijuana\",\"potentialAction\":[{\"@type\":\"SearchAction\",\"target\":{\"@type\":\"EntryPoint\",\"urlTemplate\":\"https:\\\/\\\/tijuana.com.uy\\\/?s={search_term_string}\"},\"query-input\":{\"@type\":\"PropertyValueSpecification\",\"valueRequired\":true,\"valueName\":\"search_term_string\"}}],\"inLanguage\":\"es\"}]}<\/script>\n<!-- \/ Yoast SEO plugin. -->","yoast_head_json":{"title":"OSO POLAR DE MADERA APILABLE POLAR B - Tijuana","description":"Juego apilable oso Polar B. Incluye 6 piezas de discos de varios tama\u00f1os. Hay un pin en la base para colocar elementos.","robots":{"index":"index","follow":"follow","max-snippet":"max-snippet:-1","max-image-preview":"max-image-preview:large","max-video-preview":"max-video-preview:-1"},"canonical":"https:\/\/tijuana.com.uy\/?product=oso-polar-de-madera-apilable-polar-b","og_locale":"es_ES","og_type":"article","og_title":"OSO POLAR DE MADERA APILABLE POLAR B - Tijuana","og_description":"Juego apilable oso Polar B. Incluye 6 piezas de discos de varios tama\u00f1os. Hay un pin en la base para colocar elementos.","og_url":"https:\/\/tijuana.com.uy\/?product=oso-polar-de-madera-apilable-polar-b","og_site_name":"Tijuana","article_modified_time":"2022-10-21T21:09:58+00:00","og_image":[{"width":399,"height":500,"url":"https:\/\/tijuana.com.uy\/wp-content\/uploads\/2022\/08\/D_NQ_NP_950192-MLU43198718945_082020-O.webp","type":"image\/webp"}],"twitter_card":"summary_large_image","schema":{"@context":"https:\/\/schema.org","@graph":[{"@type":"WebPage","@id":"https:\/\/tijuana.com.uy\/?product=oso-polar-de-madera-apilable-polar-b","url":"https:\/\/tijuana.com.uy\/?product=oso-polar-de-madera-apilable-polar-b","name":"OSO POLAR DE MADERA APILABLE POLAR B - Tijuana","isPartOf":{"@id":"https:\/\/tijuana.com.uy\/#website"},"primaryImageOfPage":{"@id":"https:\/\/tijuana.com.uy\/?product=oso-polar-de-madera-apilable-polar-b#primaryimage"},"image":{"@id":"https:\/\/tijuana.com.uy\/?product=oso-polar-de-madera-apilable-polar-b#primaryimage"},"thumbnailUrl":"https:\/\/tijuana.com.uy\/wp-content\/uploads\/2022\/08\/D_NQ_NP_950192-MLU43198718945_082020-O.webp","datePublished":"2022-08-05T04:54:50+00:00","dateModified":"2022-10-21T21:09:58+00:00","description":"Juego apilable oso Polar B. Incluye 6 piezas de discos de varios tama\u00f1os. Hay un pin en la base para colocar elementos.","breadcrumb":{"@id":"https:\/\/tijuana.com.uy\/?product=oso-polar-de-madera-apilable-polar-b#breadcrumb"},"inLanguage":"es","potentialAction":[{"@type":"ReadAction","target":["https:\/\/tijuana.com.uy\/?product=oso-polar-de-madera-apilable-polar-b"]}]},{"@type":"ImageObject","inLanguage":"es","@id":"https:\/\/tijuana.com.uy\/?product=oso-polar-de-madera-apilable-polar-b#primaryimage","url":"https:\/\/tijuana.com.uy\/wp-content\/uploads\/2022\/08\/D_NQ_NP_950192-MLU43198718945_082020-O.webp","contentUrl":"https:\/\/tijuana.com.uy\/wp-content\/uploads\/2022\/08\/D_NQ_NP_950192-MLU43198718945_082020-O.webp","width":399,"height":500,"caption":"OSO POLAR DE MADERA APILABLE POLAR B"},{"@type":"BreadcrumbList","@id":"https:\/\/tijuana.com.uy\/?product=oso-polar-de-madera-apilable-polar-b#breadcrumb","itemListElement":[{"@type":"ListItem","position":1,"name":"Inicio","item":"https:\/\/tijuana.com.uy\/"},{"@type":"ListItem","position":2,"name":"Todos nuestros productos","item":"https:\/\/tijuana.com.uy\/?page_id=365"},{"@type":"ListItem","position":3,"name":"OSO POLAR DE MADERA APILABLE POLAR B"}]},{"@type":"WebSite","@id":"https:\/\/tijuana.com.uy\/#website","url":"https:\/\/tijuana.com.uy\/","name":"Tijuana","description":"Ecommerce Tijuana","potentialAction":[{"@type":"SearchAction","target":{"@type":"EntryPoint","urlTemplate":"https:\/\/tijuana.com.uy\/?s={search_term_string}"},"query-input":{"@type":"PropertyValueSpecification","valueRequired":true,"valueName":"search_term_string"}}],"inLanguage":"es"}]}},"_links":{"self":[{"href":"https:\/\/tijuana.com.uy\/index.php?rest_route=\/wp\/v2\/product\/2036","targetHints":{"allow":["GET"]}}],"collection":[{"href":"https:\/\/tijuana.com.uy\/index.php?rest_route=\/wp\/v2\/product"}],"about":[{"href":"https:\/\/tijuana.com.uy\/index.php?rest_route=\/wp\/v2\/types\/product"}],"wp:featuredmedia":[{"embeddable":true,"href":"https:\/\/tijuana.com.uy\/index.php?rest_route=\/wp\/v2\/media\/2724"}],"wp:attachment":[{"href":"https:\/\/tijuana.com.uy\/index.php?rest_route=%2Fwp%2Fv2%2Fmedia&parent=2036"}],"wp:term":[{"taxonomy":"product_brand","embeddable":true,"href":"https:\/\/tijuana.com.uy\/index.php?rest_route=%2Fwp%2Fv2%2Fproduct_brand&post=2036"},{"taxonomy":"product_cat","embeddable":true,"href":"https:\/\/tijuana.com.uy\/index.php?rest_route=%2Fwp%2Fv2%2Fproduct_cat&post=2036"},{"taxonomy":"product_tag","embeddable":true,"href":"https:\/\/tijuana.com.uy\/index.php?rest_route=%2Fwp%2Fv2%2Fproduct_tag&post=2036"}],"curies":[{"name":"wp","href":"https:\/\/api.w.org\/{rel}","templated":true}]}}