{"id":2041,"date":"2022-08-05T04:55:10","date_gmt":"2022-08-05T04:55:10","guid":{"rendered":"https:\/\/tijuana.com.uy\/index.php\/producto\/camin-para-transportar-3-autos-polar-b\/"},"modified":"2024-12-22T12:04:30","modified_gmt":"2024-12-22T15:04:30","slug":"camin-para-transportar-3-autos-polar-b","status":"publish","type":"product","link":"https:\/\/tijuana.com.uy\/?product=camin-para-transportar-3-autos-polar-b","title":{"rendered":"CAMI\u00d3N DE REMOLQUE CON AUTITOS POLAR B"},"content":{"rendered":"","protected":false},"excerpt":{"rendered":"<p>Un cami\u00f3n de dos pisos que recoge y entrega 3 autos coloridos. Baje el remolque para hacer una rampa larga para cargar y descargar autom\u00f3viles. El robusto juego de madera para veh\u00edculos ofrece horas de diversi\u00f3n y ejercita la capacidad de seguimiento visual. Los vagones son compatibles con todas las v\u00edas de tren de madera est\u00e1ndar. Un gran juguete para desarrollar habilidades motoras finas y pensamiento l\u00f3gico.<\/p>\n<p>Caracter\u00edsticas:<br \/>\n-Hecho de madera<br \/>\n-100% seguro y no t\u00f3xico<br \/>\n-Tama\u00f1o perfecto para que las peque\u00f1as manos agarren<\/p>\n<p>Edad: + 2 a\u00f1os<br \/>\nMedidas: Largo 22,5 cm x Ancho 9 cm x Alto 7,8 cm<\/p>\n","protected":false},"featured_media":2708,"template":"","meta":[],"product_brand":[],"product_cat":[26],"product_tag":[64,65,66,63],"class_list":{"0":"post-2041","1":"product","2":"type-product","3":"status-publish","4":"has-post-thumbnail","6":"product_cat-jugueteria","7":"product_tag-1-2anos","8":"product_tag-3-4anos","9":"product_tag-5-6anos","10":"product_tag-polar-b","12":"first","13":"instock","14":"taxable","15":"shipping-taxable","16":"purchasable","17":"product-type-simple"},"yoast_head":"<!-- This site is optimized with the Yoast SEO plugin v27.5 - https:\/\/yoast.com\/product\/yoast-seo-wordpress\/ -->\n<title>CAMI\u00d3N DE REMOLQUE CON AUTITOS POLAR B - Tijuana<\/title>\n<meta name=\"description\" content=\"Un cami\u00f3n de dos pisos que recoge y entrega 3 autos coloridos. Baje el remolque para hacer una rampa larga para cargar y descargar autom\u00f3viles.\" \/>\n<meta name=\"robots\" content=\"index, follow, max-snippet:-1, max-image-preview:large, max-video-preview:-1\" \/>\n<link rel=\"canonical\" href=\"https:\/\/tijuana.com.uy\/?product=camin-para-transportar-3-autos-polar-b\" \/>\n<meta property=\"og:locale\" content=\"es_ES\" \/>\n<meta property=\"og:type\" content=\"article\" \/>\n<meta property=\"og:title\" content=\"CAMI\u00d3N DE REMOLQUE CON AUTITOS POLAR B - Tijuana\" \/>\n<meta property=\"og:description\" content=\"Un cami\u00f3n de dos pisos que recoge y entrega 3 autos coloridos. Baje el remolque para hacer una rampa larga para cargar y descargar autom\u00f3viles.\" \/>\n<meta property=\"og:url\" content=\"https:\/\/tijuana.com.uy\/?product=camin-para-transportar-3-autos-polar-b\" \/>\n<meta property=\"og:site_name\" content=\"Tijuana\" \/>\n<meta property=\"article:modified_time\" content=\"2024-12-22T15:04:30+00:00\" \/>\n<meta property=\"og:image\" content=\"https:\/\/tijuana.com.uy\/wp-content\/uploads\/2022\/08\/D_NQ_NP_941027-MLU43077339275_082020-O.webp\" \/>\n\t<meta property=\"og:image:width\" content=\"500\" \/>\n\t<meta property=\"og:image:height\" content=\"242\" \/>\n\t<meta property=\"og:image:type\" content=\"image\/webp\" \/>\n<meta name=\"twitter:card\" content=\"summary_large_image\" \/>\n<script type=\"application\/ld+json\" class=\"yoast-schema-graph\">{\"@context\":\"https:\\\/\\\/schema.org\",\"@graph\":[{\"@type\":\"WebPage\",\"@id\":\"https:\\\/\\\/tijuana.com.uy\\\/?product=camin-para-transportar-3-autos-polar-b\",\"url\":\"https:\\\/\\\/tijuana.com.uy\\\/?product=camin-para-transportar-3-autos-polar-b\",\"name\":\"CAMI\u00d3N DE REMOLQUE CON AUTITOS POLAR B - Tijuana\",\"isPartOf\":{\"@id\":\"https:\\\/\\\/tijuana.com.uy\\\/#website\"},\"primaryImageOfPage\":{\"@id\":\"https:\\\/\\\/tijuana.com.uy\\\/?product=camin-para-transportar-3-autos-polar-b#primaryimage\"},\"image\":{\"@id\":\"https:\\\/\\\/tijuana.com.uy\\\/?product=camin-para-transportar-3-autos-polar-b#primaryimage\"},\"thumbnailUrl\":\"https:\\\/\\\/tijuana.com.uy\\\/wp-content\\\/uploads\\\/2022\\\/08\\\/D_NQ_NP_941027-MLU43077339275_082020-O.webp\",\"datePublished\":\"2022-08-05T04:55:10+00:00\",\"dateModified\":\"2024-12-22T15:04:30+00:00\",\"description\":\"Un cami\u00f3n de dos pisos que recoge y entrega 3 autos coloridos. Baje el remolque para hacer una rampa larga para cargar y descargar autom\u00f3viles.\",\"breadcrumb\":{\"@id\":\"https:\\\/\\\/tijuana.com.uy\\\/?product=camin-para-transportar-3-autos-polar-b#breadcrumb\"},\"inLanguage\":\"es\",\"potentialAction\":[{\"@type\":\"ReadAction\",\"target\":[\"https:\\\/\\\/tijuana.com.uy\\\/?product=camin-para-transportar-3-autos-polar-b\"]}]},{\"@type\":\"ImageObject\",\"inLanguage\":\"es\",\"@id\":\"https:\\\/\\\/tijuana.com.uy\\\/?product=camin-para-transportar-3-autos-polar-b#primaryimage\",\"url\":\"https:\\\/\\\/tijuana.com.uy\\\/wp-content\\\/uploads\\\/2022\\\/08\\\/D_NQ_NP_941027-MLU43077339275_082020-O.webp\",\"contentUrl\":\"https:\\\/\\\/tijuana.com.uy\\\/wp-content\\\/uploads\\\/2022\\\/08\\\/D_NQ_NP_941027-MLU43077339275_082020-O.webp\",\"width\":500,\"height\":242,\"caption\":\"CAMI\u00d3N DE REMOLQUE CON AUTITOS POLAR B\"},{\"@type\":\"BreadcrumbList\",\"@id\":\"https:\\\/\\\/tijuana.com.uy\\\/?product=camin-para-transportar-3-autos-polar-b#breadcrumb\",\"itemListElement\":[{\"@type\":\"ListItem\",\"position\":1,\"name\":\"Inicio\",\"item\":\"https:\\\/\\\/tijuana.com.uy\\\/\"},{\"@type\":\"ListItem\",\"position\":2,\"name\":\"Todos nuestros productos\",\"item\":\"https:\\\/\\\/tijuana.com.uy\\\/?page_id=365\"},{\"@type\":\"ListItem\",\"position\":3,\"name\":\"CAMI\u00d3N DE REMOLQUE CON AUTITOS POLAR B\"}]},{\"@type\":\"WebSite\",\"@id\":\"https:\\\/\\\/tijuana.com.uy\\\/#website\",\"url\":\"https:\\\/\\\/tijuana.com.uy\\\/\",\"name\":\"Tijuana\",\"description\":\"Ecommerce Tijuana\",\"potentialAction\":[{\"@type\":\"SearchAction\",\"target\":{\"@type\":\"EntryPoint\",\"urlTemplate\":\"https:\\\/\\\/tijuana.com.uy\\\/?s={search_term_string}\"},\"query-input\":{\"@type\":\"PropertyValueSpecification\",\"valueRequired\":true,\"valueName\":\"search_term_string\"}}],\"inLanguage\":\"es\"}]}<\/script>\n<!-- \/ Yoast SEO plugin. -->","yoast_head_json":{"title":"CAMI\u00d3N DE REMOLQUE CON AUTITOS POLAR B - Tijuana","description":"Un cami\u00f3n de dos pisos que recoge y entrega 3 autos coloridos. Baje el remolque para hacer una rampa larga para cargar y descargar autom\u00f3viles.","robots":{"index":"index","follow":"follow","max-snippet":"max-snippet:-1","max-image-preview":"max-image-preview:large","max-video-preview":"max-video-preview:-1"},"canonical":"https:\/\/tijuana.com.uy\/?product=camin-para-transportar-3-autos-polar-b","og_locale":"es_ES","og_type":"article","og_title":"CAMI\u00d3N DE REMOLQUE CON AUTITOS POLAR B - Tijuana","og_description":"Un cami\u00f3n de dos pisos que recoge y entrega 3 autos coloridos. Baje el remolque para hacer una rampa larga para cargar y descargar autom\u00f3viles.","og_url":"https:\/\/tijuana.com.uy\/?product=camin-para-transportar-3-autos-polar-b","og_site_name":"Tijuana","article_modified_time":"2024-12-22T15:04:30+00:00","og_image":[{"width":500,"height":242,"url":"https:\/\/tijuana.com.uy\/wp-content\/uploads\/2022\/08\/D_NQ_NP_941027-MLU43077339275_082020-O.webp","type":"image\/webp"}],"twitter_card":"summary_large_image","schema":{"@context":"https:\/\/schema.org","@graph":[{"@type":"WebPage","@id":"https:\/\/tijuana.com.uy\/?product=camin-para-transportar-3-autos-polar-b","url":"https:\/\/tijuana.com.uy\/?product=camin-para-transportar-3-autos-polar-b","name":"CAMI\u00d3N DE REMOLQUE CON AUTITOS POLAR B - Tijuana","isPartOf":{"@id":"https:\/\/tijuana.com.uy\/#website"},"primaryImageOfPage":{"@id":"https:\/\/tijuana.com.uy\/?product=camin-para-transportar-3-autos-polar-b#primaryimage"},"image":{"@id":"https:\/\/tijuana.com.uy\/?product=camin-para-transportar-3-autos-polar-b#primaryimage"},"thumbnailUrl":"https:\/\/tijuana.com.uy\/wp-content\/uploads\/2022\/08\/D_NQ_NP_941027-MLU43077339275_082020-O.webp","datePublished":"2022-08-05T04:55:10+00:00","dateModified":"2024-12-22T15:04:30+00:00","description":"Un cami\u00f3n de dos pisos que recoge y entrega 3 autos coloridos. Baje el remolque para hacer una rampa larga para cargar y descargar autom\u00f3viles.","breadcrumb":{"@id":"https:\/\/tijuana.com.uy\/?product=camin-para-transportar-3-autos-polar-b#breadcrumb"},"inLanguage":"es","potentialAction":[{"@type":"ReadAction","target":["https:\/\/tijuana.com.uy\/?product=camin-para-transportar-3-autos-polar-b"]}]},{"@type":"ImageObject","inLanguage":"es","@id":"https:\/\/tijuana.com.uy\/?product=camin-para-transportar-3-autos-polar-b#primaryimage","url":"https:\/\/tijuana.com.uy\/wp-content\/uploads\/2022\/08\/D_NQ_NP_941027-MLU43077339275_082020-O.webp","contentUrl":"https:\/\/tijuana.com.uy\/wp-content\/uploads\/2022\/08\/D_NQ_NP_941027-MLU43077339275_082020-O.webp","width":500,"height":242,"caption":"CAMI\u00d3N DE REMOLQUE CON AUTITOS POLAR B"},{"@type":"BreadcrumbList","@id":"https:\/\/tijuana.com.uy\/?product=camin-para-transportar-3-autos-polar-b#breadcrumb","itemListElement":[{"@type":"ListItem","position":1,"name":"Inicio","item":"https:\/\/tijuana.com.uy\/"},{"@type":"ListItem","position":2,"name":"Todos nuestros productos","item":"https:\/\/tijuana.com.uy\/?page_id=365"},{"@type":"ListItem","position":3,"name":"CAMI\u00d3N DE REMOLQUE CON AUTITOS POLAR B"}]},{"@type":"WebSite","@id":"https:\/\/tijuana.com.uy\/#website","url":"https:\/\/tijuana.com.uy\/","name":"Tijuana","description":"Ecommerce Tijuana","potentialAction":[{"@type":"SearchAction","target":{"@type":"EntryPoint","urlTemplate":"https:\/\/tijuana.com.uy\/?s={search_term_string}"},"query-input":{"@type":"PropertyValueSpecification","valueRequired":true,"valueName":"search_term_string"}}],"inLanguage":"es"}]}},"_links":{"self":[{"href":"https:\/\/tijuana.com.uy\/index.php?rest_route=\/wp\/v2\/product\/2041","targetHints":{"allow":["GET"]}}],"collection":[{"href":"https:\/\/tijuana.com.uy\/index.php?rest_route=\/wp\/v2\/product"}],"about":[{"href":"https:\/\/tijuana.com.uy\/index.php?rest_route=\/wp\/v2\/types\/product"}],"wp:featuredmedia":[{"embeddable":true,"href":"https:\/\/tijuana.com.uy\/index.php?rest_route=\/wp\/v2\/media\/2708"}],"wp:attachment":[{"href":"https:\/\/tijuana.com.uy\/index.php?rest_route=%2Fwp%2Fv2%2Fmedia&parent=2041"}],"wp:term":[{"taxonomy":"product_brand","embeddable":true,"href":"https:\/\/tijuana.com.uy\/index.php?rest_route=%2Fwp%2Fv2%2Fproduct_brand&post=2041"},{"taxonomy":"product_cat","embeddable":true,"href":"https:\/\/tijuana.com.uy\/index.php?rest_route=%2Fwp%2Fv2%2Fproduct_cat&post=2041"},{"taxonomy":"product_tag","embeddable":true,"href":"https:\/\/tijuana.com.uy\/index.php?rest_route=%2Fwp%2Fv2%2Fproduct_tag&post=2041"}],"curies":[{"name":"wp","href":"https:\/\/api.w.org\/{rel}","templated":true}]}}