{"id":2067,"date":"2022-08-05T04:56:59","date_gmt":"2022-08-05T04:56:59","guid":{"rendered":"https:\/\/tijuana.com.uy\/index.php\/producto\/puzzle-duo-animales-2\/"},"modified":"2022-10-01T18:40:42","modified_gmt":"2022-10-01T18:40:42","slug":"puzzle-duo-animales-2","status":"publish","type":"product","link":"https:\/\/tijuana.com.uy\/?product=puzzle-duo-animales-2","title":{"rendered":"PUZZLE DUO ANIMALES"},"content":{"rendered":"","protected":false},"excerpt":{"rendered":"<p>Este juego consiste en 10 rompecabezas de 2 piezas; Cada rompecabezas representa un animal con una parte articulada: la cola del perro, la cabeza del le\u00f3n, etc. Permite al ni\u00f1o trabajar en su memoria visual y observaci\u00f3n. Los juegos educativos de Djeco est\u00e1n dise\u00f1ados para acompa\u00f1ar al ni\u00f1o en sus primeros aprendizajes.<\/p>\n<p>Recomendado para ni\u00f1os a partir de 2 a\u00f1os.<\/p>\n","protected":false},"featured_media":2604,"template":"","meta":[],"product_brand":[],"product_cat":[26],"product_tag":[64,65,34],"class_list":{"0":"post-2067","1":"product","2":"type-product","3":"status-publish","4":"has-post-thumbnail","6":"product_cat-jugueteria","7":"product_tag-1-2anos","8":"product_tag-3-4anos","9":"product_tag-djeco","11":"first","12":"instock","13":"taxable","14":"shipping-taxable","15":"purchasable","16":"product-type-simple"},"yoast_head":"<!-- This site is optimized with the Yoast SEO plugin v27.5 - https:\/\/yoast.com\/product\/yoast-seo-wordpress\/ -->\n<title>PUZZLE DUO ANIMALES - Tijuana<\/title>\n<meta name=\"description\" content=\"Este juego consiste en 10 rompecabezas de 2 piezas; Cada rompecabezas representa un animal con una parte articulada: la cola del perro, la cabeza del le\u00f3n, etc.\" \/>\n<meta name=\"robots\" content=\"index, follow, max-snippet:-1, max-image-preview:large, max-video-preview:-1\" \/>\n<link rel=\"canonical\" href=\"https:\/\/tijuana.com.uy\/?product=puzzle-duo-animales-2\" \/>\n<meta property=\"og:locale\" content=\"es_ES\" \/>\n<meta property=\"og:type\" content=\"article\" \/>\n<meta property=\"og:title\" content=\"PUZZLE DUO ANIMALES - Tijuana\" \/>\n<meta property=\"og:description\" content=\"Este juego consiste en 10 rompecabezas de 2 piezas; Cada rompecabezas representa un animal con una parte articulada: la cola del perro, la cabeza del le\u00f3n, etc.\" \/>\n<meta property=\"og:url\" content=\"https:\/\/tijuana.com.uy\/?product=puzzle-duo-animales-2\" \/>\n<meta property=\"og:site_name\" content=\"Tijuana\" \/>\n<meta property=\"article:modified_time\" content=\"2022-10-01T18:40:42+00:00\" \/>\n<meta property=\"og:image\" content=\"https:\/\/tijuana.com.uy\/wp-content\/uploads\/2022\/08\/D_NQ_NP_662273-MLU50276321240_062022-O.webp\" \/>\n\t<meta property=\"og:image:width\" content=\"500\" \/>\n\t<meta property=\"og:image:height\" content=\"376\" \/>\n\t<meta property=\"og:image:type\" content=\"image\/webp\" \/>\n<meta name=\"twitter:card\" content=\"summary_large_image\" \/>\n<script type=\"application\/ld+json\" class=\"yoast-schema-graph\">{\"@context\":\"https:\\\/\\\/schema.org\",\"@graph\":[{\"@type\":\"WebPage\",\"@id\":\"https:\\\/\\\/tijuana.com.uy\\\/?product=puzzle-duo-animales-2\",\"url\":\"https:\\\/\\\/tijuana.com.uy\\\/?product=puzzle-duo-animales-2\",\"name\":\"PUZZLE DUO ANIMALES - Tijuana\",\"isPartOf\":{\"@id\":\"https:\\\/\\\/tijuana.com.uy\\\/#website\"},\"primaryImageOfPage\":{\"@id\":\"https:\\\/\\\/tijuana.com.uy\\\/?product=puzzle-duo-animales-2#primaryimage\"},\"image\":{\"@id\":\"https:\\\/\\\/tijuana.com.uy\\\/?product=puzzle-duo-animales-2#primaryimage\"},\"thumbnailUrl\":\"https:\\\/\\\/tijuana.com.uy\\\/wp-content\\\/uploads\\\/2022\\\/08\\\/D_NQ_NP_662273-MLU50276321240_062022-O.webp\",\"datePublished\":\"2022-08-05T04:56:59+00:00\",\"dateModified\":\"2022-10-01T18:40:42+00:00\",\"description\":\"Este juego consiste en 10 rompecabezas de 2 piezas; Cada rompecabezas representa un animal con una parte articulada: la cola del perro, la cabeza del le\u00f3n, etc.\",\"breadcrumb\":{\"@id\":\"https:\\\/\\\/tijuana.com.uy\\\/?product=puzzle-duo-animales-2#breadcrumb\"},\"inLanguage\":\"es\",\"potentialAction\":[{\"@type\":\"ReadAction\",\"target\":[\"https:\\\/\\\/tijuana.com.uy\\\/?product=puzzle-duo-animales-2\"]}]},{\"@type\":\"ImageObject\",\"inLanguage\":\"es\",\"@id\":\"https:\\\/\\\/tijuana.com.uy\\\/?product=puzzle-duo-animales-2#primaryimage\",\"url\":\"https:\\\/\\\/tijuana.com.uy\\\/wp-content\\\/uploads\\\/2022\\\/08\\\/D_NQ_NP_662273-MLU50276321240_062022-O.webp\",\"contentUrl\":\"https:\\\/\\\/tijuana.com.uy\\\/wp-content\\\/uploads\\\/2022\\\/08\\\/D_NQ_NP_662273-MLU50276321240_062022-O.webp\",\"width\":500,\"height\":376,\"caption\":\"puzzle animales djeco\"},{\"@type\":\"BreadcrumbList\",\"@id\":\"https:\\\/\\\/tijuana.com.uy\\\/?product=puzzle-duo-animales-2#breadcrumb\",\"itemListElement\":[{\"@type\":\"ListItem\",\"position\":1,\"name\":\"Inicio\",\"item\":\"https:\\\/\\\/tijuana.com.uy\\\/\"},{\"@type\":\"ListItem\",\"position\":2,\"name\":\"Todos nuestros productos\",\"item\":\"https:\\\/\\\/tijuana.com.uy\\\/?page_id=365\"},{\"@type\":\"ListItem\",\"position\":3,\"name\":\"PUZZLE DUO ANIMALES\"}]},{\"@type\":\"WebSite\",\"@id\":\"https:\\\/\\\/tijuana.com.uy\\\/#website\",\"url\":\"https:\\\/\\\/tijuana.com.uy\\\/\",\"name\":\"Tijuana\",\"description\":\"Ecommerce Tijuana\",\"potentialAction\":[{\"@type\":\"SearchAction\",\"target\":{\"@type\":\"EntryPoint\",\"urlTemplate\":\"https:\\\/\\\/tijuana.com.uy\\\/?s={search_term_string}\"},\"query-input\":{\"@type\":\"PropertyValueSpecification\",\"valueRequired\":true,\"valueName\":\"search_term_string\"}}],\"inLanguage\":\"es\"}]}<\/script>\n<!-- \/ Yoast SEO plugin. -->","yoast_head_json":{"title":"PUZZLE DUO ANIMALES - Tijuana","description":"Este juego consiste en 10 rompecabezas de 2 piezas; Cada rompecabezas representa un animal con una parte articulada: la cola del perro, la cabeza del le\u00f3n, etc.","robots":{"index":"index","follow":"follow","max-snippet":"max-snippet:-1","max-image-preview":"max-image-preview:large","max-video-preview":"max-video-preview:-1"},"canonical":"https:\/\/tijuana.com.uy\/?product=puzzle-duo-animales-2","og_locale":"es_ES","og_type":"article","og_title":"PUZZLE DUO ANIMALES - Tijuana","og_description":"Este juego consiste en 10 rompecabezas de 2 piezas; Cada rompecabezas representa un animal con una parte articulada: la cola del perro, la cabeza del le\u00f3n, etc.","og_url":"https:\/\/tijuana.com.uy\/?product=puzzle-duo-animales-2","og_site_name":"Tijuana","article_modified_time":"2022-10-01T18:40:42+00:00","og_image":[{"width":500,"height":376,"url":"https:\/\/tijuana.com.uy\/wp-content\/uploads\/2022\/08\/D_NQ_NP_662273-MLU50276321240_062022-O.webp","type":"image\/webp"}],"twitter_card":"summary_large_image","schema":{"@context":"https:\/\/schema.org","@graph":[{"@type":"WebPage","@id":"https:\/\/tijuana.com.uy\/?product=puzzle-duo-animales-2","url":"https:\/\/tijuana.com.uy\/?product=puzzle-duo-animales-2","name":"PUZZLE DUO ANIMALES - Tijuana","isPartOf":{"@id":"https:\/\/tijuana.com.uy\/#website"},"primaryImageOfPage":{"@id":"https:\/\/tijuana.com.uy\/?product=puzzle-duo-animales-2#primaryimage"},"image":{"@id":"https:\/\/tijuana.com.uy\/?product=puzzle-duo-animales-2#primaryimage"},"thumbnailUrl":"https:\/\/tijuana.com.uy\/wp-content\/uploads\/2022\/08\/D_NQ_NP_662273-MLU50276321240_062022-O.webp","datePublished":"2022-08-05T04:56:59+00:00","dateModified":"2022-10-01T18:40:42+00:00","description":"Este juego consiste en 10 rompecabezas de 2 piezas; Cada rompecabezas representa un animal con una parte articulada: la cola del perro, la cabeza del le\u00f3n, etc.","breadcrumb":{"@id":"https:\/\/tijuana.com.uy\/?product=puzzle-duo-animales-2#breadcrumb"},"inLanguage":"es","potentialAction":[{"@type":"ReadAction","target":["https:\/\/tijuana.com.uy\/?product=puzzle-duo-animales-2"]}]},{"@type":"ImageObject","inLanguage":"es","@id":"https:\/\/tijuana.com.uy\/?product=puzzle-duo-animales-2#primaryimage","url":"https:\/\/tijuana.com.uy\/wp-content\/uploads\/2022\/08\/D_NQ_NP_662273-MLU50276321240_062022-O.webp","contentUrl":"https:\/\/tijuana.com.uy\/wp-content\/uploads\/2022\/08\/D_NQ_NP_662273-MLU50276321240_062022-O.webp","width":500,"height":376,"caption":"puzzle animales djeco"},{"@type":"BreadcrumbList","@id":"https:\/\/tijuana.com.uy\/?product=puzzle-duo-animales-2#breadcrumb","itemListElement":[{"@type":"ListItem","position":1,"name":"Inicio","item":"https:\/\/tijuana.com.uy\/"},{"@type":"ListItem","position":2,"name":"Todos nuestros productos","item":"https:\/\/tijuana.com.uy\/?page_id=365"},{"@type":"ListItem","position":3,"name":"PUZZLE DUO ANIMALES"}]},{"@type":"WebSite","@id":"https:\/\/tijuana.com.uy\/#website","url":"https:\/\/tijuana.com.uy\/","name":"Tijuana","description":"Ecommerce Tijuana","potentialAction":[{"@type":"SearchAction","target":{"@type":"EntryPoint","urlTemplate":"https:\/\/tijuana.com.uy\/?s={search_term_string}"},"query-input":{"@type":"PropertyValueSpecification","valueRequired":true,"valueName":"search_term_string"}}],"inLanguage":"es"}]}},"_links":{"self":[{"href":"https:\/\/tijuana.com.uy\/index.php?rest_route=\/wp\/v2\/product\/2067","targetHints":{"allow":["GET"]}}],"collection":[{"href":"https:\/\/tijuana.com.uy\/index.php?rest_route=\/wp\/v2\/product"}],"about":[{"href":"https:\/\/tijuana.com.uy\/index.php?rest_route=\/wp\/v2\/types\/product"}],"wp:featuredmedia":[{"embeddable":true,"href":"https:\/\/tijuana.com.uy\/index.php?rest_route=\/wp\/v2\/media\/2604"}],"wp:attachment":[{"href":"https:\/\/tijuana.com.uy\/index.php?rest_route=%2Fwp%2Fv2%2Fmedia&parent=2067"}],"wp:term":[{"taxonomy":"product_brand","embeddable":true,"href":"https:\/\/tijuana.com.uy\/index.php?rest_route=%2Fwp%2Fv2%2Fproduct_brand&post=2067"},{"taxonomy":"product_cat","embeddable":true,"href":"https:\/\/tijuana.com.uy\/index.php?rest_route=%2Fwp%2Fv2%2Fproduct_cat&post=2067"},{"taxonomy":"product_tag","embeddable":true,"href":"https:\/\/tijuana.com.uy\/index.php?rest_route=%2Fwp%2Fv2%2Fproduct_tag&post=2067"}],"curies":[{"name":"wp","href":"https:\/\/api.w.org\/{rel}","templated":true}]}}