{"id":2068,"date":"2022-08-05T04:57:02","date_gmt":"2022-08-05T04:57:02","guid":{"rendered":"https:\/\/tijuana.com.uy\/index.php\/producto\/puzzle-duo-escondite\/"},"modified":"2022-10-01T17:31:41","modified_gmt":"2022-10-01T17:31:41","slug":"puzzle-duo-escondite","status":"publish","type":"product","link":"https:\/\/tijuana.com.uy\/?product=puzzle-duo-escondite","title":{"rendered":"PUZZLE DUO ESCONDITE"},"content":{"rendered":"","protected":false},"excerpt":{"rendered":"<p>Encuentra a los animales escondidos en sus h\u00e1bitats en este adorable d\u00fao de rompecabezas de Djeco. Los coloridos rompecabezas de 2 piezas est\u00e1n bellamente ilustrados con 12 animales diferentes y sus beb\u00e9s. Los ni\u00f1os peque\u00f1os tambi\u00e9n pueden combinar los d\u00faos de rompecabezas por color, ya que el fondo de cada par coincidente es el mismo. Los d\u00faes de rompecabezas Djeco est\u00e1n empaquetados en una hermosa caja con asa de transporte de cable. Estos tambi\u00e9n son un gran juguete de viaje: f\u00e1cil de guardar en su bolso y llevar en viajes o en la mesa. Recomendado para ni\u00f1os a partir de 2 a\u00f1os.<\/p>\n","protected":false},"featured_media":2611,"template":"","meta":[],"product_brand":[],"product_cat":[26],"product_tag":[64,65,66,34],"class_list":{"0":"post-2068","1":"product","2":"type-product","3":"status-publish","4":"has-post-thumbnail","6":"product_cat-jugueteria","7":"product_tag-1-2anos","8":"product_tag-3-4anos","9":"product_tag-5-6anos","10":"product_tag-djeco","12":"first","13":"instock","14":"taxable","15":"shipping-taxable","16":"purchasable","17":"product-type-simple"},"yoast_head":"<!-- This site is optimized with the Yoast SEO plugin v27.5 - https:\/\/yoast.com\/product\/yoast-seo-wordpress\/ -->\n<title>PUZZLE DUO ESCONDITE - Tijuana<\/title>\n<meta name=\"description\" content=\"Encuentra a los animales escondidos en sus h\u00e1bitats en este adorable d\u00fao de rompecabezas de Djeco. Los coloridos rompecabezas de 2 piezas est\u00e1n bellamente ilustrados con 12 animales diferentes y sus beb\u00e9s.\" \/>\n<meta name=\"robots\" content=\"index, follow, max-snippet:-1, max-image-preview:large, max-video-preview:-1\" \/>\n<link rel=\"canonical\" href=\"https:\/\/tijuana.com.uy\/?product=puzzle-duo-escondite\" \/>\n<meta property=\"og:locale\" content=\"es_ES\" \/>\n<meta property=\"og:type\" content=\"article\" \/>\n<meta property=\"og:title\" content=\"PUZZLE DUO ESCONDITE - Tijuana\" \/>\n<meta property=\"og:description\" content=\"Encuentra a los animales escondidos en sus h\u00e1bitats en este adorable d\u00fao de rompecabezas de Djeco. Los coloridos rompecabezas de 2 piezas est\u00e1n bellamente ilustrados con 12 animales diferentes y sus beb\u00e9s.\" \/>\n<meta property=\"og:url\" content=\"https:\/\/tijuana.com.uy\/?product=puzzle-duo-escondite\" \/>\n<meta property=\"og:site_name\" content=\"Tijuana\" \/>\n<meta property=\"article:modified_time\" content=\"2022-10-01T17:31:41+00:00\" \/>\n<meta property=\"og:image\" content=\"https:\/\/tijuana.com.uy\/wp-content\/uploads\/2022\/08\/D_NQ_NP_2X_781358-MLU31536785899_072019-F.webp\" \/>\n\t<meta property=\"og:image:width\" content=\"1200\" \/>\n\t<meta property=\"og:image:height\" content=\"787\" \/>\n\t<meta property=\"og:image:type\" content=\"image\/webp\" \/>\n<meta name=\"twitter:card\" content=\"summary_large_image\" \/>\n<script type=\"application\/ld+json\" class=\"yoast-schema-graph\">{\"@context\":\"https:\\\/\\\/schema.org\",\"@graph\":[{\"@type\":\"WebPage\",\"@id\":\"https:\\\/\\\/tijuana.com.uy\\\/?product=puzzle-duo-escondite\",\"url\":\"https:\\\/\\\/tijuana.com.uy\\\/?product=puzzle-duo-escondite\",\"name\":\"PUZZLE DUO ESCONDITE - Tijuana\",\"isPartOf\":{\"@id\":\"https:\\\/\\\/tijuana.com.uy\\\/#website\"},\"primaryImageOfPage\":{\"@id\":\"https:\\\/\\\/tijuana.com.uy\\\/?product=puzzle-duo-escondite#primaryimage\"},\"image\":{\"@id\":\"https:\\\/\\\/tijuana.com.uy\\\/?product=puzzle-duo-escondite#primaryimage\"},\"thumbnailUrl\":\"https:\\\/\\\/tijuana.com.uy\\\/wp-content\\\/uploads\\\/2022\\\/08\\\/D_NQ_NP_2X_781358-MLU31536785899_072019-F.webp\",\"datePublished\":\"2022-08-05T04:57:02+00:00\",\"dateModified\":\"2022-10-01T17:31:41+00:00\",\"description\":\"Encuentra a los animales escondidos en sus h\u00e1bitats en este adorable d\u00fao de rompecabezas de Djeco. Los coloridos rompecabezas de 2 piezas est\u00e1n bellamente ilustrados con 12 animales diferentes y sus beb\u00e9s.\",\"breadcrumb\":{\"@id\":\"https:\\\/\\\/tijuana.com.uy\\\/?product=puzzle-duo-escondite#breadcrumb\"},\"inLanguage\":\"es\",\"potentialAction\":[{\"@type\":\"ReadAction\",\"target\":[\"https:\\\/\\\/tijuana.com.uy\\\/?product=puzzle-duo-escondite\"]}]},{\"@type\":\"ImageObject\",\"inLanguage\":\"es\",\"@id\":\"https:\\\/\\\/tijuana.com.uy\\\/?product=puzzle-duo-escondite#primaryimage\",\"url\":\"https:\\\/\\\/tijuana.com.uy\\\/wp-content\\\/uploads\\\/2022\\\/08\\\/D_NQ_NP_2X_781358-MLU31536785899_072019-F.webp\",\"contentUrl\":\"https:\\\/\\\/tijuana.com.uy\\\/wp-content\\\/uploads\\\/2022\\\/08\\\/D_NQ_NP_2X_781358-MLU31536785899_072019-F.webp\",\"width\":1200,\"height\":787,\"caption\":\"puzzle duo escondite\"},{\"@type\":\"BreadcrumbList\",\"@id\":\"https:\\\/\\\/tijuana.com.uy\\\/?product=puzzle-duo-escondite#breadcrumb\",\"itemListElement\":[{\"@type\":\"ListItem\",\"position\":1,\"name\":\"Inicio\",\"item\":\"https:\\\/\\\/tijuana.com.uy\\\/\"},{\"@type\":\"ListItem\",\"position\":2,\"name\":\"Todos nuestros productos\",\"item\":\"https:\\\/\\\/tijuana.com.uy\\\/?page_id=365\"},{\"@type\":\"ListItem\",\"position\":3,\"name\":\"PUZZLE DUO ESCONDITE\"}]},{\"@type\":\"WebSite\",\"@id\":\"https:\\\/\\\/tijuana.com.uy\\\/#website\",\"url\":\"https:\\\/\\\/tijuana.com.uy\\\/\",\"name\":\"Tijuana\",\"description\":\"Ecommerce Tijuana\",\"potentialAction\":[{\"@type\":\"SearchAction\",\"target\":{\"@type\":\"EntryPoint\",\"urlTemplate\":\"https:\\\/\\\/tijuana.com.uy\\\/?s={search_term_string}\"},\"query-input\":{\"@type\":\"PropertyValueSpecification\",\"valueRequired\":true,\"valueName\":\"search_term_string\"}}],\"inLanguage\":\"es\"}]}<\/script>\n<!-- \/ Yoast SEO plugin. -->","yoast_head_json":{"title":"PUZZLE DUO ESCONDITE - Tijuana","description":"Encuentra a los animales escondidos en sus h\u00e1bitats en este adorable d\u00fao de rompecabezas de Djeco. Los coloridos rompecabezas de 2 piezas est\u00e1n bellamente ilustrados con 12 animales diferentes y sus beb\u00e9s.","robots":{"index":"index","follow":"follow","max-snippet":"max-snippet:-1","max-image-preview":"max-image-preview:large","max-video-preview":"max-video-preview:-1"},"canonical":"https:\/\/tijuana.com.uy\/?product=puzzle-duo-escondite","og_locale":"es_ES","og_type":"article","og_title":"PUZZLE DUO ESCONDITE - Tijuana","og_description":"Encuentra a los animales escondidos en sus h\u00e1bitats en este adorable d\u00fao de rompecabezas de Djeco. Los coloridos rompecabezas de 2 piezas est\u00e1n bellamente ilustrados con 12 animales diferentes y sus beb\u00e9s.","og_url":"https:\/\/tijuana.com.uy\/?product=puzzle-duo-escondite","og_site_name":"Tijuana","article_modified_time":"2022-10-01T17:31:41+00:00","og_image":[{"width":1200,"height":787,"url":"https:\/\/tijuana.com.uy\/wp-content\/uploads\/2022\/08\/D_NQ_NP_2X_781358-MLU31536785899_072019-F.webp","type":"image\/webp"}],"twitter_card":"summary_large_image","schema":{"@context":"https:\/\/schema.org","@graph":[{"@type":"WebPage","@id":"https:\/\/tijuana.com.uy\/?product=puzzle-duo-escondite","url":"https:\/\/tijuana.com.uy\/?product=puzzle-duo-escondite","name":"PUZZLE DUO ESCONDITE - Tijuana","isPartOf":{"@id":"https:\/\/tijuana.com.uy\/#website"},"primaryImageOfPage":{"@id":"https:\/\/tijuana.com.uy\/?product=puzzle-duo-escondite#primaryimage"},"image":{"@id":"https:\/\/tijuana.com.uy\/?product=puzzle-duo-escondite#primaryimage"},"thumbnailUrl":"https:\/\/tijuana.com.uy\/wp-content\/uploads\/2022\/08\/D_NQ_NP_2X_781358-MLU31536785899_072019-F.webp","datePublished":"2022-08-05T04:57:02+00:00","dateModified":"2022-10-01T17:31:41+00:00","description":"Encuentra a los animales escondidos en sus h\u00e1bitats en este adorable d\u00fao de rompecabezas de Djeco. Los coloridos rompecabezas de 2 piezas est\u00e1n bellamente ilustrados con 12 animales diferentes y sus beb\u00e9s.","breadcrumb":{"@id":"https:\/\/tijuana.com.uy\/?product=puzzle-duo-escondite#breadcrumb"},"inLanguage":"es","potentialAction":[{"@type":"ReadAction","target":["https:\/\/tijuana.com.uy\/?product=puzzle-duo-escondite"]}]},{"@type":"ImageObject","inLanguage":"es","@id":"https:\/\/tijuana.com.uy\/?product=puzzle-duo-escondite#primaryimage","url":"https:\/\/tijuana.com.uy\/wp-content\/uploads\/2022\/08\/D_NQ_NP_2X_781358-MLU31536785899_072019-F.webp","contentUrl":"https:\/\/tijuana.com.uy\/wp-content\/uploads\/2022\/08\/D_NQ_NP_2X_781358-MLU31536785899_072019-F.webp","width":1200,"height":787,"caption":"puzzle duo escondite"},{"@type":"BreadcrumbList","@id":"https:\/\/tijuana.com.uy\/?product=puzzle-duo-escondite#breadcrumb","itemListElement":[{"@type":"ListItem","position":1,"name":"Inicio","item":"https:\/\/tijuana.com.uy\/"},{"@type":"ListItem","position":2,"name":"Todos nuestros productos","item":"https:\/\/tijuana.com.uy\/?page_id=365"},{"@type":"ListItem","position":3,"name":"PUZZLE DUO ESCONDITE"}]},{"@type":"WebSite","@id":"https:\/\/tijuana.com.uy\/#website","url":"https:\/\/tijuana.com.uy\/","name":"Tijuana","description":"Ecommerce Tijuana","potentialAction":[{"@type":"SearchAction","target":{"@type":"EntryPoint","urlTemplate":"https:\/\/tijuana.com.uy\/?s={search_term_string}"},"query-input":{"@type":"PropertyValueSpecification","valueRequired":true,"valueName":"search_term_string"}}],"inLanguage":"es"}]}},"_links":{"self":[{"href":"https:\/\/tijuana.com.uy\/index.php?rest_route=\/wp\/v2\/product\/2068","targetHints":{"allow":["GET"]}}],"collection":[{"href":"https:\/\/tijuana.com.uy\/index.php?rest_route=\/wp\/v2\/product"}],"about":[{"href":"https:\/\/tijuana.com.uy\/index.php?rest_route=\/wp\/v2\/types\/product"}],"wp:featuredmedia":[{"embeddable":true,"href":"https:\/\/tijuana.com.uy\/index.php?rest_route=\/wp\/v2\/media\/2611"}],"wp:attachment":[{"href":"https:\/\/tijuana.com.uy\/index.php?rest_route=%2Fwp%2Fv2%2Fmedia&parent=2068"}],"wp:term":[{"taxonomy":"product_brand","embeddable":true,"href":"https:\/\/tijuana.com.uy\/index.php?rest_route=%2Fwp%2Fv2%2Fproduct_brand&post=2068"},{"taxonomy":"product_cat","embeddable":true,"href":"https:\/\/tijuana.com.uy\/index.php?rest_route=%2Fwp%2Fv2%2Fproduct_cat&post=2068"},{"taxonomy":"product_tag","embeddable":true,"href":"https:\/\/tijuana.com.uy\/index.php?rest_route=%2Fwp%2Fv2%2Fproduct_tag&post=2068"}],"curies":[{"name":"wp","href":"https:\/\/api.w.org\/{rel}","templated":true}]}}