{"id":2069,"date":"2022-08-05T04:57:05","date_gmt":"2022-08-05T04:57:05","guid":{"rendered":"https:\/\/tijuana.com.uy\/index.php\/producto\/puzzle-duo-emociones\/"},"modified":"2022-10-01T17:31:01","modified_gmt":"2022-10-01T17:31:01","slug":"puzzle-duo-emociones","status":"publish","type":"product","link":"https:\/\/tijuana.com.uy\/?product=puzzle-duo-emociones","title":{"rendered":"PUZZLE DUO EMOCIONES"},"content":{"rendered":"","protected":false},"excerpt":{"rendered":"<p>En esta hermosa cajita, vienen 8 puzles de dos piezas de cart\u00f3n de alta calidad. Es una linda manera de aprender jugando a identificar nuestras emociones. El objetivo es unir la expresi\u00f3n facial y encajarla con lo que representa cada emoci\u00f3n en diferentes situaciones: miedo, amor, alegr\u00eda, sorpresa.<\/p>\n<p>Recomendado para ni\u00f1os a partir de 2 a\u00f1os.<\/p>\n","protected":false},"featured_media":2613,"template":"","meta":[],"product_brand":[],"product_cat":[26],"product_tag":[64,65,34],"class_list":{"0":"post-2069","1":"product","2":"type-product","3":"status-publish","4":"has-post-thumbnail","6":"product_cat-jugueteria","7":"product_tag-1-2anos","8":"product_tag-3-4anos","9":"product_tag-djeco","11":"first","12":"instock","13":"taxable","14":"shipping-taxable","15":"purchasable","16":"product-type-simple"},"yoast_head":"<!-- This site is optimized with the Yoast SEO plugin v27.5 - https:\/\/yoast.com\/product\/yoast-seo-wordpress\/ -->\n<title>PUZZLE DUO EMOCIONES - Tijuana<\/title>\n<meta name=\"robots\" content=\"index, follow, max-snippet:-1, max-image-preview:large, max-video-preview:-1\" \/>\n<link rel=\"canonical\" href=\"https:\/\/tijuana.com.uy\/?product=puzzle-duo-emociones\" \/>\n<meta property=\"og:locale\" content=\"es_ES\" \/>\n<meta property=\"og:type\" content=\"article\" \/>\n<meta property=\"og:title\" content=\"PUZZLE DUO EMOCIONES - Tijuana\" \/>\n<meta property=\"og:description\" content=\"En esta hermosa cajita, vienen 8 puzles de dos piezas de cart\u00f3n de alta calidad. Es una linda manera de aprender jugando a identificar nuestras emociones. El objetivo es unir la expresi\u00f3n facial y encajarla con lo que representa cada emoci\u00f3n en diferentes situaciones: miedo, amor, alegr\u00eda, sorpresa.  Recomendado para ni\u00f1os a partir de 2 a\u00f1os.\" \/>\n<meta property=\"og:url\" content=\"https:\/\/tijuana.com.uy\/?product=puzzle-duo-emociones\" \/>\n<meta property=\"og:site_name\" content=\"Tijuana\" \/>\n<meta property=\"article:modified_time\" content=\"2022-10-01T17:31:01+00:00\" \/>\n<meta property=\"og:image\" content=\"https:\/\/tijuana.com.uy\/wp-content\/uploads\/2022\/08\/D_NQ_NP_770437-MLU42001531786_052020-O.webp\" \/>\n\t<meta property=\"og:image:width\" content=\"500\" \/>\n\t<meta property=\"og:image:height\" content=\"337\" \/>\n\t<meta property=\"og:image:type\" content=\"image\/webp\" \/>\n<meta name=\"twitter:card\" content=\"summary_large_image\" \/>\n<script type=\"application\/ld+json\" class=\"yoast-schema-graph\">{\"@context\":\"https:\\\/\\\/schema.org\",\"@graph\":[{\"@type\":\"WebPage\",\"@id\":\"https:\\\/\\\/tijuana.com.uy\\\/?product=puzzle-duo-emociones\",\"url\":\"https:\\\/\\\/tijuana.com.uy\\\/?product=puzzle-duo-emociones\",\"name\":\"PUZZLE DUO EMOCIONES - Tijuana\",\"isPartOf\":{\"@id\":\"https:\\\/\\\/tijuana.com.uy\\\/#website\"},\"primaryImageOfPage\":{\"@id\":\"https:\\\/\\\/tijuana.com.uy\\\/?product=puzzle-duo-emociones#primaryimage\"},\"image\":{\"@id\":\"https:\\\/\\\/tijuana.com.uy\\\/?product=puzzle-duo-emociones#primaryimage\"},\"thumbnailUrl\":\"https:\\\/\\\/tijuana.com.uy\\\/wp-content\\\/uploads\\\/2022\\\/08\\\/D_NQ_NP_770437-MLU42001531786_052020-O.webp\",\"datePublished\":\"2022-08-05T04:57:05+00:00\",\"dateModified\":\"2022-10-01T17:31:01+00:00\",\"breadcrumb\":{\"@id\":\"https:\\\/\\\/tijuana.com.uy\\\/?product=puzzle-duo-emociones#breadcrumb\"},\"inLanguage\":\"es\",\"potentialAction\":[{\"@type\":\"ReadAction\",\"target\":[\"https:\\\/\\\/tijuana.com.uy\\\/?product=puzzle-duo-emociones\"]}]},{\"@type\":\"ImageObject\",\"inLanguage\":\"es\",\"@id\":\"https:\\\/\\\/tijuana.com.uy\\\/?product=puzzle-duo-emociones#primaryimage\",\"url\":\"https:\\\/\\\/tijuana.com.uy\\\/wp-content\\\/uploads\\\/2022\\\/08\\\/D_NQ_NP_770437-MLU42001531786_052020-O.webp\",\"contentUrl\":\"https:\\\/\\\/tijuana.com.uy\\\/wp-content\\\/uploads\\\/2022\\\/08\\\/D_NQ_NP_770437-MLU42001531786_052020-O.webp\",\"width\":500,\"height\":337,\"caption\":\"PUZZLE DUO EMOCIONES\"},{\"@type\":\"BreadcrumbList\",\"@id\":\"https:\\\/\\\/tijuana.com.uy\\\/?product=puzzle-duo-emociones#breadcrumb\",\"itemListElement\":[{\"@type\":\"ListItem\",\"position\":1,\"name\":\"Inicio\",\"item\":\"https:\\\/\\\/tijuana.com.uy\\\/\"},{\"@type\":\"ListItem\",\"position\":2,\"name\":\"Todos nuestros productos\",\"item\":\"https:\\\/\\\/tijuana.com.uy\\\/?page_id=365\"},{\"@type\":\"ListItem\",\"position\":3,\"name\":\"PUZZLE DUO EMOCIONES\"}]},{\"@type\":\"WebSite\",\"@id\":\"https:\\\/\\\/tijuana.com.uy\\\/#website\",\"url\":\"https:\\\/\\\/tijuana.com.uy\\\/\",\"name\":\"Tijuana\",\"description\":\"Ecommerce Tijuana\",\"potentialAction\":[{\"@type\":\"SearchAction\",\"target\":{\"@type\":\"EntryPoint\",\"urlTemplate\":\"https:\\\/\\\/tijuana.com.uy\\\/?s={search_term_string}\"},\"query-input\":{\"@type\":\"PropertyValueSpecification\",\"valueRequired\":true,\"valueName\":\"search_term_string\"}}],\"inLanguage\":\"es\"}]}<\/script>\n<!-- \/ Yoast SEO plugin. -->","yoast_head_json":{"title":"PUZZLE DUO EMOCIONES - Tijuana","robots":{"index":"index","follow":"follow","max-snippet":"max-snippet:-1","max-image-preview":"max-image-preview:large","max-video-preview":"max-video-preview:-1"},"canonical":"https:\/\/tijuana.com.uy\/?product=puzzle-duo-emociones","og_locale":"es_ES","og_type":"article","og_title":"PUZZLE DUO EMOCIONES - Tijuana","og_description":"En esta hermosa cajita, vienen 8 puzles de dos piezas de cart\u00f3n de alta calidad. Es una linda manera de aprender jugando a identificar nuestras emociones. El objetivo es unir la expresi\u00f3n facial y encajarla con lo que representa cada emoci\u00f3n en diferentes situaciones: miedo, amor, alegr\u00eda, sorpresa.  Recomendado para ni\u00f1os a partir de 2 a\u00f1os.","og_url":"https:\/\/tijuana.com.uy\/?product=puzzle-duo-emociones","og_site_name":"Tijuana","article_modified_time":"2022-10-01T17:31:01+00:00","og_image":[{"width":500,"height":337,"url":"https:\/\/tijuana.com.uy\/wp-content\/uploads\/2022\/08\/D_NQ_NP_770437-MLU42001531786_052020-O.webp","type":"image\/webp"}],"twitter_card":"summary_large_image","schema":{"@context":"https:\/\/schema.org","@graph":[{"@type":"WebPage","@id":"https:\/\/tijuana.com.uy\/?product=puzzle-duo-emociones","url":"https:\/\/tijuana.com.uy\/?product=puzzle-duo-emociones","name":"PUZZLE DUO EMOCIONES - Tijuana","isPartOf":{"@id":"https:\/\/tijuana.com.uy\/#website"},"primaryImageOfPage":{"@id":"https:\/\/tijuana.com.uy\/?product=puzzle-duo-emociones#primaryimage"},"image":{"@id":"https:\/\/tijuana.com.uy\/?product=puzzle-duo-emociones#primaryimage"},"thumbnailUrl":"https:\/\/tijuana.com.uy\/wp-content\/uploads\/2022\/08\/D_NQ_NP_770437-MLU42001531786_052020-O.webp","datePublished":"2022-08-05T04:57:05+00:00","dateModified":"2022-10-01T17:31:01+00:00","breadcrumb":{"@id":"https:\/\/tijuana.com.uy\/?product=puzzle-duo-emociones#breadcrumb"},"inLanguage":"es","potentialAction":[{"@type":"ReadAction","target":["https:\/\/tijuana.com.uy\/?product=puzzle-duo-emociones"]}]},{"@type":"ImageObject","inLanguage":"es","@id":"https:\/\/tijuana.com.uy\/?product=puzzle-duo-emociones#primaryimage","url":"https:\/\/tijuana.com.uy\/wp-content\/uploads\/2022\/08\/D_NQ_NP_770437-MLU42001531786_052020-O.webp","contentUrl":"https:\/\/tijuana.com.uy\/wp-content\/uploads\/2022\/08\/D_NQ_NP_770437-MLU42001531786_052020-O.webp","width":500,"height":337,"caption":"PUZZLE DUO EMOCIONES"},{"@type":"BreadcrumbList","@id":"https:\/\/tijuana.com.uy\/?product=puzzle-duo-emociones#breadcrumb","itemListElement":[{"@type":"ListItem","position":1,"name":"Inicio","item":"https:\/\/tijuana.com.uy\/"},{"@type":"ListItem","position":2,"name":"Todos nuestros productos","item":"https:\/\/tijuana.com.uy\/?page_id=365"},{"@type":"ListItem","position":3,"name":"PUZZLE DUO EMOCIONES"}]},{"@type":"WebSite","@id":"https:\/\/tijuana.com.uy\/#website","url":"https:\/\/tijuana.com.uy\/","name":"Tijuana","description":"Ecommerce Tijuana","potentialAction":[{"@type":"SearchAction","target":{"@type":"EntryPoint","urlTemplate":"https:\/\/tijuana.com.uy\/?s={search_term_string}"},"query-input":{"@type":"PropertyValueSpecification","valueRequired":true,"valueName":"search_term_string"}}],"inLanguage":"es"}]}},"_links":{"self":[{"href":"https:\/\/tijuana.com.uy\/index.php?rest_route=\/wp\/v2\/product\/2069","targetHints":{"allow":["GET"]}}],"collection":[{"href":"https:\/\/tijuana.com.uy\/index.php?rest_route=\/wp\/v2\/product"}],"about":[{"href":"https:\/\/tijuana.com.uy\/index.php?rest_route=\/wp\/v2\/types\/product"}],"wp:featuredmedia":[{"embeddable":true,"href":"https:\/\/tijuana.com.uy\/index.php?rest_route=\/wp\/v2\/media\/2613"}],"wp:attachment":[{"href":"https:\/\/tijuana.com.uy\/index.php?rest_route=%2Fwp%2Fv2%2Fmedia&parent=2069"}],"wp:term":[{"taxonomy":"product_brand","embeddable":true,"href":"https:\/\/tijuana.com.uy\/index.php?rest_route=%2Fwp%2Fv2%2Fproduct_brand&post=2069"},{"taxonomy":"product_cat","embeddable":true,"href":"https:\/\/tijuana.com.uy\/index.php?rest_route=%2Fwp%2Fv2%2Fproduct_cat&post=2069"},{"taxonomy":"product_tag","embeddable":true,"href":"https:\/\/tijuana.com.uy\/index.php?rest_route=%2Fwp%2Fv2%2Fproduct_tag&post=2069"}],"curies":[{"name":"wp","href":"https:\/\/api.w.org\/{rel}","templated":true}]}}