{"id":2088,"date":"2022-08-05T04:58:17","date_gmt":"2022-08-05T04:58:17","guid":{"rendered":"https:\/\/tijuana.com.uy\/index.php\/producto\/mosaico-dinosaurios\/"},"modified":"2024-12-22T12:16:41","modified_gmt":"2024-12-22T15:16:41","slug":"mosaico-dinosaurios","status":"publish","type":"product","link":"https:\/\/tijuana.com.uy\/?product=mosaico-dinosaurios","title":{"rendered":"MOSAICO &#8211; DINOSAURIOS"},"content":{"rendered":"","protected":false},"excerpt":{"rendered":"<p>Crea brillantes mosaicos de dinosaurios. Los ni\u00f1os siguen el c\u00f3digo de color indicado en las hojas y se adhieren a peque\u00f1os cuadrados de espuma brillante y autoadhesiva para realzar los colores de estos temibles dinosaurios. Viene con dos cartas numeradas y muchos cuadrados de colores.<\/p>\n<p>Recomendado para ni\u00f1os a partir de los 5 a\u00f1os.<\/p>\n","protected":false},"featured_media":2378,"template":"","meta":[],"product_brand":[],"product_cat":[26],"product_tag":[67,66,34],"class_list":{"0":"post-2088","1":"product","2":"type-product","3":"status-publish","4":"has-post-thumbnail","6":"product_cat-jugueteria","7":"product_tag-7anos","8":"product_tag-5-6anos","9":"product_tag-djeco","11":"first","12":"instock","13":"taxable","14":"shipping-taxable","15":"purchasable","16":"product-type-simple"},"yoast_head":"<!-- This site is optimized with the Yoast SEO plugin v27.5 - https:\/\/yoast.com\/product\/yoast-seo-wordpress\/ -->\n<title>MOSAICO - DINOSAURIOS - Tijuana<\/title>\n<meta name=\"description\" content=\"Crea brillantes mosaicos de dinosaurios. Los ni\u00f1os siguen el c\u00f3digo de color indicado en las hojas y se adhieren a peque\u00f1os cuadrados de espuma brillante y autoadhesiva para realzar los colores de estos temibles dinosaurios.\" \/>\n<meta name=\"robots\" content=\"index, follow, max-snippet:-1, max-image-preview:large, max-video-preview:-1\" \/>\n<link rel=\"canonical\" href=\"https:\/\/tijuana.com.uy\/?product=mosaico-dinosaurios\" \/>\n<meta property=\"og:locale\" content=\"es_ES\" \/>\n<meta property=\"og:type\" content=\"article\" \/>\n<meta property=\"og:title\" content=\"MOSAICO - DINOSAURIOS - Tijuana\" \/>\n<meta property=\"og:description\" content=\"Crea brillantes mosaicos de dinosaurios. Los ni\u00f1os siguen el c\u00f3digo de color indicado en las hojas y se adhieren a peque\u00f1os cuadrados de espuma brillante y autoadhesiva para realzar los colores de estos temibles dinosaurios.\" \/>\n<meta property=\"og:url\" content=\"https:\/\/tijuana.com.uy\/?product=mosaico-dinosaurios\" \/>\n<meta property=\"og:site_name\" content=\"Tijuana\" \/>\n<meta property=\"article:modified_time\" content=\"2024-12-22T15:16:41+00:00\" \/>\n<meta property=\"og:image\" content=\"https:\/\/tijuana.com.uy\/wp-content\/uploads\/2022\/08\/D_NQ_NP_916485-MLU32416714643_102019-O.webp\" \/>\n\t<meta property=\"og:image:width\" content=\"500\" \/>\n\t<meta property=\"og:image:height\" content=\"440\" \/>\n\t<meta property=\"og:image:type\" content=\"image\/webp\" \/>\n<meta name=\"twitter:card\" content=\"summary_large_image\" \/>\n<script type=\"application\/ld+json\" class=\"yoast-schema-graph\">{\"@context\":\"https:\\\/\\\/schema.org\",\"@graph\":[{\"@type\":\"WebPage\",\"@id\":\"https:\\\/\\\/tijuana.com.uy\\\/?product=mosaico-dinosaurios\",\"url\":\"https:\\\/\\\/tijuana.com.uy\\\/?product=mosaico-dinosaurios\",\"name\":\"MOSAICO - DINOSAURIOS - Tijuana\",\"isPartOf\":{\"@id\":\"https:\\\/\\\/tijuana.com.uy\\\/#website\"},\"primaryImageOfPage\":{\"@id\":\"https:\\\/\\\/tijuana.com.uy\\\/?product=mosaico-dinosaurios#primaryimage\"},\"image\":{\"@id\":\"https:\\\/\\\/tijuana.com.uy\\\/?product=mosaico-dinosaurios#primaryimage\"},\"thumbnailUrl\":\"https:\\\/\\\/tijuana.com.uy\\\/wp-content\\\/uploads\\\/2022\\\/08\\\/D_NQ_NP_916485-MLU32416714643_102019-O.webp\",\"datePublished\":\"2022-08-05T04:58:17+00:00\",\"dateModified\":\"2024-12-22T15:16:41+00:00\",\"description\":\"Crea brillantes mosaicos de dinosaurios. Los ni\u00f1os siguen el c\u00f3digo de color indicado en las hojas y se adhieren a peque\u00f1os cuadrados de espuma brillante y autoadhesiva para realzar los colores de estos temibles dinosaurios.\",\"breadcrumb\":{\"@id\":\"https:\\\/\\\/tijuana.com.uy\\\/?product=mosaico-dinosaurios#breadcrumb\"},\"inLanguage\":\"es\",\"potentialAction\":[{\"@type\":\"ReadAction\",\"target\":[\"https:\\\/\\\/tijuana.com.uy\\\/?product=mosaico-dinosaurios\"]}]},{\"@type\":\"ImageObject\",\"inLanguage\":\"es\",\"@id\":\"https:\\\/\\\/tijuana.com.uy\\\/?product=mosaico-dinosaurios#primaryimage\",\"url\":\"https:\\\/\\\/tijuana.com.uy\\\/wp-content\\\/uploads\\\/2022\\\/08\\\/D_NQ_NP_916485-MLU32416714643_102019-O.webp\",\"contentUrl\":\"https:\\\/\\\/tijuana.com.uy\\\/wp-content\\\/uploads\\\/2022\\\/08\\\/D_NQ_NP_916485-MLU32416714643_102019-O.webp\",\"width\":500,\"height\":440,\"caption\":\"MOSAICO - DINOSAURIOS\"},{\"@type\":\"BreadcrumbList\",\"@id\":\"https:\\\/\\\/tijuana.com.uy\\\/?product=mosaico-dinosaurios#breadcrumb\",\"itemListElement\":[{\"@type\":\"ListItem\",\"position\":1,\"name\":\"Inicio\",\"item\":\"https:\\\/\\\/tijuana.com.uy\\\/\"},{\"@type\":\"ListItem\",\"position\":2,\"name\":\"Todos nuestros productos\",\"item\":\"https:\\\/\\\/tijuana.com.uy\\\/?page_id=365\"},{\"@type\":\"ListItem\",\"position\":3,\"name\":\"MOSAICO &#8211; DINOSAURIOS\"}]},{\"@type\":\"WebSite\",\"@id\":\"https:\\\/\\\/tijuana.com.uy\\\/#website\",\"url\":\"https:\\\/\\\/tijuana.com.uy\\\/\",\"name\":\"Tijuana\",\"description\":\"Ecommerce Tijuana\",\"potentialAction\":[{\"@type\":\"SearchAction\",\"target\":{\"@type\":\"EntryPoint\",\"urlTemplate\":\"https:\\\/\\\/tijuana.com.uy\\\/?s={search_term_string}\"},\"query-input\":{\"@type\":\"PropertyValueSpecification\",\"valueRequired\":true,\"valueName\":\"search_term_string\"}}],\"inLanguage\":\"es\"}]}<\/script>\n<!-- \/ Yoast SEO plugin. -->","yoast_head_json":{"title":"MOSAICO - DINOSAURIOS - Tijuana","description":"Crea brillantes mosaicos de dinosaurios. Los ni\u00f1os siguen el c\u00f3digo de color indicado en las hojas y se adhieren a peque\u00f1os cuadrados de espuma brillante y autoadhesiva para realzar los colores de estos temibles dinosaurios.","robots":{"index":"index","follow":"follow","max-snippet":"max-snippet:-1","max-image-preview":"max-image-preview:large","max-video-preview":"max-video-preview:-1"},"canonical":"https:\/\/tijuana.com.uy\/?product=mosaico-dinosaurios","og_locale":"es_ES","og_type":"article","og_title":"MOSAICO - DINOSAURIOS - Tijuana","og_description":"Crea brillantes mosaicos de dinosaurios. Los ni\u00f1os siguen el c\u00f3digo de color indicado en las hojas y se adhieren a peque\u00f1os cuadrados de espuma brillante y autoadhesiva para realzar los colores de estos temibles dinosaurios.","og_url":"https:\/\/tijuana.com.uy\/?product=mosaico-dinosaurios","og_site_name":"Tijuana","article_modified_time":"2024-12-22T15:16:41+00:00","og_image":[{"width":500,"height":440,"url":"https:\/\/tijuana.com.uy\/wp-content\/uploads\/2022\/08\/D_NQ_NP_916485-MLU32416714643_102019-O.webp","type":"image\/webp"}],"twitter_card":"summary_large_image","schema":{"@context":"https:\/\/schema.org","@graph":[{"@type":"WebPage","@id":"https:\/\/tijuana.com.uy\/?product=mosaico-dinosaurios","url":"https:\/\/tijuana.com.uy\/?product=mosaico-dinosaurios","name":"MOSAICO - DINOSAURIOS - Tijuana","isPartOf":{"@id":"https:\/\/tijuana.com.uy\/#website"},"primaryImageOfPage":{"@id":"https:\/\/tijuana.com.uy\/?product=mosaico-dinosaurios#primaryimage"},"image":{"@id":"https:\/\/tijuana.com.uy\/?product=mosaico-dinosaurios#primaryimage"},"thumbnailUrl":"https:\/\/tijuana.com.uy\/wp-content\/uploads\/2022\/08\/D_NQ_NP_916485-MLU32416714643_102019-O.webp","datePublished":"2022-08-05T04:58:17+00:00","dateModified":"2024-12-22T15:16:41+00:00","description":"Crea brillantes mosaicos de dinosaurios. Los ni\u00f1os siguen el c\u00f3digo de color indicado en las hojas y se adhieren a peque\u00f1os cuadrados de espuma brillante y autoadhesiva para realzar los colores de estos temibles dinosaurios.","breadcrumb":{"@id":"https:\/\/tijuana.com.uy\/?product=mosaico-dinosaurios#breadcrumb"},"inLanguage":"es","potentialAction":[{"@type":"ReadAction","target":["https:\/\/tijuana.com.uy\/?product=mosaico-dinosaurios"]}]},{"@type":"ImageObject","inLanguage":"es","@id":"https:\/\/tijuana.com.uy\/?product=mosaico-dinosaurios#primaryimage","url":"https:\/\/tijuana.com.uy\/wp-content\/uploads\/2022\/08\/D_NQ_NP_916485-MLU32416714643_102019-O.webp","contentUrl":"https:\/\/tijuana.com.uy\/wp-content\/uploads\/2022\/08\/D_NQ_NP_916485-MLU32416714643_102019-O.webp","width":500,"height":440,"caption":"MOSAICO - DINOSAURIOS"},{"@type":"BreadcrumbList","@id":"https:\/\/tijuana.com.uy\/?product=mosaico-dinosaurios#breadcrumb","itemListElement":[{"@type":"ListItem","position":1,"name":"Inicio","item":"https:\/\/tijuana.com.uy\/"},{"@type":"ListItem","position":2,"name":"Todos nuestros productos","item":"https:\/\/tijuana.com.uy\/?page_id=365"},{"@type":"ListItem","position":3,"name":"MOSAICO &#8211; DINOSAURIOS"}]},{"@type":"WebSite","@id":"https:\/\/tijuana.com.uy\/#website","url":"https:\/\/tijuana.com.uy\/","name":"Tijuana","description":"Ecommerce Tijuana","potentialAction":[{"@type":"SearchAction","target":{"@type":"EntryPoint","urlTemplate":"https:\/\/tijuana.com.uy\/?s={search_term_string}"},"query-input":{"@type":"PropertyValueSpecification","valueRequired":true,"valueName":"search_term_string"}}],"inLanguage":"es"}]}},"_links":{"self":[{"href":"https:\/\/tijuana.com.uy\/index.php?rest_route=\/wp\/v2\/product\/2088","targetHints":{"allow":["GET"]}}],"collection":[{"href":"https:\/\/tijuana.com.uy\/index.php?rest_route=\/wp\/v2\/product"}],"about":[{"href":"https:\/\/tijuana.com.uy\/index.php?rest_route=\/wp\/v2\/types\/product"}],"wp:featuredmedia":[{"embeddable":true,"href":"https:\/\/tijuana.com.uy\/index.php?rest_route=\/wp\/v2\/media\/2378"}],"wp:attachment":[{"href":"https:\/\/tijuana.com.uy\/index.php?rest_route=%2Fwp%2Fv2%2Fmedia&parent=2088"}],"wp:term":[{"taxonomy":"product_brand","embeddable":true,"href":"https:\/\/tijuana.com.uy\/index.php?rest_route=%2Fwp%2Fv2%2Fproduct_brand&post=2088"},{"taxonomy":"product_cat","embeddable":true,"href":"https:\/\/tijuana.com.uy\/index.php?rest_route=%2Fwp%2Fv2%2Fproduct_cat&post=2088"},{"taxonomy":"product_tag","embeddable":true,"href":"https:\/\/tijuana.com.uy\/index.php?rest_route=%2Fwp%2Fv2%2Fproduct_tag&post=2088"}],"curies":[{"name":"wp","href":"https:\/\/api.w.org\/{rel}","templated":true}]}}