{"id":2090,"date":"2022-08-05T04:58:24","date_gmt":"2022-08-05T04:58:24","guid":{"rendered":"https:\/\/tijuana.com.uy\/index.php\/producto\/mosaico-khan\/"},"modified":"2022-09-28T21:45:41","modified_gmt":"2022-09-28T21:45:41","slug":"mosaico-khan","status":"publish","type":"product","link":"https:\/\/tijuana.com.uy\/?product=mosaico-khan","title":{"rendered":"MOSAICO &#8211; KHAN"},"content":{"rendered":"","protected":false},"excerpt":{"rendered":"<p>Descubre la caja de mosaicos Khan para los grandes de Djeco, todo el arte del mosaico con piezas triangulares para ni\u00f1os de 8 a 14 a\u00f1os. Un hobby creativo para lograr paso a paso con piezas de teselas adhesivas que requerir\u00e1n paciencia y minuciosidad. 2 hermosos tableros ilustrados para completar, un tigre y un gorila, una variedad de baldosas de goma EVA adhesiva triangular (6 formas, 6 colores) y un folleto explicativo en colores paso a paso.<\/p>\n","protected":false},"featured_media":2369,"template":"","meta":[],"product_brand":[],"product_cat":[26],"product_tag":[67,34],"class_list":{"0":"post-2090","1":"product","2":"type-product","3":"status-publish","4":"has-post-thumbnail","6":"product_cat-jugueteria","7":"product_tag-7anos","8":"product_tag-djeco","10":"first","11":"instock","12":"taxable","13":"shipping-taxable","14":"purchasable","15":"product-type-simple"},"yoast_head":"<!-- This site is optimized with the Yoast SEO plugin v27.5 - https:\/\/yoast.com\/product\/yoast-seo-wordpress\/ -->\n<title>MOSAICO - KHAN - Tijuana<\/title>\n<meta name=\"description\" content=\"Descubre la caja de mosaicos Khan para los grandes de Djeco, todo el arte del mosaico con piezas triangulares para ni\u00f1os de 8 a 14 a\u00f1os. Un hobby creativo para lograr paso a paso con piezas de teselas adhesivas que requerir\u00e1n paciencia y minuciosidad.\" \/>\n<meta name=\"robots\" content=\"index, follow, max-snippet:-1, max-image-preview:large, max-video-preview:-1\" \/>\n<link rel=\"canonical\" href=\"https:\/\/tijuana.com.uy\/?product=mosaico-khan\" \/>\n<meta property=\"og:locale\" content=\"es_ES\" \/>\n<meta property=\"og:type\" content=\"article\" \/>\n<meta property=\"og:title\" content=\"MOSAICO - KHAN - Tijuana\" \/>\n<meta property=\"og:description\" content=\"Descubre la caja de mosaicos Khan para los grandes de Djeco, todo el arte del mosaico con piezas triangulares para ni\u00f1os de 8 a 14 a\u00f1os. Un hobby creativo para lograr paso a paso con piezas de teselas adhesivas que requerir\u00e1n paciencia y minuciosidad.\" \/>\n<meta property=\"og:url\" content=\"https:\/\/tijuana.com.uy\/?product=mosaico-khan\" \/>\n<meta property=\"og:site_name\" content=\"Tijuana\" \/>\n<meta property=\"article:modified_time\" content=\"2022-09-28T21:45:41+00:00\" \/>\n<meta property=\"og:image\" content=\"https:\/\/tijuana.com.uy\/wp-content\/uploads\/2022\/08\/7132RYHQ14L._AC_SL1500_.jpg\" \/>\n\t<meta property=\"og:image:width\" content=\"1388\" \/>\n\t<meta property=\"og:image:height\" content=\"1461\" \/>\n\t<meta property=\"og:image:type\" content=\"image\/jpeg\" \/>\n<meta name=\"twitter:card\" content=\"summary_large_image\" \/>\n<script type=\"application\/ld+json\" class=\"yoast-schema-graph\">{\"@context\":\"https:\\\/\\\/schema.org\",\"@graph\":[{\"@type\":\"WebPage\",\"@id\":\"https:\\\/\\\/tijuana.com.uy\\\/?product=mosaico-khan\",\"url\":\"https:\\\/\\\/tijuana.com.uy\\\/?product=mosaico-khan\",\"name\":\"MOSAICO - KHAN - Tijuana\",\"isPartOf\":{\"@id\":\"https:\\\/\\\/tijuana.com.uy\\\/#website\"},\"primaryImageOfPage\":{\"@id\":\"https:\\\/\\\/tijuana.com.uy\\\/?product=mosaico-khan#primaryimage\"},\"image\":{\"@id\":\"https:\\\/\\\/tijuana.com.uy\\\/?product=mosaico-khan#primaryimage\"},\"thumbnailUrl\":\"https:\\\/\\\/tijuana.com.uy\\\/wp-content\\\/uploads\\\/2022\\\/08\\\/7132RYHQ14L._AC_SL1500_.jpg\",\"datePublished\":\"2022-08-05T04:58:24+00:00\",\"dateModified\":\"2022-09-28T21:45:41+00:00\",\"description\":\"Descubre la caja de mosaicos Khan para los grandes de Djeco, todo el arte del mosaico con piezas triangulares para ni\u00f1os de 8 a 14 a\u00f1os. Un hobby creativo para lograr paso a paso con piezas de teselas adhesivas que requerir\u00e1n paciencia y minuciosidad.\",\"breadcrumb\":{\"@id\":\"https:\\\/\\\/tijuana.com.uy\\\/?product=mosaico-khan#breadcrumb\"},\"inLanguage\":\"es\",\"potentialAction\":[{\"@type\":\"ReadAction\",\"target\":[\"https:\\\/\\\/tijuana.com.uy\\\/?product=mosaico-khan\"]}]},{\"@type\":\"ImageObject\",\"inLanguage\":\"es\",\"@id\":\"https:\\\/\\\/tijuana.com.uy\\\/?product=mosaico-khan#primaryimage\",\"url\":\"https:\\\/\\\/tijuana.com.uy\\\/wp-content\\\/uploads\\\/2022\\\/08\\\/7132RYHQ14L._AC_SL1500_.jpg\",\"contentUrl\":\"https:\\\/\\\/tijuana.com.uy\\\/wp-content\\\/uploads\\\/2022\\\/08\\\/7132RYHQ14L._AC_SL1500_.jpg\",\"width\":1388,\"height\":1461,\"caption\":\"MOSAICO - KHAN\"},{\"@type\":\"BreadcrumbList\",\"@id\":\"https:\\\/\\\/tijuana.com.uy\\\/?product=mosaico-khan#breadcrumb\",\"itemListElement\":[{\"@type\":\"ListItem\",\"position\":1,\"name\":\"Inicio\",\"item\":\"https:\\\/\\\/tijuana.com.uy\\\/\"},{\"@type\":\"ListItem\",\"position\":2,\"name\":\"Todos nuestros productos\",\"item\":\"https:\\\/\\\/tijuana.com.uy\\\/?page_id=365\"},{\"@type\":\"ListItem\",\"position\":3,\"name\":\"MOSAICO &#8211; KHAN\"}]},{\"@type\":\"WebSite\",\"@id\":\"https:\\\/\\\/tijuana.com.uy\\\/#website\",\"url\":\"https:\\\/\\\/tijuana.com.uy\\\/\",\"name\":\"Tijuana\",\"description\":\"Ecommerce Tijuana\",\"potentialAction\":[{\"@type\":\"SearchAction\",\"target\":{\"@type\":\"EntryPoint\",\"urlTemplate\":\"https:\\\/\\\/tijuana.com.uy\\\/?s={search_term_string}\"},\"query-input\":{\"@type\":\"PropertyValueSpecification\",\"valueRequired\":true,\"valueName\":\"search_term_string\"}}],\"inLanguage\":\"es\"}]}<\/script>\n<!-- \/ Yoast SEO plugin. -->","yoast_head_json":{"title":"MOSAICO - KHAN - Tijuana","description":"Descubre la caja de mosaicos Khan para los grandes de Djeco, todo el arte del mosaico con piezas triangulares para ni\u00f1os de 8 a 14 a\u00f1os. Un hobby creativo para lograr paso a paso con piezas de teselas adhesivas que requerir\u00e1n paciencia y minuciosidad.","robots":{"index":"index","follow":"follow","max-snippet":"max-snippet:-1","max-image-preview":"max-image-preview:large","max-video-preview":"max-video-preview:-1"},"canonical":"https:\/\/tijuana.com.uy\/?product=mosaico-khan","og_locale":"es_ES","og_type":"article","og_title":"MOSAICO - KHAN - Tijuana","og_description":"Descubre la caja de mosaicos Khan para los grandes de Djeco, todo el arte del mosaico con piezas triangulares para ni\u00f1os de 8 a 14 a\u00f1os. Un hobby creativo para lograr paso a paso con piezas de teselas adhesivas que requerir\u00e1n paciencia y minuciosidad.","og_url":"https:\/\/tijuana.com.uy\/?product=mosaico-khan","og_site_name":"Tijuana","article_modified_time":"2022-09-28T21:45:41+00:00","og_image":[{"width":1388,"height":1461,"url":"https:\/\/tijuana.com.uy\/wp-content\/uploads\/2022\/08\/7132RYHQ14L._AC_SL1500_.jpg","type":"image\/jpeg"}],"twitter_card":"summary_large_image","schema":{"@context":"https:\/\/schema.org","@graph":[{"@type":"WebPage","@id":"https:\/\/tijuana.com.uy\/?product=mosaico-khan","url":"https:\/\/tijuana.com.uy\/?product=mosaico-khan","name":"MOSAICO - KHAN - Tijuana","isPartOf":{"@id":"https:\/\/tijuana.com.uy\/#website"},"primaryImageOfPage":{"@id":"https:\/\/tijuana.com.uy\/?product=mosaico-khan#primaryimage"},"image":{"@id":"https:\/\/tijuana.com.uy\/?product=mosaico-khan#primaryimage"},"thumbnailUrl":"https:\/\/tijuana.com.uy\/wp-content\/uploads\/2022\/08\/7132RYHQ14L._AC_SL1500_.jpg","datePublished":"2022-08-05T04:58:24+00:00","dateModified":"2022-09-28T21:45:41+00:00","description":"Descubre la caja de mosaicos Khan para los grandes de Djeco, todo el arte del mosaico con piezas triangulares para ni\u00f1os de 8 a 14 a\u00f1os. Un hobby creativo para lograr paso a paso con piezas de teselas adhesivas que requerir\u00e1n paciencia y minuciosidad.","breadcrumb":{"@id":"https:\/\/tijuana.com.uy\/?product=mosaico-khan#breadcrumb"},"inLanguage":"es","potentialAction":[{"@type":"ReadAction","target":["https:\/\/tijuana.com.uy\/?product=mosaico-khan"]}]},{"@type":"ImageObject","inLanguage":"es","@id":"https:\/\/tijuana.com.uy\/?product=mosaico-khan#primaryimage","url":"https:\/\/tijuana.com.uy\/wp-content\/uploads\/2022\/08\/7132RYHQ14L._AC_SL1500_.jpg","contentUrl":"https:\/\/tijuana.com.uy\/wp-content\/uploads\/2022\/08\/7132RYHQ14L._AC_SL1500_.jpg","width":1388,"height":1461,"caption":"MOSAICO - KHAN"},{"@type":"BreadcrumbList","@id":"https:\/\/tijuana.com.uy\/?product=mosaico-khan#breadcrumb","itemListElement":[{"@type":"ListItem","position":1,"name":"Inicio","item":"https:\/\/tijuana.com.uy\/"},{"@type":"ListItem","position":2,"name":"Todos nuestros productos","item":"https:\/\/tijuana.com.uy\/?page_id=365"},{"@type":"ListItem","position":3,"name":"MOSAICO &#8211; KHAN"}]},{"@type":"WebSite","@id":"https:\/\/tijuana.com.uy\/#website","url":"https:\/\/tijuana.com.uy\/","name":"Tijuana","description":"Ecommerce Tijuana","potentialAction":[{"@type":"SearchAction","target":{"@type":"EntryPoint","urlTemplate":"https:\/\/tijuana.com.uy\/?s={search_term_string}"},"query-input":{"@type":"PropertyValueSpecification","valueRequired":true,"valueName":"search_term_string"}}],"inLanguage":"es"}]}},"_links":{"self":[{"href":"https:\/\/tijuana.com.uy\/index.php?rest_route=\/wp\/v2\/product\/2090","targetHints":{"allow":["GET"]}}],"collection":[{"href":"https:\/\/tijuana.com.uy\/index.php?rest_route=\/wp\/v2\/product"}],"about":[{"href":"https:\/\/tijuana.com.uy\/index.php?rest_route=\/wp\/v2\/types\/product"}],"wp:featuredmedia":[{"embeddable":true,"href":"https:\/\/tijuana.com.uy\/index.php?rest_route=\/wp\/v2\/media\/2369"}],"wp:attachment":[{"href":"https:\/\/tijuana.com.uy\/index.php?rest_route=%2Fwp%2Fv2%2Fmedia&parent=2090"}],"wp:term":[{"taxonomy":"product_brand","embeddable":true,"href":"https:\/\/tijuana.com.uy\/index.php?rest_route=%2Fwp%2Fv2%2Fproduct_brand&post=2090"},{"taxonomy":"product_cat","embeddable":true,"href":"https:\/\/tijuana.com.uy\/index.php?rest_route=%2Fwp%2Fv2%2Fproduct_cat&post=2090"},{"taxonomy":"product_tag","embeddable":true,"href":"https:\/\/tijuana.com.uy\/index.php?rest_route=%2Fwp%2Fv2%2Fproduct_tag&post=2090"}],"curies":[{"name":"wp","href":"https:\/\/api.w.org\/{rel}","templated":true}]}}