{"id":2091,"date":"2022-08-05T04:58:30","date_gmt":"2022-08-05T04:58:30","guid":{"rendered":"https:\/\/tijuana.com.uy\/index.php\/producto\/cubismo-inspirado-por-pablo-picasso\/"},"modified":"2022-09-28T21:18:17","modified_gmt":"2022-09-28T21:18:17","slug":"cubismo-inspirado-por-pablo-picasso","status":"publish","type":"product","link":"https:\/\/tijuana.com.uy\/?product=cubismo-inspirado-por-pablo-picasso","title":{"rendered":"CUBISMO &#8211; INSPIRADO POR: PABLO PICASSO"},"content":{"rendered":"","protected":false},"excerpt":{"rendered":"<p>Esta es una actividad de collage que propone descubrir el estilo de Pablo Picasso, el gran maestro del Cubismo. Poco a poco, las piezas de cart\u00f3n impresas se ensamblan y superponen para componer 4 retratos desestructurados que juegan con las perspectivas. \u00a1Qu\u00e9 divertidos personajes!<br \/>\nUna caja para descubrir la obra de Pablo Picasso, un encuentro entre un ilustrador contempor\u00e1neo y el gran maestro.<br \/>\nLa caja contiene 4 tarjetas ilustradas (21,5 x 28 cm), 6 l\u00e1minas de cart\u00f3n ondulado ilustradas y pre cortadas, 1 l\u00e1mina de cart\u00f3n grueso con trocitos para despegar, 1 l\u00e1mina de pegatinas de papel, 1 tubo de cola, 1 cuadernillo de paso a paso explicaciones de los pasos en color.<\/p>\n<p>Recomendado a partir de los 4 a\u00f1os.<\/p>\n","protected":false},"featured_media":2362,"template":"","meta":[],"product_brand":[],"product_cat":[26],"product_tag":[67,65,66,34],"class_list":{"0":"post-2091","1":"product","2":"type-product","3":"status-publish","4":"has-post-thumbnail","6":"product_cat-jugueteria","7":"product_tag-7anos","8":"product_tag-3-4anos","9":"product_tag-5-6anos","10":"product_tag-djeco","12":"first","13":"instock","14":"taxable","15":"shipping-taxable","16":"purchasable","17":"product-type-simple"},"yoast_head":"<!-- This site is optimized with the Yoast SEO plugin v27.5 - https:\/\/yoast.com\/product\/yoast-seo-wordpress\/ -->\n<title>CUBISMO - INSPIRADO POR: PABLO PICASSO - Tijuana<\/title>\n<meta name=\"description\" content=\"Esta es una actividad de collage que propone descubrir el estilo de Pablo Picasso, el gran maestro del Cubismo. Poco a poco, las piezas de cart\u00f3n impresas se ensamblan y superponen para componer 4 retratos desestructurados que juegan con las perspectivas. \u00a1Qu\u00e9 divertidos personajes!\" \/>\n<meta name=\"robots\" content=\"index, follow, max-snippet:-1, max-image-preview:large, max-video-preview:-1\" \/>\n<link rel=\"canonical\" href=\"https:\/\/tijuana.com.uy\/?product=cubismo-inspirado-por-pablo-picasso\" \/>\n<meta property=\"og:locale\" content=\"es_ES\" \/>\n<meta property=\"og:type\" content=\"article\" \/>\n<meta property=\"og:title\" content=\"CUBISMO - INSPIRADO POR: PABLO PICASSO - Tijuana\" \/>\n<meta property=\"og:description\" content=\"Esta es una actividad de collage que propone descubrir el estilo de Pablo Picasso, el gran maestro del Cubismo. Poco a poco, las piezas de cart\u00f3n impresas se ensamblan y superponen para componer 4 retratos desestructurados que juegan con las perspectivas. \u00a1Qu\u00e9 divertidos personajes!\" \/>\n<meta property=\"og:url\" content=\"https:\/\/tijuana.com.uy\/?product=cubismo-inspirado-por-pablo-picasso\" \/>\n<meta property=\"og:site_name\" content=\"Tijuana\" \/>\n<meta property=\"article:modified_time\" content=\"2022-09-28T21:18:17+00:00\" \/>\n<meta property=\"og:image\" content=\"https:\/\/tijuana.com.uy\/wp-content\/uploads\/2022\/08\/cabezas-al-cuadrado.jpg\" \/>\n\t<meta property=\"og:image:width\" content=\"800\" \/>\n\t<meta property=\"og:image:height\" content=\"800\" \/>\n\t<meta property=\"og:image:type\" content=\"image\/jpeg\" \/>\n<meta name=\"twitter:card\" content=\"summary_large_image\" \/>\n<script type=\"application\/ld+json\" class=\"yoast-schema-graph\">{\"@context\":\"https:\\\/\\\/schema.org\",\"@graph\":[{\"@type\":\"WebPage\",\"@id\":\"https:\\\/\\\/tijuana.com.uy\\\/?product=cubismo-inspirado-por-pablo-picasso\",\"url\":\"https:\\\/\\\/tijuana.com.uy\\\/?product=cubismo-inspirado-por-pablo-picasso\",\"name\":\"CUBISMO - INSPIRADO POR: PABLO PICASSO - Tijuana\",\"isPartOf\":{\"@id\":\"https:\\\/\\\/tijuana.com.uy\\\/#website\"},\"primaryImageOfPage\":{\"@id\":\"https:\\\/\\\/tijuana.com.uy\\\/?product=cubismo-inspirado-por-pablo-picasso#primaryimage\"},\"image\":{\"@id\":\"https:\\\/\\\/tijuana.com.uy\\\/?product=cubismo-inspirado-por-pablo-picasso#primaryimage\"},\"thumbnailUrl\":\"https:\\\/\\\/tijuana.com.uy\\\/wp-content\\\/uploads\\\/2022\\\/08\\\/cabezas-al-cuadrado.jpg\",\"datePublished\":\"2022-08-05T04:58:30+00:00\",\"dateModified\":\"2022-09-28T21:18:17+00:00\",\"description\":\"Esta es una actividad de collage que propone descubrir el estilo de Pablo Picasso, el gran maestro del Cubismo. Poco a poco, las piezas de cart\u00f3n impresas se ensamblan y superponen para componer 4 retratos desestructurados que juegan con las perspectivas. \u00a1Qu\u00e9 divertidos personajes!\",\"breadcrumb\":{\"@id\":\"https:\\\/\\\/tijuana.com.uy\\\/?product=cubismo-inspirado-por-pablo-picasso#breadcrumb\"},\"inLanguage\":\"es\",\"potentialAction\":[{\"@type\":\"ReadAction\",\"target\":[\"https:\\\/\\\/tijuana.com.uy\\\/?product=cubismo-inspirado-por-pablo-picasso\"]}]},{\"@type\":\"ImageObject\",\"inLanguage\":\"es\",\"@id\":\"https:\\\/\\\/tijuana.com.uy\\\/?product=cubismo-inspirado-por-pablo-picasso#primaryimage\",\"url\":\"https:\\\/\\\/tijuana.com.uy\\\/wp-content\\\/uploads\\\/2022\\\/08\\\/cabezas-al-cuadrado.jpg\",\"contentUrl\":\"https:\\\/\\\/tijuana.com.uy\\\/wp-content\\\/uploads\\\/2022\\\/08\\\/cabezas-al-cuadrado.jpg\",\"width\":800,\"height\":800,\"caption\":\"CUBISMO - INSPIRADO POR: PABLO PICASSO\"},{\"@type\":\"BreadcrumbList\",\"@id\":\"https:\\\/\\\/tijuana.com.uy\\\/?product=cubismo-inspirado-por-pablo-picasso#breadcrumb\",\"itemListElement\":[{\"@type\":\"ListItem\",\"position\":1,\"name\":\"Inicio\",\"item\":\"https:\\\/\\\/tijuana.com.uy\\\/\"},{\"@type\":\"ListItem\",\"position\":2,\"name\":\"Todos nuestros productos\",\"item\":\"https:\\\/\\\/tijuana.com.uy\\\/?page_id=365\"},{\"@type\":\"ListItem\",\"position\":3,\"name\":\"CUBISMO &#8211; INSPIRADO POR: PABLO PICASSO\"}]},{\"@type\":\"WebSite\",\"@id\":\"https:\\\/\\\/tijuana.com.uy\\\/#website\",\"url\":\"https:\\\/\\\/tijuana.com.uy\\\/\",\"name\":\"Tijuana\",\"description\":\"Ecommerce Tijuana\",\"potentialAction\":[{\"@type\":\"SearchAction\",\"target\":{\"@type\":\"EntryPoint\",\"urlTemplate\":\"https:\\\/\\\/tijuana.com.uy\\\/?s={search_term_string}\"},\"query-input\":{\"@type\":\"PropertyValueSpecification\",\"valueRequired\":true,\"valueName\":\"search_term_string\"}}],\"inLanguage\":\"es\"}]}<\/script>\n<!-- \/ Yoast SEO plugin. -->","yoast_head_json":{"title":"CUBISMO - INSPIRADO POR: PABLO PICASSO - Tijuana","description":"Esta es una actividad de collage que propone descubrir el estilo de Pablo Picasso, el gran maestro del Cubismo. Poco a poco, las piezas de cart\u00f3n impresas se ensamblan y superponen para componer 4 retratos desestructurados que juegan con las perspectivas. \u00a1Qu\u00e9 divertidos personajes!","robots":{"index":"index","follow":"follow","max-snippet":"max-snippet:-1","max-image-preview":"max-image-preview:large","max-video-preview":"max-video-preview:-1"},"canonical":"https:\/\/tijuana.com.uy\/?product=cubismo-inspirado-por-pablo-picasso","og_locale":"es_ES","og_type":"article","og_title":"CUBISMO - INSPIRADO POR: PABLO PICASSO - Tijuana","og_description":"Esta es una actividad de collage que propone descubrir el estilo de Pablo Picasso, el gran maestro del Cubismo. Poco a poco, las piezas de cart\u00f3n impresas se ensamblan y superponen para componer 4 retratos desestructurados que juegan con las perspectivas. \u00a1Qu\u00e9 divertidos personajes!","og_url":"https:\/\/tijuana.com.uy\/?product=cubismo-inspirado-por-pablo-picasso","og_site_name":"Tijuana","article_modified_time":"2022-09-28T21:18:17+00:00","og_image":[{"width":800,"height":800,"url":"https:\/\/tijuana.com.uy\/wp-content\/uploads\/2022\/08\/cabezas-al-cuadrado.jpg","type":"image\/jpeg"}],"twitter_card":"summary_large_image","schema":{"@context":"https:\/\/schema.org","@graph":[{"@type":"WebPage","@id":"https:\/\/tijuana.com.uy\/?product=cubismo-inspirado-por-pablo-picasso","url":"https:\/\/tijuana.com.uy\/?product=cubismo-inspirado-por-pablo-picasso","name":"CUBISMO - INSPIRADO POR: PABLO PICASSO - Tijuana","isPartOf":{"@id":"https:\/\/tijuana.com.uy\/#website"},"primaryImageOfPage":{"@id":"https:\/\/tijuana.com.uy\/?product=cubismo-inspirado-por-pablo-picasso#primaryimage"},"image":{"@id":"https:\/\/tijuana.com.uy\/?product=cubismo-inspirado-por-pablo-picasso#primaryimage"},"thumbnailUrl":"https:\/\/tijuana.com.uy\/wp-content\/uploads\/2022\/08\/cabezas-al-cuadrado.jpg","datePublished":"2022-08-05T04:58:30+00:00","dateModified":"2022-09-28T21:18:17+00:00","description":"Esta es una actividad de collage que propone descubrir el estilo de Pablo Picasso, el gran maestro del Cubismo. Poco a poco, las piezas de cart\u00f3n impresas se ensamblan y superponen para componer 4 retratos desestructurados que juegan con las perspectivas. \u00a1Qu\u00e9 divertidos personajes!","breadcrumb":{"@id":"https:\/\/tijuana.com.uy\/?product=cubismo-inspirado-por-pablo-picasso#breadcrumb"},"inLanguage":"es","potentialAction":[{"@type":"ReadAction","target":["https:\/\/tijuana.com.uy\/?product=cubismo-inspirado-por-pablo-picasso"]}]},{"@type":"ImageObject","inLanguage":"es","@id":"https:\/\/tijuana.com.uy\/?product=cubismo-inspirado-por-pablo-picasso#primaryimage","url":"https:\/\/tijuana.com.uy\/wp-content\/uploads\/2022\/08\/cabezas-al-cuadrado.jpg","contentUrl":"https:\/\/tijuana.com.uy\/wp-content\/uploads\/2022\/08\/cabezas-al-cuadrado.jpg","width":800,"height":800,"caption":"CUBISMO - INSPIRADO POR: PABLO PICASSO"},{"@type":"BreadcrumbList","@id":"https:\/\/tijuana.com.uy\/?product=cubismo-inspirado-por-pablo-picasso#breadcrumb","itemListElement":[{"@type":"ListItem","position":1,"name":"Inicio","item":"https:\/\/tijuana.com.uy\/"},{"@type":"ListItem","position":2,"name":"Todos nuestros productos","item":"https:\/\/tijuana.com.uy\/?page_id=365"},{"@type":"ListItem","position":3,"name":"CUBISMO &#8211; INSPIRADO POR: PABLO PICASSO"}]},{"@type":"WebSite","@id":"https:\/\/tijuana.com.uy\/#website","url":"https:\/\/tijuana.com.uy\/","name":"Tijuana","description":"Ecommerce Tijuana","potentialAction":[{"@type":"SearchAction","target":{"@type":"EntryPoint","urlTemplate":"https:\/\/tijuana.com.uy\/?s={search_term_string}"},"query-input":{"@type":"PropertyValueSpecification","valueRequired":true,"valueName":"search_term_string"}}],"inLanguage":"es"}]}},"_links":{"self":[{"href":"https:\/\/tijuana.com.uy\/index.php?rest_route=\/wp\/v2\/product\/2091","targetHints":{"allow":["GET"]}}],"collection":[{"href":"https:\/\/tijuana.com.uy\/index.php?rest_route=\/wp\/v2\/product"}],"about":[{"href":"https:\/\/tijuana.com.uy\/index.php?rest_route=\/wp\/v2\/types\/product"}],"wp:featuredmedia":[{"embeddable":true,"href":"https:\/\/tijuana.com.uy\/index.php?rest_route=\/wp\/v2\/media\/2362"}],"wp:attachment":[{"href":"https:\/\/tijuana.com.uy\/index.php?rest_route=%2Fwp%2Fv2%2Fmedia&parent=2091"}],"wp:term":[{"taxonomy":"product_brand","embeddable":true,"href":"https:\/\/tijuana.com.uy\/index.php?rest_route=%2Fwp%2Fv2%2Fproduct_brand&post=2091"},{"taxonomy":"product_cat","embeddable":true,"href":"https:\/\/tijuana.com.uy\/index.php?rest_route=%2Fwp%2Fv2%2Fproduct_cat&post=2091"},{"taxonomy":"product_tag","embeddable":true,"href":"https:\/\/tijuana.com.uy\/index.php?rest_route=%2Fwp%2Fv2%2Fproduct_tag&post=2091"}],"curies":[{"name":"wp","href":"https:\/\/api.w.org\/{rel}","templated":true}]}}