{"id":2093,"date":"2022-08-05T04:58:36","date_gmt":"2022-08-05T04:58:36","guid":{"rendered":"https:\/\/tijuana.com.uy\/index.php\/producto\/superhroes-inspirado-por-roy-lichtenstein\/"},"modified":"2024-12-22T11:58:59","modified_gmt":"2024-12-22T14:58:59","slug":"superhroes-inspirado-por-roy-lichtenstein","status":"publish","type":"product","link":"https:\/\/tijuana.com.uy\/?product=superhroes-inspirado-por-roy-lichtenstein","title":{"rendered":"SUPERH\u00c9ROES &#8211; ROY LICHTENSTEIN"},"content":{"rendered":"","protected":false},"excerpt":{"rendered":"<p>Superh\u00e9roes es un kit de arte que explora el estilo de Roy Lichtenstein; color en los dise\u00f1os con los marcadores de punta de fieltro, utiliza transferencias de frote para a\u00f1adir detalles y los patrones de puntos tan caracter\u00edsticos del trabajo del artista. El kit viene completo con 4 tablas de arte, 4 hojas de transferencia, 4 marcadores de punta de fieltro y un bol\u00edgrafo de transferencia. Ayuda a exponer a los ni\u00f1os, a la historia del arte y al aprecio, a desarrollar habilidades en composici\u00f3n, art\u00edstica, teor\u00eda del color e imaginaci\u00f3n creativa.<\/p>\n","protected":false},"featured_media":2349,"template":"","meta":[],"product_brand":[],"product_cat":[26],"product_tag":[67,34],"class_list":{"0":"post-2093","1":"product","2":"type-product","3":"status-publish","4":"has-post-thumbnail","6":"product_cat-jugueteria","7":"product_tag-7anos","8":"product_tag-djeco","10":"first","11":"instock","12":"taxable","13":"shipping-taxable","14":"purchasable","15":"product-type-simple"},"yoast_head":"<!-- This site is optimized with the Yoast SEO plugin v27.5 - https:\/\/yoast.com\/product\/yoast-seo-wordpress\/ -->\n<title>SUPERH\u00c9ROES - ROY LICHTENSTEIN - Tijuana<\/title>\n<meta name=\"description\" content=\"Superh\u00e9roes es un kit de arte que explora el estilo de Roy Lichtenstein; color en los dise\u00f1os con los marcadores de punta de fieltro, utiliza transferencias de frote para a\u00f1adir detalles y los patrones de puntos tan caracter\u00edsticos del trabajo del artista.\" \/>\n<meta name=\"robots\" content=\"index, follow, max-snippet:-1, max-image-preview:large, max-video-preview:-1\" \/>\n<link rel=\"canonical\" href=\"https:\/\/tijuana.com.uy\/?product=superhroes-inspirado-por-roy-lichtenstein\" \/>\n<meta property=\"og:locale\" content=\"es_ES\" \/>\n<meta property=\"og:type\" content=\"article\" \/>\n<meta property=\"og:title\" content=\"SUPERH\u00c9ROES - ROY LICHTENSTEIN - Tijuana\" \/>\n<meta property=\"og:description\" content=\"Superh\u00e9roes es un kit de arte que explora el estilo de Roy Lichtenstein; color en los dise\u00f1os con los marcadores de punta de fieltro, utiliza transferencias de frote para a\u00f1adir detalles y los patrones de puntos tan caracter\u00edsticos del trabajo del artista.\" \/>\n<meta property=\"og:url\" content=\"https:\/\/tijuana.com.uy\/?product=superhroes-inspirado-por-roy-lichtenstein\" \/>\n<meta property=\"og:site_name\" content=\"Tijuana\" \/>\n<meta property=\"article:modified_time\" content=\"2024-12-22T14:58:59+00:00\" \/>\n<meta property=\"og:image\" content=\"https:\/\/tijuana.com.uy\/wp-content\/uploads\/2022\/08\/81uhGywWSHL._AC_SL1500_.jpg\" \/>\n\t<meta property=\"og:image:width\" content=\"1500\" \/>\n\t<meta property=\"og:image:height\" content=\"1117\" \/>\n\t<meta property=\"og:image:type\" content=\"image\/jpeg\" \/>\n<meta name=\"twitter:card\" content=\"summary_large_image\" \/>\n<script type=\"application\/ld+json\" class=\"yoast-schema-graph\">{\"@context\":\"https:\\\/\\\/schema.org\",\"@graph\":[{\"@type\":\"WebPage\",\"@id\":\"https:\\\/\\\/tijuana.com.uy\\\/?product=superhroes-inspirado-por-roy-lichtenstein\",\"url\":\"https:\\\/\\\/tijuana.com.uy\\\/?product=superhroes-inspirado-por-roy-lichtenstein\",\"name\":\"SUPERH\u00c9ROES - ROY LICHTENSTEIN - Tijuana\",\"isPartOf\":{\"@id\":\"https:\\\/\\\/tijuana.com.uy\\\/#website\"},\"primaryImageOfPage\":{\"@id\":\"https:\\\/\\\/tijuana.com.uy\\\/?product=superhroes-inspirado-por-roy-lichtenstein#primaryimage\"},\"image\":{\"@id\":\"https:\\\/\\\/tijuana.com.uy\\\/?product=superhroes-inspirado-por-roy-lichtenstein#primaryimage\"},\"thumbnailUrl\":\"https:\\\/\\\/tijuana.com.uy\\\/wp-content\\\/uploads\\\/2022\\\/08\\\/81uhGywWSHL._AC_SL1500_.jpg\",\"datePublished\":\"2022-08-05T04:58:36+00:00\",\"dateModified\":\"2024-12-22T14:58:59+00:00\",\"description\":\"Superh\u00e9roes es un kit de arte que explora el estilo de Roy Lichtenstein; color en los dise\u00f1os con los marcadores de punta de fieltro, utiliza transferencias de frote para a\u00f1adir detalles y los patrones de puntos tan caracter\u00edsticos del trabajo del artista.\",\"breadcrumb\":{\"@id\":\"https:\\\/\\\/tijuana.com.uy\\\/?product=superhroes-inspirado-por-roy-lichtenstein#breadcrumb\"},\"inLanguage\":\"es\",\"potentialAction\":[{\"@type\":\"ReadAction\",\"target\":[\"https:\\\/\\\/tijuana.com.uy\\\/?product=superhroes-inspirado-por-roy-lichtenstein\"]}]},{\"@type\":\"ImageObject\",\"inLanguage\":\"es\",\"@id\":\"https:\\\/\\\/tijuana.com.uy\\\/?product=superhroes-inspirado-por-roy-lichtenstein#primaryimage\",\"url\":\"https:\\\/\\\/tijuana.com.uy\\\/wp-content\\\/uploads\\\/2022\\\/08\\\/81uhGywWSHL._AC_SL1500_.jpg\",\"contentUrl\":\"https:\\\/\\\/tijuana.com.uy\\\/wp-content\\\/uploads\\\/2022\\\/08\\\/81uhGywWSHL._AC_SL1500_.jpg\",\"width\":1500,\"height\":1117,\"caption\":\"SUPERH\u00c9ROES - ROY LICHTENSTEIN\"},{\"@type\":\"BreadcrumbList\",\"@id\":\"https:\\\/\\\/tijuana.com.uy\\\/?product=superhroes-inspirado-por-roy-lichtenstein#breadcrumb\",\"itemListElement\":[{\"@type\":\"ListItem\",\"position\":1,\"name\":\"Inicio\",\"item\":\"https:\\\/\\\/tijuana.com.uy\\\/\"},{\"@type\":\"ListItem\",\"position\":2,\"name\":\"Todos nuestros productos\",\"item\":\"https:\\\/\\\/tijuana.com.uy\\\/?page_id=365\"},{\"@type\":\"ListItem\",\"position\":3,\"name\":\"SUPERH\u00c9ROES &#8211; ROY LICHTENSTEIN\"}]},{\"@type\":\"WebSite\",\"@id\":\"https:\\\/\\\/tijuana.com.uy\\\/#website\",\"url\":\"https:\\\/\\\/tijuana.com.uy\\\/\",\"name\":\"Tijuana\",\"description\":\"Ecommerce Tijuana\",\"potentialAction\":[{\"@type\":\"SearchAction\",\"target\":{\"@type\":\"EntryPoint\",\"urlTemplate\":\"https:\\\/\\\/tijuana.com.uy\\\/?s={search_term_string}\"},\"query-input\":{\"@type\":\"PropertyValueSpecification\",\"valueRequired\":true,\"valueName\":\"search_term_string\"}}],\"inLanguage\":\"es\"}]}<\/script>\n<!-- \/ Yoast SEO plugin. -->","yoast_head_json":{"title":"SUPERH\u00c9ROES - ROY LICHTENSTEIN - Tijuana","description":"Superh\u00e9roes es un kit de arte que explora el estilo de Roy Lichtenstein; color en los dise\u00f1os con los marcadores de punta de fieltro, utiliza transferencias de frote para a\u00f1adir detalles y los patrones de puntos tan caracter\u00edsticos del trabajo del artista.","robots":{"index":"index","follow":"follow","max-snippet":"max-snippet:-1","max-image-preview":"max-image-preview:large","max-video-preview":"max-video-preview:-1"},"canonical":"https:\/\/tijuana.com.uy\/?product=superhroes-inspirado-por-roy-lichtenstein","og_locale":"es_ES","og_type":"article","og_title":"SUPERH\u00c9ROES - ROY LICHTENSTEIN - Tijuana","og_description":"Superh\u00e9roes es un kit de arte que explora el estilo de Roy Lichtenstein; color en los dise\u00f1os con los marcadores de punta de fieltro, utiliza transferencias de frote para a\u00f1adir detalles y los patrones de puntos tan caracter\u00edsticos del trabajo del artista.","og_url":"https:\/\/tijuana.com.uy\/?product=superhroes-inspirado-por-roy-lichtenstein","og_site_name":"Tijuana","article_modified_time":"2024-12-22T14:58:59+00:00","og_image":[{"width":1500,"height":1117,"url":"https:\/\/tijuana.com.uy\/wp-content\/uploads\/2022\/08\/81uhGywWSHL._AC_SL1500_.jpg","type":"image\/jpeg"}],"twitter_card":"summary_large_image","schema":{"@context":"https:\/\/schema.org","@graph":[{"@type":"WebPage","@id":"https:\/\/tijuana.com.uy\/?product=superhroes-inspirado-por-roy-lichtenstein","url":"https:\/\/tijuana.com.uy\/?product=superhroes-inspirado-por-roy-lichtenstein","name":"SUPERH\u00c9ROES - ROY LICHTENSTEIN - Tijuana","isPartOf":{"@id":"https:\/\/tijuana.com.uy\/#website"},"primaryImageOfPage":{"@id":"https:\/\/tijuana.com.uy\/?product=superhroes-inspirado-por-roy-lichtenstein#primaryimage"},"image":{"@id":"https:\/\/tijuana.com.uy\/?product=superhroes-inspirado-por-roy-lichtenstein#primaryimage"},"thumbnailUrl":"https:\/\/tijuana.com.uy\/wp-content\/uploads\/2022\/08\/81uhGywWSHL._AC_SL1500_.jpg","datePublished":"2022-08-05T04:58:36+00:00","dateModified":"2024-12-22T14:58:59+00:00","description":"Superh\u00e9roes es un kit de arte que explora el estilo de Roy Lichtenstein; color en los dise\u00f1os con los marcadores de punta de fieltro, utiliza transferencias de frote para a\u00f1adir detalles y los patrones de puntos tan caracter\u00edsticos del trabajo del artista.","breadcrumb":{"@id":"https:\/\/tijuana.com.uy\/?product=superhroes-inspirado-por-roy-lichtenstein#breadcrumb"},"inLanguage":"es","potentialAction":[{"@type":"ReadAction","target":["https:\/\/tijuana.com.uy\/?product=superhroes-inspirado-por-roy-lichtenstein"]}]},{"@type":"ImageObject","inLanguage":"es","@id":"https:\/\/tijuana.com.uy\/?product=superhroes-inspirado-por-roy-lichtenstein#primaryimage","url":"https:\/\/tijuana.com.uy\/wp-content\/uploads\/2022\/08\/81uhGywWSHL._AC_SL1500_.jpg","contentUrl":"https:\/\/tijuana.com.uy\/wp-content\/uploads\/2022\/08\/81uhGywWSHL._AC_SL1500_.jpg","width":1500,"height":1117,"caption":"SUPERH\u00c9ROES - ROY LICHTENSTEIN"},{"@type":"BreadcrumbList","@id":"https:\/\/tijuana.com.uy\/?product=superhroes-inspirado-por-roy-lichtenstein#breadcrumb","itemListElement":[{"@type":"ListItem","position":1,"name":"Inicio","item":"https:\/\/tijuana.com.uy\/"},{"@type":"ListItem","position":2,"name":"Todos nuestros productos","item":"https:\/\/tijuana.com.uy\/?page_id=365"},{"@type":"ListItem","position":3,"name":"SUPERH\u00c9ROES &#8211; ROY LICHTENSTEIN"}]},{"@type":"WebSite","@id":"https:\/\/tijuana.com.uy\/#website","url":"https:\/\/tijuana.com.uy\/","name":"Tijuana","description":"Ecommerce Tijuana","potentialAction":[{"@type":"SearchAction","target":{"@type":"EntryPoint","urlTemplate":"https:\/\/tijuana.com.uy\/?s={search_term_string}"},"query-input":{"@type":"PropertyValueSpecification","valueRequired":true,"valueName":"search_term_string"}}],"inLanguage":"es"}]}},"_links":{"self":[{"href":"https:\/\/tijuana.com.uy\/index.php?rest_route=\/wp\/v2\/product\/2093","targetHints":{"allow":["GET"]}}],"collection":[{"href":"https:\/\/tijuana.com.uy\/index.php?rest_route=\/wp\/v2\/product"}],"about":[{"href":"https:\/\/tijuana.com.uy\/index.php?rest_route=\/wp\/v2\/types\/product"}],"wp:featuredmedia":[{"embeddable":true,"href":"https:\/\/tijuana.com.uy\/index.php?rest_route=\/wp\/v2\/media\/2349"}],"wp:attachment":[{"href":"https:\/\/tijuana.com.uy\/index.php?rest_route=%2Fwp%2Fv2%2Fmedia&parent=2093"}],"wp:term":[{"taxonomy":"product_brand","embeddable":true,"href":"https:\/\/tijuana.com.uy\/index.php?rest_route=%2Fwp%2Fv2%2Fproduct_brand&post=2093"},{"taxonomy":"product_cat","embeddable":true,"href":"https:\/\/tijuana.com.uy\/index.php?rest_route=%2Fwp%2Fv2%2Fproduct_cat&post=2093"},{"taxonomy":"product_tag","embeddable":true,"href":"https:\/\/tijuana.com.uy\/index.php?rest_route=%2Fwp%2Fv2%2Fproduct_tag&post=2093"}],"curies":[{"name":"wp","href":"https:\/\/api.w.org\/{rel}","templated":true}]}}