{"id":2094,"date":"2022-08-05T04:58:39","date_gmt":"2022-08-05T04:58:39","guid":{"rendered":"https:\/\/tijuana.com.uy\/index.php\/producto\/cuentas-artsticas-flores-y-pieles\/"},"modified":"2022-09-28T20:43:27","modified_gmt":"2022-09-28T20:43:27","slug":"cuentas-artsticas-flores-y-pieles","status":"publish","type":"product","link":"https:\/\/tijuana.com.uy\/?product=cuentas-artsticas-flores-y-pieles","title":{"rendered":"CUENTAS ART\u00cdSTICAS &#8211; FLORES Y PIELES"},"content":{"rendered":"","protected":false},"excerpt":{"rendered":"<p>Crea las obras de arte m\u00e1s incre\u00edbles y hermosas con las cuentas art\u00edsticas, las incre\u00edbles cuentas de cristal de micro tama\u00f1o y las tablas de pegamento despegables, ilustradas y encantadoras.<br \/>\nElige una de las cuatro tarjetas de animales, retira los troqueles y pinta con los 6 colores de cuentas; las zonas de la imagen est\u00e1n empotradas para mantener las cuentas contenidas; incluye una herramienta especial y un folleto de instrucciones ilustrado. Ayuda a desarrollar la expresi\u00f3n art\u00edstica, la imaginaci\u00f3n, las relaciones espaciales, el razonamiento visual tridimensional y el pensamiento del proceso lineal.<\/p>\n<p>Recomendado para ni\u00f1@s de entre 7-13 a\u00f1os.<\/p>\n","protected":false},"featured_media":2342,"template":"","meta":[],"product_brand":[],"product_cat":[26],"product_tag":[67,34],"class_list":{"0":"post-2094","1":"product","2":"type-product","3":"status-publish","4":"has-post-thumbnail","6":"product_cat-jugueteria","7":"product_tag-7anos","8":"product_tag-djeco","10":"first","11":"instock","12":"taxable","13":"shipping-taxable","14":"purchasable","15":"product-type-simple"},"yoast_head":"<!-- This site is optimized with the Yoast SEO plugin v27.5 - https:\/\/yoast.com\/product\/yoast-seo-wordpress\/ -->\n<title>CUENTAS ART\u00cdSTICAS - FLORES Y PIELES - Tijuana<\/title>\n<meta name=\"description\" content=\"Crea las obras de arte m\u00e1s incre\u00edbles y hermosas con las cuentas art\u00edsticas, las incre\u00edbles cuentas de cristal de micro tama\u00f1o y las tablas de pegamento despegables, ilustradas y encantadoras.\" \/>\n<meta name=\"robots\" content=\"index, follow, max-snippet:-1, max-image-preview:large, max-video-preview:-1\" \/>\n<link rel=\"canonical\" href=\"https:\/\/tijuana.com.uy\/?product=cuentas-artsticas-flores-y-pieles\" \/>\n<meta property=\"og:locale\" content=\"es_ES\" \/>\n<meta property=\"og:type\" content=\"article\" \/>\n<meta property=\"og:title\" content=\"CUENTAS ART\u00cdSTICAS - FLORES Y PIELES - Tijuana\" \/>\n<meta property=\"og:description\" content=\"Crea las obras de arte m\u00e1s incre\u00edbles y hermosas con las cuentas art\u00edsticas, las incre\u00edbles cuentas de cristal de micro tama\u00f1o y las tablas de pegamento despegables, ilustradas y encantadoras.\" \/>\n<meta property=\"og:url\" content=\"https:\/\/tijuana.com.uy\/?product=cuentas-artsticas-flores-y-pieles\" \/>\n<meta property=\"og:site_name\" content=\"Tijuana\" \/>\n<meta property=\"article:modified_time\" content=\"2022-09-28T20:43:27+00:00\" \/>\n<meta property=\"og:image\" content=\"https:\/\/tijuana.com.uy\/wp-content\/uploads\/2022\/08\/71TlL1uV13L._AC_SL1500_.jpg\" \/>\n\t<meta property=\"og:image:width\" content=\"1118\" \/>\n\t<meta property=\"og:image:height\" content=\"1500\" \/>\n\t<meta property=\"og:image:type\" content=\"image\/jpeg\" \/>\n<meta name=\"twitter:card\" content=\"summary_large_image\" \/>\n<script type=\"application\/ld+json\" class=\"yoast-schema-graph\">{\"@context\":\"https:\\\/\\\/schema.org\",\"@graph\":[{\"@type\":\"WebPage\",\"@id\":\"https:\\\/\\\/tijuana.com.uy\\\/?product=cuentas-artsticas-flores-y-pieles\",\"url\":\"https:\\\/\\\/tijuana.com.uy\\\/?product=cuentas-artsticas-flores-y-pieles\",\"name\":\"CUENTAS ART\u00cdSTICAS - FLORES Y PIELES - Tijuana\",\"isPartOf\":{\"@id\":\"https:\\\/\\\/tijuana.com.uy\\\/#website\"},\"primaryImageOfPage\":{\"@id\":\"https:\\\/\\\/tijuana.com.uy\\\/?product=cuentas-artsticas-flores-y-pieles#primaryimage\"},\"image\":{\"@id\":\"https:\\\/\\\/tijuana.com.uy\\\/?product=cuentas-artsticas-flores-y-pieles#primaryimage\"},\"thumbnailUrl\":\"https:\\\/\\\/tijuana.com.uy\\\/wp-content\\\/uploads\\\/2022\\\/08\\\/71TlL1uV13L._AC_SL1500_.jpg\",\"datePublished\":\"2022-08-05T04:58:39+00:00\",\"dateModified\":\"2022-09-28T20:43:27+00:00\",\"description\":\"Crea las obras de arte m\u00e1s incre\u00edbles y hermosas con las cuentas art\u00edsticas, las incre\u00edbles cuentas de cristal de micro tama\u00f1o y las tablas de pegamento despegables, ilustradas y encantadoras.\",\"breadcrumb\":{\"@id\":\"https:\\\/\\\/tijuana.com.uy\\\/?product=cuentas-artsticas-flores-y-pieles#breadcrumb\"},\"inLanguage\":\"es\",\"potentialAction\":[{\"@type\":\"ReadAction\",\"target\":[\"https:\\\/\\\/tijuana.com.uy\\\/?product=cuentas-artsticas-flores-y-pieles\"]}]},{\"@type\":\"ImageObject\",\"inLanguage\":\"es\",\"@id\":\"https:\\\/\\\/tijuana.com.uy\\\/?product=cuentas-artsticas-flores-y-pieles#primaryimage\",\"url\":\"https:\\\/\\\/tijuana.com.uy\\\/wp-content\\\/uploads\\\/2022\\\/08\\\/71TlL1uV13L._AC_SL1500_.jpg\",\"contentUrl\":\"https:\\\/\\\/tijuana.com.uy\\\/wp-content\\\/uploads\\\/2022\\\/08\\\/71TlL1uV13L._AC_SL1500_.jpg\",\"width\":1118,\"height\":1500,\"caption\":\"CUENTAS ART\u00cdSTICAS - FLORES Y PIELES\"},{\"@type\":\"BreadcrumbList\",\"@id\":\"https:\\\/\\\/tijuana.com.uy\\\/?product=cuentas-artsticas-flores-y-pieles#breadcrumb\",\"itemListElement\":[{\"@type\":\"ListItem\",\"position\":1,\"name\":\"Inicio\",\"item\":\"https:\\\/\\\/tijuana.com.uy\\\/\"},{\"@type\":\"ListItem\",\"position\":2,\"name\":\"Todos nuestros productos\",\"item\":\"https:\\\/\\\/tijuana.com.uy\\\/?page_id=365\"},{\"@type\":\"ListItem\",\"position\":3,\"name\":\"CUENTAS ART\u00cdSTICAS &#8211; FLORES Y PIELES\"}]},{\"@type\":\"WebSite\",\"@id\":\"https:\\\/\\\/tijuana.com.uy\\\/#website\",\"url\":\"https:\\\/\\\/tijuana.com.uy\\\/\",\"name\":\"Tijuana\",\"description\":\"Ecommerce Tijuana\",\"potentialAction\":[{\"@type\":\"SearchAction\",\"target\":{\"@type\":\"EntryPoint\",\"urlTemplate\":\"https:\\\/\\\/tijuana.com.uy\\\/?s={search_term_string}\"},\"query-input\":{\"@type\":\"PropertyValueSpecification\",\"valueRequired\":true,\"valueName\":\"search_term_string\"}}],\"inLanguage\":\"es\"}]}<\/script>\n<!-- \/ Yoast SEO plugin. -->","yoast_head_json":{"title":"CUENTAS ART\u00cdSTICAS - FLORES Y PIELES - Tijuana","description":"Crea las obras de arte m\u00e1s incre\u00edbles y hermosas con las cuentas art\u00edsticas, las incre\u00edbles cuentas de cristal de micro tama\u00f1o y las tablas de pegamento despegables, ilustradas y encantadoras.","robots":{"index":"index","follow":"follow","max-snippet":"max-snippet:-1","max-image-preview":"max-image-preview:large","max-video-preview":"max-video-preview:-1"},"canonical":"https:\/\/tijuana.com.uy\/?product=cuentas-artsticas-flores-y-pieles","og_locale":"es_ES","og_type":"article","og_title":"CUENTAS ART\u00cdSTICAS - FLORES Y PIELES - Tijuana","og_description":"Crea las obras de arte m\u00e1s incre\u00edbles y hermosas con las cuentas art\u00edsticas, las incre\u00edbles cuentas de cristal de micro tama\u00f1o y las tablas de pegamento despegables, ilustradas y encantadoras.","og_url":"https:\/\/tijuana.com.uy\/?product=cuentas-artsticas-flores-y-pieles","og_site_name":"Tijuana","article_modified_time":"2022-09-28T20:43:27+00:00","og_image":[{"width":1118,"height":1500,"url":"https:\/\/tijuana.com.uy\/wp-content\/uploads\/2022\/08\/71TlL1uV13L._AC_SL1500_.jpg","type":"image\/jpeg"}],"twitter_card":"summary_large_image","schema":{"@context":"https:\/\/schema.org","@graph":[{"@type":"WebPage","@id":"https:\/\/tijuana.com.uy\/?product=cuentas-artsticas-flores-y-pieles","url":"https:\/\/tijuana.com.uy\/?product=cuentas-artsticas-flores-y-pieles","name":"CUENTAS ART\u00cdSTICAS - FLORES Y PIELES - Tijuana","isPartOf":{"@id":"https:\/\/tijuana.com.uy\/#website"},"primaryImageOfPage":{"@id":"https:\/\/tijuana.com.uy\/?product=cuentas-artsticas-flores-y-pieles#primaryimage"},"image":{"@id":"https:\/\/tijuana.com.uy\/?product=cuentas-artsticas-flores-y-pieles#primaryimage"},"thumbnailUrl":"https:\/\/tijuana.com.uy\/wp-content\/uploads\/2022\/08\/71TlL1uV13L._AC_SL1500_.jpg","datePublished":"2022-08-05T04:58:39+00:00","dateModified":"2022-09-28T20:43:27+00:00","description":"Crea las obras de arte m\u00e1s incre\u00edbles y hermosas con las cuentas art\u00edsticas, las incre\u00edbles cuentas de cristal de micro tama\u00f1o y las tablas de pegamento despegables, ilustradas y encantadoras.","breadcrumb":{"@id":"https:\/\/tijuana.com.uy\/?product=cuentas-artsticas-flores-y-pieles#breadcrumb"},"inLanguage":"es","potentialAction":[{"@type":"ReadAction","target":["https:\/\/tijuana.com.uy\/?product=cuentas-artsticas-flores-y-pieles"]}]},{"@type":"ImageObject","inLanguage":"es","@id":"https:\/\/tijuana.com.uy\/?product=cuentas-artsticas-flores-y-pieles#primaryimage","url":"https:\/\/tijuana.com.uy\/wp-content\/uploads\/2022\/08\/71TlL1uV13L._AC_SL1500_.jpg","contentUrl":"https:\/\/tijuana.com.uy\/wp-content\/uploads\/2022\/08\/71TlL1uV13L._AC_SL1500_.jpg","width":1118,"height":1500,"caption":"CUENTAS ART\u00cdSTICAS - FLORES Y PIELES"},{"@type":"BreadcrumbList","@id":"https:\/\/tijuana.com.uy\/?product=cuentas-artsticas-flores-y-pieles#breadcrumb","itemListElement":[{"@type":"ListItem","position":1,"name":"Inicio","item":"https:\/\/tijuana.com.uy\/"},{"@type":"ListItem","position":2,"name":"Todos nuestros productos","item":"https:\/\/tijuana.com.uy\/?page_id=365"},{"@type":"ListItem","position":3,"name":"CUENTAS ART\u00cdSTICAS &#8211; FLORES Y PIELES"}]},{"@type":"WebSite","@id":"https:\/\/tijuana.com.uy\/#website","url":"https:\/\/tijuana.com.uy\/","name":"Tijuana","description":"Ecommerce Tijuana","potentialAction":[{"@type":"SearchAction","target":{"@type":"EntryPoint","urlTemplate":"https:\/\/tijuana.com.uy\/?s={search_term_string}"},"query-input":{"@type":"PropertyValueSpecification","valueRequired":true,"valueName":"search_term_string"}}],"inLanguage":"es"}]}},"_links":{"self":[{"href":"https:\/\/tijuana.com.uy\/index.php?rest_route=\/wp\/v2\/product\/2094","targetHints":{"allow":["GET"]}}],"collection":[{"href":"https:\/\/tijuana.com.uy\/index.php?rest_route=\/wp\/v2\/product"}],"about":[{"href":"https:\/\/tijuana.com.uy\/index.php?rest_route=\/wp\/v2\/types\/product"}],"wp:featuredmedia":[{"embeddable":true,"href":"https:\/\/tijuana.com.uy\/index.php?rest_route=\/wp\/v2\/media\/2342"}],"wp:attachment":[{"href":"https:\/\/tijuana.com.uy\/index.php?rest_route=%2Fwp%2Fv2%2Fmedia&parent=2094"}],"wp:term":[{"taxonomy":"product_brand","embeddable":true,"href":"https:\/\/tijuana.com.uy\/index.php?rest_route=%2Fwp%2Fv2%2Fproduct_brand&post=2094"},{"taxonomy":"product_cat","embeddable":true,"href":"https:\/\/tijuana.com.uy\/index.php?rest_route=%2Fwp%2Fv2%2Fproduct_cat&post=2094"},{"taxonomy":"product_tag","embeddable":true,"href":"https:\/\/tijuana.com.uy\/index.php?rest_route=%2Fwp%2Fv2%2Fproduct_tag&post=2094"}],"curies":[{"name":"wp","href":"https:\/\/api.w.org\/{rel}","templated":true}]}}