{"id":2098,"date":"2022-08-05T04:58:54","date_gmt":"2022-08-05T07:58:54","guid":{"rendered":"https:\/\/tijuana.com.uy\/index.php\/producto\/cuadros-para-metalizar-las-luciernagas\/"},"modified":"2023-05-12T16:56:59","modified_gmt":"2023-05-12T19:56:59","slug":"cuadros-para-metalizar-las-luciernagas","status":"publish","type":"product","link":"https:\/\/tijuana.com.uy\/?product=cuadros-para-metalizar-las-luciernagas","title":{"rendered":"CUADROS PARA METALIZAR &#8211; LAS LUCIERNAGAS"},"content":{"rendered":"","protected":false},"excerpt":{"rendered":"<p>La gracia de esta manualidad es que, con una peque\u00f1a herramienta, se pueden despegar zonas de las l\u00e1minas. Debajo de ellas hay partes adhesivas que se podr\u00e1n impregnar de metal. Entonces es cuando las im\u00e1genes se iluminan como por arte de magia. \u00a1El resultado es realmente espectacular! Este kit creativo de Djeco incluye cuatro plantillas para trabajar, 15 hojas metalizadas en distintos colores, una herramienta con la que poder despegar las zonas de la imagen para metalizarlas y, adem\u00e1s, un completo libro de instrucciones para sacarle el mayor jugo a este juego. Adaptada a su proceso evolutivo, es una actividad que les ayudar\u00e1 a ganar agilidad con las manos y a trabajar y perfeccionar muchas habilidades como la escritura.<\/p>\n<p>Recomendado para ni\u00f1@s de entre 6-10 a\u00f1os.<\/p>\n","protected":false},"featured_media":2329,"template":"","meta":[],"product_brand":[],"product_cat":[26],"product_tag":[67,66,34],"class_list":{"0":"post-2098","1":"product","2":"type-product","3":"status-publish","4":"has-post-thumbnail","6":"product_cat-jugueteria","7":"product_tag-7anos","8":"product_tag-5-6anos","9":"product_tag-djeco","11":"first","12":"outofstock","13":"taxable","14":"shipping-taxable","15":"purchasable","16":"product-type-simple"},"yoast_head":"<!-- This site is optimized with the Yoast SEO plugin v27.5 - https:\/\/yoast.com\/product\/yoast-seo-wordpress\/ -->\n<title>CUADROS PARA METALIZAR - LAS LUCIERNAGAS - Tijuana<\/title>\n<meta name=\"description\" content=\"La gracia de esta manualidad es que, con una peque\u00f1a herramienta, se pueden despegar zonas de las l\u00e1minas. Debajo de ellas hay partes adhesivas que se podr\u00e1n impregnar de metal. Entonces es cuando las im\u00e1genes se iluminan como por arte de magia. \u00a1El resultado es realmente espectacular!\" \/>\n<meta name=\"robots\" content=\"index, follow, max-snippet:-1, max-image-preview:large, max-video-preview:-1\" \/>\n<link rel=\"canonical\" href=\"https:\/\/tijuana.com.uy\/?product=cuadros-para-metalizar-las-luciernagas\" \/>\n<meta property=\"og:locale\" content=\"es_ES\" \/>\n<meta property=\"og:type\" content=\"article\" \/>\n<meta property=\"og:title\" content=\"CUADROS PARA METALIZAR - LAS LUCIERNAGAS - Tijuana\" \/>\n<meta property=\"og:description\" content=\"La gracia de esta manualidad es que, con una peque\u00f1a herramienta, se pueden despegar zonas de las l\u00e1minas. Debajo de ellas hay partes adhesivas que se podr\u00e1n impregnar de metal. Entonces es cuando las im\u00e1genes se iluminan como por arte de magia. \u00a1El resultado es realmente espectacular!\" \/>\n<meta property=\"og:url\" content=\"https:\/\/tijuana.com.uy\/?product=cuadros-para-metalizar-las-luciernagas\" \/>\n<meta property=\"og:site_name\" content=\"Tijuana\" \/>\n<meta property=\"article:modified_time\" content=\"2023-05-12T19:56:59+00:00\" \/>\n<meta property=\"og:image\" content=\"https:\/\/tijuana.com.uy\/wp-content\/uploads\/2022\/08\/D_NQ_NP_984429-MLU44079613446_112020-O.webp\" \/>\n\t<meta property=\"og:image:width\" content=\"367\" \/>\n\t<meta property=\"og:image:height\" content=\"500\" \/>\n\t<meta property=\"og:image:type\" content=\"image\/webp\" \/>\n<meta name=\"twitter:card\" content=\"summary_large_image\" \/>\n<script type=\"application\/ld+json\" class=\"yoast-schema-graph\">{\"@context\":\"https:\\\/\\\/schema.org\",\"@graph\":[{\"@type\":\"WebPage\",\"@id\":\"https:\\\/\\\/tijuana.com.uy\\\/?product=cuadros-para-metalizar-las-luciernagas\",\"url\":\"https:\\\/\\\/tijuana.com.uy\\\/?product=cuadros-para-metalizar-las-luciernagas\",\"name\":\"CUADROS PARA METALIZAR - LAS LUCIERNAGAS - Tijuana\",\"isPartOf\":{\"@id\":\"https:\\\/\\\/tijuana.com.uy\\\/#website\"},\"primaryImageOfPage\":{\"@id\":\"https:\\\/\\\/tijuana.com.uy\\\/?product=cuadros-para-metalizar-las-luciernagas#primaryimage\"},\"image\":{\"@id\":\"https:\\\/\\\/tijuana.com.uy\\\/?product=cuadros-para-metalizar-las-luciernagas#primaryimage\"},\"thumbnailUrl\":\"https:\\\/\\\/tijuana.com.uy\\\/wp-content\\\/uploads\\\/2022\\\/08\\\/D_NQ_NP_984429-MLU44079613446_112020-O.webp\",\"datePublished\":\"2022-08-05T07:58:54+00:00\",\"dateModified\":\"2023-05-12T19:56:59+00:00\",\"description\":\"La gracia de esta manualidad es que, con una peque\u00f1a herramienta, se pueden despegar zonas de las l\u00e1minas. Debajo de ellas hay partes adhesivas que se podr\u00e1n impregnar de metal. Entonces es cuando las im\u00e1genes se iluminan como por arte de magia. \u00a1El resultado es realmente espectacular!\",\"breadcrumb\":{\"@id\":\"https:\\\/\\\/tijuana.com.uy\\\/?product=cuadros-para-metalizar-las-luciernagas#breadcrumb\"},\"inLanguage\":\"es\",\"potentialAction\":[{\"@type\":\"ReadAction\",\"target\":[\"https:\\\/\\\/tijuana.com.uy\\\/?product=cuadros-para-metalizar-las-luciernagas\"]}]},{\"@type\":\"ImageObject\",\"inLanguage\":\"es\",\"@id\":\"https:\\\/\\\/tijuana.com.uy\\\/?product=cuadros-para-metalizar-las-luciernagas#primaryimage\",\"url\":\"https:\\\/\\\/tijuana.com.uy\\\/wp-content\\\/uploads\\\/2022\\\/08\\\/D_NQ_NP_984429-MLU44079613446_112020-O.webp\",\"contentUrl\":\"https:\\\/\\\/tijuana.com.uy\\\/wp-content\\\/uploads\\\/2022\\\/08\\\/D_NQ_NP_984429-MLU44079613446_112020-O.webp\",\"width\":367,\"height\":500,\"caption\":\"CUADROS PARA METALIZAR\"},{\"@type\":\"BreadcrumbList\",\"@id\":\"https:\\\/\\\/tijuana.com.uy\\\/?product=cuadros-para-metalizar-las-luciernagas#breadcrumb\",\"itemListElement\":[{\"@type\":\"ListItem\",\"position\":1,\"name\":\"Inicio\",\"item\":\"https:\\\/\\\/tijuana.com.uy\\\/\"},{\"@type\":\"ListItem\",\"position\":2,\"name\":\"Todos nuestros productos\",\"item\":\"https:\\\/\\\/tijuana.com.uy\\\/?page_id=365\"},{\"@type\":\"ListItem\",\"position\":3,\"name\":\"CUADROS PARA METALIZAR &#8211; LAS LUCIERNAGAS\"}]},{\"@type\":\"WebSite\",\"@id\":\"https:\\\/\\\/tijuana.com.uy\\\/#website\",\"url\":\"https:\\\/\\\/tijuana.com.uy\\\/\",\"name\":\"Tijuana\",\"description\":\"Ecommerce Tijuana\",\"potentialAction\":[{\"@type\":\"SearchAction\",\"target\":{\"@type\":\"EntryPoint\",\"urlTemplate\":\"https:\\\/\\\/tijuana.com.uy\\\/?s={search_term_string}\"},\"query-input\":{\"@type\":\"PropertyValueSpecification\",\"valueRequired\":true,\"valueName\":\"search_term_string\"}}],\"inLanguage\":\"es\"}]}<\/script>\n<!-- \/ Yoast SEO plugin. -->","yoast_head_json":{"title":"CUADROS PARA METALIZAR - LAS LUCIERNAGAS - Tijuana","description":"La gracia de esta manualidad es que, con una peque\u00f1a herramienta, se pueden despegar zonas de las l\u00e1minas. Debajo de ellas hay partes adhesivas que se podr\u00e1n impregnar de metal. Entonces es cuando las im\u00e1genes se iluminan como por arte de magia. \u00a1El resultado es realmente espectacular!","robots":{"index":"index","follow":"follow","max-snippet":"max-snippet:-1","max-image-preview":"max-image-preview:large","max-video-preview":"max-video-preview:-1"},"canonical":"https:\/\/tijuana.com.uy\/?product=cuadros-para-metalizar-las-luciernagas","og_locale":"es_ES","og_type":"article","og_title":"CUADROS PARA METALIZAR - LAS LUCIERNAGAS - Tijuana","og_description":"La gracia de esta manualidad es que, con una peque\u00f1a herramienta, se pueden despegar zonas de las l\u00e1minas. Debajo de ellas hay partes adhesivas que se podr\u00e1n impregnar de metal. Entonces es cuando las im\u00e1genes se iluminan como por arte de magia. \u00a1El resultado es realmente espectacular!","og_url":"https:\/\/tijuana.com.uy\/?product=cuadros-para-metalizar-las-luciernagas","og_site_name":"Tijuana","article_modified_time":"2023-05-12T19:56:59+00:00","og_image":[{"width":367,"height":500,"url":"https:\/\/tijuana.com.uy\/wp-content\/uploads\/2022\/08\/D_NQ_NP_984429-MLU44079613446_112020-O.webp","type":"image\/webp"}],"twitter_card":"summary_large_image","schema":{"@context":"https:\/\/schema.org","@graph":[{"@type":"WebPage","@id":"https:\/\/tijuana.com.uy\/?product=cuadros-para-metalizar-las-luciernagas","url":"https:\/\/tijuana.com.uy\/?product=cuadros-para-metalizar-las-luciernagas","name":"CUADROS PARA METALIZAR - LAS LUCIERNAGAS - Tijuana","isPartOf":{"@id":"https:\/\/tijuana.com.uy\/#website"},"primaryImageOfPage":{"@id":"https:\/\/tijuana.com.uy\/?product=cuadros-para-metalizar-las-luciernagas#primaryimage"},"image":{"@id":"https:\/\/tijuana.com.uy\/?product=cuadros-para-metalizar-las-luciernagas#primaryimage"},"thumbnailUrl":"https:\/\/tijuana.com.uy\/wp-content\/uploads\/2022\/08\/D_NQ_NP_984429-MLU44079613446_112020-O.webp","datePublished":"2022-08-05T07:58:54+00:00","dateModified":"2023-05-12T19:56:59+00:00","description":"La gracia de esta manualidad es que, con una peque\u00f1a herramienta, se pueden despegar zonas de las l\u00e1minas. Debajo de ellas hay partes adhesivas que se podr\u00e1n impregnar de metal. Entonces es cuando las im\u00e1genes se iluminan como por arte de magia. \u00a1El resultado es realmente espectacular!","breadcrumb":{"@id":"https:\/\/tijuana.com.uy\/?product=cuadros-para-metalizar-las-luciernagas#breadcrumb"},"inLanguage":"es","potentialAction":[{"@type":"ReadAction","target":["https:\/\/tijuana.com.uy\/?product=cuadros-para-metalizar-las-luciernagas"]}]},{"@type":"ImageObject","inLanguage":"es","@id":"https:\/\/tijuana.com.uy\/?product=cuadros-para-metalizar-las-luciernagas#primaryimage","url":"https:\/\/tijuana.com.uy\/wp-content\/uploads\/2022\/08\/D_NQ_NP_984429-MLU44079613446_112020-O.webp","contentUrl":"https:\/\/tijuana.com.uy\/wp-content\/uploads\/2022\/08\/D_NQ_NP_984429-MLU44079613446_112020-O.webp","width":367,"height":500,"caption":"CUADROS PARA METALIZAR"},{"@type":"BreadcrumbList","@id":"https:\/\/tijuana.com.uy\/?product=cuadros-para-metalizar-las-luciernagas#breadcrumb","itemListElement":[{"@type":"ListItem","position":1,"name":"Inicio","item":"https:\/\/tijuana.com.uy\/"},{"@type":"ListItem","position":2,"name":"Todos nuestros productos","item":"https:\/\/tijuana.com.uy\/?page_id=365"},{"@type":"ListItem","position":3,"name":"CUADROS PARA METALIZAR &#8211; LAS LUCIERNAGAS"}]},{"@type":"WebSite","@id":"https:\/\/tijuana.com.uy\/#website","url":"https:\/\/tijuana.com.uy\/","name":"Tijuana","description":"Ecommerce Tijuana","potentialAction":[{"@type":"SearchAction","target":{"@type":"EntryPoint","urlTemplate":"https:\/\/tijuana.com.uy\/?s={search_term_string}"},"query-input":{"@type":"PropertyValueSpecification","valueRequired":true,"valueName":"search_term_string"}}],"inLanguage":"es"}]}},"_links":{"self":[{"href":"https:\/\/tijuana.com.uy\/index.php?rest_route=\/wp\/v2\/product\/2098","targetHints":{"allow":["GET"]}}],"collection":[{"href":"https:\/\/tijuana.com.uy\/index.php?rest_route=\/wp\/v2\/product"}],"about":[{"href":"https:\/\/tijuana.com.uy\/index.php?rest_route=\/wp\/v2\/types\/product"}],"wp:featuredmedia":[{"embeddable":true,"href":"https:\/\/tijuana.com.uy\/index.php?rest_route=\/wp\/v2\/media\/2329"}],"wp:attachment":[{"href":"https:\/\/tijuana.com.uy\/index.php?rest_route=%2Fwp%2Fv2%2Fmedia&parent=2098"}],"wp:term":[{"taxonomy":"product_brand","embeddable":true,"href":"https:\/\/tijuana.com.uy\/index.php?rest_route=%2Fwp%2Fv2%2Fproduct_brand&post=2098"},{"taxonomy":"product_cat","embeddable":true,"href":"https:\/\/tijuana.com.uy\/index.php?rest_route=%2Fwp%2Fv2%2Fproduct_cat&post=2098"},{"taxonomy":"product_tag","embeddable":true,"href":"https:\/\/tijuana.com.uy\/index.php?rest_route=%2Fwp%2Fv2%2Fproduct_tag&post=2098"}],"curies":[{"name":"wp","href":"https:\/\/api.w.org\/{rel}","templated":true}]}}