{"id":2104,"date":"2022-08-05T04:59:15","date_gmt":"2022-08-05T04:59:15","guid":{"rendered":"https:\/\/tijuana.com.uy\/index.php\/producto\/taller-de-moda-diseo-de-coleccin\/"},"modified":"2024-12-22T11:59:29","modified_gmt":"2024-12-22T14:59:29","slug":"taller-de-moda-diseo-de-coleccin","status":"publish","type":"product","link":"https:\/\/tijuana.com.uy\/?product=taller-de-moda-diseo-de-coleccin","title":{"rendered":"TALLER DE MODA  &#8211; DISE\u00d1O DE COLECCI\u00d3N"},"content":{"rendered":"","protected":false},"excerpt":{"rendered":"<p>Un completo Fashion Design Studio para dise\u00f1adores de moda en ciernes. Para jugar a ser un dise\u00f1ador de moda, crea tu propia colecci\u00f3n de moda como un aut\u00e9ntico dise\u00f1ador profesional. En unos pasos muy sencillos confecciona tus dise\u00f1os y haz un desfile de alta categor\u00eda. \u00a1No le pongas freno a tu imaginaci\u00f3n! El set incluye: 8 rotuladores de punta pincel, 2 plantillas de accesorios, 7 plantillas de ropa y textiles, 2 plantillas de modelos de tela y 32 l\u00e1minas con maniqu\u00eds de modelos.<\/p>\n<p>Recomendado para ni\u00f1@s de entre 8-14 a\u00f1os.<\/p>\n","protected":false},"featured_media":2305,"template":"","meta":[],"product_brand":[],"product_cat":[26],"product_tag":[67,34],"class_list":{"0":"post-2104","1":"product","2":"type-product","3":"status-publish","4":"has-post-thumbnail","6":"product_cat-jugueteria","7":"product_tag-7anos","8":"product_tag-djeco","10":"first","11":"outofstock","12":"taxable","13":"shipping-taxable","14":"purchasable","15":"product-type-simple"},"yoast_head":"<!-- This site is optimized with the Yoast SEO plugin v27.5 - https:\/\/yoast.com\/product\/yoast-seo-wordpress\/ -->\n<title>TALLER DE MODA - DISE\u00d1O DE COLECCI\u00d3N - Tijuana<\/title>\n<meta name=\"description\" content=\"Un completo Fashion Design Studio para dise\u00f1adores de moda en ciernes. Para jugar a ser un dise\u00f1ador de moda, crea tu propia colecci\u00f3n de moda como un aut\u00e9ntico dise\u00f1ador profesional.\" \/>\n<meta name=\"robots\" content=\"index, follow, max-snippet:-1, max-image-preview:large, max-video-preview:-1\" \/>\n<link rel=\"canonical\" href=\"https:\/\/tijuana.com.uy\/?product=taller-de-moda-diseo-de-coleccin\" \/>\n<meta property=\"og:locale\" content=\"es_ES\" \/>\n<meta property=\"og:type\" content=\"article\" \/>\n<meta property=\"og:title\" content=\"TALLER DE MODA - DISE\u00d1O DE COLECCI\u00d3N - Tijuana\" \/>\n<meta property=\"og:description\" content=\"Un completo Fashion Design Studio para dise\u00f1adores de moda en ciernes. Para jugar a ser un dise\u00f1ador de moda, crea tu propia colecci\u00f3n de moda como un aut\u00e9ntico dise\u00f1ador profesional.\" \/>\n<meta property=\"og:url\" content=\"https:\/\/tijuana.com.uy\/?product=taller-de-moda-diseo-de-coleccin\" \/>\n<meta property=\"og:site_name\" content=\"Tijuana\" \/>\n<meta property=\"article:modified_time\" content=\"2024-12-22T14:59:29+00:00\" \/>\n<meta property=\"og:image\" content=\"https:\/\/tijuana.com.uy\/wp-content\/uploads\/2022\/08\/taller-moda-disenar-una-coleccion-djeco.jpg\" \/>\n\t<meta property=\"og:image:width\" content=\"700\" \/>\n\t<meta property=\"og:image:height\" content=\"700\" \/>\n\t<meta property=\"og:image:type\" content=\"image\/jpeg\" \/>\n<meta name=\"twitter:card\" content=\"summary_large_image\" \/>\n<script type=\"application\/ld+json\" class=\"yoast-schema-graph\">{\"@context\":\"https:\\\/\\\/schema.org\",\"@graph\":[{\"@type\":\"WebPage\",\"@id\":\"https:\\\/\\\/tijuana.com.uy\\\/?product=taller-de-moda-diseo-de-coleccin\",\"url\":\"https:\\\/\\\/tijuana.com.uy\\\/?product=taller-de-moda-diseo-de-coleccin\",\"name\":\"TALLER DE MODA - DISE\u00d1O DE COLECCI\u00d3N - Tijuana\",\"isPartOf\":{\"@id\":\"https:\\\/\\\/tijuana.com.uy\\\/#website\"},\"primaryImageOfPage\":{\"@id\":\"https:\\\/\\\/tijuana.com.uy\\\/?product=taller-de-moda-diseo-de-coleccin#primaryimage\"},\"image\":{\"@id\":\"https:\\\/\\\/tijuana.com.uy\\\/?product=taller-de-moda-diseo-de-coleccin#primaryimage\"},\"thumbnailUrl\":\"https:\\\/\\\/tijuana.com.uy\\\/wp-content\\\/uploads\\\/2022\\\/08\\\/taller-moda-disenar-una-coleccion-djeco.jpg\",\"datePublished\":\"2022-08-05T04:59:15+00:00\",\"dateModified\":\"2024-12-22T14:59:29+00:00\",\"description\":\"Un completo Fashion Design Studio para dise\u00f1adores de moda en ciernes. Para jugar a ser un dise\u00f1ador de moda, crea tu propia colecci\u00f3n de moda como un aut\u00e9ntico dise\u00f1ador profesional.\",\"breadcrumb\":{\"@id\":\"https:\\\/\\\/tijuana.com.uy\\\/?product=taller-de-moda-diseo-de-coleccin#breadcrumb\"},\"inLanguage\":\"es\",\"potentialAction\":[{\"@type\":\"ReadAction\",\"target\":[\"https:\\\/\\\/tijuana.com.uy\\\/?product=taller-de-moda-diseo-de-coleccin\"]}]},{\"@type\":\"ImageObject\",\"inLanguage\":\"es\",\"@id\":\"https:\\\/\\\/tijuana.com.uy\\\/?product=taller-de-moda-diseo-de-coleccin#primaryimage\",\"url\":\"https:\\\/\\\/tijuana.com.uy\\\/wp-content\\\/uploads\\\/2022\\\/08\\\/taller-moda-disenar-una-coleccion-djeco.jpg\",\"contentUrl\":\"https:\\\/\\\/tijuana.com.uy\\\/wp-content\\\/uploads\\\/2022\\\/08\\\/taller-moda-disenar-una-coleccion-djeco.jpg\",\"width\":700,\"height\":700,\"caption\":\"taller-moda-disenar-una-coleccion-djeco\"},{\"@type\":\"BreadcrumbList\",\"@id\":\"https:\\\/\\\/tijuana.com.uy\\\/?product=taller-de-moda-diseo-de-coleccin#breadcrumb\",\"itemListElement\":[{\"@type\":\"ListItem\",\"position\":1,\"name\":\"Inicio\",\"item\":\"https:\\\/\\\/tijuana.com.uy\\\/\"},{\"@type\":\"ListItem\",\"position\":2,\"name\":\"Todos nuestros productos\",\"item\":\"https:\\\/\\\/tijuana.com.uy\\\/?page_id=365\"},{\"@type\":\"ListItem\",\"position\":3,\"name\":\"TALLER DE MODA &#8211; DISE\u00d1O DE COLECCI\u00d3N\"}]},{\"@type\":\"WebSite\",\"@id\":\"https:\\\/\\\/tijuana.com.uy\\\/#website\",\"url\":\"https:\\\/\\\/tijuana.com.uy\\\/\",\"name\":\"Tijuana\",\"description\":\"Ecommerce Tijuana\",\"potentialAction\":[{\"@type\":\"SearchAction\",\"target\":{\"@type\":\"EntryPoint\",\"urlTemplate\":\"https:\\\/\\\/tijuana.com.uy\\\/?s={search_term_string}\"},\"query-input\":{\"@type\":\"PropertyValueSpecification\",\"valueRequired\":true,\"valueName\":\"search_term_string\"}}],\"inLanguage\":\"es\"}]}<\/script>\n<!-- \/ Yoast SEO plugin. -->","yoast_head_json":{"title":"TALLER DE MODA - DISE\u00d1O DE COLECCI\u00d3N - Tijuana","description":"Un completo Fashion Design Studio para dise\u00f1adores de moda en ciernes. Para jugar a ser un dise\u00f1ador de moda, crea tu propia colecci\u00f3n de moda como un aut\u00e9ntico dise\u00f1ador profesional.","robots":{"index":"index","follow":"follow","max-snippet":"max-snippet:-1","max-image-preview":"max-image-preview:large","max-video-preview":"max-video-preview:-1"},"canonical":"https:\/\/tijuana.com.uy\/?product=taller-de-moda-diseo-de-coleccin","og_locale":"es_ES","og_type":"article","og_title":"TALLER DE MODA - DISE\u00d1O DE COLECCI\u00d3N - Tijuana","og_description":"Un completo Fashion Design Studio para dise\u00f1adores de moda en ciernes. Para jugar a ser un dise\u00f1ador de moda, crea tu propia colecci\u00f3n de moda como un aut\u00e9ntico dise\u00f1ador profesional.","og_url":"https:\/\/tijuana.com.uy\/?product=taller-de-moda-diseo-de-coleccin","og_site_name":"Tijuana","article_modified_time":"2024-12-22T14:59:29+00:00","og_image":[{"width":700,"height":700,"url":"https:\/\/tijuana.com.uy\/wp-content\/uploads\/2022\/08\/taller-moda-disenar-una-coleccion-djeco.jpg","type":"image\/jpeg"}],"twitter_card":"summary_large_image","schema":{"@context":"https:\/\/schema.org","@graph":[{"@type":"WebPage","@id":"https:\/\/tijuana.com.uy\/?product=taller-de-moda-diseo-de-coleccin","url":"https:\/\/tijuana.com.uy\/?product=taller-de-moda-diseo-de-coleccin","name":"TALLER DE MODA - DISE\u00d1O DE COLECCI\u00d3N - Tijuana","isPartOf":{"@id":"https:\/\/tijuana.com.uy\/#website"},"primaryImageOfPage":{"@id":"https:\/\/tijuana.com.uy\/?product=taller-de-moda-diseo-de-coleccin#primaryimage"},"image":{"@id":"https:\/\/tijuana.com.uy\/?product=taller-de-moda-diseo-de-coleccin#primaryimage"},"thumbnailUrl":"https:\/\/tijuana.com.uy\/wp-content\/uploads\/2022\/08\/taller-moda-disenar-una-coleccion-djeco.jpg","datePublished":"2022-08-05T04:59:15+00:00","dateModified":"2024-12-22T14:59:29+00:00","description":"Un completo Fashion Design Studio para dise\u00f1adores de moda en ciernes. Para jugar a ser un dise\u00f1ador de moda, crea tu propia colecci\u00f3n de moda como un aut\u00e9ntico dise\u00f1ador profesional.","breadcrumb":{"@id":"https:\/\/tijuana.com.uy\/?product=taller-de-moda-diseo-de-coleccin#breadcrumb"},"inLanguage":"es","potentialAction":[{"@type":"ReadAction","target":["https:\/\/tijuana.com.uy\/?product=taller-de-moda-diseo-de-coleccin"]}]},{"@type":"ImageObject","inLanguage":"es","@id":"https:\/\/tijuana.com.uy\/?product=taller-de-moda-diseo-de-coleccin#primaryimage","url":"https:\/\/tijuana.com.uy\/wp-content\/uploads\/2022\/08\/taller-moda-disenar-una-coleccion-djeco.jpg","contentUrl":"https:\/\/tijuana.com.uy\/wp-content\/uploads\/2022\/08\/taller-moda-disenar-una-coleccion-djeco.jpg","width":700,"height":700,"caption":"taller-moda-disenar-una-coleccion-djeco"},{"@type":"BreadcrumbList","@id":"https:\/\/tijuana.com.uy\/?product=taller-de-moda-diseo-de-coleccin#breadcrumb","itemListElement":[{"@type":"ListItem","position":1,"name":"Inicio","item":"https:\/\/tijuana.com.uy\/"},{"@type":"ListItem","position":2,"name":"Todos nuestros productos","item":"https:\/\/tijuana.com.uy\/?page_id=365"},{"@type":"ListItem","position":3,"name":"TALLER DE MODA &#8211; DISE\u00d1O DE COLECCI\u00d3N"}]},{"@type":"WebSite","@id":"https:\/\/tijuana.com.uy\/#website","url":"https:\/\/tijuana.com.uy\/","name":"Tijuana","description":"Ecommerce Tijuana","potentialAction":[{"@type":"SearchAction","target":{"@type":"EntryPoint","urlTemplate":"https:\/\/tijuana.com.uy\/?s={search_term_string}"},"query-input":{"@type":"PropertyValueSpecification","valueRequired":true,"valueName":"search_term_string"}}],"inLanguage":"es"}]}},"_links":{"self":[{"href":"https:\/\/tijuana.com.uy\/index.php?rest_route=\/wp\/v2\/product\/2104","targetHints":{"allow":["GET"]}}],"collection":[{"href":"https:\/\/tijuana.com.uy\/index.php?rest_route=\/wp\/v2\/product"}],"about":[{"href":"https:\/\/tijuana.com.uy\/index.php?rest_route=\/wp\/v2\/types\/product"}],"wp:featuredmedia":[{"embeddable":true,"href":"https:\/\/tijuana.com.uy\/index.php?rest_route=\/wp\/v2\/media\/2305"}],"wp:attachment":[{"href":"https:\/\/tijuana.com.uy\/index.php?rest_route=%2Fwp%2Fv2%2Fmedia&parent=2104"}],"wp:term":[{"taxonomy":"product_brand","embeddable":true,"href":"https:\/\/tijuana.com.uy\/index.php?rest_route=%2Fwp%2Fv2%2Fproduct_brand&post=2104"},{"taxonomy":"product_cat","embeddable":true,"href":"https:\/\/tijuana.com.uy\/index.php?rest_route=%2Fwp%2Fv2%2Fproduct_cat&post=2104"},{"taxonomy":"product_tag","embeddable":true,"href":"https:\/\/tijuana.com.uy\/index.php?rest_route=%2Fwp%2Fv2%2Fproduct_tag&post=2104"}],"curies":[{"name":"wp","href":"https:\/\/api.w.org\/{rel}","templated":true}]}}