{"id":2105,"date":"2022-08-05T04:59:19","date_gmt":"2022-08-05T04:59:19","guid":{"rendered":"https:\/\/tijuana.com.uy\/index.php\/producto\/arte-por-nmero-bajo-el-mar-rotuladores-punta-pincel\/"},"modified":"2024-12-22T11:59:13","modified_gmt":"2024-12-22T14:59:13","slug":"arte-por-nmero-bajo-el-mar-rotuladores-punta-pincel","status":"publish","type":"product","link":"https:\/\/tijuana.com.uy\/?product=arte-por-nmero-bajo-el-mar-rotuladores-punta-pincel","title":{"rendered":"ARTE POR N\u00daMERO &#8211; BAJO EL MAR (Rotuladores punta pincel)"},"content":{"rendered":"","protected":false},"excerpt":{"rendered":"<p>La Manualidad Arte por N\u00fameros \u00abBajo el mar\u00bb viene en una linda caja que incluye: 4 l\u00e1minas numeradas, 5 rotuladores de dos lados: por un lado, son de punta fina y por el otro lado son punta de pincel suave, y una pintura especial nacarada para que los resultados queden espectaculares. Tambi\u00e9n lleva instrucciones con im\u00e1genes para seguir paso a paso esta actividad. Muy educativa, es ideal para la motricidad fina y la concentraci\u00f3n.<\/p>\n<p>Recomendado para ni\u00f1@s de entre 7-13 a\u00f1os.<\/p>\n","protected":false},"featured_media":2301,"template":"","meta":[],"product_brand":[],"product_cat":[26],"product_tag":[67,34],"class_list":{"0":"post-2105","1":"product","2":"type-product","3":"status-publish","4":"has-post-thumbnail","6":"product_cat-jugueteria","7":"product_tag-7anos","8":"product_tag-djeco","10":"first","11":"outofstock","12":"taxable","13":"shipping-taxable","14":"purchasable","15":"product-type-simple"},"yoast_head":"<!-- This site is optimized with the Yoast SEO plugin v27.5 - https:\/\/yoast.com\/product\/yoast-seo-wordpress\/ -->\n<title>ARTE POR N\u00daMERO - BAJO EL MAR (Rotuladores punta pincel) - Tijuana<\/title>\n<meta name=\"description\" content=\"La Manualidad Arte por N\u00fameros &quot;Bajo el mar&quot; viene en una linda caja que incluye: 4 l\u00e1minas numeradas, 5 rotuladores de dos lados: por un lado, son de punta fina y por el otro lado son punta de pincel suave, y una pintura especial nacarada para que los resultados queden espectaculares.\" \/>\n<meta name=\"robots\" content=\"index, follow, max-snippet:-1, max-image-preview:large, max-video-preview:-1\" \/>\n<link rel=\"canonical\" href=\"https:\/\/tijuana.com.uy\/?product=arte-por-nmero-bajo-el-mar-rotuladores-punta-pincel\" \/>\n<meta property=\"og:locale\" content=\"es_ES\" \/>\n<meta property=\"og:type\" content=\"article\" \/>\n<meta property=\"og:title\" content=\"ARTE POR N\u00daMERO - BAJO EL MAR (Rotuladores punta pincel) - Tijuana\" \/>\n<meta property=\"og:description\" content=\"La Manualidad Arte por N\u00fameros &quot;Bajo el mar&quot; viene en una linda caja que incluye: 4 l\u00e1minas numeradas, 5 rotuladores de dos lados: por un lado, son de punta fina y por el otro lado son punta de pincel suave, y una pintura especial nacarada para que los resultados queden espectaculares.\" \/>\n<meta property=\"og:url\" content=\"https:\/\/tijuana.com.uy\/?product=arte-por-nmero-bajo-el-mar-rotuladores-punta-pincel\" \/>\n<meta property=\"og:site_name\" content=\"Tijuana\" \/>\n<meta property=\"article:modified_time\" content=\"2024-12-22T14:59:13+00:00\" \/>\n<meta property=\"og:image\" content=\"https:\/\/tijuana.com.uy\/wp-content\/uploads\/2022\/08\/rotuladores_pinceles_bajo_el_mar_-_manualidades_de_djeco_3.jpg\" \/>\n\t<meta property=\"og:image:width\" content=\"760\" \/>\n\t<meta property=\"og:image:height\" content=\"652\" \/>\n\t<meta property=\"og:image:type\" content=\"image\/jpeg\" \/>\n<meta name=\"twitter:card\" content=\"summary_large_image\" \/>\n<script type=\"application\/ld+json\" class=\"yoast-schema-graph\">{\"@context\":\"https:\\\/\\\/schema.org\",\"@graph\":[{\"@type\":\"WebPage\",\"@id\":\"https:\\\/\\\/tijuana.com.uy\\\/?product=arte-por-nmero-bajo-el-mar-rotuladores-punta-pincel\",\"url\":\"https:\\\/\\\/tijuana.com.uy\\\/?product=arte-por-nmero-bajo-el-mar-rotuladores-punta-pincel\",\"name\":\"ARTE POR N\u00daMERO - BAJO EL MAR (Rotuladores punta pincel) - Tijuana\",\"isPartOf\":{\"@id\":\"https:\\\/\\\/tijuana.com.uy\\\/#website\"},\"primaryImageOfPage\":{\"@id\":\"https:\\\/\\\/tijuana.com.uy\\\/?product=arte-por-nmero-bajo-el-mar-rotuladores-punta-pincel#primaryimage\"},\"image\":{\"@id\":\"https:\\\/\\\/tijuana.com.uy\\\/?product=arte-por-nmero-bajo-el-mar-rotuladores-punta-pincel#primaryimage\"},\"thumbnailUrl\":\"https:\\\/\\\/tijuana.com.uy\\\/wp-content\\\/uploads\\\/2022\\\/08\\\/rotuladores_pinceles_bajo_el_mar_-_manualidades_de_djeco_3.jpg\",\"datePublished\":\"2022-08-05T04:59:19+00:00\",\"dateModified\":\"2024-12-22T14:59:13+00:00\",\"description\":\"La Manualidad Arte por N\u00fameros \\\"Bajo el mar\\\" viene en una linda caja que incluye: 4 l\u00e1minas numeradas, 5 rotuladores de dos lados: por un lado, son de punta fina y por el otro lado son punta de pincel suave, y una pintura especial nacarada para que los resultados queden espectaculares.\",\"breadcrumb\":{\"@id\":\"https:\\\/\\\/tijuana.com.uy\\\/?product=arte-por-nmero-bajo-el-mar-rotuladores-punta-pincel#breadcrumb\"},\"inLanguage\":\"es\",\"potentialAction\":[{\"@type\":\"ReadAction\",\"target\":[\"https:\\\/\\\/tijuana.com.uy\\\/?product=arte-por-nmero-bajo-el-mar-rotuladores-punta-pincel\"]}]},{\"@type\":\"ImageObject\",\"inLanguage\":\"es\",\"@id\":\"https:\\\/\\\/tijuana.com.uy\\\/?product=arte-por-nmero-bajo-el-mar-rotuladores-punta-pincel#primaryimage\",\"url\":\"https:\\\/\\\/tijuana.com.uy\\\/wp-content\\\/uploads\\\/2022\\\/08\\\/rotuladores_pinceles_bajo_el_mar_-_manualidades_de_djeco_3.jpg\",\"contentUrl\":\"https:\\\/\\\/tijuana.com.uy\\\/wp-content\\\/uploads\\\/2022\\\/08\\\/rotuladores_pinceles_bajo_el_mar_-_manualidades_de_djeco_3.jpg\",\"width\":760,\"height\":652,\"caption\":\"rotuladores_pinceles_bajo_el_mar_-_manualidades_de_djeco_3\"},{\"@type\":\"BreadcrumbList\",\"@id\":\"https:\\\/\\\/tijuana.com.uy\\\/?product=arte-por-nmero-bajo-el-mar-rotuladores-punta-pincel#breadcrumb\",\"itemListElement\":[{\"@type\":\"ListItem\",\"position\":1,\"name\":\"Inicio\",\"item\":\"https:\\\/\\\/tijuana.com.uy\\\/\"},{\"@type\":\"ListItem\",\"position\":2,\"name\":\"Todos nuestros productos\",\"item\":\"https:\\\/\\\/tijuana.com.uy\\\/?page_id=365\"},{\"@type\":\"ListItem\",\"position\":3,\"name\":\"ARTE POR N\u00daMERO &#8211; BAJO EL MAR (Rotuladores punta pincel)\"}]},{\"@type\":\"WebSite\",\"@id\":\"https:\\\/\\\/tijuana.com.uy\\\/#website\",\"url\":\"https:\\\/\\\/tijuana.com.uy\\\/\",\"name\":\"Tijuana\",\"description\":\"Ecommerce Tijuana\",\"potentialAction\":[{\"@type\":\"SearchAction\",\"target\":{\"@type\":\"EntryPoint\",\"urlTemplate\":\"https:\\\/\\\/tijuana.com.uy\\\/?s={search_term_string}\"},\"query-input\":{\"@type\":\"PropertyValueSpecification\",\"valueRequired\":true,\"valueName\":\"search_term_string\"}}],\"inLanguage\":\"es\"}]}<\/script>\n<!-- \/ Yoast SEO plugin. -->","yoast_head_json":{"title":"ARTE POR N\u00daMERO - BAJO EL MAR (Rotuladores punta pincel) - Tijuana","description":"La Manualidad Arte por N\u00fameros \"Bajo el mar\" viene en una linda caja que incluye: 4 l\u00e1minas numeradas, 5 rotuladores de dos lados: por un lado, son de punta fina y por el otro lado son punta de pincel suave, y una pintura especial nacarada para que los resultados queden espectaculares.","robots":{"index":"index","follow":"follow","max-snippet":"max-snippet:-1","max-image-preview":"max-image-preview:large","max-video-preview":"max-video-preview:-1"},"canonical":"https:\/\/tijuana.com.uy\/?product=arte-por-nmero-bajo-el-mar-rotuladores-punta-pincel","og_locale":"es_ES","og_type":"article","og_title":"ARTE POR N\u00daMERO - BAJO EL MAR (Rotuladores punta pincel) - Tijuana","og_description":"La Manualidad Arte por N\u00fameros \"Bajo el mar\" viene en una linda caja que incluye: 4 l\u00e1minas numeradas, 5 rotuladores de dos lados: por un lado, son de punta fina y por el otro lado son punta de pincel suave, y una pintura especial nacarada para que los resultados queden espectaculares.","og_url":"https:\/\/tijuana.com.uy\/?product=arte-por-nmero-bajo-el-mar-rotuladores-punta-pincel","og_site_name":"Tijuana","article_modified_time":"2024-12-22T14:59:13+00:00","og_image":[{"width":760,"height":652,"url":"https:\/\/tijuana.com.uy\/wp-content\/uploads\/2022\/08\/rotuladores_pinceles_bajo_el_mar_-_manualidades_de_djeco_3.jpg","type":"image\/jpeg"}],"twitter_card":"summary_large_image","schema":{"@context":"https:\/\/schema.org","@graph":[{"@type":"WebPage","@id":"https:\/\/tijuana.com.uy\/?product=arte-por-nmero-bajo-el-mar-rotuladores-punta-pincel","url":"https:\/\/tijuana.com.uy\/?product=arte-por-nmero-bajo-el-mar-rotuladores-punta-pincel","name":"ARTE POR N\u00daMERO - BAJO EL MAR (Rotuladores punta pincel) - Tijuana","isPartOf":{"@id":"https:\/\/tijuana.com.uy\/#website"},"primaryImageOfPage":{"@id":"https:\/\/tijuana.com.uy\/?product=arte-por-nmero-bajo-el-mar-rotuladores-punta-pincel#primaryimage"},"image":{"@id":"https:\/\/tijuana.com.uy\/?product=arte-por-nmero-bajo-el-mar-rotuladores-punta-pincel#primaryimage"},"thumbnailUrl":"https:\/\/tijuana.com.uy\/wp-content\/uploads\/2022\/08\/rotuladores_pinceles_bajo_el_mar_-_manualidades_de_djeco_3.jpg","datePublished":"2022-08-05T04:59:19+00:00","dateModified":"2024-12-22T14:59:13+00:00","description":"La Manualidad Arte por N\u00fameros \"Bajo el mar\" viene en una linda caja que incluye: 4 l\u00e1minas numeradas, 5 rotuladores de dos lados: por un lado, son de punta fina y por el otro lado son punta de pincel suave, y una pintura especial nacarada para que los resultados queden espectaculares.","breadcrumb":{"@id":"https:\/\/tijuana.com.uy\/?product=arte-por-nmero-bajo-el-mar-rotuladores-punta-pincel#breadcrumb"},"inLanguage":"es","potentialAction":[{"@type":"ReadAction","target":["https:\/\/tijuana.com.uy\/?product=arte-por-nmero-bajo-el-mar-rotuladores-punta-pincel"]}]},{"@type":"ImageObject","inLanguage":"es","@id":"https:\/\/tijuana.com.uy\/?product=arte-por-nmero-bajo-el-mar-rotuladores-punta-pincel#primaryimage","url":"https:\/\/tijuana.com.uy\/wp-content\/uploads\/2022\/08\/rotuladores_pinceles_bajo_el_mar_-_manualidades_de_djeco_3.jpg","contentUrl":"https:\/\/tijuana.com.uy\/wp-content\/uploads\/2022\/08\/rotuladores_pinceles_bajo_el_mar_-_manualidades_de_djeco_3.jpg","width":760,"height":652,"caption":"rotuladores_pinceles_bajo_el_mar_-_manualidades_de_djeco_3"},{"@type":"BreadcrumbList","@id":"https:\/\/tijuana.com.uy\/?product=arte-por-nmero-bajo-el-mar-rotuladores-punta-pincel#breadcrumb","itemListElement":[{"@type":"ListItem","position":1,"name":"Inicio","item":"https:\/\/tijuana.com.uy\/"},{"@type":"ListItem","position":2,"name":"Todos nuestros productos","item":"https:\/\/tijuana.com.uy\/?page_id=365"},{"@type":"ListItem","position":3,"name":"ARTE POR N\u00daMERO &#8211; BAJO EL MAR (Rotuladores punta pincel)"}]},{"@type":"WebSite","@id":"https:\/\/tijuana.com.uy\/#website","url":"https:\/\/tijuana.com.uy\/","name":"Tijuana","description":"Ecommerce Tijuana","potentialAction":[{"@type":"SearchAction","target":{"@type":"EntryPoint","urlTemplate":"https:\/\/tijuana.com.uy\/?s={search_term_string}"},"query-input":{"@type":"PropertyValueSpecification","valueRequired":true,"valueName":"search_term_string"}}],"inLanguage":"es"}]}},"_links":{"self":[{"href":"https:\/\/tijuana.com.uy\/index.php?rest_route=\/wp\/v2\/product\/2105","targetHints":{"allow":["GET"]}}],"collection":[{"href":"https:\/\/tijuana.com.uy\/index.php?rest_route=\/wp\/v2\/product"}],"about":[{"href":"https:\/\/tijuana.com.uy\/index.php?rest_route=\/wp\/v2\/types\/product"}],"wp:featuredmedia":[{"embeddable":true,"href":"https:\/\/tijuana.com.uy\/index.php?rest_route=\/wp\/v2\/media\/2301"}],"wp:attachment":[{"href":"https:\/\/tijuana.com.uy\/index.php?rest_route=%2Fwp%2Fv2%2Fmedia&parent=2105"}],"wp:term":[{"taxonomy":"product_brand","embeddable":true,"href":"https:\/\/tijuana.com.uy\/index.php?rest_route=%2Fwp%2Fv2%2Fproduct_brand&post=2105"},{"taxonomy":"product_cat","embeddable":true,"href":"https:\/\/tijuana.com.uy\/index.php?rest_route=%2Fwp%2Fv2%2Fproduct_cat&post=2105"},{"taxonomy":"product_tag","embeddable":true,"href":"https:\/\/tijuana.com.uy\/index.php?rest_route=%2Fwp%2Fv2%2Fproduct_tag&post=2105"}],"curies":[{"name":"wp","href":"https:\/\/api.w.org\/{rel}","templated":true}]}}