{"id":2106,"date":"2022-08-05T04:59:22","date_gmt":"2022-08-05T04:59:22","guid":{"rendered":"https:\/\/tijuana.com.uy\/index.php\/producto\/sellos-transparentes-motivos-y-pelajes\/"},"modified":"2022-09-27T21:58:57","modified_gmt":"2022-09-27T21:58:57","slug":"sellos-transparentes-motivos-y-pelajes","status":"publish","type":"product","link":"https:\/\/tijuana.com.uy\/?product=sellos-transparentes-motivos-y-pelajes","title":{"rendered":"SELLOS TRANSPARENTES &#8211; MOTIVOS Y PELAJES"},"content":{"rendered":"","protected":false},"excerpt":{"rendered":"<p>Una caja de sellos original sobre el tema de los animales que permite al ni\u00f1o componer motivos para decorar estas bestias salvajes. El ni\u00f1o asocia los motivos y los posiciona con precisi\u00f3n gracias a los sellos transparentes que le permiten ver su creaci\u00f3n en todo momento. A medida que el trabajo avanza, los animales quedan decorados con adornos sutiles y gr\u00e1ficos.<\/p>\n<p>El set contiene: 4 cuadros para completar (20 x 20 cm), 1 plancha de sellos blandos y transparentes, 1 bloque de posicionamiento transparente de acr\u00edlico, 1 alfombrilla de limpieza, 4 almohadillas de tinta (negra, azul, roja, dorada), 1 folleto con instrucciones paso a paso a todo color. Recomendado para ni\u00f1@s de entre 7-12 a\u00f1os.<\/p>\n","protected":false},"featured_media":2297,"template":"","meta":[],"product_brand":[],"product_cat":[26],"product_tag":[67,34],"class_list":{"0":"post-2106","1":"product","2":"type-product","3":"status-publish","4":"has-post-thumbnail","6":"product_cat-jugueteria","7":"product_tag-7anos","8":"product_tag-djeco","10":"first","11":"instock","12":"taxable","13":"shipping-taxable","14":"purchasable","15":"product-type-simple"},"yoast_head":"<!-- This site is optimized with the Yoast SEO plugin v27.5 - https:\/\/yoast.com\/product\/yoast-seo-wordpress\/ -->\n<title>SELLOS TRANSPARENTES - MOTIVOS Y PELAJES - Tijuana<\/title>\n<meta name=\"description\" content=\"Una caja de sellos original sobre el tema de los animales que permite al ni\u00f1o componer motivos para decorar estas bestias salvajes. El ni\u00f1o asocia los motivos y los posiciona con precisi\u00f3n gracias a los sellos transparentes que le permiten ver su creaci\u00f3n en todo momento.\" \/>\n<meta name=\"robots\" content=\"index, follow, max-snippet:-1, max-image-preview:large, max-video-preview:-1\" \/>\n<link rel=\"canonical\" href=\"https:\/\/tijuana.com.uy\/?product=sellos-transparentes-motivos-y-pelajes\" \/>\n<meta property=\"og:locale\" content=\"es_ES\" \/>\n<meta property=\"og:type\" content=\"article\" \/>\n<meta property=\"og:title\" content=\"SELLOS TRANSPARENTES - MOTIVOS Y PELAJES - Tijuana\" \/>\n<meta property=\"og:description\" content=\"Una caja de sellos original sobre el tema de los animales que permite al ni\u00f1o componer motivos para decorar estas bestias salvajes. El ni\u00f1o asocia los motivos y los posiciona con precisi\u00f3n gracias a los sellos transparentes que le permiten ver su creaci\u00f3n en todo momento.\" \/>\n<meta property=\"og:url\" content=\"https:\/\/tijuana.com.uy\/?product=sellos-transparentes-motivos-y-pelajes\" \/>\n<meta property=\"og:site_name\" content=\"Tijuana\" \/>\n<meta property=\"article:modified_time\" content=\"2022-09-27T21:58:57+00:00\" \/>\n<meta property=\"og:image\" content=\"https:\/\/tijuana.com.uy\/wp-content\/uploads\/2022\/08\/taller-de-manualidades-sellos-transparentes-motivos-y-atuendos-djeco.jpg\" \/>\n\t<meta property=\"og:image:width\" content=\"600\" \/>\n\t<meta property=\"og:image:height\" content=\"600\" \/>\n\t<meta property=\"og:image:type\" content=\"image\/jpeg\" \/>\n<meta name=\"twitter:card\" content=\"summary_large_image\" \/>\n<script type=\"application\/ld+json\" class=\"yoast-schema-graph\">{\"@context\":\"https:\\\/\\\/schema.org\",\"@graph\":[{\"@type\":\"WebPage\",\"@id\":\"https:\\\/\\\/tijuana.com.uy\\\/?product=sellos-transparentes-motivos-y-pelajes\",\"url\":\"https:\\\/\\\/tijuana.com.uy\\\/?product=sellos-transparentes-motivos-y-pelajes\",\"name\":\"SELLOS TRANSPARENTES - MOTIVOS Y PELAJES - Tijuana\",\"isPartOf\":{\"@id\":\"https:\\\/\\\/tijuana.com.uy\\\/#website\"},\"primaryImageOfPage\":{\"@id\":\"https:\\\/\\\/tijuana.com.uy\\\/?product=sellos-transparentes-motivos-y-pelajes#primaryimage\"},\"image\":{\"@id\":\"https:\\\/\\\/tijuana.com.uy\\\/?product=sellos-transparentes-motivos-y-pelajes#primaryimage\"},\"thumbnailUrl\":\"https:\\\/\\\/tijuana.com.uy\\\/wp-content\\\/uploads\\\/2022\\\/08\\\/taller-de-manualidades-sellos-transparentes-motivos-y-atuendos-djeco.jpg\",\"datePublished\":\"2022-08-05T04:59:22+00:00\",\"dateModified\":\"2022-09-27T21:58:57+00:00\",\"description\":\"Una caja de sellos original sobre el tema de los animales que permite al ni\u00f1o componer motivos para decorar estas bestias salvajes. El ni\u00f1o asocia los motivos y los posiciona con precisi\u00f3n gracias a los sellos transparentes que le permiten ver su creaci\u00f3n en todo momento.\",\"breadcrumb\":{\"@id\":\"https:\\\/\\\/tijuana.com.uy\\\/?product=sellos-transparentes-motivos-y-pelajes#breadcrumb\"},\"inLanguage\":\"es\",\"potentialAction\":[{\"@type\":\"ReadAction\",\"target\":[\"https:\\\/\\\/tijuana.com.uy\\\/?product=sellos-transparentes-motivos-y-pelajes\"]}]},{\"@type\":\"ImageObject\",\"inLanguage\":\"es\",\"@id\":\"https:\\\/\\\/tijuana.com.uy\\\/?product=sellos-transparentes-motivos-y-pelajes#primaryimage\",\"url\":\"https:\\\/\\\/tijuana.com.uy\\\/wp-content\\\/uploads\\\/2022\\\/08\\\/taller-de-manualidades-sellos-transparentes-motivos-y-atuendos-djeco.jpg\",\"contentUrl\":\"https:\\\/\\\/tijuana.com.uy\\\/wp-content\\\/uploads\\\/2022\\\/08\\\/taller-de-manualidades-sellos-transparentes-motivos-y-atuendos-djeco.jpg\",\"width\":600,\"height\":600,\"caption\":\"SELLOS TRANSPARENTES - MOTIVOS Y PELAJES\"},{\"@type\":\"BreadcrumbList\",\"@id\":\"https:\\\/\\\/tijuana.com.uy\\\/?product=sellos-transparentes-motivos-y-pelajes#breadcrumb\",\"itemListElement\":[{\"@type\":\"ListItem\",\"position\":1,\"name\":\"Inicio\",\"item\":\"https:\\\/\\\/tijuana.com.uy\\\/\"},{\"@type\":\"ListItem\",\"position\":2,\"name\":\"Todos nuestros productos\",\"item\":\"https:\\\/\\\/tijuana.com.uy\\\/?page_id=365\"},{\"@type\":\"ListItem\",\"position\":3,\"name\":\"SELLOS TRANSPARENTES &#8211; MOTIVOS Y PELAJES\"}]},{\"@type\":\"WebSite\",\"@id\":\"https:\\\/\\\/tijuana.com.uy\\\/#website\",\"url\":\"https:\\\/\\\/tijuana.com.uy\\\/\",\"name\":\"Tijuana\",\"description\":\"Ecommerce Tijuana\",\"potentialAction\":[{\"@type\":\"SearchAction\",\"target\":{\"@type\":\"EntryPoint\",\"urlTemplate\":\"https:\\\/\\\/tijuana.com.uy\\\/?s={search_term_string}\"},\"query-input\":{\"@type\":\"PropertyValueSpecification\",\"valueRequired\":true,\"valueName\":\"search_term_string\"}}],\"inLanguage\":\"es\"}]}<\/script>\n<!-- \/ Yoast SEO plugin. -->","yoast_head_json":{"title":"SELLOS TRANSPARENTES - MOTIVOS Y PELAJES - Tijuana","description":"Una caja de sellos original sobre el tema de los animales que permite al ni\u00f1o componer motivos para decorar estas bestias salvajes. El ni\u00f1o asocia los motivos y los posiciona con precisi\u00f3n gracias a los sellos transparentes que le permiten ver su creaci\u00f3n en todo momento.","robots":{"index":"index","follow":"follow","max-snippet":"max-snippet:-1","max-image-preview":"max-image-preview:large","max-video-preview":"max-video-preview:-1"},"canonical":"https:\/\/tijuana.com.uy\/?product=sellos-transparentes-motivos-y-pelajes","og_locale":"es_ES","og_type":"article","og_title":"SELLOS TRANSPARENTES - MOTIVOS Y PELAJES - Tijuana","og_description":"Una caja de sellos original sobre el tema de los animales que permite al ni\u00f1o componer motivos para decorar estas bestias salvajes. El ni\u00f1o asocia los motivos y los posiciona con precisi\u00f3n gracias a los sellos transparentes que le permiten ver su creaci\u00f3n en todo momento.","og_url":"https:\/\/tijuana.com.uy\/?product=sellos-transparentes-motivos-y-pelajes","og_site_name":"Tijuana","article_modified_time":"2022-09-27T21:58:57+00:00","og_image":[{"width":600,"height":600,"url":"https:\/\/tijuana.com.uy\/wp-content\/uploads\/2022\/08\/taller-de-manualidades-sellos-transparentes-motivos-y-atuendos-djeco.jpg","type":"image\/jpeg"}],"twitter_card":"summary_large_image","schema":{"@context":"https:\/\/schema.org","@graph":[{"@type":"WebPage","@id":"https:\/\/tijuana.com.uy\/?product=sellos-transparentes-motivos-y-pelajes","url":"https:\/\/tijuana.com.uy\/?product=sellos-transparentes-motivos-y-pelajes","name":"SELLOS TRANSPARENTES - MOTIVOS Y PELAJES - Tijuana","isPartOf":{"@id":"https:\/\/tijuana.com.uy\/#website"},"primaryImageOfPage":{"@id":"https:\/\/tijuana.com.uy\/?product=sellos-transparentes-motivos-y-pelajes#primaryimage"},"image":{"@id":"https:\/\/tijuana.com.uy\/?product=sellos-transparentes-motivos-y-pelajes#primaryimage"},"thumbnailUrl":"https:\/\/tijuana.com.uy\/wp-content\/uploads\/2022\/08\/taller-de-manualidades-sellos-transparentes-motivos-y-atuendos-djeco.jpg","datePublished":"2022-08-05T04:59:22+00:00","dateModified":"2022-09-27T21:58:57+00:00","description":"Una caja de sellos original sobre el tema de los animales que permite al ni\u00f1o componer motivos para decorar estas bestias salvajes. El ni\u00f1o asocia los motivos y los posiciona con precisi\u00f3n gracias a los sellos transparentes que le permiten ver su creaci\u00f3n en todo momento.","breadcrumb":{"@id":"https:\/\/tijuana.com.uy\/?product=sellos-transparentes-motivos-y-pelajes#breadcrumb"},"inLanguage":"es","potentialAction":[{"@type":"ReadAction","target":["https:\/\/tijuana.com.uy\/?product=sellos-transparentes-motivos-y-pelajes"]}]},{"@type":"ImageObject","inLanguage":"es","@id":"https:\/\/tijuana.com.uy\/?product=sellos-transparentes-motivos-y-pelajes#primaryimage","url":"https:\/\/tijuana.com.uy\/wp-content\/uploads\/2022\/08\/taller-de-manualidades-sellos-transparentes-motivos-y-atuendos-djeco.jpg","contentUrl":"https:\/\/tijuana.com.uy\/wp-content\/uploads\/2022\/08\/taller-de-manualidades-sellos-transparentes-motivos-y-atuendos-djeco.jpg","width":600,"height":600,"caption":"SELLOS TRANSPARENTES - MOTIVOS Y PELAJES"},{"@type":"BreadcrumbList","@id":"https:\/\/tijuana.com.uy\/?product=sellos-transparentes-motivos-y-pelajes#breadcrumb","itemListElement":[{"@type":"ListItem","position":1,"name":"Inicio","item":"https:\/\/tijuana.com.uy\/"},{"@type":"ListItem","position":2,"name":"Todos nuestros productos","item":"https:\/\/tijuana.com.uy\/?page_id=365"},{"@type":"ListItem","position":3,"name":"SELLOS TRANSPARENTES &#8211; MOTIVOS Y PELAJES"}]},{"@type":"WebSite","@id":"https:\/\/tijuana.com.uy\/#website","url":"https:\/\/tijuana.com.uy\/","name":"Tijuana","description":"Ecommerce Tijuana","potentialAction":[{"@type":"SearchAction","target":{"@type":"EntryPoint","urlTemplate":"https:\/\/tijuana.com.uy\/?s={search_term_string}"},"query-input":{"@type":"PropertyValueSpecification","valueRequired":true,"valueName":"search_term_string"}}],"inLanguage":"es"}]}},"_links":{"self":[{"href":"https:\/\/tijuana.com.uy\/index.php?rest_route=\/wp\/v2\/product\/2106","targetHints":{"allow":["GET"]}}],"collection":[{"href":"https:\/\/tijuana.com.uy\/index.php?rest_route=\/wp\/v2\/product"}],"about":[{"href":"https:\/\/tijuana.com.uy\/index.php?rest_route=\/wp\/v2\/types\/product"}],"wp:featuredmedia":[{"embeddable":true,"href":"https:\/\/tijuana.com.uy\/index.php?rest_route=\/wp\/v2\/media\/2297"}],"wp:attachment":[{"href":"https:\/\/tijuana.com.uy\/index.php?rest_route=%2Fwp%2Fv2%2Fmedia&parent=2106"}],"wp:term":[{"taxonomy":"product_brand","embeddable":true,"href":"https:\/\/tijuana.com.uy\/index.php?rest_route=%2Fwp%2Fv2%2Fproduct_brand&post=2106"},{"taxonomy":"product_cat","embeddable":true,"href":"https:\/\/tijuana.com.uy\/index.php?rest_route=%2Fwp%2Fv2%2Fproduct_cat&post=2106"},{"taxonomy":"product_tag","embeddable":true,"href":"https:\/\/tijuana.com.uy\/index.php?rest_route=%2Fwp%2Fv2%2Fproduct_tag&post=2106"}],"curies":[{"name":"wp","href":"https:\/\/api.w.org\/{rel}","templated":true}]}}