{"id":2107,"date":"2022-08-05T04:59:26","date_gmt":"2022-08-05T04:59:26","guid":{"rendered":"https:\/\/tijuana.com.uy\/index.php\/producto\/sellos-transparentes-motivos-y-atuendos\/"},"modified":"2022-09-27T21:52:16","modified_gmt":"2022-09-27T21:52:16","slug":"sellos-transparentes-motivos-y-atuendos","status":"publish","type":"product","link":"https:\/\/tijuana.com.uy\/?product=sellos-transparentes-motivos-y-atuendos","title":{"rendered":"SELLOS TRANSPARENTES &#8211; MOTIVOS Y ATUENDOS"},"content":{"rendered":"","protected":false},"excerpt":{"rendered":"<p>Esta bonita\u00a0caja de sellos\u00a0original permite a los ni\u00f1os y ni\u00f1as componer motivos para decorar los vestidos y el cabello de estas princesas del mundo. El ni\u00f1o\u00a0asocia los motivos\u00a0y los posiciona con precisi\u00f3n gracias a los sellos transparentes que les permiten ver en todo momento sus creaciones. A medida que el trabajo avanza, las princesas quedan decoradas con adornos sutiles y refinados.<\/p>\n<p>El set incluye: Contenido: 4 cuadros para completar (20 x 20 cm), 1 plancha de sellos blandos y transparentes, 1 bloque de posicionamiento transparente de acr\u00edlico, 1 alfombrilla de limpieza, 4 almohadillas de tinta (blanca, verde, roja, dorada), 1 folleto con instrucciones paso a paso a todo color. Recomendado para ni\u00f1@s de entre 7-12 a\u00f1os.<\/p>\n","protected":false},"featured_media":2294,"template":"","meta":[],"product_brand":[],"product_cat":[26],"product_tag":[67,34],"class_list":{"0":"post-2107","1":"product","2":"type-product","3":"status-publish","4":"has-post-thumbnail","6":"product_cat-jugueteria","7":"product_tag-7anos","8":"product_tag-djeco","10":"first","11":"instock","12":"taxable","13":"shipping-taxable","14":"purchasable","15":"product-type-simple"},"yoast_head":"<!-- This site is optimized with the Yoast SEO plugin v27.5 - https:\/\/yoast.com\/product\/yoast-seo-wordpress\/ -->\n<title>SELLOS TRANSPARENTES - MOTIVOS Y ATUENDOS - Tijuana<\/title>\n<meta name=\"description\" content=\"Esta bonita\u00a0caja de sellos\u00a0original permite a los ni\u00f1os y ni\u00f1as componer motivos para decorar los vestidos y el cabello de estas princesas del mundo. El ni\u00f1o\u00a0asocia los motivos\u00a0y los posiciona con precisi\u00f3n gracias a los sellos transparentes que les permiten ver en todo momento sus creaciones.\" \/>\n<meta name=\"robots\" content=\"index, follow, max-snippet:-1, max-image-preview:large, max-video-preview:-1\" \/>\n<link rel=\"canonical\" href=\"https:\/\/tijuana.com.uy\/?product=sellos-transparentes-motivos-y-atuendos\" \/>\n<meta property=\"og:locale\" content=\"es_ES\" \/>\n<meta property=\"og:type\" content=\"article\" \/>\n<meta property=\"og:title\" content=\"SELLOS TRANSPARENTES - MOTIVOS Y ATUENDOS - Tijuana\" \/>\n<meta property=\"og:description\" content=\"Esta bonita\u00a0caja de sellos\u00a0original permite a los ni\u00f1os y ni\u00f1as componer motivos para decorar los vestidos y el cabello de estas princesas del mundo. El ni\u00f1o\u00a0asocia los motivos\u00a0y los posiciona con precisi\u00f3n gracias a los sellos transparentes que les permiten ver en todo momento sus creaciones.\" \/>\n<meta property=\"og:url\" content=\"https:\/\/tijuana.com.uy\/?product=sellos-transparentes-motivos-y-atuendos\" \/>\n<meta property=\"og:site_name\" content=\"Tijuana\" \/>\n<meta property=\"article:modified_time\" content=\"2022-09-27T21:52:16+00:00\" \/>\n<meta property=\"og:image\" content=\"https:\/\/tijuana.com.uy\/wp-content\/uploads\/2022\/08\/sellos-transparentes-motivos-y-atuendos-djeco.png\" \/>\n\t<meta property=\"og:image:width\" content=\"700\" \/>\n\t<meta property=\"og:image:height\" content=\"700\" \/>\n\t<meta property=\"og:image:type\" content=\"image\/png\" \/>\n<meta name=\"twitter:card\" content=\"summary_large_image\" \/>\n<script type=\"application\/ld+json\" class=\"yoast-schema-graph\">{\"@context\":\"https:\\\/\\\/schema.org\",\"@graph\":[{\"@type\":\"WebPage\",\"@id\":\"https:\\\/\\\/tijuana.com.uy\\\/?product=sellos-transparentes-motivos-y-atuendos\",\"url\":\"https:\\\/\\\/tijuana.com.uy\\\/?product=sellos-transparentes-motivos-y-atuendos\",\"name\":\"SELLOS TRANSPARENTES - MOTIVOS Y ATUENDOS - Tijuana\",\"isPartOf\":{\"@id\":\"https:\\\/\\\/tijuana.com.uy\\\/#website\"},\"primaryImageOfPage\":{\"@id\":\"https:\\\/\\\/tijuana.com.uy\\\/?product=sellos-transparentes-motivos-y-atuendos#primaryimage\"},\"image\":{\"@id\":\"https:\\\/\\\/tijuana.com.uy\\\/?product=sellos-transparentes-motivos-y-atuendos#primaryimage\"},\"thumbnailUrl\":\"https:\\\/\\\/tijuana.com.uy\\\/wp-content\\\/uploads\\\/2022\\\/08\\\/sellos-transparentes-motivos-y-atuendos-djeco.png\",\"datePublished\":\"2022-08-05T04:59:26+00:00\",\"dateModified\":\"2022-09-27T21:52:16+00:00\",\"description\":\"Esta bonita\u00a0caja de sellos\u00a0original permite a los ni\u00f1os y ni\u00f1as componer motivos para decorar los vestidos y el cabello de estas princesas del mundo. El ni\u00f1o\u00a0asocia los motivos\u00a0y los posiciona con precisi\u00f3n gracias a los sellos transparentes que les permiten ver en todo momento sus creaciones.\",\"breadcrumb\":{\"@id\":\"https:\\\/\\\/tijuana.com.uy\\\/?product=sellos-transparentes-motivos-y-atuendos#breadcrumb\"},\"inLanguage\":\"es\",\"potentialAction\":[{\"@type\":\"ReadAction\",\"target\":[\"https:\\\/\\\/tijuana.com.uy\\\/?product=sellos-transparentes-motivos-y-atuendos\"]}]},{\"@type\":\"ImageObject\",\"inLanguage\":\"es\",\"@id\":\"https:\\\/\\\/tijuana.com.uy\\\/?product=sellos-transparentes-motivos-y-atuendos#primaryimage\",\"url\":\"https:\\\/\\\/tijuana.com.uy\\\/wp-content\\\/uploads\\\/2022\\\/08\\\/sellos-transparentes-motivos-y-atuendos-djeco.png\",\"contentUrl\":\"https:\\\/\\\/tijuana.com.uy\\\/wp-content\\\/uploads\\\/2022\\\/08\\\/sellos-transparentes-motivos-y-atuendos-djeco.png\",\"width\":700,\"height\":700,\"caption\":\"SELLOS TRANSPARENTES - MOTIVOS Y ATUENDOS\"},{\"@type\":\"BreadcrumbList\",\"@id\":\"https:\\\/\\\/tijuana.com.uy\\\/?product=sellos-transparentes-motivos-y-atuendos#breadcrumb\",\"itemListElement\":[{\"@type\":\"ListItem\",\"position\":1,\"name\":\"Inicio\",\"item\":\"https:\\\/\\\/tijuana.com.uy\\\/\"},{\"@type\":\"ListItem\",\"position\":2,\"name\":\"Todos nuestros productos\",\"item\":\"https:\\\/\\\/tijuana.com.uy\\\/?page_id=365\"},{\"@type\":\"ListItem\",\"position\":3,\"name\":\"SELLOS TRANSPARENTES &#8211; MOTIVOS Y ATUENDOS\"}]},{\"@type\":\"WebSite\",\"@id\":\"https:\\\/\\\/tijuana.com.uy\\\/#website\",\"url\":\"https:\\\/\\\/tijuana.com.uy\\\/\",\"name\":\"Tijuana\",\"description\":\"Ecommerce Tijuana\",\"potentialAction\":[{\"@type\":\"SearchAction\",\"target\":{\"@type\":\"EntryPoint\",\"urlTemplate\":\"https:\\\/\\\/tijuana.com.uy\\\/?s={search_term_string}\"},\"query-input\":{\"@type\":\"PropertyValueSpecification\",\"valueRequired\":true,\"valueName\":\"search_term_string\"}}],\"inLanguage\":\"es\"}]}<\/script>\n<!-- \/ Yoast SEO plugin. -->","yoast_head_json":{"title":"SELLOS TRANSPARENTES - MOTIVOS Y ATUENDOS - Tijuana","description":"Esta bonita\u00a0caja de sellos\u00a0original permite a los ni\u00f1os y ni\u00f1as componer motivos para decorar los vestidos y el cabello de estas princesas del mundo. El ni\u00f1o\u00a0asocia los motivos\u00a0y los posiciona con precisi\u00f3n gracias a los sellos transparentes que les permiten ver en todo momento sus creaciones.","robots":{"index":"index","follow":"follow","max-snippet":"max-snippet:-1","max-image-preview":"max-image-preview:large","max-video-preview":"max-video-preview:-1"},"canonical":"https:\/\/tijuana.com.uy\/?product=sellos-transparentes-motivos-y-atuendos","og_locale":"es_ES","og_type":"article","og_title":"SELLOS TRANSPARENTES - MOTIVOS Y ATUENDOS - Tijuana","og_description":"Esta bonita\u00a0caja de sellos\u00a0original permite a los ni\u00f1os y ni\u00f1as componer motivos para decorar los vestidos y el cabello de estas princesas del mundo. El ni\u00f1o\u00a0asocia los motivos\u00a0y los posiciona con precisi\u00f3n gracias a los sellos transparentes que les permiten ver en todo momento sus creaciones.","og_url":"https:\/\/tijuana.com.uy\/?product=sellos-transparentes-motivos-y-atuendos","og_site_name":"Tijuana","article_modified_time":"2022-09-27T21:52:16+00:00","og_image":[{"width":700,"height":700,"url":"https:\/\/tijuana.com.uy\/wp-content\/uploads\/2022\/08\/sellos-transparentes-motivos-y-atuendos-djeco.png","type":"image\/png"}],"twitter_card":"summary_large_image","schema":{"@context":"https:\/\/schema.org","@graph":[{"@type":"WebPage","@id":"https:\/\/tijuana.com.uy\/?product=sellos-transparentes-motivos-y-atuendos","url":"https:\/\/tijuana.com.uy\/?product=sellos-transparentes-motivos-y-atuendos","name":"SELLOS TRANSPARENTES - MOTIVOS Y ATUENDOS - Tijuana","isPartOf":{"@id":"https:\/\/tijuana.com.uy\/#website"},"primaryImageOfPage":{"@id":"https:\/\/tijuana.com.uy\/?product=sellos-transparentes-motivos-y-atuendos#primaryimage"},"image":{"@id":"https:\/\/tijuana.com.uy\/?product=sellos-transparentes-motivos-y-atuendos#primaryimage"},"thumbnailUrl":"https:\/\/tijuana.com.uy\/wp-content\/uploads\/2022\/08\/sellos-transparentes-motivos-y-atuendos-djeco.png","datePublished":"2022-08-05T04:59:26+00:00","dateModified":"2022-09-27T21:52:16+00:00","description":"Esta bonita\u00a0caja de sellos\u00a0original permite a los ni\u00f1os y ni\u00f1as componer motivos para decorar los vestidos y el cabello de estas princesas del mundo. El ni\u00f1o\u00a0asocia los motivos\u00a0y los posiciona con precisi\u00f3n gracias a los sellos transparentes que les permiten ver en todo momento sus creaciones.","breadcrumb":{"@id":"https:\/\/tijuana.com.uy\/?product=sellos-transparentes-motivos-y-atuendos#breadcrumb"},"inLanguage":"es","potentialAction":[{"@type":"ReadAction","target":["https:\/\/tijuana.com.uy\/?product=sellos-transparentes-motivos-y-atuendos"]}]},{"@type":"ImageObject","inLanguage":"es","@id":"https:\/\/tijuana.com.uy\/?product=sellos-transparentes-motivos-y-atuendos#primaryimage","url":"https:\/\/tijuana.com.uy\/wp-content\/uploads\/2022\/08\/sellos-transparentes-motivos-y-atuendos-djeco.png","contentUrl":"https:\/\/tijuana.com.uy\/wp-content\/uploads\/2022\/08\/sellos-transparentes-motivos-y-atuendos-djeco.png","width":700,"height":700,"caption":"SELLOS TRANSPARENTES - MOTIVOS Y ATUENDOS"},{"@type":"BreadcrumbList","@id":"https:\/\/tijuana.com.uy\/?product=sellos-transparentes-motivos-y-atuendos#breadcrumb","itemListElement":[{"@type":"ListItem","position":1,"name":"Inicio","item":"https:\/\/tijuana.com.uy\/"},{"@type":"ListItem","position":2,"name":"Todos nuestros productos","item":"https:\/\/tijuana.com.uy\/?page_id=365"},{"@type":"ListItem","position":3,"name":"SELLOS TRANSPARENTES &#8211; MOTIVOS Y ATUENDOS"}]},{"@type":"WebSite","@id":"https:\/\/tijuana.com.uy\/#website","url":"https:\/\/tijuana.com.uy\/","name":"Tijuana","description":"Ecommerce Tijuana","potentialAction":[{"@type":"SearchAction","target":{"@type":"EntryPoint","urlTemplate":"https:\/\/tijuana.com.uy\/?s={search_term_string}"},"query-input":{"@type":"PropertyValueSpecification","valueRequired":true,"valueName":"search_term_string"}}],"inLanguage":"es"}]}},"_links":{"self":[{"href":"https:\/\/tijuana.com.uy\/index.php?rest_route=\/wp\/v2\/product\/2107","targetHints":{"allow":["GET"]}}],"collection":[{"href":"https:\/\/tijuana.com.uy\/index.php?rest_route=\/wp\/v2\/product"}],"about":[{"href":"https:\/\/tijuana.com.uy\/index.php?rest_route=\/wp\/v2\/types\/product"}],"wp:featuredmedia":[{"embeddable":true,"href":"https:\/\/tijuana.com.uy\/index.php?rest_route=\/wp\/v2\/media\/2294"}],"wp:attachment":[{"href":"https:\/\/tijuana.com.uy\/index.php?rest_route=%2Fwp%2Fv2%2Fmedia&parent=2107"}],"wp:term":[{"taxonomy":"product_brand","embeddable":true,"href":"https:\/\/tijuana.com.uy\/index.php?rest_route=%2Fwp%2Fv2%2Fproduct_brand&post=2107"},{"taxonomy":"product_cat","embeddable":true,"href":"https:\/\/tijuana.com.uy\/index.php?rest_route=%2Fwp%2Fv2%2Fproduct_cat&post=2107"},{"taxonomy":"product_tag","embeddable":true,"href":"https:\/\/tijuana.com.uy\/index.php?rest_route=%2Fwp%2Fv2%2Fproduct_tag&post=2107"}],"curies":[{"name":"wp","href":"https:\/\/api.w.org\/{rel}","templated":true}]}}