{"id":2109,"date":"2022-08-05T04:59:32","date_gmt":"2022-08-05T04:59:32","guid":{"rendered":"https:\/\/tijuana.com.uy\/index.php\/producto\/sellos-para-grabar-naturaleza\/"},"modified":"2022-09-27T21:13:45","modified_gmt":"2022-09-27T21:13:45","slug":"sellos-para-grabar-naturaleza","status":"publish","type":"product","link":"https:\/\/tijuana.com.uy\/?product=sellos-para-grabar-naturaleza","title":{"rendered":"SELLOS PARA GRABAR &#8211; NATURALEZA"},"content":{"rendered":"","protected":false},"excerpt":{"rendered":"<p>\u00a1Hacer grabados requiere de mucha precisi\u00f3n y paciencia, sobre todo cuando deber\u00e1s ser t\u00fa quien talle las gomas con las herramientas contenidas en este set. No te preocupes! \u00a1Bastar\u00e1 con que sigas las l\u00edneas impresas sobre la goma, ya ver\u00e1s como poco a poco se convierten en sellos siempre \u00fanicos y maravillosos! 4 motivos para tallar que te recordar\u00e1n escenas primaverales y de la naturaleza. Todo lo que necesitas est\u00e1 incluido. Solo falta que pongas tu buen hacer y creatividad. Apto para ni\u00f1@s a partir de 8-14 a\u00f1os.<\/p>\n<p>Escenas de la Naturaleza (Atelier Grabado), dimensiones aprox. empaque 23 x 16.5 x 4 cm.<\/p>\n","protected":false},"featured_media":2286,"template":"","meta":[],"product_brand":[],"product_cat":[26],"product_tag":[67,34],"class_list":{"0":"post-2109","1":"product","2":"type-product","3":"status-publish","4":"has-post-thumbnail","6":"product_cat-jugueteria","7":"product_tag-7anos","8":"product_tag-djeco","10":"first","11":"instock","12":"taxable","13":"shipping-taxable","14":"purchasable","15":"product-type-simple"},"yoast_head":"<!-- This site is optimized with the Yoast SEO plugin v27.5 - https:\/\/yoast.com\/product\/yoast-seo-wordpress\/ -->\n<title>SELLOS PARA GRABAR - NATURALEZA - Tijuana<\/title>\n<meta name=\"description\" content=\"\u00a1Hacer grabados requiere de mucha precisi\u00f3n y paciencia, sobre todo cuando deber\u00e1s ser t\u00fa quien talle las gomas con las herramientas contenidas en este set. No te preocupes!\" \/>\n<meta name=\"robots\" content=\"index, follow, max-snippet:-1, max-image-preview:large, max-video-preview:-1\" \/>\n<link rel=\"canonical\" href=\"https:\/\/tijuana.com.uy\/?product=sellos-para-grabar-naturaleza\" \/>\n<meta property=\"og:locale\" content=\"es_ES\" \/>\n<meta property=\"og:type\" content=\"article\" \/>\n<meta property=\"og:title\" content=\"SELLOS PARA GRABAR - NATURALEZA - Tijuana\" \/>\n<meta property=\"og:description\" content=\"\u00a1Hacer grabados requiere de mucha precisi\u00f3n y paciencia, sobre todo cuando deber\u00e1s ser t\u00fa quien talle las gomas con las herramientas contenidas en este set. No te preocupes!\" \/>\n<meta property=\"og:url\" content=\"https:\/\/tijuana.com.uy\/?product=sellos-para-grabar-naturaleza\" \/>\n<meta property=\"og:site_name\" content=\"Tijuana\" \/>\n<meta property=\"article:modified_time\" content=\"2022-09-27T21:13:45+00:00\" \/>\n<meta property=\"og:image\" content=\"https:\/\/tijuana.com.uy\/wp-content\/uploads\/2022\/08\/D_NQ_NP_652717-MLU48172833705_112021-O.webp\" \/>\n\t<meta property=\"og:image:width\" content=\"366\" \/>\n\t<meta property=\"og:image:height\" content=\"500\" \/>\n\t<meta property=\"og:image:type\" content=\"image\/webp\" \/>\n<meta name=\"twitter:card\" content=\"summary_large_image\" \/>\n<script type=\"application\/ld+json\" class=\"yoast-schema-graph\">{\"@context\":\"https:\\\/\\\/schema.org\",\"@graph\":[{\"@type\":\"WebPage\",\"@id\":\"https:\\\/\\\/tijuana.com.uy\\\/?product=sellos-para-grabar-naturaleza\",\"url\":\"https:\\\/\\\/tijuana.com.uy\\\/?product=sellos-para-grabar-naturaleza\",\"name\":\"SELLOS PARA GRABAR - NATURALEZA - Tijuana\",\"isPartOf\":{\"@id\":\"https:\\\/\\\/tijuana.com.uy\\\/#website\"},\"primaryImageOfPage\":{\"@id\":\"https:\\\/\\\/tijuana.com.uy\\\/?product=sellos-para-grabar-naturaleza#primaryimage\"},\"image\":{\"@id\":\"https:\\\/\\\/tijuana.com.uy\\\/?product=sellos-para-grabar-naturaleza#primaryimage\"},\"thumbnailUrl\":\"https:\\\/\\\/tijuana.com.uy\\\/wp-content\\\/uploads\\\/2022\\\/08\\\/D_NQ_NP_652717-MLU48172833705_112021-O.webp\",\"datePublished\":\"2022-08-05T04:59:32+00:00\",\"dateModified\":\"2022-09-27T21:13:45+00:00\",\"description\":\"\u00a1Hacer grabados requiere de mucha precisi\u00f3n y paciencia, sobre todo cuando deber\u00e1s ser t\u00fa quien talle las gomas con las herramientas contenidas en este set. No te preocupes!\",\"breadcrumb\":{\"@id\":\"https:\\\/\\\/tijuana.com.uy\\\/?product=sellos-para-grabar-naturaleza#breadcrumb\"},\"inLanguage\":\"es\",\"potentialAction\":[{\"@type\":\"ReadAction\",\"target\":[\"https:\\\/\\\/tijuana.com.uy\\\/?product=sellos-para-grabar-naturaleza\"]}]},{\"@type\":\"ImageObject\",\"inLanguage\":\"es\",\"@id\":\"https:\\\/\\\/tijuana.com.uy\\\/?product=sellos-para-grabar-naturaleza#primaryimage\",\"url\":\"https:\\\/\\\/tijuana.com.uy\\\/wp-content\\\/uploads\\\/2022\\\/08\\\/D_NQ_NP_652717-MLU48172833705_112021-O.webp\",\"contentUrl\":\"https:\\\/\\\/tijuana.com.uy\\\/wp-content\\\/uploads\\\/2022\\\/08\\\/D_NQ_NP_652717-MLU48172833705_112021-O.webp\",\"width\":366,\"height\":500,\"caption\":\"SELLOS PARA GRABAR - NATURALEZA\"},{\"@type\":\"BreadcrumbList\",\"@id\":\"https:\\\/\\\/tijuana.com.uy\\\/?product=sellos-para-grabar-naturaleza#breadcrumb\",\"itemListElement\":[{\"@type\":\"ListItem\",\"position\":1,\"name\":\"Inicio\",\"item\":\"https:\\\/\\\/tijuana.com.uy\\\/\"},{\"@type\":\"ListItem\",\"position\":2,\"name\":\"Todos nuestros productos\",\"item\":\"https:\\\/\\\/tijuana.com.uy\\\/?page_id=365\"},{\"@type\":\"ListItem\",\"position\":3,\"name\":\"SELLOS PARA GRABAR &#8211; NATURALEZA\"}]},{\"@type\":\"WebSite\",\"@id\":\"https:\\\/\\\/tijuana.com.uy\\\/#website\",\"url\":\"https:\\\/\\\/tijuana.com.uy\\\/\",\"name\":\"Tijuana\",\"description\":\"Ecommerce Tijuana\",\"potentialAction\":[{\"@type\":\"SearchAction\",\"target\":{\"@type\":\"EntryPoint\",\"urlTemplate\":\"https:\\\/\\\/tijuana.com.uy\\\/?s={search_term_string}\"},\"query-input\":{\"@type\":\"PropertyValueSpecification\",\"valueRequired\":true,\"valueName\":\"search_term_string\"}}],\"inLanguage\":\"es\"}]}<\/script>\n<!-- \/ Yoast SEO plugin. -->","yoast_head_json":{"title":"SELLOS PARA GRABAR - NATURALEZA - Tijuana","description":"\u00a1Hacer grabados requiere de mucha precisi\u00f3n y paciencia, sobre todo cuando deber\u00e1s ser t\u00fa quien talle las gomas con las herramientas contenidas en este set. No te preocupes!","robots":{"index":"index","follow":"follow","max-snippet":"max-snippet:-1","max-image-preview":"max-image-preview:large","max-video-preview":"max-video-preview:-1"},"canonical":"https:\/\/tijuana.com.uy\/?product=sellos-para-grabar-naturaleza","og_locale":"es_ES","og_type":"article","og_title":"SELLOS PARA GRABAR - NATURALEZA - Tijuana","og_description":"\u00a1Hacer grabados requiere de mucha precisi\u00f3n y paciencia, sobre todo cuando deber\u00e1s ser t\u00fa quien talle las gomas con las herramientas contenidas en este set. No te preocupes!","og_url":"https:\/\/tijuana.com.uy\/?product=sellos-para-grabar-naturaleza","og_site_name":"Tijuana","article_modified_time":"2022-09-27T21:13:45+00:00","og_image":[{"width":366,"height":500,"url":"https:\/\/tijuana.com.uy\/wp-content\/uploads\/2022\/08\/D_NQ_NP_652717-MLU48172833705_112021-O.webp","type":"image\/webp"}],"twitter_card":"summary_large_image","schema":{"@context":"https:\/\/schema.org","@graph":[{"@type":"WebPage","@id":"https:\/\/tijuana.com.uy\/?product=sellos-para-grabar-naturaleza","url":"https:\/\/tijuana.com.uy\/?product=sellos-para-grabar-naturaleza","name":"SELLOS PARA GRABAR - NATURALEZA - Tijuana","isPartOf":{"@id":"https:\/\/tijuana.com.uy\/#website"},"primaryImageOfPage":{"@id":"https:\/\/tijuana.com.uy\/?product=sellos-para-grabar-naturaleza#primaryimage"},"image":{"@id":"https:\/\/tijuana.com.uy\/?product=sellos-para-grabar-naturaleza#primaryimage"},"thumbnailUrl":"https:\/\/tijuana.com.uy\/wp-content\/uploads\/2022\/08\/D_NQ_NP_652717-MLU48172833705_112021-O.webp","datePublished":"2022-08-05T04:59:32+00:00","dateModified":"2022-09-27T21:13:45+00:00","description":"\u00a1Hacer grabados requiere de mucha precisi\u00f3n y paciencia, sobre todo cuando deber\u00e1s ser t\u00fa quien talle las gomas con las herramientas contenidas en este set. No te preocupes!","breadcrumb":{"@id":"https:\/\/tijuana.com.uy\/?product=sellos-para-grabar-naturaleza#breadcrumb"},"inLanguage":"es","potentialAction":[{"@type":"ReadAction","target":["https:\/\/tijuana.com.uy\/?product=sellos-para-grabar-naturaleza"]}]},{"@type":"ImageObject","inLanguage":"es","@id":"https:\/\/tijuana.com.uy\/?product=sellos-para-grabar-naturaleza#primaryimage","url":"https:\/\/tijuana.com.uy\/wp-content\/uploads\/2022\/08\/D_NQ_NP_652717-MLU48172833705_112021-O.webp","contentUrl":"https:\/\/tijuana.com.uy\/wp-content\/uploads\/2022\/08\/D_NQ_NP_652717-MLU48172833705_112021-O.webp","width":366,"height":500,"caption":"SELLOS PARA GRABAR - NATURALEZA"},{"@type":"BreadcrumbList","@id":"https:\/\/tijuana.com.uy\/?product=sellos-para-grabar-naturaleza#breadcrumb","itemListElement":[{"@type":"ListItem","position":1,"name":"Inicio","item":"https:\/\/tijuana.com.uy\/"},{"@type":"ListItem","position":2,"name":"Todos nuestros productos","item":"https:\/\/tijuana.com.uy\/?page_id=365"},{"@type":"ListItem","position":3,"name":"SELLOS PARA GRABAR &#8211; NATURALEZA"}]},{"@type":"WebSite","@id":"https:\/\/tijuana.com.uy\/#website","url":"https:\/\/tijuana.com.uy\/","name":"Tijuana","description":"Ecommerce Tijuana","potentialAction":[{"@type":"SearchAction","target":{"@type":"EntryPoint","urlTemplate":"https:\/\/tijuana.com.uy\/?s={search_term_string}"},"query-input":{"@type":"PropertyValueSpecification","valueRequired":true,"valueName":"search_term_string"}}],"inLanguage":"es"}]}},"_links":{"self":[{"href":"https:\/\/tijuana.com.uy\/index.php?rest_route=\/wp\/v2\/product\/2109","targetHints":{"allow":["GET"]}}],"collection":[{"href":"https:\/\/tijuana.com.uy\/index.php?rest_route=\/wp\/v2\/product"}],"about":[{"href":"https:\/\/tijuana.com.uy\/index.php?rest_route=\/wp\/v2\/types\/product"}],"wp:featuredmedia":[{"embeddable":true,"href":"https:\/\/tijuana.com.uy\/index.php?rest_route=\/wp\/v2\/media\/2286"}],"wp:attachment":[{"href":"https:\/\/tijuana.com.uy\/index.php?rest_route=%2Fwp%2Fv2%2Fmedia&parent=2109"}],"wp:term":[{"taxonomy":"product_brand","embeddable":true,"href":"https:\/\/tijuana.com.uy\/index.php?rest_route=%2Fwp%2Fv2%2Fproduct_brand&post=2109"},{"taxonomy":"product_cat","embeddable":true,"href":"https:\/\/tijuana.com.uy\/index.php?rest_route=%2Fwp%2Fv2%2Fproduct_cat&post=2109"},{"taxonomy":"product_tag","embeddable":true,"href":"https:\/\/tijuana.com.uy\/index.php?rest_route=%2Fwp%2Fv2%2Fproduct_tag&post=2109"}],"curies":[{"name":"wp","href":"https:\/\/api.w.org\/{rel}","templated":true}]}}