{"id":2115,"date":"2022-08-05T04:59:55","date_gmt":"2022-08-05T04:59:55","guid":{"rendered":"https:\/\/tijuana.com.uy\/index.php\/producto\/arenas-coloreadas-luces-de-mar\/"},"modified":"2022-09-06T18:52:08","modified_gmt":"2022-09-06T18:52:08","slug":"arenas-coloreadas-luces-de-mar","status":"publish","type":"product","link":"https:\/\/tijuana.com.uy\/?product=arenas-coloreadas-luces-de-mar","title":{"rendered":"ARENA DE COLORES &#8211; LUCES DE MAR"},"content":{"rendered":"<p>Decora las 4 ilustraciones de tem\u00e1tica submarina con brillo en la arena de color oscuro.<\/p>\n<p>Zamb\u00fallete bajo el agua, \u00bfqu\u00e9 crees que ver\u00edas?<\/p>\n<p>Este fant\u00e1stico set explora un mundo de criaturas submarinas mientras decoras 4 ilustraciones con arenas tintadas y fluorescentes.<\/p>\n<p>Primero coloque la obra en la caja, exponga las \u00e1reas pre-pegadas con la herramienta suministrada y luego roc\u00edelas con arena siguiendo el c\u00f3digo de color indicado en el folleto.<\/p>\n<p>Una vez revelados los dise\u00f1os, qu\u00e9 sorpresa al caer la noche: \u00a1las ilustraciones cobran vida en la oscuridad!<\/p>\n<p>La caja de embalaje est\u00e1 inteligentemente dise\u00f1ada con un peque\u00f1o orificio donde se puede verter el exceso de arena en las macetas de amplia apertura.<\/p>\n<p>Contenido: 4 cartulinas parcialmente ilustradas y pre-pegadas (20 x 20 cm), 12 botes de arena de colores, 6 de ellos fluorescentes, 1 herramienta de pl\u00e1stico, 1 librillo con explicaciones paso a paso en color.<\/p>\n<p>Dise\u00f1ado por Philip Giordano.<\/p>\n<p><strong>Edad:<\/strong>\u00a05 a 8 a\u00f1os.<\/p>\n<p><strong>Tama\u00f1o:<\/strong>\u00a023 cm. x 23 cm. 4 cm.<\/p>\n","protected":false},"excerpt":{"rendered":"<p>Decora las 4 ilustraciones de tem\u00e1tica submarina con brillo en la arena de color oscuro. Zamb\u00fallete bajo el agua, \u00bfqu\u00e9 crees que ver\u00edas? Este fant\u00e1stico set explora un mundo de criaturas submarinas mientras decoras 4 ilustraciones con arenas tintadas y fluorescentes. Primero coloque la obra en la caja, exponga las \u00e1reas pre-pegadas con la herramienta [&hellip;]<\/p>\n","protected":false},"featured_media":2226,"template":"","meta":[],"product_brand":[],"product_cat":[26],"product_tag":[67,66,34],"class_list":{"0":"post-2115","1":"product","2":"type-product","3":"status-publish","4":"has-post-thumbnail","6":"product_cat-jugueteria","7":"product_tag-7anos","8":"product_tag-5-6anos","9":"product_tag-djeco","11":"first","12":"instock","13":"taxable","14":"shipping-taxable","15":"purchasable","16":"product-type-simple"},"yoast_head":"<!-- This site is optimized with the Yoast SEO plugin v27.5 - https:\/\/yoast.com\/product\/yoast-seo-wordpress\/ -->\n<title>ARENA DE COLORES - LUCES DE MAR - Tijuana<\/title>\n<meta name=\"description\" content=\"Decora las 4 ilustraciones de tem\u00e1tica submarina con brillo en la arena de color oscuro.\" \/>\n<meta name=\"robots\" content=\"index, follow, max-snippet:-1, max-image-preview:large, max-video-preview:-1\" \/>\n<link rel=\"canonical\" href=\"https:\/\/tijuana.com.uy\/?product=arenas-coloreadas-luces-de-mar\" \/>\n<meta property=\"og:locale\" content=\"es_ES\" \/>\n<meta property=\"og:type\" content=\"article\" \/>\n<meta property=\"og:title\" content=\"ARENA DE COLORES - LUCES DE MAR - Tijuana\" \/>\n<meta property=\"og:description\" content=\"Decora las 4 ilustraciones de tem\u00e1tica submarina con brillo en la arena de color oscuro.\" \/>\n<meta property=\"og:url\" content=\"https:\/\/tijuana.com.uy\/?product=arenas-coloreadas-luces-de-mar\" \/>\n<meta property=\"og:site_name\" content=\"Tijuana\" \/>\n<meta property=\"article:modified_time\" content=\"2022-09-06T18:52:08+00:00\" \/>\n<meta property=\"og:image\" content=\"https:\/\/tijuana.com.uy\/wp-content\/uploads\/2022\/08\/design-by-arte-y-manualidades-arenas-coloreadas-luces-de-mar-dj08679-32010877272239.webp\" \/>\n\t<meta property=\"og:image:width\" content=\"1024\" \/>\n\t<meta property=\"og:image:height\" content=\"1024\" \/>\n\t<meta property=\"og:image:type\" content=\"image\/webp\" \/>\n<meta name=\"twitter:card\" content=\"summary_large_image\" \/>\n<meta name=\"twitter:label1\" content=\"Tiempo de lectura\" \/>\n\t<meta name=\"twitter:data1\" content=\"1 minuto\" \/>\n<script type=\"application\/ld+json\" class=\"yoast-schema-graph\">{\"@context\":\"https:\\\/\\\/schema.org\",\"@graph\":[{\"@type\":\"WebPage\",\"@id\":\"https:\\\/\\\/tijuana.com.uy\\\/?product=arenas-coloreadas-luces-de-mar\",\"url\":\"https:\\\/\\\/tijuana.com.uy\\\/?product=arenas-coloreadas-luces-de-mar\",\"name\":\"ARENA DE COLORES - LUCES DE MAR - Tijuana\",\"isPartOf\":{\"@id\":\"https:\\\/\\\/tijuana.com.uy\\\/#website\"},\"primaryImageOfPage\":{\"@id\":\"https:\\\/\\\/tijuana.com.uy\\\/?product=arenas-coloreadas-luces-de-mar#primaryimage\"},\"image\":{\"@id\":\"https:\\\/\\\/tijuana.com.uy\\\/?product=arenas-coloreadas-luces-de-mar#primaryimage\"},\"thumbnailUrl\":\"https:\\\/\\\/tijuana.com.uy\\\/wp-content\\\/uploads\\\/2022\\\/08\\\/design-by-arte-y-manualidades-arenas-coloreadas-luces-de-mar-dj08679-32010877272239.webp\",\"datePublished\":\"2022-08-05T04:59:55+00:00\",\"dateModified\":\"2022-09-06T18:52:08+00:00\",\"description\":\"Decora las 4 ilustraciones de tem\u00e1tica submarina con brillo en la arena de color oscuro.\",\"breadcrumb\":{\"@id\":\"https:\\\/\\\/tijuana.com.uy\\\/?product=arenas-coloreadas-luces-de-mar#breadcrumb\"},\"inLanguage\":\"es\",\"potentialAction\":[{\"@type\":\"ReadAction\",\"target\":[\"https:\\\/\\\/tijuana.com.uy\\\/?product=arenas-coloreadas-luces-de-mar\"]}]},{\"@type\":\"ImageObject\",\"inLanguage\":\"es\",\"@id\":\"https:\\\/\\\/tijuana.com.uy\\\/?product=arenas-coloreadas-luces-de-mar#primaryimage\",\"url\":\"https:\\\/\\\/tijuana.com.uy\\\/wp-content\\\/uploads\\\/2022\\\/08\\\/design-by-arte-y-manualidades-arenas-coloreadas-luces-de-mar-dj08679-32010877272239.webp\",\"contentUrl\":\"https:\\\/\\\/tijuana.com.uy\\\/wp-content\\\/uploads\\\/2022\\\/08\\\/design-by-arte-y-manualidades-arenas-coloreadas-luces-de-mar-dj08679-32010877272239.webp\",\"width\":1024,\"height\":1024,\"caption\":\"ARENAS DE COLORES\"},{\"@type\":\"BreadcrumbList\",\"@id\":\"https:\\\/\\\/tijuana.com.uy\\\/?product=arenas-coloreadas-luces-de-mar#breadcrumb\",\"itemListElement\":[{\"@type\":\"ListItem\",\"position\":1,\"name\":\"Inicio\",\"item\":\"https:\\\/\\\/tijuana.com.uy\\\/\"},{\"@type\":\"ListItem\",\"position\":2,\"name\":\"Todos nuestros productos\",\"item\":\"https:\\\/\\\/tijuana.com.uy\\\/?page_id=365\"},{\"@type\":\"ListItem\",\"position\":3,\"name\":\"ARENA DE COLORES &#8211; LUCES DE MAR\"}]},{\"@type\":\"WebSite\",\"@id\":\"https:\\\/\\\/tijuana.com.uy\\\/#website\",\"url\":\"https:\\\/\\\/tijuana.com.uy\\\/\",\"name\":\"Tijuana\",\"description\":\"Ecommerce Tijuana\",\"potentialAction\":[{\"@type\":\"SearchAction\",\"target\":{\"@type\":\"EntryPoint\",\"urlTemplate\":\"https:\\\/\\\/tijuana.com.uy\\\/?s={search_term_string}\"},\"query-input\":{\"@type\":\"PropertyValueSpecification\",\"valueRequired\":true,\"valueName\":\"search_term_string\"}}],\"inLanguage\":\"es\"}]}<\/script>\n<!-- \/ Yoast SEO plugin. -->","yoast_head_json":{"title":"ARENA DE COLORES - LUCES DE MAR - Tijuana","description":"Decora las 4 ilustraciones de tem\u00e1tica submarina con brillo en la arena de color oscuro.","robots":{"index":"index","follow":"follow","max-snippet":"max-snippet:-1","max-image-preview":"max-image-preview:large","max-video-preview":"max-video-preview:-1"},"canonical":"https:\/\/tijuana.com.uy\/?product=arenas-coloreadas-luces-de-mar","og_locale":"es_ES","og_type":"article","og_title":"ARENA DE COLORES - LUCES DE MAR - Tijuana","og_description":"Decora las 4 ilustraciones de tem\u00e1tica submarina con brillo en la arena de color oscuro.","og_url":"https:\/\/tijuana.com.uy\/?product=arenas-coloreadas-luces-de-mar","og_site_name":"Tijuana","article_modified_time":"2022-09-06T18:52:08+00:00","og_image":[{"width":1024,"height":1024,"url":"https:\/\/tijuana.com.uy\/wp-content\/uploads\/2022\/08\/design-by-arte-y-manualidades-arenas-coloreadas-luces-de-mar-dj08679-32010877272239.webp","type":"image\/webp"}],"twitter_card":"summary_large_image","twitter_misc":{"Tiempo de lectura":"1 minuto"},"schema":{"@context":"https:\/\/schema.org","@graph":[{"@type":"WebPage","@id":"https:\/\/tijuana.com.uy\/?product=arenas-coloreadas-luces-de-mar","url":"https:\/\/tijuana.com.uy\/?product=arenas-coloreadas-luces-de-mar","name":"ARENA DE COLORES - LUCES DE MAR - Tijuana","isPartOf":{"@id":"https:\/\/tijuana.com.uy\/#website"},"primaryImageOfPage":{"@id":"https:\/\/tijuana.com.uy\/?product=arenas-coloreadas-luces-de-mar#primaryimage"},"image":{"@id":"https:\/\/tijuana.com.uy\/?product=arenas-coloreadas-luces-de-mar#primaryimage"},"thumbnailUrl":"https:\/\/tijuana.com.uy\/wp-content\/uploads\/2022\/08\/design-by-arte-y-manualidades-arenas-coloreadas-luces-de-mar-dj08679-32010877272239.webp","datePublished":"2022-08-05T04:59:55+00:00","dateModified":"2022-09-06T18:52:08+00:00","description":"Decora las 4 ilustraciones de tem\u00e1tica submarina con brillo en la arena de color oscuro.","breadcrumb":{"@id":"https:\/\/tijuana.com.uy\/?product=arenas-coloreadas-luces-de-mar#breadcrumb"},"inLanguage":"es","potentialAction":[{"@type":"ReadAction","target":["https:\/\/tijuana.com.uy\/?product=arenas-coloreadas-luces-de-mar"]}]},{"@type":"ImageObject","inLanguage":"es","@id":"https:\/\/tijuana.com.uy\/?product=arenas-coloreadas-luces-de-mar#primaryimage","url":"https:\/\/tijuana.com.uy\/wp-content\/uploads\/2022\/08\/design-by-arte-y-manualidades-arenas-coloreadas-luces-de-mar-dj08679-32010877272239.webp","contentUrl":"https:\/\/tijuana.com.uy\/wp-content\/uploads\/2022\/08\/design-by-arte-y-manualidades-arenas-coloreadas-luces-de-mar-dj08679-32010877272239.webp","width":1024,"height":1024,"caption":"ARENAS DE COLORES"},{"@type":"BreadcrumbList","@id":"https:\/\/tijuana.com.uy\/?product=arenas-coloreadas-luces-de-mar#breadcrumb","itemListElement":[{"@type":"ListItem","position":1,"name":"Inicio","item":"https:\/\/tijuana.com.uy\/"},{"@type":"ListItem","position":2,"name":"Todos nuestros productos","item":"https:\/\/tijuana.com.uy\/?page_id=365"},{"@type":"ListItem","position":3,"name":"ARENA DE COLORES &#8211; LUCES DE MAR"}]},{"@type":"WebSite","@id":"https:\/\/tijuana.com.uy\/#website","url":"https:\/\/tijuana.com.uy\/","name":"Tijuana","description":"Ecommerce Tijuana","potentialAction":[{"@type":"SearchAction","target":{"@type":"EntryPoint","urlTemplate":"https:\/\/tijuana.com.uy\/?s={search_term_string}"},"query-input":{"@type":"PropertyValueSpecification","valueRequired":true,"valueName":"search_term_string"}}],"inLanguage":"es"}]}},"_links":{"self":[{"href":"https:\/\/tijuana.com.uy\/index.php?rest_route=\/wp\/v2\/product\/2115","targetHints":{"allow":["GET"]}}],"collection":[{"href":"https:\/\/tijuana.com.uy\/index.php?rest_route=\/wp\/v2\/product"}],"about":[{"href":"https:\/\/tijuana.com.uy\/index.php?rest_route=\/wp\/v2\/types\/product"}],"wp:featuredmedia":[{"embeddable":true,"href":"https:\/\/tijuana.com.uy\/index.php?rest_route=\/wp\/v2\/media\/2226"}],"wp:attachment":[{"href":"https:\/\/tijuana.com.uy\/index.php?rest_route=%2Fwp%2Fv2%2Fmedia&parent=2115"}],"wp:term":[{"taxonomy":"product_brand","embeddable":true,"href":"https:\/\/tijuana.com.uy\/index.php?rest_route=%2Fwp%2Fv2%2Fproduct_brand&post=2115"},{"taxonomy":"product_cat","embeddable":true,"href":"https:\/\/tijuana.com.uy\/index.php?rest_route=%2Fwp%2Fv2%2Fproduct_cat&post=2115"},{"taxonomy":"product_tag","embeddable":true,"href":"https:\/\/tijuana.com.uy\/index.php?rest_route=%2Fwp%2Fv2%2Fproduct_tag&post=2115"}],"curies":[{"name":"wp","href":"https:\/\/api.w.org\/{rel}","templated":true}]}}