{"id":2119,"date":"2022-08-05T05:00:17","date_gmt":"2022-08-05T08:00:17","guid":{"rendered":"https:\/\/tijuana.com.uy\/index.php\/producto\/cuadros-para-metalizar-jursico\/"},"modified":"2023-05-12T16:56:49","modified_gmt":"2023-05-12T19:56:49","slug":"cuadros-para-metalizar-jursico","status":"publish","type":"product","link":"https:\/\/tijuana.com.uy\/?product=cuadros-para-metalizar-jursico","title":{"rendered":"CUADROS PARA METALIZAR &#8211; JUR\u00c1SICO"},"content":{"rendered":"<p>Los cuadros para metalizar son una manualidad de Djeco m\u00e1gica y f\u00e1cil de realizar con cuatro ilustraciones de dinosaurios que se iluminan con los brillos de las hojas de metal.<\/p>\n<p>Con una peque\u00f1a herramienta levantamos las partes pre-encoladas siguiendo las instrucciones. Sobre estas partes aplicamos el papel metalizado. As\u00ed, poco a poco las ilustraciones van adquiriendo vida y un brillo muy especial.<br \/>\nContenido:<br \/>\n&#8211; 4 l\u00e1minas<br \/>\n&#8211; 15 hojas de papel metalizado y una herramienta de trabajo.<br \/>\n&#8211; Libro a todo color con los distintos pasos a seguir.<\/p>\n<p>A partir de 6 a\u00f1os.<\/p>\n","protected":false},"excerpt":{"rendered":"<p>Los cuadros para metalizar son una manualidad de Djeco m\u00e1gica y f\u00e1cil de realizar con cuatro ilustraciones de dinosaurios que se iluminan con los brillos de las hojas de metal. Con una peque\u00f1a herramienta levantamos las partes pre-encoladas siguiendo las instrucciones. Sobre estas partes aplicamos el papel metalizado. As\u00ed, poco a poco las ilustraciones van [&hellip;]<\/p>\n","protected":false},"featured_media":2238,"template":"","meta":[],"product_brand":[],"product_cat":[26],"product_tag":[67,66,34],"class_list":{"0":"post-2119","1":"product","2":"type-product","3":"status-publish","4":"has-post-thumbnail","6":"product_cat-jugueteria","7":"product_tag-7anos","8":"product_tag-5-6anos","9":"product_tag-djeco","11":"first","12":"outofstock","13":"taxable","14":"shipping-taxable","15":"purchasable","16":"product-type-simple"},"yoast_head":"<!-- This site is optimized with the Yoast SEO plugin v27.5 - https:\/\/yoast.com\/product\/yoast-seo-wordpress\/ -->\n<title>CUADROS PARA METALIZAR - JUR\u00c1SICO - Tijuana<\/title>\n<meta name=\"description\" content=\"Los cuadros para metalizar son una manualidad de Djeco m\u00e1gica y f\u00e1cil realizar con cuatro ilustraciones de dinosaurios que se iluminan con los brillos de las hojas de metal.\" \/>\n<meta name=\"robots\" content=\"index, follow, max-snippet:-1, max-image-preview:large, max-video-preview:-1\" \/>\n<link rel=\"canonical\" href=\"https:\/\/tijuana.com.uy\/?product=cuadros-para-metalizar-jursico\" \/>\n<meta property=\"og:locale\" content=\"es_ES\" \/>\n<meta property=\"og:type\" content=\"article\" \/>\n<meta property=\"og:title\" content=\"CUADROS PARA METALIZAR - JUR\u00c1SICO - Tijuana\" \/>\n<meta property=\"og:description\" content=\"Los cuadros para metalizar son una manualidad de Djeco m\u00e1gica y f\u00e1cil realizar con cuatro ilustraciones de dinosaurios que se iluminan con los brillos de las hojas de metal.\" \/>\n<meta property=\"og:url\" content=\"https:\/\/tijuana.com.uy\/?product=cuadros-para-metalizar-jursico\" \/>\n<meta property=\"og:site_name\" content=\"Tijuana\" \/>\n<meta property=\"article:modified_time\" content=\"2023-05-12T19:56:49+00:00\" \/>\n<meta property=\"og:image\" content=\"https:\/\/tijuana.com.uy\/wp-content\/uploads\/2022\/08\/EAN_3070900095182-5.jpg\" \/>\n\t<meta property=\"og:image:width\" content=\"1000\" \/>\n\t<meta property=\"og:image:height\" content=\"1000\" \/>\n\t<meta property=\"og:image:type\" content=\"image\/jpeg\" \/>\n<meta name=\"twitter:card\" content=\"summary_large_image\" \/>\n<meta name=\"twitter:label1\" content=\"Tiempo de lectura\" \/>\n\t<meta name=\"twitter:data1\" content=\"1 minuto\" \/>\n<script type=\"application\/ld+json\" class=\"yoast-schema-graph\">{\"@context\":\"https:\\\/\\\/schema.org\",\"@graph\":[{\"@type\":\"WebPage\",\"@id\":\"https:\\\/\\\/tijuana.com.uy\\\/?product=cuadros-para-metalizar-jursico\",\"url\":\"https:\\\/\\\/tijuana.com.uy\\\/?product=cuadros-para-metalizar-jursico\",\"name\":\"CUADROS PARA METALIZAR - JUR\u00c1SICO - Tijuana\",\"isPartOf\":{\"@id\":\"https:\\\/\\\/tijuana.com.uy\\\/#website\"},\"primaryImageOfPage\":{\"@id\":\"https:\\\/\\\/tijuana.com.uy\\\/?product=cuadros-para-metalizar-jursico#primaryimage\"},\"image\":{\"@id\":\"https:\\\/\\\/tijuana.com.uy\\\/?product=cuadros-para-metalizar-jursico#primaryimage\"},\"thumbnailUrl\":\"https:\\\/\\\/tijuana.com.uy\\\/wp-content\\\/uploads\\\/2022\\\/08\\\/EAN_3070900095182-5.jpg\",\"datePublished\":\"2022-08-05T08:00:17+00:00\",\"dateModified\":\"2023-05-12T19:56:49+00:00\",\"description\":\"Los cuadros para metalizar son una manualidad de Djeco m\u00e1gica y f\u00e1cil realizar con cuatro ilustraciones de dinosaurios que se iluminan con los brillos de las hojas de metal.\",\"breadcrumb\":{\"@id\":\"https:\\\/\\\/tijuana.com.uy\\\/?product=cuadros-para-metalizar-jursico#breadcrumb\"},\"inLanguage\":\"es\",\"potentialAction\":[{\"@type\":\"ReadAction\",\"target\":[\"https:\\\/\\\/tijuana.com.uy\\\/?product=cuadros-para-metalizar-jursico\"]}]},{\"@type\":\"ImageObject\",\"inLanguage\":\"es\",\"@id\":\"https:\\\/\\\/tijuana.com.uy\\\/?product=cuadros-para-metalizar-jursico#primaryimage\",\"url\":\"https:\\\/\\\/tijuana.com.uy\\\/wp-content\\\/uploads\\\/2022\\\/08\\\/EAN_3070900095182-5.jpg\",\"contentUrl\":\"https:\\\/\\\/tijuana.com.uy\\\/wp-content\\\/uploads\\\/2022\\\/08\\\/EAN_3070900095182-5.jpg\",\"width\":1000,\"height\":1000,\"caption\":\"CUADRO METALICO JURASICO\"},{\"@type\":\"BreadcrumbList\",\"@id\":\"https:\\\/\\\/tijuana.com.uy\\\/?product=cuadros-para-metalizar-jursico#breadcrumb\",\"itemListElement\":[{\"@type\":\"ListItem\",\"position\":1,\"name\":\"Inicio\",\"item\":\"https:\\\/\\\/tijuana.com.uy\\\/\"},{\"@type\":\"ListItem\",\"position\":2,\"name\":\"Todos nuestros productos\",\"item\":\"https:\\\/\\\/tijuana.com.uy\\\/?page_id=365\"},{\"@type\":\"ListItem\",\"position\":3,\"name\":\"CUADROS PARA METALIZAR &#8211; JUR\u00c1SICO\"}]},{\"@type\":\"WebSite\",\"@id\":\"https:\\\/\\\/tijuana.com.uy\\\/#website\",\"url\":\"https:\\\/\\\/tijuana.com.uy\\\/\",\"name\":\"Tijuana\",\"description\":\"Ecommerce Tijuana\",\"potentialAction\":[{\"@type\":\"SearchAction\",\"target\":{\"@type\":\"EntryPoint\",\"urlTemplate\":\"https:\\\/\\\/tijuana.com.uy\\\/?s={search_term_string}\"},\"query-input\":{\"@type\":\"PropertyValueSpecification\",\"valueRequired\":true,\"valueName\":\"search_term_string\"}}],\"inLanguage\":\"es\"}]}<\/script>\n<!-- \/ Yoast SEO plugin. -->","yoast_head_json":{"title":"CUADROS PARA METALIZAR - JUR\u00c1SICO - Tijuana","description":"Los cuadros para metalizar son una manualidad de Djeco m\u00e1gica y f\u00e1cil realizar con cuatro ilustraciones de dinosaurios que se iluminan con los brillos de las hojas de metal.","robots":{"index":"index","follow":"follow","max-snippet":"max-snippet:-1","max-image-preview":"max-image-preview:large","max-video-preview":"max-video-preview:-1"},"canonical":"https:\/\/tijuana.com.uy\/?product=cuadros-para-metalizar-jursico","og_locale":"es_ES","og_type":"article","og_title":"CUADROS PARA METALIZAR - JUR\u00c1SICO - Tijuana","og_description":"Los cuadros para metalizar son una manualidad de Djeco m\u00e1gica y f\u00e1cil realizar con cuatro ilustraciones de dinosaurios que se iluminan con los brillos de las hojas de metal.","og_url":"https:\/\/tijuana.com.uy\/?product=cuadros-para-metalizar-jursico","og_site_name":"Tijuana","article_modified_time":"2023-05-12T19:56:49+00:00","og_image":[{"width":1000,"height":1000,"url":"https:\/\/tijuana.com.uy\/wp-content\/uploads\/2022\/08\/EAN_3070900095182-5.jpg","type":"image\/jpeg"}],"twitter_card":"summary_large_image","twitter_misc":{"Tiempo de lectura":"1 minuto"},"schema":{"@context":"https:\/\/schema.org","@graph":[{"@type":"WebPage","@id":"https:\/\/tijuana.com.uy\/?product=cuadros-para-metalizar-jursico","url":"https:\/\/tijuana.com.uy\/?product=cuadros-para-metalizar-jursico","name":"CUADROS PARA METALIZAR - JUR\u00c1SICO - Tijuana","isPartOf":{"@id":"https:\/\/tijuana.com.uy\/#website"},"primaryImageOfPage":{"@id":"https:\/\/tijuana.com.uy\/?product=cuadros-para-metalizar-jursico#primaryimage"},"image":{"@id":"https:\/\/tijuana.com.uy\/?product=cuadros-para-metalizar-jursico#primaryimage"},"thumbnailUrl":"https:\/\/tijuana.com.uy\/wp-content\/uploads\/2022\/08\/EAN_3070900095182-5.jpg","datePublished":"2022-08-05T08:00:17+00:00","dateModified":"2023-05-12T19:56:49+00:00","description":"Los cuadros para metalizar son una manualidad de Djeco m\u00e1gica y f\u00e1cil realizar con cuatro ilustraciones de dinosaurios que se iluminan con los brillos de las hojas de metal.","breadcrumb":{"@id":"https:\/\/tijuana.com.uy\/?product=cuadros-para-metalizar-jursico#breadcrumb"},"inLanguage":"es","potentialAction":[{"@type":"ReadAction","target":["https:\/\/tijuana.com.uy\/?product=cuadros-para-metalizar-jursico"]}]},{"@type":"ImageObject","inLanguage":"es","@id":"https:\/\/tijuana.com.uy\/?product=cuadros-para-metalizar-jursico#primaryimage","url":"https:\/\/tijuana.com.uy\/wp-content\/uploads\/2022\/08\/EAN_3070900095182-5.jpg","contentUrl":"https:\/\/tijuana.com.uy\/wp-content\/uploads\/2022\/08\/EAN_3070900095182-5.jpg","width":1000,"height":1000,"caption":"CUADRO METALICO JURASICO"},{"@type":"BreadcrumbList","@id":"https:\/\/tijuana.com.uy\/?product=cuadros-para-metalizar-jursico#breadcrumb","itemListElement":[{"@type":"ListItem","position":1,"name":"Inicio","item":"https:\/\/tijuana.com.uy\/"},{"@type":"ListItem","position":2,"name":"Todos nuestros productos","item":"https:\/\/tijuana.com.uy\/?page_id=365"},{"@type":"ListItem","position":3,"name":"CUADROS PARA METALIZAR &#8211; JUR\u00c1SICO"}]},{"@type":"WebSite","@id":"https:\/\/tijuana.com.uy\/#website","url":"https:\/\/tijuana.com.uy\/","name":"Tijuana","description":"Ecommerce Tijuana","potentialAction":[{"@type":"SearchAction","target":{"@type":"EntryPoint","urlTemplate":"https:\/\/tijuana.com.uy\/?s={search_term_string}"},"query-input":{"@type":"PropertyValueSpecification","valueRequired":true,"valueName":"search_term_string"}}],"inLanguage":"es"}]}},"_links":{"self":[{"href":"https:\/\/tijuana.com.uy\/index.php?rest_route=\/wp\/v2\/product\/2119","targetHints":{"allow":["GET"]}}],"collection":[{"href":"https:\/\/tijuana.com.uy\/index.php?rest_route=\/wp\/v2\/product"}],"about":[{"href":"https:\/\/tijuana.com.uy\/index.php?rest_route=\/wp\/v2\/types\/product"}],"wp:featuredmedia":[{"embeddable":true,"href":"https:\/\/tijuana.com.uy\/index.php?rest_route=\/wp\/v2\/media\/2238"}],"wp:attachment":[{"href":"https:\/\/tijuana.com.uy\/index.php?rest_route=%2Fwp%2Fv2%2Fmedia&parent=2119"}],"wp:term":[{"taxonomy":"product_brand","embeddable":true,"href":"https:\/\/tijuana.com.uy\/index.php?rest_route=%2Fwp%2Fv2%2Fproduct_brand&post=2119"},{"taxonomy":"product_cat","embeddable":true,"href":"https:\/\/tijuana.com.uy\/index.php?rest_route=%2Fwp%2Fv2%2Fproduct_cat&post=2119"},{"taxonomy":"product_tag","embeddable":true,"href":"https:\/\/tijuana.com.uy\/index.php?rest_route=%2Fwp%2Fv2%2Fproduct_tag&post=2119"}],"curies":[{"name":"wp","href":"https:\/\/api.w.org\/{rel}","templated":true}]}}