{"id":2120,"date":"2022-08-05T05:00:26","date_gmt":"2022-08-05T05:00:26","guid":{"rendered":"https:\/\/tijuana.com.uy\/index.php\/producto\/cuadros-para-metalizar-los-vikingos\/"},"modified":"2022-09-13T14:41:34","modified_gmt":"2022-09-13T14:41:34","slug":"cuadros-para-metalizar-los-vikingos","status":"publish","type":"product","link":"https:\/\/tijuana.com.uy\/?product=cuadros-para-metalizar-los-vikingos","title":{"rendered":"CUADRO PARA METALIZAR &#8211; LOS VIKINGOS"},"content":{"rendered":"<p>Cuadro para metalizar papel m\u00e1gico con purpurina Los vikingos.<\/p>\n<p>Una actividad muy divertida para los ni\u00f1os, deben con una peque\u00f1a herramienta despegar algunas zonas de la imagen.<\/p>\n<p>Bajo estas hay partes adhesivas, se aplica el papel metalizado, por lo que en estas zonas, las im\u00e1genes se iluminan.<\/p>\n<p>Incluye: 4 tarjetas encoladas, 15 hojas metalizadas en varios colores, herramienta, instrucciones.<\/p>\n<p><strong>Edad:<\/strong>\u00a07 a 13 a\u00f1os.<\/p>\n<p><strong>Tama\u00f1o:<\/strong>\u00a06 cm. x 23 cm, x 4 cm.<\/p>\n","protected":false},"excerpt":{"rendered":"<p>Cuadro para metalizar papel m\u00e1gico con purpurina Los vikingos. Una actividad muy divertida para los ni\u00f1os, deben con una peque\u00f1a herramienta despegar algunas zonas de la imagen. Bajo estas hay partes adhesivas, se aplica el papel metalizado, por lo que en estas zonas, las im\u00e1genes se iluminan. Incluye: 4 tarjetas encoladas, 15 hojas metalizadas en [&hellip;]<\/p>\n","protected":false},"featured_media":2233,"template":"","meta":[],"product_brand":[],"product_cat":[26],"product_tag":[67,34],"class_list":{"0":"post-2120","1":"product","2":"type-product","3":"status-publish","4":"has-post-thumbnail","6":"product_cat-jugueteria","7":"product_tag-7anos","8":"product_tag-djeco","10":"first","11":"instock","12":"taxable","13":"shipping-taxable","14":"purchasable","15":"product-type-simple"},"yoast_head":"<!-- This site is optimized with the Yoast SEO plugin v27.6 - https:\/\/yoast.com\/product\/yoast-seo-wordpress\/ -->\n<title>CUADRO PARA METALIZAR - LOS VIKINGOS - Tijuana<\/title>\n<meta name=\"description\" content=\"Cuadro para metalizar papel m\u00e1gico con purpurina Los vikingos.\" \/>\n<meta name=\"robots\" content=\"index, follow, max-snippet:-1, max-image-preview:large, max-video-preview:-1\" \/>\n<link rel=\"canonical\" href=\"https:\/\/tijuana.com.uy\/?product=cuadros-para-metalizar-los-vikingos\" \/>\n<meta property=\"og:locale\" content=\"es_ES\" \/>\n<meta property=\"og:type\" content=\"article\" \/>\n<meta property=\"og:title\" content=\"CUADRO PARA METALIZAR - LOS VIKINGOS - Tijuana\" \/>\n<meta property=\"og:description\" content=\"Cuadro para metalizar papel m\u00e1gico con purpurina Los vikingos.\" \/>\n<meta property=\"og:url\" content=\"https:\/\/tijuana.com.uy\/?product=cuadros-para-metalizar-los-vikingos\" \/>\n<meta property=\"og:site_name\" content=\"Tijuana\" \/>\n<meta property=\"article:modified_time\" content=\"2022-09-13T14:41:34+00:00\" \/>\n<meta property=\"og:image\" content=\"https:\/\/tijuana.com.uy\/wp-content\/uploads\/2022\/08\/djeco-cuadro-para-metalizar-djeco-cuadro-para-metalizar.webp\" \/>\n\t<meta property=\"og:image:width\" content=\"2000\" \/>\n\t<meta property=\"og:image:height\" content=\"2000\" \/>\n\t<meta property=\"og:image:type\" content=\"image\/webp\" \/>\n<meta name=\"twitter:card\" content=\"summary_large_image\" \/>\n<meta name=\"twitter:label1\" content=\"Tiempo de lectura\" \/>\n\t<meta name=\"twitter:data1\" content=\"1 minuto\" \/>\n<script type=\"application\/ld+json\" class=\"yoast-schema-graph\">{\"@context\":\"https:\\\/\\\/schema.org\",\"@graph\":[{\"@type\":\"WebPage\",\"@id\":\"https:\\\/\\\/tijuana.com.uy\\\/?product=cuadros-para-metalizar-los-vikingos\",\"url\":\"https:\\\/\\\/tijuana.com.uy\\\/?product=cuadros-para-metalizar-los-vikingos\",\"name\":\"CUADRO PARA METALIZAR - LOS VIKINGOS - Tijuana\",\"isPartOf\":{\"@id\":\"https:\\\/\\\/tijuana.com.uy\\\/#website\"},\"primaryImageOfPage\":{\"@id\":\"https:\\\/\\\/tijuana.com.uy\\\/?product=cuadros-para-metalizar-los-vikingos#primaryimage\"},\"image\":{\"@id\":\"https:\\\/\\\/tijuana.com.uy\\\/?product=cuadros-para-metalizar-los-vikingos#primaryimage\"},\"thumbnailUrl\":\"https:\\\/\\\/tijuana.com.uy\\\/wp-content\\\/uploads\\\/2022\\\/08\\\/djeco-cuadro-para-metalizar-djeco-cuadro-para-metalizar.webp\",\"datePublished\":\"2022-08-05T05:00:26+00:00\",\"dateModified\":\"2022-09-13T14:41:34+00:00\",\"description\":\"Cuadro para metalizar papel m\u00e1gico con purpurina Los vikingos.\",\"breadcrumb\":{\"@id\":\"https:\\\/\\\/tijuana.com.uy\\\/?product=cuadros-para-metalizar-los-vikingos#breadcrumb\"},\"inLanguage\":\"es\",\"potentialAction\":[{\"@type\":\"ReadAction\",\"target\":[\"https:\\\/\\\/tijuana.com.uy\\\/?product=cuadros-para-metalizar-los-vikingos\"]}]},{\"@type\":\"ImageObject\",\"inLanguage\":\"es\",\"@id\":\"https:\\\/\\\/tijuana.com.uy\\\/?product=cuadros-para-metalizar-los-vikingos#primaryimage\",\"url\":\"https:\\\/\\\/tijuana.com.uy\\\/wp-content\\\/uploads\\\/2022\\\/08\\\/djeco-cuadro-para-metalizar-djeco-cuadro-para-metalizar.webp\",\"contentUrl\":\"https:\\\/\\\/tijuana.com.uy\\\/wp-content\\\/uploads\\\/2022\\\/08\\\/djeco-cuadro-para-metalizar-djeco-cuadro-para-metalizar.webp\",\"width\":2000,\"height\":2000,\"caption\":\"cuadro metalizado vikingo\"},{\"@type\":\"BreadcrumbList\",\"@id\":\"https:\\\/\\\/tijuana.com.uy\\\/?product=cuadros-para-metalizar-los-vikingos#breadcrumb\",\"itemListElement\":[{\"@type\":\"ListItem\",\"position\":1,\"name\":\"Inicio\",\"item\":\"https:\\\/\\\/tijuana.com.uy\\\/\"},{\"@type\":\"ListItem\",\"position\":2,\"name\":\"Todos nuestros productos\",\"item\":\"https:\\\/\\\/tijuana.com.uy\\\/?page_id=365\"},{\"@type\":\"ListItem\",\"position\":3,\"name\":\"CUADRO PARA METALIZAR &#8211; LOS VIKINGOS\"}]},{\"@type\":\"WebSite\",\"@id\":\"https:\\\/\\\/tijuana.com.uy\\\/#website\",\"url\":\"https:\\\/\\\/tijuana.com.uy\\\/\",\"name\":\"Tijuana\",\"description\":\"Ecommerce Tijuana\",\"potentialAction\":[{\"@type\":\"SearchAction\",\"target\":{\"@type\":\"EntryPoint\",\"urlTemplate\":\"https:\\\/\\\/tijuana.com.uy\\\/?s={search_term_string}\"},\"query-input\":{\"@type\":\"PropertyValueSpecification\",\"valueRequired\":true,\"valueName\":\"search_term_string\"}}],\"inLanguage\":\"es\"}]}<\/script>\n<!-- \/ Yoast SEO plugin. -->","yoast_head_json":{"title":"CUADRO PARA METALIZAR - LOS VIKINGOS - Tijuana","description":"Cuadro para metalizar papel m\u00e1gico con purpurina Los vikingos.","robots":{"index":"index","follow":"follow","max-snippet":"max-snippet:-1","max-image-preview":"max-image-preview:large","max-video-preview":"max-video-preview:-1"},"canonical":"https:\/\/tijuana.com.uy\/?product=cuadros-para-metalizar-los-vikingos","og_locale":"es_ES","og_type":"article","og_title":"CUADRO PARA METALIZAR - LOS VIKINGOS - Tijuana","og_description":"Cuadro para metalizar papel m\u00e1gico con purpurina Los vikingos.","og_url":"https:\/\/tijuana.com.uy\/?product=cuadros-para-metalizar-los-vikingos","og_site_name":"Tijuana","article_modified_time":"2022-09-13T14:41:34+00:00","og_image":[{"width":2000,"height":2000,"url":"https:\/\/tijuana.com.uy\/wp-content\/uploads\/2022\/08\/djeco-cuadro-para-metalizar-djeco-cuadro-para-metalizar.webp","type":"image\/webp"}],"twitter_card":"summary_large_image","twitter_misc":{"Tiempo de lectura":"1 minuto"},"schema":{"@context":"https:\/\/schema.org","@graph":[{"@type":"WebPage","@id":"https:\/\/tijuana.com.uy\/?product=cuadros-para-metalizar-los-vikingos","url":"https:\/\/tijuana.com.uy\/?product=cuadros-para-metalizar-los-vikingos","name":"CUADRO PARA METALIZAR - LOS VIKINGOS - Tijuana","isPartOf":{"@id":"https:\/\/tijuana.com.uy\/#website"},"primaryImageOfPage":{"@id":"https:\/\/tijuana.com.uy\/?product=cuadros-para-metalizar-los-vikingos#primaryimage"},"image":{"@id":"https:\/\/tijuana.com.uy\/?product=cuadros-para-metalizar-los-vikingos#primaryimage"},"thumbnailUrl":"https:\/\/tijuana.com.uy\/wp-content\/uploads\/2022\/08\/djeco-cuadro-para-metalizar-djeco-cuadro-para-metalizar.webp","datePublished":"2022-08-05T05:00:26+00:00","dateModified":"2022-09-13T14:41:34+00:00","description":"Cuadro para metalizar papel m\u00e1gico con purpurina Los vikingos.","breadcrumb":{"@id":"https:\/\/tijuana.com.uy\/?product=cuadros-para-metalizar-los-vikingos#breadcrumb"},"inLanguage":"es","potentialAction":[{"@type":"ReadAction","target":["https:\/\/tijuana.com.uy\/?product=cuadros-para-metalizar-los-vikingos"]}]},{"@type":"ImageObject","inLanguage":"es","@id":"https:\/\/tijuana.com.uy\/?product=cuadros-para-metalizar-los-vikingos#primaryimage","url":"https:\/\/tijuana.com.uy\/wp-content\/uploads\/2022\/08\/djeco-cuadro-para-metalizar-djeco-cuadro-para-metalizar.webp","contentUrl":"https:\/\/tijuana.com.uy\/wp-content\/uploads\/2022\/08\/djeco-cuadro-para-metalizar-djeco-cuadro-para-metalizar.webp","width":2000,"height":2000,"caption":"cuadro metalizado vikingo"},{"@type":"BreadcrumbList","@id":"https:\/\/tijuana.com.uy\/?product=cuadros-para-metalizar-los-vikingos#breadcrumb","itemListElement":[{"@type":"ListItem","position":1,"name":"Inicio","item":"https:\/\/tijuana.com.uy\/"},{"@type":"ListItem","position":2,"name":"Todos nuestros productos","item":"https:\/\/tijuana.com.uy\/?page_id=365"},{"@type":"ListItem","position":3,"name":"CUADRO PARA METALIZAR &#8211; LOS VIKINGOS"}]},{"@type":"WebSite","@id":"https:\/\/tijuana.com.uy\/#website","url":"https:\/\/tijuana.com.uy\/","name":"Tijuana","description":"Ecommerce Tijuana","potentialAction":[{"@type":"SearchAction","target":{"@type":"EntryPoint","urlTemplate":"https:\/\/tijuana.com.uy\/?s={search_term_string}"},"query-input":{"@type":"PropertyValueSpecification","valueRequired":true,"valueName":"search_term_string"}}],"inLanguage":"es"}]}},"_links":{"self":[{"href":"https:\/\/tijuana.com.uy\/index.php?rest_route=\/wp\/v2\/product\/2120","targetHints":{"allow":["GET"]}}],"collection":[{"href":"https:\/\/tijuana.com.uy\/index.php?rest_route=\/wp\/v2\/product"}],"about":[{"href":"https:\/\/tijuana.com.uy\/index.php?rest_route=\/wp\/v2\/types\/product"}],"wp:featuredmedia":[{"embeddable":true,"href":"https:\/\/tijuana.com.uy\/index.php?rest_route=\/wp\/v2\/media\/2233"}],"wp:attachment":[{"href":"https:\/\/tijuana.com.uy\/index.php?rest_route=%2Fwp%2Fv2%2Fmedia&parent=2120"}],"wp:term":[{"taxonomy":"product_brand","embeddable":true,"href":"https:\/\/tijuana.com.uy\/index.php?rest_route=%2Fwp%2Fv2%2Fproduct_brand&post=2120"},{"taxonomy":"product_cat","embeddable":true,"href":"https:\/\/tijuana.com.uy\/index.php?rest_route=%2Fwp%2Fv2%2Fproduct_cat&post=2120"},{"taxonomy":"product_tag","embeddable":true,"href":"https:\/\/tijuana.com.uy\/index.php?rest_route=%2Fwp%2Fv2%2Fproduct_tag&post=2120"}],"curies":[{"name":"wp","href":"https:\/\/api.w.org\/{rel}","templated":true}]}}