{"id":2122,"date":"2022-08-05T05:00:41","date_gmt":"2022-08-05T05:00:41","guid":{"rendered":"https:\/\/tijuana.com.uy\/index.php\/producto\/arenas-coloreadas-super-tiernos\/"},"modified":"2024-12-22T11:53:44","modified_gmt":"2024-12-22T14:53:44","slug":"arenas-coloreadas-super-tiernos","status":"publish","type":"product","link":"https:\/\/tijuana.com.uy\/?product=arenas-coloreadas-super-tiernos","title":{"rendered":"ARENA DE COLORES &#8211; SUPER TIERNOS"},"content":{"rendered":"<p>Un taller de arte por n\u00fameros dise\u00f1ado para que los ni\u00f1os m\u00e1s peque\u00f1os creen im\u00e1genes impresionantes con arena de colores.<\/p>\n<p>Este kit contiene todo lo que necesitas para completar 4 im\u00e1genes deliciosamente lindas.<\/p>\n<p>Hay hojas de trabajo numeradas que explican c\u00f3mo aplicar las arenas de varios colores en los lugares correctos.<\/p>\n<p>Todo ello empaquetado en una atractiva y robusta caja con un peque\u00f1o orificio en la esquina para recuperar la arena sobrante.<\/p>\n<p>El kit incluye: 12 botes de arena de colores, 4 tarjetas recubiertas de pegamento, 1 palo de madera y un manual de instrucciones paso a paso.<\/p>\n<p><strong>Edad:<\/strong>\u00a04 a\u00f1os en adelante.<\/p>\n<p><strong>Tama\u00f1o:<\/strong>\u00a016,5 cm. x 23 cm. 4 cm.<\/p>\n","protected":false},"excerpt":{"rendered":"<p>Un taller de arte por n\u00fameros dise\u00f1ado para que los ni\u00f1os m\u00e1s peque\u00f1os creen im\u00e1genes impresionantes con arena de colores. Este kit contiene todo lo que necesitas para completar 4 im\u00e1genes deliciosamente lindas. Hay hojas de trabajo numeradas que explican c\u00f3mo aplicar las arenas de varios colores en los lugares correctos. Todo ello empaquetado en [&hellip;]<\/p>\n","protected":false},"featured_media":2219,"template":"","meta":[],"product_brand":[],"product_cat":[26],"product_tag":[67,66,34],"class_list":{"0":"post-2122","1":"product","2":"type-product","3":"status-publish","4":"has-post-thumbnail","6":"product_cat-jugueteria","7":"product_tag-7anos","8":"product_tag-5-6anos","9":"product_tag-djeco","11":"first","12":"outofstock","13":"taxable","14":"shipping-taxable","15":"purchasable","16":"product-type-simple"},"yoast_head":"<!-- This site is optimized with the Yoast SEO plugin v27.5 - https:\/\/yoast.com\/product\/yoast-seo-wordpress\/ -->\n<title>ARENA DE COLORES - SUPER TIERNOS - Tijuana<\/title>\n<meta name=\"description\" content=\"Un taller de arte por n\u00fameros dise\u00f1ado para que los ni\u00f1os m\u00e1s peque\u00f1os creen im\u00e1genes impresionantes con arena de colores.\" \/>\n<meta name=\"robots\" content=\"index, follow, max-snippet:-1, max-image-preview:large, max-video-preview:-1\" \/>\n<link rel=\"canonical\" href=\"https:\/\/tijuana.com.uy\/?product=arenas-coloreadas-super-tiernos\" \/>\n<meta property=\"og:locale\" content=\"es_ES\" \/>\n<meta property=\"og:type\" content=\"article\" \/>\n<meta property=\"og:title\" content=\"ARENA DE COLORES - SUPER TIERNOS - Tijuana\" \/>\n<meta property=\"og:description\" content=\"Un taller de arte por n\u00fameros dise\u00f1ado para que los ni\u00f1os m\u00e1s peque\u00f1os creen im\u00e1genes impresionantes con arena de colores.\" \/>\n<meta property=\"og:url\" content=\"https:\/\/tijuana.com.uy\/?product=arenas-coloreadas-super-tiernos\" \/>\n<meta property=\"og:site_name\" content=\"Tijuana\" \/>\n<meta property=\"article:modified_time\" content=\"2024-12-22T14:53:44+00:00\" \/>\n<meta property=\"og:image\" content=\"https:\/\/tijuana.com.uy\/wp-content\/uploads\/2022\/08\/DJ08678-B3D-RVB_1024x1024@2x.webp\" \/>\n\t<meta property=\"og:image:width\" content=\"1700\" \/>\n\t<meta property=\"og:image:height\" content=\"1700\" \/>\n\t<meta property=\"og:image:type\" content=\"image\/webp\" \/>\n<meta name=\"twitter:card\" content=\"summary_large_image\" \/>\n<meta name=\"twitter:label1\" content=\"Tiempo de lectura\" \/>\n\t<meta name=\"twitter:data1\" content=\"1 minuto\" \/>\n<script type=\"application\/ld+json\" class=\"yoast-schema-graph\">{\"@context\":\"https:\\\/\\\/schema.org\",\"@graph\":[{\"@type\":\"WebPage\",\"@id\":\"https:\\\/\\\/tijuana.com.uy\\\/?product=arenas-coloreadas-super-tiernos\",\"url\":\"https:\\\/\\\/tijuana.com.uy\\\/?product=arenas-coloreadas-super-tiernos\",\"name\":\"ARENA DE COLORES - SUPER TIERNOS - Tijuana\",\"isPartOf\":{\"@id\":\"https:\\\/\\\/tijuana.com.uy\\\/#website\"},\"primaryImageOfPage\":{\"@id\":\"https:\\\/\\\/tijuana.com.uy\\\/?product=arenas-coloreadas-super-tiernos#primaryimage\"},\"image\":{\"@id\":\"https:\\\/\\\/tijuana.com.uy\\\/?product=arenas-coloreadas-super-tiernos#primaryimage\"},\"thumbnailUrl\":\"https:\\\/\\\/tijuana.com.uy\\\/wp-content\\\/uploads\\\/2022\\\/08\\\/DJ08678-B3D-RVB_1024x1024@2x.webp\",\"datePublished\":\"2022-08-05T05:00:41+00:00\",\"dateModified\":\"2024-12-22T14:53:44+00:00\",\"description\":\"Un taller de arte por n\u00fameros dise\u00f1ado para que los ni\u00f1os m\u00e1s peque\u00f1os creen im\u00e1genes impresionantes con arena de colores.\",\"breadcrumb\":{\"@id\":\"https:\\\/\\\/tijuana.com.uy\\\/?product=arenas-coloreadas-super-tiernos#breadcrumb\"},\"inLanguage\":\"es\",\"potentialAction\":[{\"@type\":\"ReadAction\",\"target\":[\"https:\\\/\\\/tijuana.com.uy\\\/?product=arenas-coloreadas-super-tiernos\"]}]},{\"@type\":\"ImageObject\",\"inLanguage\":\"es\",\"@id\":\"https:\\\/\\\/tijuana.com.uy\\\/?product=arenas-coloreadas-super-tiernos#primaryimage\",\"url\":\"https:\\\/\\\/tijuana.com.uy\\\/wp-content\\\/uploads\\\/2022\\\/08\\\/DJ08678-B3D-RVB_1024x1024@2x.webp\",\"contentUrl\":\"https:\\\/\\\/tijuana.com.uy\\\/wp-content\\\/uploads\\\/2022\\\/08\\\/DJ08678-B3D-RVB_1024x1024@2x.webp\",\"width\":1700,\"height\":1700,\"caption\":\"arena de colores\"},{\"@type\":\"BreadcrumbList\",\"@id\":\"https:\\\/\\\/tijuana.com.uy\\\/?product=arenas-coloreadas-super-tiernos#breadcrumb\",\"itemListElement\":[{\"@type\":\"ListItem\",\"position\":1,\"name\":\"Inicio\",\"item\":\"https:\\\/\\\/tijuana.com.uy\\\/\"},{\"@type\":\"ListItem\",\"position\":2,\"name\":\"Todos nuestros productos\",\"item\":\"https:\\\/\\\/tijuana.com.uy\\\/?page_id=365\"},{\"@type\":\"ListItem\",\"position\":3,\"name\":\"ARENA DE COLORES &#8211; SUPER TIERNOS\"}]},{\"@type\":\"WebSite\",\"@id\":\"https:\\\/\\\/tijuana.com.uy\\\/#website\",\"url\":\"https:\\\/\\\/tijuana.com.uy\\\/\",\"name\":\"Tijuana\",\"description\":\"Ecommerce Tijuana\",\"potentialAction\":[{\"@type\":\"SearchAction\",\"target\":{\"@type\":\"EntryPoint\",\"urlTemplate\":\"https:\\\/\\\/tijuana.com.uy\\\/?s={search_term_string}\"},\"query-input\":{\"@type\":\"PropertyValueSpecification\",\"valueRequired\":true,\"valueName\":\"search_term_string\"}}],\"inLanguage\":\"es\"}]}<\/script>\n<!-- \/ Yoast SEO plugin. -->","yoast_head_json":{"title":"ARENA DE COLORES - SUPER TIERNOS - Tijuana","description":"Un taller de arte por n\u00fameros dise\u00f1ado para que los ni\u00f1os m\u00e1s peque\u00f1os creen im\u00e1genes impresionantes con arena de colores.","robots":{"index":"index","follow":"follow","max-snippet":"max-snippet:-1","max-image-preview":"max-image-preview:large","max-video-preview":"max-video-preview:-1"},"canonical":"https:\/\/tijuana.com.uy\/?product=arenas-coloreadas-super-tiernos","og_locale":"es_ES","og_type":"article","og_title":"ARENA DE COLORES - SUPER TIERNOS - Tijuana","og_description":"Un taller de arte por n\u00fameros dise\u00f1ado para que los ni\u00f1os m\u00e1s peque\u00f1os creen im\u00e1genes impresionantes con arena de colores.","og_url":"https:\/\/tijuana.com.uy\/?product=arenas-coloreadas-super-tiernos","og_site_name":"Tijuana","article_modified_time":"2024-12-22T14:53:44+00:00","og_image":[{"width":1700,"height":1700,"url":"https:\/\/tijuana.com.uy\/wp-content\/uploads\/2022\/08\/DJ08678-B3D-RVB_1024x1024@2x.webp","type":"image\/webp"}],"twitter_card":"summary_large_image","twitter_misc":{"Tiempo de lectura":"1 minuto"},"schema":{"@context":"https:\/\/schema.org","@graph":[{"@type":"WebPage","@id":"https:\/\/tijuana.com.uy\/?product=arenas-coloreadas-super-tiernos","url":"https:\/\/tijuana.com.uy\/?product=arenas-coloreadas-super-tiernos","name":"ARENA DE COLORES - SUPER TIERNOS - Tijuana","isPartOf":{"@id":"https:\/\/tijuana.com.uy\/#website"},"primaryImageOfPage":{"@id":"https:\/\/tijuana.com.uy\/?product=arenas-coloreadas-super-tiernos#primaryimage"},"image":{"@id":"https:\/\/tijuana.com.uy\/?product=arenas-coloreadas-super-tiernos#primaryimage"},"thumbnailUrl":"https:\/\/tijuana.com.uy\/wp-content\/uploads\/2022\/08\/DJ08678-B3D-RVB_1024x1024@2x.webp","datePublished":"2022-08-05T05:00:41+00:00","dateModified":"2024-12-22T14:53:44+00:00","description":"Un taller de arte por n\u00fameros dise\u00f1ado para que los ni\u00f1os m\u00e1s peque\u00f1os creen im\u00e1genes impresionantes con arena de colores.","breadcrumb":{"@id":"https:\/\/tijuana.com.uy\/?product=arenas-coloreadas-super-tiernos#breadcrumb"},"inLanguage":"es","potentialAction":[{"@type":"ReadAction","target":["https:\/\/tijuana.com.uy\/?product=arenas-coloreadas-super-tiernos"]}]},{"@type":"ImageObject","inLanguage":"es","@id":"https:\/\/tijuana.com.uy\/?product=arenas-coloreadas-super-tiernos#primaryimage","url":"https:\/\/tijuana.com.uy\/wp-content\/uploads\/2022\/08\/DJ08678-B3D-RVB_1024x1024@2x.webp","contentUrl":"https:\/\/tijuana.com.uy\/wp-content\/uploads\/2022\/08\/DJ08678-B3D-RVB_1024x1024@2x.webp","width":1700,"height":1700,"caption":"arena de colores"},{"@type":"BreadcrumbList","@id":"https:\/\/tijuana.com.uy\/?product=arenas-coloreadas-super-tiernos#breadcrumb","itemListElement":[{"@type":"ListItem","position":1,"name":"Inicio","item":"https:\/\/tijuana.com.uy\/"},{"@type":"ListItem","position":2,"name":"Todos nuestros productos","item":"https:\/\/tijuana.com.uy\/?page_id=365"},{"@type":"ListItem","position":3,"name":"ARENA DE COLORES &#8211; SUPER TIERNOS"}]},{"@type":"WebSite","@id":"https:\/\/tijuana.com.uy\/#website","url":"https:\/\/tijuana.com.uy\/","name":"Tijuana","description":"Ecommerce Tijuana","potentialAction":[{"@type":"SearchAction","target":{"@type":"EntryPoint","urlTemplate":"https:\/\/tijuana.com.uy\/?s={search_term_string}"},"query-input":{"@type":"PropertyValueSpecification","valueRequired":true,"valueName":"search_term_string"}}],"inLanguage":"es"}]}},"_links":{"self":[{"href":"https:\/\/tijuana.com.uy\/index.php?rest_route=\/wp\/v2\/product\/2122","targetHints":{"allow":["GET"]}}],"collection":[{"href":"https:\/\/tijuana.com.uy\/index.php?rest_route=\/wp\/v2\/product"}],"about":[{"href":"https:\/\/tijuana.com.uy\/index.php?rest_route=\/wp\/v2\/types\/product"}],"wp:featuredmedia":[{"embeddable":true,"href":"https:\/\/tijuana.com.uy\/index.php?rest_route=\/wp\/v2\/media\/2219"}],"wp:attachment":[{"href":"https:\/\/tijuana.com.uy\/index.php?rest_route=%2Fwp%2Fv2%2Fmedia&parent=2122"}],"wp:term":[{"taxonomy":"product_brand","embeddable":true,"href":"https:\/\/tijuana.com.uy\/index.php?rest_route=%2Fwp%2Fv2%2Fproduct_brand&post=2122"},{"taxonomy":"product_cat","embeddable":true,"href":"https:\/\/tijuana.com.uy\/index.php?rest_route=%2Fwp%2Fv2%2Fproduct_cat&post=2122"},{"taxonomy":"product_tag","embeddable":true,"href":"https:\/\/tijuana.com.uy\/index.php?rest_route=%2Fwp%2Fv2%2Fproduct_tag&post=2122"}],"curies":[{"name":"wp","href":"https:\/\/api.w.org\/{rel}","templated":true}]}}