{"id":2123,"date":"2022-08-05T05:00:50","date_gmt":"2022-08-05T05:00:50","guid":{"rendered":"https:\/\/tijuana.com.uy\/index.php\/producto\/la-batalla-naval-magntico\/"},"modified":"2024-12-22T11:53:12","modified_gmt":"2024-12-22T14:53:12","slug":"la-batalla-naval-magntico","status":"publish","type":"product","link":"https:\/\/tijuana.com.uy\/?product=la-batalla-naval-magntico","title":{"rendered":"BATALLA NAVAL REINVENTADA"},"content":{"rendered":"<p>Batalla Naval reinventada es un juego magn\u00e9tico cuyo objetivo es hundir los barcos del oponente.<\/p>\n<div id=\"wrapper\" data-hook=\"\">\n<div id=\"content\" class=\"\" data-hook=\"\">\n<div class=\"\">\n<div class=\"container\">\n<div class=\"my-4\">\n<div data-hook=\"description\">\n<div>Incluye:<\/div>\n<div>16 tarjetas magn\u00e9ticas<br \/>\n2 tableros magn\u00e9ticos<br \/>\n2 soportes de madera<br \/>\n2 set de 5 barcos<br \/>\n22 fichas azules<br \/>\n18 fichas rojas<\/div>\n<div><\/div>\n<div>Cada jugador coger\u00e1 una tarjeta magn\u00e9tica, la cual muestra donde est\u00e1n situados sus barcos. Mediante diferentes turnos de preguntas tendr\u00e1n que encontrar el barco del oponente.Las tarjetas dibujadas con colores y animales son ideales para facilitar las coordenadas.<\/p>\n<p>Las fichas con diferentes colores sirven para ubicar el barco del contrincante.<\/p>\n<p>Presentado en pr\u00e1ctica caja de almacenamiento con forma de barco, incluye un cord\u00f3n para asegurar el cierre.<\/p>\n<p>Edad recomendada: de 5 a 10 a\u00f1os.<\/p>\n<p>N\u00famero de jugadores: 2 personas.<\/p>\n<p>Duraci\u00f3n aproximada de la partida: 10 minutos.<\/p>\n<p>Medidas de la caja:<\/p>\n<p>Largo: 21,2 cm.<br \/>\nAncho: 6 cm.<br \/>\nAlto: 17 cm.<\/p>\n<\/div>\n<\/div>\n<\/div>\n<\/div>\n<\/div>\n<\/div>\n<\/div>\n","protected":false},"excerpt":{"rendered":"<p>Batalla Naval reinventada es un juego magn\u00e9tico cuyo objetivo es hundir los barcos del oponente. Incluye: 16 tarjetas magn\u00e9ticas 2 tableros magn\u00e9ticos 2 soportes de madera 2 set de 5 barcos 22 fichas azules 18 fichas rojas Cada jugador coger\u00e1 una tarjeta magn\u00e9tica, la cual muestra donde est\u00e1n situados sus barcos. Mediante diferentes turnos de [&hellip;]<\/p>\n","protected":false},"featured_media":2215,"template":"","meta":[],"product_brand":[],"product_cat":[26],"product_tag":[67,66,34],"class_list":{"0":"post-2123","1":"product","2":"type-product","3":"status-publish","4":"has-post-thumbnail","6":"product_cat-jugueteria","7":"product_tag-7anos","8":"product_tag-5-6anos","9":"product_tag-djeco","11":"first","12":"outofstock","13":"taxable","14":"shipping-taxable","15":"purchasable","16":"product-type-simple"},"yoast_head":"<!-- This site is optimized with the Yoast SEO plugin v27.5 - https:\/\/yoast.com\/product\/yoast-seo-wordpress\/ -->\n<title>BATALLA NAVAL REINVENTADA - Tijuana<\/title>\n<meta name=\"description\" content=\"Batalla Naval reinventada y dise\u00f1ada especialmente para los peque\u00f1os. El objetivo es hundir los barcos del oponente. Para ni\u00f1os de entre 5-10 a\u00f1os.\" \/>\n<meta name=\"robots\" content=\"index, follow, max-snippet:-1, max-image-preview:large, max-video-preview:-1\" \/>\n<link rel=\"canonical\" href=\"https:\/\/tijuana.com.uy\/?product=la-batalla-naval-magntico\" \/>\n<meta property=\"og:locale\" content=\"es_ES\" \/>\n<meta property=\"og:type\" content=\"article\" \/>\n<meta property=\"og:title\" content=\"BATALLA NAVAL REINVENTADA - Tijuana\" \/>\n<meta property=\"og:description\" content=\"Batalla Naval reinventada y dise\u00f1ada especialmente para los peque\u00f1os. El objetivo es hundir los barcos del oponente. Para ni\u00f1os de entre 5-10 a\u00f1os.\" \/>\n<meta property=\"og:url\" content=\"https:\/\/tijuana.com.uy\/?product=la-batalla-naval-magntico\" \/>\n<meta property=\"og:site_name\" content=\"Tijuana\" \/>\n<meta property=\"article:modified_time\" content=\"2024-12-22T14:53:12+00:00\" \/>\n<meta property=\"og:image\" content=\"https:\/\/tijuana.com.uy\/wp-content\/uploads\/2022\/08\/8f74812d-a97e-42f7-9ae8-007449d0d4ea.jpg\" \/>\n\t<meta property=\"og:image:width\" content=\"680\" \/>\n\t<meta property=\"og:image:height\" content=\"680\" \/>\n\t<meta property=\"og:image:type\" content=\"image\/jpeg\" \/>\n<meta name=\"twitter:card\" content=\"summary_large_image\" \/>\n<meta name=\"twitter:label1\" content=\"Tiempo de lectura\" \/>\n\t<meta name=\"twitter:data1\" content=\"1 minuto\" \/>\n<script type=\"application\/ld+json\" class=\"yoast-schema-graph\">{\"@context\":\"https:\\\/\\\/schema.org\",\"@graph\":[{\"@type\":\"WebPage\",\"@id\":\"https:\\\/\\\/tijuana.com.uy\\\/?product=la-batalla-naval-magntico\",\"url\":\"https:\\\/\\\/tijuana.com.uy\\\/?product=la-batalla-naval-magntico\",\"name\":\"BATALLA NAVAL REINVENTADA - Tijuana\",\"isPartOf\":{\"@id\":\"https:\\\/\\\/tijuana.com.uy\\\/#website\"},\"primaryImageOfPage\":{\"@id\":\"https:\\\/\\\/tijuana.com.uy\\\/?product=la-batalla-naval-magntico#primaryimage\"},\"image\":{\"@id\":\"https:\\\/\\\/tijuana.com.uy\\\/?product=la-batalla-naval-magntico#primaryimage\"},\"thumbnailUrl\":\"https:\\\/\\\/tijuana.com.uy\\\/wp-content\\\/uploads\\\/2022\\\/08\\\/8f74812d-a97e-42f7-9ae8-007449d0d4ea.jpg\",\"datePublished\":\"2022-08-05T05:00:50+00:00\",\"dateModified\":\"2024-12-22T14:53:12+00:00\",\"description\":\"Batalla Naval reinventada y dise\u00f1ada especialmente para los peque\u00f1os. El objetivo es hundir los barcos del oponente. Para ni\u00f1os de entre 5-10 a\u00f1os.\",\"breadcrumb\":{\"@id\":\"https:\\\/\\\/tijuana.com.uy\\\/?product=la-batalla-naval-magntico#breadcrumb\"},\"inLanguage\":\"es\",\"potentialAction\":[{\"@type\":\"ReadAction\",\"target\":[\"https:\\\/\\\/tijuana.com.uy\\\/?product=la-batalla-naval-magntico\"]}]},{\"@type\":\"ImageObject\",\"inLanguage\":\"es\",\"@id\":\"https:\\\/\\\/tijuana.com.uy\\\/?product=la-batalla-naval-magntico#primaryimage\",\"url\":\"https:\\\/\\\/tijuana.com.uy\\\/wp-content\\\/uploads\\\/2022\\\/08\\\/8f74812d-a97e-42f7-9ae8-007449d0d4ea.jpg\",\"contentUrl\":\"https:\\\/\\\/tijuana.com.uy\\\/wp-content\\\/uploads\\\/2022\\\/08\\\/8f74812d-a97e-42f7-9ae8-007449d0d4ea.jpg\",\"width\":680,\"height\":680,\"caption\":\"batalla naval reinventada\"},{\"@type\":\"BreadcrumbList\",\"@id\":\"https:\\\/\\\/tijuana.com.uy\\\/?product=la-batalla-naval-magntico#breadcrumb\",\"itemListElement\":[{\"@type\":\"ListItem\",\"position\":1,\"name\":\"Inicio\",\"item\":\"https:\\\/\\\/tijuana.com.uy\\\/\"},{\"@type\":\"ListItem\",\"position\":2,\"name\":\"Todos nuestros productos\",\"item\":\"https:\\\/\\\/tijuana.com.uy\\\/?page_id=365\"},{\"@type\":\"ListItem\",\"position\":3,\"name\":\"BATALLA NAVAL REINVENTADA\"}]},{\"@type\":\"WebSite\",\"@id\":\"https:\\\/\\\/tijuana.com.uy\\\/#website\",\"url\":\"https:\\\/\\\/tijuana.com.uy\\\/\",\"name\":\"Tijuana\",\"description\":\"Ecommerce Tijuana\",\"potentialAction\":[{\"@type\":\"SearchAction\",\"target\":{\"@type\":\"EntryPoint\",\"urlTemplate\":\"https:\\\/\\\/tijuana.com.uy\\\/?s={search_term_string}\"},\"query-input\":{\"@type\":\"PropertyValueSpecification\",\"valueRequired\":true,\"valueName\":\"search_term_string\"}}],\"inLanguage\":\"es\"}]}<\/script>\n<!-- \/ Yoast SEO plugin. -->","yoast_head_json":{"title":"BATALLA NAVAL REINVENTADA - Tijuana","description":"Batalla Naval reinventada y dise\u00f1ada especialmente para los peque\u00f1os. El objetivo es hundir los barcos del oponente. Para ni\u00f1os de entre 5-10 a\u00f1os.","robots":{"index":"index","follow":"follow","max-snippet":"max-snippet:-1","max-image-preview":"max-image-preview:large","max-video-preview":"max-video-preview:-1"},"canonical":"https:\/\/tijuana.com.uy\/?product=la-batalla-naval-magntico","og_locale":"es_ES","og_type":"article","og_title":"BATALLA NAVAL REINVENTADA - Tijuana","og_description":"Batalla Naval reinventada y dise\u00f1ada especialmente para los peque\u00f1os. El objetivo es hundir los barcos del oponente. Para ni\u00f1os de entre 5-10 a\u00f1os.","og_url":"https:\/\/tijuana.com.uy\/?product=la-batalla-naval-magntico","og_site_name":"Tijuana","article_modified_time":"2024-12-22T14:53:12+00:00","og_image":[{"width":680,"height":680,"url":"https:\/\/tijuana.com.uy\/wp-content\/uploads\/2022\/08\/8f74812d-a97e-42f7-9ae8-007449d0d4ea.jpg","type":"image\/jpeg"}],"twitter_card":"summary_large_image","twitter_misc":{"Tiempo de lectura":"1 minuto"},"schema":{"@context":"https:\/\/schema.org","@graph":[{"@type":"WebPage","@id":"https:\/\/tijuana.com.uy\/?product=la-batalla-naval-magntico","url":"https:\/\/tijuana.com.uy\/?product=la-batalla-naval-magntico","name":"BATALLA NAVAL REINVENTADA - Tijuana","isPartOf":{"@id":"https:\/\/tijuana.com.uy\/#website"},"primaryImageOfPage":{"@id":"https:\/\/tijuana.com.uy\/?product=la-batalla-naval-magntico#primaryimage"},"image":{"@id":"https:\/\/tijuana.com.uy\/?product=la-batalla-naval-magntico#primaryimage"},"thumbnailUrl":"https:\/\/tijuana.com.uy\/wp-content\/uploads\/2022\/08\/8f74812d-a97e-42f7-9ae8-007449d0d4ea.jpg","datePublished":"2022-08-05T05:00:50+00:00","dateModified":"2024-12-22T14:53:12+00:00","description":"Batalla Naval reinventada y dise\u00f1ada especialmente para los peque\u00f1os. El objetivo es hundir los barcos del oponente. Para ni\u00f1os de entre 5-10 a\u00f1os.","breadcrumb":{"@id":"https:\/\/tijuana.com.uy\/?product=la-batalla-naval-magntico#breadcrumb"},"inLanguage":"es","potentialAction":[{"@type":"ReadAction","target":["https:\/\/tijuana.com.uy\/?product=la-batalla-naval-magntico"]}]},{"@type":"ImageObject","inLanguage":"es","@id":"https:\/\/tijuana.com.uy\/?product=la-batalla-naval-magntico#primaryimage","url":"https:\/\/tijuana.com.uy\/wp-content\/uploads\/2022\/08\/8f74812d-a97e-42f7-9ae8-007449d0d4ea.jpg","contentUrl":"https:\/\/tijuana.com.uy\/wp-content\/uploads\/2022\/08\/8f74812d-a97e-42f7-9ae8-007449d0d4ea.jpg","width":680,"height":680,"caption":"batalla naval reinventada"},{"@type":"BreadcrumbList","@id":"https:\/\/tijuana.com.uy\/?product=la-batalla-naval-magntico#breadcrumb","itemListElement":[{"@type":"ListItem","position":1,"name":"Inicio","item":"https:\/\/tijuana.com.uy\/"},{"@type":"ListItem","position":2,"name":"Todos nuestros productos","item":"https:\/\/tijuana.com.uy\/?page_id=365"},{"@type":"ListItem","position":3,"name":"BATALLA NAVAL REINVENTADA"}]},{"@type":"WebSite","@id":"https:\/\/tijuana.com.uy\/#website","url":"https:\/\/tijuana.com.uy\/","name":"Tijuana","description":"Ecommerce Tijuana","potentialAction":[{"@type":"SearchAction","target":{"@type":"EntryPoint","urlTemplate":"https:\/\/tijuana.com.uy\/?s={search_term_string}"},"query-input":{"@type":"PropertyValueSpecification","valueRequired":true,"valueName":"search_term_string"}}],"inLanguage":"es"}]}},"_links":{"self":[{"href":"https:\/\/tijuana.com.uy\/index.php?rest_route=\/wp\/v2\/product\/2123","targetHints":{"allow":["GET"]}}],"collection":[{"href":"https:\/\/tijuana.com.uy\/index.php?rest_route=\/wp\/v2\/product"}],"about":[{"href":"https:\/\/tijuana.com.uy\/index.php?rest_route=\/wp\/v2\/types\/product"}],"wp:featuredmedia":[{"embeddable":true,"href":"https:\/\/tijuana.com.uy\/index.php?rest_route=\/wp\/v2\/media\/2215"}],"wp:attachment":[{"href":"https:\/\/tijuana.com.uy\/index.php?rest_route=%2Fwp%2Fv2%2Fmedia&parent=2123"}],"wp:term":[{"taxonomy":"product_brand","embeddable":true,"href":"https:\/\/tijuana.com.uy\/index.php?rest_route=%2Fwp%2Fv2%2Fproduct_brand&post=2123"},{"taxonomy":"product_cat","embeddable":true,"href":"https:\/\/tijuana.com.uy\/index.php?rest_route=%2Fwp%2Fv2%2Fproduct_cat&post=2123"},{"taxonomy":"product_tag","embeddable":true,"href":"https:\/\/tijuana.com.uy\/index.php?rest_route=%2Fwp%2Fv2%2Fproduct_tag&post=2123"}],"curies":[{"name":"wp","href":"https:\/\/api.w.org\/{rel}","templated":true}]}}