{"id":2127,"date":"2022-08-05T05:01:16","date_gmt":"2022-08-05T05:01:16","guid":{"rendered":"https:\/\/tijuana.com.uy\/index.php\/producto\/paso-a-paso-simetra-y-co\/"},"modified":"2024-12-22T11:52:04","modified_gmt":"2024-12-22T14:52:04","slug":"paso-a-paso-simetra-y-co","status":"publish","type":"product","link":"https:\/\/tijuana.com.uy\/?product=paso-a-paso-simetra-y-co","title":{"rendered":"PASO A PASO &#8211; SIMETR\u00cdA Y CO"},"content":{"rendered":"<p>Aprender a dibujar paso a paso con simetr\u00eda. Tarjetas modelo para colocar en un tablero cuadriculado para guiar al ni\u00f1o. Podr\u00e1 volver a empezar todas las veces que quiera gracias al rotulador borrable. Una primera introducci\u00f3n, divertida y f\u00e1cil, a la simetr\u00eda axial. Recomendado para ni\u00f1os de entre 4-7 a\u00f1os.<\/p>\n","protected":false},"excerpt":{"rendered":"<p>Aprender a dibujar paso a paso con simetr\u00eda. Tarjetas modelo para colocar en un tablero cuadriculado para guiar al ni\u00f1o. Podr\u00e1 volver a empezar todas las veces que quiera gracias al rotulador borrable. Una primera introducci\u00f3n, divertida y f\u00e1cil, a la simetr\u00eda axial. Recomendado para ni\u00f1os de entre 4-7 a\u00f1os.<\/p>\n","protected":false},"featured_media":2202,"template":"","meta":[],"product_brand":[],"product_cat":[26],"product_tag":[67,65,66,34],"class_list":{"0":"post-2127","1":"product","2":"type-product","3":"status-publish","4":"has-post-thumbnail","6":"product_cat-jugueteria","7":"product_tag-7anos","8":"product_tag-3-4anos","9":"product_tag-5-6anos","10":"product_tag-djeco","12":"first","13":"outofstock","14":"taxable","15":"shipping-taxable","16":"purchasable","17":"product-type-simple"},"yoast_head":"<!-- This site is optimized with the Yoast SEO plugin v27.5 - https:\/\/yoast.com\/product\/yoast-seo-wordpress\/ -->\n<title>PASO A PASO - SIMETR\u00cdA Y CO - Tijuana<\/title>\n<meta name=\"description\" content=\"Aprender a dibujar usando la simetr\u00eda. Tarjetas modelo para colocar en un tablero cuadriculado para guiar al ni\u00f1o. Aprender a dibujar paso a paso con simetr\u00eda. Tarjetas modelo para colocar en un tablero cuadriculado para guiar al ni\u00f1o.\" \/>\n<meta name=\"robots\" content=\"index, follow, max-snippet:-1, max-image-preview:large, max-video-preview:-1\" \/>\n<link rel=\"canonical\" href=\"https:\/\/tijuana.com.uy\/?product=paso-a-paso-simetra-y-co\" \/>\n<meta property=\"og:locale\" content=\"es_ES\" \/>\n<meta property=\"og:type\" content=\"article\" \/>\n<meta property=\"og:title\" content=\"PASO A PASO - SIMETR\u00cdA Y CO - Tijuana\" \/>\n<meta property=\"og:description\" content=\"Aprender a dibujar usando la simetr\u00eda. Tarjetas modelo para colocar en un tablero cuadriculado para guiar al ni\u00f1o. Aprender a dibujar paso a paso con simetr\u00eda. Tarjetas modelo para colocar en un tablero cuadriculado para guiar al ni\u00f1o.\" \/>\n<meta property=\"og:url\" content=\"https:\/\/tijuana.com.uy\/?product=paso-a-paso-simetra-y-co\" \/>\n<meta property=\"og:site_name\" content=\"Tijuana\" \/>\n<meta property=\"article:modified_time\" content=\"2024-12-22T14:52:04+00:00\" \/>\n<meta property=\"og:image\" content=\"https:\/\/tijuana.com.uy\/wp-content\/uploads\/2022\/08\/dibuja-paso-a-paso-symetrie-and-co-djeco_1200_1200-1409018.jpg\" \/>\n\t<meta property=\"og:image:width\" content=\"1200\" \/>\n\t<meta property=\"og:image:height\" content=\"1200\" \/>\n\t<meta property=\"og:image:type\" content=\"image\/jpeg\" \/>\n<meta name=\"twitter:card\" content=\"summary_large_image\" \/>\n<meta name=\"twitter:label1\" content=\"Tiempo de lectura\" \/>\n\t<meta name=\"twitter:data1\" content=\"1 minuto\" \/>\n<script type=\"application\/ld+json\" class=\"yoast-schema-graph\">{\"@context\":\"https:\\\/\\\/schema.org\",\"@graph\":[{\"@type\":\"WebPage\",\"@id\":\"https:\\\/\\\/tijuana.com.uy\\\/?product=paso-a-paso-simetra-y-co\",\"url\":\"https:\\\/\\\/tijuana.com.uy\\\/?product=paso-a-paso-simetra-y-co\",\"name\":\"PASO A PASO - SIMETR\u00cdA Y CO - Tijuana\",\"isPartOf\":{\"@id\":\"https:\\\/\\\/tijuana.com.uy\\\/#website\"},\"primaryImageOfPage\":{\"@id\":\"https:\\\/\\\/tijuana.com.uy\\\/?product=paso-a-paso-simetra-y-co#primaryimage\"},\"image\":{\"@id\":\"https:\\\/\\\/tijuana.com.uy\\\/?product=paso-a-paso-simetra-y-co#primaryimage\"},\"thumbnailUrl\":\"https:\\\/\\\/tijuana.com.uy\\\/wp-content\\\/uploads\\\/2022\\\/08\\\/dibuja-paso-a-paso-symetrie-and-co-djeco_1200_1200-1409018.jpg\",\"datePublished\":\"2022-08-05T05:01:16+00:00\",\"dateModified\":\"2024-12-22T14:52:04+00:00\",\"description\":\"Aprender a dibujar usando la simetr\u00eda. Tarjetas modelo para colocar en un tablero cuadriculado para guiar al ni\u00f1o. Aprender a dibujar paso a paso con simetr\u00eda. Tarjetas modelo para colocar en un tablero cuadriculado para guiar al ni\u00f1o.\",\"breadcrumb\":{\"@id\":\"https:\\\/\\\/tijuana.com.uy\\\/?product=paso-a-paso-simetra-y-co#breadcrumb\"},\"inLanguage\":\"es\",\"potentialAction\":[{\"@type\":\"ReadAction\",\"target\":[\"https:\\\/\\\/tijuana.com.uy\\\/?product=paso-a-paso-simetra-y-co\"]}]},{\"@type\":\"ImageObject\",\"inLanguage\":\"es\",\"@id\":\"https:\\\/\\\/tijuana.com.uy\\\/?product=paso-a-paso-simetra-y-co#primaryimage\",\"url\":\"https:\\\/\\\/tijuana.com.uy\\\/wp-content\\\/uploads\\\/2022\\\/08\\\/dibuja-paso-a-paso-symetrie-and-co-djeco_1200_1200-1409018.jpg\",\"contentUrl\":\"https:\\\/\\\/tijuana.com.uy\\\/wp-content\\\/uploads\\\/2022\\\/08\\\/dibuja-paso-a-paso-symetrie-and-co-djeco_1200_1200-1409018.jpg\",\"width\":1200,\"height\":1200,\"caption\":\"paso a paso simetria\"},{\"@type\":\"BreadcrumbList\",\"@id\":\"https:\\\/\\\/tijuana.com.uy\\\/?product=paso-a-paso-simetra-y-co#breadcrumb\",\"itemListElement\":[{\"@type\":\"ListItem\",\"position\":1,\"name\":\"Inicio\",\"item\":\"https:\\\/\\\/tijuana.com.uy\\\/\"},{\"@type\":\"ListItem\",\"position\":2,\"name\":\"Todos nuestros productos\",\"item\":\"https:\\\/\\\/tijuana.com.uy\\\/?page_id=365\"},{\"@type\":\"ListItem\",\"position\":3,\"name\":\"PASO A PASO &#8211; SIMETR\u00cdA Y CO\"}]},{\"@type\":\"WebSite\",\"@id\":\"https:\\\/\\\/tijuana.com.uy\\\/#website\",\"url\":\"https:\\\/\\\/tijuana.com.uy\\\/\",\"name\":\"Tijuana\",\"description\":\"Ecommerce Tijuana\",\"potentialAction\":[{\"@type\":\"SearchAction\",\"target\":{\"@type\":\"EntryPoint\",\"urlTemplate\":\"https:\\\/\\\/tijuana.com.uy\\\/?s={search_term_string}\"},\"query-input\":{\"@type\":\"PropertyValueSpecification\",\"valueRequired\":true,\"valueName\":\"search_term_string\"}}],\"inLanguage\":\"es\"}]}<\/script>\n<!-- \/ Yoast SEO plugin. -->","yoast_head_json":{"title":"PASO A PASO - SIMETR\u00cdA Y CO - Tijuana","description":"Aprender a dibujar usando la simetr\u00eda. Tarjetas modelo para colocar en un tablero cuadriculado para guiar al ni\u00f1o. Aprender a dibujar paso a paso con simetr\u00eda. Tarjetas modelo para colocar en un tablero cuadriculado para guiar al ni\u00f1o.","robots":{"index":"index","follow":"follow","max-snippet":"max-snippet:-1","max-image-preview":"max-image-preview:large","max-video-preview":"max-video-preview:-1"},"canonical":"https:\/\/tijuana.com.uy\/?product=paso-a-paso-simetra-y-co","og_locale":"es_ES","og_type":"article","og_title":"PASO A PASO - SIMETR\u00cdA Y CO - Tijuana","og_description":"Aprender a dibujar usando la simetr\u00eda. Tarjetas modelo para colocar en un tablero cuadriculado para guiar al ni\u00f1o. Aprender a dibujar paso a paso con simetr\u00eda. Tarjetas modelo para colocar en un tablero cuadriculado para guiar al ni\u00f1o.","og_url":"https:\/\/tijuana.com.uy\/?product=paso-a-paso-simetra-y-co","og_site_name":"Tijuana","article_modified_time":"2024-12-22T14:52:04+00:00","og_image":[{"width":1200,"height":1200,"url":"https:\/\/tijuana.com.uy\/wp-content\/uploads\/2022\/08\/dibuja-paso-a-paso-symetrie-and-co-djeco_1200_1200-1409018.jpg","type":"image\/jpeg"}],"twitter_card":"summary_large_image","twitter_misc":{"Tiempo de lectura":"1 minuto"},"schema":{"@context":"https:\/\/schema.org","@graph":[{"@type":"WebPage","@id":"https:\/\/tijuana.com.uy\/?product=paso-a-paso-simetra-y-co","url":"https:\/\/tijuana.com.uy\/?product=paso-a-paso-simetra-y-co","name":"PASO A PASO - SIMETR\u00cdA Y CO - Tijuana","isPartOf":{"@id":"https:\/\/tijuana.com.uy\/#website"},"primaryImageOfPage":{"@id":"https:\/\/tijuana.com.uy\/?product=paso-a-paso-simetra-y-co#primaryimage"},"image":{"@id":"https:\/\/tijuana.com.uy\/?product=paso-a-paso-simetra-y-co#primaryimage"},"thumbnailUrl":"https:\/\/tijuana.com.uy\/wp-content\/uploads\/2022\/08\/dibuja-paso-a-paso-symetrie-and-co-djeco_1200_1200-1409018.jpg","datePublished":"2022-08-05T05:01:16+00:00","dateModified":"2024-12-22T14:52:04+00:00","description":"Aprender a dibujar usando la simetr\u00eda. Tarjetas modelo para colocar en un tablero cuadriculado para guiar al ni\u00f1o. Aprender a dibujar paso a paso con simetr\u00eda. Tarjetas modelo para colocar en un tablero cuadriculado para guiar al ni\u00f1o.","breadcrumb":{"@id":"https:\/\/tijuana.com.uy\/?product=paso-a-paso-simetra-y-co#breadcrumb"},"inLanguage":"es","potentialAction":[{"@type":"ReadAction","target":["https:\/\/tijuana.com.uy\/?product=paso-a-paso-simetra-y-co"]}]},{"@type":"ImageObject","inLanguage":"es","@id":"https:\/\/tijuana.com.uy\/?product=paso-a-paso-simetra-y-co#primaryimage","url":"https:\/\/tijuana.com.uy\/wp-content\/uploads\/2022\/08\/dibuja-paso-a-paso-symetrie-and-co-djeco_1200_1200-1409018.jpg","contentUrl":"https:\/\/tijuana.com.uy\/wp-content\/uploads\/2022\/08\/dibuja-paso-a-paso-symetrie-and-co-djeco_1200_1200-1409018.jpg","width":1200,"height":1200,"caption":"paso a paso simetria"},{"@type":"BreadcrumbList","@id":"https:\/\/tijuana.com.uy\/?product=paso-a-paso-simetra-y-co#breadcrumb","itemListElement":[{"@type":"ListItem","position":1,"name":"Inicio","item":"https:\/\/tijuana.com.uy\/"},{"@type":"ListItem","position":2,"name":"Todos nuestros productos","item":"https:\/\/tijuana.com.uy\/?page_id=365"},{"@type":"ListItem","position":3,"name":"PASO A PASO &#8211; SIMETR\u00cdA Y CO"}]},{"@type":"WebSite","@id":"https:\/\/tijuana.com.uy\/#website","url":"https:\/\/tijuana.com.uy\/","name":"Tijuana","description":"Ecommerce Tijuana","potentialAction":[{"@type":"SearchAction","target":{"@type":"EntryPoint","urlTemplate":"https:\/\/tijuana.com.uy\/?s={search_term_string}"},"query-input":{"@type":"PropertyValueSpecification","valueRequired":true,"valueName":"search_term_string"}}],"inLanguage":"es"}]}},"_links":{"self":[{"href":"https:\/\/tijuana.com.uy\/index.php?rest_route=\/wp\/v2\/product\/2127","targetHints":{"allow":["GET"]}}],"collection":[{"href":"https:\/\/tijuana.com.uy\/index.php?rest_route=\/wp\/v2\/product"}],"about":[{"href":"https:\/\/tijuana.com.uy\/index.php?rest_route=\/wp\/v2\/types\/product"}],"wp:featuredmedia":[{"embeddable":true,"href":"https:\/\/tijuana.com.uy\/index.php?rest_route=\/wp\/v2\/media\/2202"}],"wp:attachment":[{"href":"https:\/\/tijuana.com.uy\/index.php?rest_route=%2Fwp%2Fv2%2Fmedia&parent=2127"}],"wp:term":[{"taxonomy":"product_brand","embeddable":true,"href":"https:\/\/tijuana.com.uy\/index.php?rest_route=%2Fwp%2Fv2%2Fproduct_brand&post=2127"},{"taxonomy":"product_cat","embeddable":true,"href":"https:\/\/tijuana.com.uy\/index.php?rest_route=%2Fwp%2Fv2%2Fproduct_cat&post=2127"},{"taxonomy":"product_tag","embeddable":true,"href":"https:\/\/tijuana.com.uy\/index.php?rest_route=%2Fwp%2Fv2%2Fproduct_tag&post=2127"}],"curies":[{"name":"wp","href":"https:\/\/api.w.org\/{rel}","templated":true}]}}