{"id":2128,"date":"2022-08-05T05:01:20","date_gmt":"2022-08-05T05:01:20","guid":{"rendered":"https:\/\/tijuana.com.uy\/index.php\/producto\/10-cubos-apilables-playa\/"},"modified":"2022-09-06T14:36:59","modified_gmt":"2022-09-06T14:36:59","slug":"10-cubos-apilables-playa","status":"publish","type":"product","link":"https:\/\/tijuana.com.uy\/?product=10-cubos-apilables-playa","title":{"rendered":"CUBOS APILABLES DE PLAYA"},"content":{"rendered":"<p>A los ni\u00f1os y ni\u00f1as les encantar\u00e1 construir y derribar este conjunto de cubos apilables de playa. Recomendado para ni\u00f1os mayores a 1 a\u00f1o.<br \/>\nCaracter\u00edsticas clave:<br \/>\n&#8211; 5 lados cuentan con deportes acu\u00e1ticos, n\u00fameros, s\u00edmbolos, animales en un faro y escaleras para subir.<br \/>\n&#8211; Una gran manera de introducir n\u00fameros y contar de una manera l\u00fadica.<br \/>\n&#8211; Estos bloques de cart\u00f3n gruesos y duraderos se apilar\u00e1n para formar una impresionante pir\u00e1mide de 86 cm de altura. ! Ideal\u00a0para derribar tambi\u00e9n!<br \/>\n&#8211; Los bloques anidados y apilables ofrecen innumerables oportunidades para juegos abiertos.<br \/>\n&#8211; Un elemento esencial para el desarrollo temprano.<\/p>\n","protected":false},"excerpt":{"rendered":"<p>A los ni\u00f1os y ni\u00f1as les encantar\u00e1 construir y derribar este conjunto de cubos apilables de playa. Recomendado para ni\u00f1os mayores a 1 a\u00f1o. Caracter\u00edsticas clave: &#8211; 5 lados cuentan con deportes acu\u00e1ticos, n\u00fameros, s\u00edmbolos, animales en un faro y escaleras para subir. &#8211; Una gran manera de introducir n\u00fameros y contar de una manera [&hellip;]<\/p>\n","protected":false},"featured_media":2199,"template":"","meta":[],"product_brand":[],"product_cat":[26],"product_tag":[64,65,34],"class_list":{"0":"post-2128","1":"product","2":"type-product","3":"status-publish","4":"has-post-thumbnail","6":"product_cat-jugueteria","7":"product_tag-1-2anos","8":"product_tag-3-4anos","9":"product_tag-djeco","11":"first","12":"instock","13":"taxable","14":"shipping-taxable","15":"purchasable","16":"product-type-simple"},"yoast_head":"<!-- This site is optimized with the Yoast SEO plugin v27.5 - https:\/\/yoast.com\/product\/yoast-seo-wordpress\/ -->\n<title>CUBOS APILABLES DE PLAYA - Tijuana<\/title>\n<meta name=\"description\" content=\"A los ni\u00f1os y ni\u00f1as les encantar\u00e1 construir y derribar este conjunto de cubos apilables de playa.\" \/>\n<meta name=\"robots\" content=\"index, follow, max-snippet:-1, max-image-preview:large, max-video-preview:-1\" \/>\n<link rel=\"canonical\" href=\"https:\/\/tijuana.com.uy\/?product=10-cubos-apilables-playa\" \/>\n<meta property=\"og:locale\" content=\"es_ES\" \/>\n<meta property=\"og:type\" content=\"article\" \/>\n<meta property=\"og:title\" content=\"CUBOS APILABLES DE PLAYA - Tijuana\" \/>\n<meta property=\"og:description\" content=\"A los ni\u00f1os y ni\u00f1as les encantar\u00e1 construir y derribar este conjunto de cubos apilables de playa.\" \/>\n<meta property=\"og:url\" content=\"https:\/\/tijuana.com.uy\/?product=10-cubos-apilables-playa\" \/>\n<meta property=\"og:site_name\" content=\"Tijuana\" \/>\n<meta property=\"article:modified_time\" content=\"2022-09-06T14:36:59+00:00\" \/>\n<meta property=\"og:image\" content=\"https:\/\/tijuana.com.uy\/wp-content\/uploads\/2022\/08\/djeco-bloques-y-construccion-cubos-apilables-playa-10-piezas-dj08509-30159634759855.webp\" \/>\n\t<meta property=\"og:image:width\" content=\"800\" \/>\n\t<meta property=\"og:image:height\" content=\"800\" \/>\n\t<meta property=\"og:image:type\" content=\"image\/webp\" \/>\n<meta name=\"twitter:card\" content=\"summary_large_image\" \/>\n<meta name=\"twitter:label1\" content=\"Tiempo de lectura\" \/>\n\t<meta name=\"twitter:data1\" content=\"1 minuto\" \/>\n<script type=\"application\/ld+json\" class=\"yoast-schema-graph\">{\"@context\":\"https:\\\/\\\/schema.org\",\"@graph\":[{\"@type\":\"WebPage\",\"@id\":\"https:\\\/\\\/tijuana.com.uy\\\/?product=10-cubos-apilables-playa\",\"url\":\"https:\\\/\\\/tijuana.com.uy\\\/?product=10-cubos-apilables-playa\",\"name\":\"CUBOS APILABLES DE PLAYA - Tijuana\",\"isPartOf\":{\"@id\":\"https:\\\/\\\/tijuana.com.uy\\\/#website\"},\"primaryImageOfPage\":{\"@id\":\"https:\\\/\\\/tijuana.com.uy\\\/?product=10-cubos-apilables-playa#primaryimage\"},\"image\":{\"@id\":\"https:\\\/\\\/tijuana.com.uy\\\/?product=10-cubos-apilables-playa#primaryimage\"},\"thumbnailUrl\":\"https:\\\/\\\/tijuana.com.uy\\\/wp-content\\\/uploads\\\/2022\\\/08\\\/djeco-bloques-y-construccion-cubos-apilables-playa-10-piezas-dj08509-30159634759855.webp\",\"datePublished\":\"2022-08-05T05:01:20+00:00\",\"dateModified\":\"2022-09-06T14:36:59+00:00\",\"description\":\"A los ni\u00f1os y ni\u00f1as les encantar\u00e1 construir y derribar este conjunto de cubos apilables de playa.\",\"breadcrumb\":{\"@id\":\"https:\\\/\\\/tijuana.com.uy\\\/?product=10-cubos-apilables-playa#breadcrumb\"},\"inLanguage\":\"es\",\"potentialAction\":[{\"@type\":\"ReadAction\",\"target\":[\"https:\\\/\\\/tijuana.com.uy\\\/?product=10-cubos-apilables-playa\"]}]},{\"@type\":\"ImageObject\",\"inLanguage\":\"es\",\"@id\":\"https:\\\/\\\/tijuana.com.uy\\\/?product=10-cubos-apilables-playa#primaryimage\",\"url\":\"https:\\\/\\\/tijuana.com.uy\\\/wp-content\\\/uploads\\\/2022\\\/08\\\/djeco-bloques-y-construccion-cubos-apilables-playa-10-piezas-dj08509-30159634759855.webp\",\"contentUrl\":\"https:\\\/\\\/tijuana.com.uy\\\/wp-content\\\/uploads\\\/2022\\\/08\\\/djeco-bloques-y-construccion-cubos-apilables-playa-10-piezas-dj08509-30159634759855.webp\",\"width\":800,\"height\":800,\"caption\":\"CUBOS APILABLES DE PLAYA\"},{\"@type\":\"BreadcrumbList\",\"@id\":\"https:\\\/\\\/tijuana.com.uy\\\/?product=10-cubos-apilables-playa#breadcrumb\",\"itemListElement\":[{\"@type\":\"ListItem\",\"position\":1,\"name\":\"Inicio\",\"item\":\"https:\\\/\\\/tijuana.com.uy\\\/\"},{\"@type\":\"ListItem\",\"position\":2,\"name\":\"Todos nuestros productos\",\"item\":\"https:\\\/\\\/tijuana.com.uy\\\/?page_id=365\"},{\"@type\":\"ListItem\",\"position\":3,\"name\":\"CUBOS APILABLES DE PLAYA\"}]},{\"@type\":\"WebSite\",\"@id\":\"https:\\\/\\\/tijuana.com.uy\\\/#website\",\"url\":\"https:\\\/\\\/tijuana.com.uy\\\/\",\"name\":\"Tijuana\",\"description\":\"Ecommerce Tijuana\",\"potentialAction\":[{\"@type\":\"SearchAction\",\"target\":{\"@type\":\"EntryPoint\",\"urlTemplate\":\"https:\\\/\\\/tijuana.com.uy\\\/?s={search_term_string}\"},\"query-input\":{\"@type\":\"PropertyValueSpecification\",\"valueRequired\":true,\"valueName\":\"search_term_string\"}}],\"inLanguage\":\"es\"}]}<\/script>\n<!-- \/ Yoast SEO plugin. -->","yoast_head_json":{"title":"CUBOS APILABLES DE PLAYA - Tijuana","description":"A los ni\u00f1os y ni\u00f1as les encantar\u00e1 construir y derribar este conjunto de cubos apilables de playa.","robots":{"index":"index","follow":"follow","max-snippet":"max-snippet:-1","max-image-preview":"max-image-preview:large","max-video-preview":"max-video-preview:-1"},"canonical":"https:\/\/tijuana.com.uy\/?product=10-cubos-apilables-playa","og_locale":"es_ES","og_type":"article","og_title":"CUBOS APILABLES DE PLAYA - Tijuana","og_description":"A los ni\u00f1os y ni\u00f1as les encantar\u00e1 construir y derribar este conjunto de cubos apilables de playa.","og_url":"https:\/\/tijuana.com.uy\/?product=10-cubos-apilables-playa","og_site_name":"Tijuana","article_modified_time":"2022-09-06T14:36:59+00:00","og_image":[{"width":800,"height":800,"url":"https:\/\/tijuana.com.uy\/wp-content\/uploads\/2022\/08\/djeco-bloques-y-construccion-cubos-apilables-playa-10-piezas-dj08509-30159634759855.webp","type":"image\/webp"}],"twitter_card":"summary_large_image","twitter_misc":{"Tiempo de lectura":"1 minuto"},"schema":{"@context":"https:\/\/schema.org","@graph":[{"@type":"WebPage","@id":"https:\/\/tijuana.com.uy\/?product=10-cubos-apilables-playa","url":"https:\/\/tijuana.com.uy\/?product=10-cubos-apilables-playa","name":"CUBOS APILABLES DE PLAYA - Tijuana","isPartOf":{"@id":"https:\/\/tijuana.com.uy\/#website"},"primaryImageOfPage":{"@id":"https:\/\/tijuana.com.uy\/?product=10-cubos-apilables-playa#primaryimage"},"image":{"@id":"https:\/\/tijuana.com.uy\/?product=10-cubos-apilables-playa#primaryimage"},"thumbnailUrl":"https:\/\/tijuana.com.uy\/wp-content\/uploads\/2022\/08\/djeco-bloques-y-construccion-cubos-apilables-playa-10-piezas-dj08509-30159634759855.webp","datePublished":"2022-08-05T05:01:20+00:00","dateModified":"2022-09-06T14:36:59+00:00","description":"A los ni\u00f1os y ni\u00f1as les encantar\u00e1 construir y derribar este conjunto de cubos apilables de playa.","breadcrumb":{"@id":"https:\/\/tijuana.com.uy\/?product=10-cubos-apilables-playa#breadcrumb"},"inLanguage":"es","potentialAction":[{"@type":"ReadAction","target":["https:\/\/tijuana.com.uy\/?product=10-cubos-apilables-playa"]}]},{"@type":"ImageObject","inLanguage":"es","@id":"https:\/\/tijuana.com.uy\/?product=10-cubos-apilables-playa#primaryimage","url":"https:\/\/tijuana.com.uy\/wp-content\/uploads\/2022\/08\/djeco-bloques-y-construccion-cubos-apilables-playa-10-piezas-dj08509-30159634759855.webp","contentUrl":"https:\/\/tijuana.com.uy\/wp-content\/uploads\/2022\/08\/djeco-bloques-y-construccion-cubos-apilables-playa-10-piezas-dj08509-30159634759855.webp","width":800,"height":800,"caption":"CUBOS APILABLES DE PLAYA"},{"@type":"BreadcrumbList","@id":"https:\/\/tijuana.com.uy\/?product=10-cubos-apilables-playa#breadcrumb","itemListElement":[{"@type":"ListItem","position":1,"name":"Inicio","item":"https:\/\/tijuana.com.uy\/"},{"@type":"ListItem","position":2,"name":"Todos nuestros productos","item":"https:\/\/tijuana.com.uy\/?page_id=365"},{"@type":"ListItem","position":3,"name":"CUBOS APILABLES DE PLAYA"}]},{"@type":"WebSite","@id":"https:\/\/tijuana.com.uy\/#website","url":"https:\/\/tijuana.com.uy\/","name":"Tijuana","description":"Ecommerce Tijuana","potentialAction":[{"@type":"SearchAction","target":{"@type":"EntryPoint","urlTemplate":"https:\/\/tijuana.com.uy\/?s={search_term_string}"},"query-input":{"@type":"PropertyValueSpecification","valueRequired":true,"valueName":"search_term_string"}}],"inLanguage":"es"}]}},"_links":{"self":[{"href":"https:\/\/tijuana.com.uy\/index.php?rest_route=\/wp\/v2\/product\/2128","targetHints":{"allow":["GET"]}}],"collection":[{"href":"https:\/\/tijuana.com.uy\/index.php?rest_route=\/wp\/v2\/product"}],"about":[{"href":"https:\/\/tijuana.com.uy\/index.php?rest_route=\/wp\/v2\/types\/product"}],"wp:featuredmedia":[{"embeddable":true,"href":"https:\/\/tijuana.com.uy\/index.php?rest_route=\/wp\/v2\/media\/2199"}],"wp:attachment":[{"href":"https:\/\/tijuana.com.uy\/index.php?rest_route=%2Fwp%2Fv2%2Fmedia&parent=2128"}],"wp:term":[{"taxonomy":"product_brand","embeddable":true,"href":"https:\/\/tijuana.com.uy\/index.php?rest_route=%2Fwp%2Fv2%2Fproduct_brand&post=2128"},{"taxonomy":"product_cat","embeddable":true,"href":"https:\/\/tijuana.com.uy\/index.php?rest_route=%2Fwp%2Fv2%2Fproduct_cat&post=2128"},{"taxonomy":"product_tag","embeddable":true,"href":"https:\/\/tijuana.com.uy\/index.php?rest_route=%2Fwp%2Fv2%2Fproduct_tag&post=2128"}],"curies":[{"name":"wp","href":"https:\/\/api.w.org\/{rel}","templated":true}]}}