{"id":2130,"date":"2022-08-05T05:01:28","date_gmt":"2022-08-05T05:01:28","guid":{"rendered":"https:\/\/tijuana.com.uy\/index.php\/producto\/10-cubos-apilables-arcoiris\/"},"modified":"2024-12-22T11:51:28","modified_gmt":"2024-12-22T14:51:28","slug":"10-cubos-apilables-arcoiris","status":"publish","type":"product","link":"https:\/\/tijuana.com.uy\/?product=10-cubos-apilables-arcoiris","title":{"rendered":"CUBOS APILABLES ARCOIRIS"},"content":{"rendered":"<p>A los ni\u00f1os y ni\u00f1as les encantar\u00e1 construir y derribar este conjunto de cubos apilables arcoiris de anidaci\u00f3n con tem\u00e1tica de dibujos divertidos.<br \/>\nCaracter\u00edsticas clave:<br \/>\n&#8211; Una gran manera de introducir n\u00fameros y contar de una manera l\u00fadica.<br \/>\n&#8211; \u00a1Estos bloques de cart\u00f3n gruesos y duraderos se apilar\u00e1n para formar una impresionante pir\u00e1mide de 86 cm de altura! Ideal para derribar!<br \/>\n&#8211; Los bloques anidados y apilables ofrecen innumerables oportunidades para juegos abiertos.<br \/>\n&#8211; Un elemento esencial para el desarrollo temprano.<\/p>\n<p>Recomendado para ni\u00f1os mayores a 1 a\u00f1o.<\/p>\n","protected":false},"excerpt":{"rendered":"<p>A los ni\u00f1os y ni\u00f1as les encantar\u00e1 construir y derribar este conjunto de cubos apilables arcoiris de anidaci\u00f3n con tem\u00e1tica de dibujos divertidos. Caracter\u00edsticas clave: &#8211; Una gran manera de introducir n\u00fameros y contar de una manera l\u00fadica. &#8211; \u00a1Estos bloques de cart\u00f3n gruesos y duraderos se apilar\u00e1n para formar una impresionante pir\u00e1mide de 86 [&hellip;]<\/p>\n","protected":false},"featured_media":2190,"template":"","meta":[],"product_brand":[],"product_cat":[26],"product_tag":[64,65,34],"class_list":{"0":"post-2130","1":"product","2":"type-product","3":"status-publish","4":"has-post-thumbnail","6":"product_cat-jugueteria","7":"product_tag-1-2anos","8":"product_tag-3-4anos","9":"product_tag-djeco","11":"first","12":"outofstock","13":"taxable","14":"shipping-taxable","15":"purchasable","16":"product-type-simple"},"yoast_head":"<!-- This site is optimized with the Yoast SEO plugin v27.5 - https:\/\/yoast.com\/product\/yoast-seo-wordpress\/ -->\n<title>CUBOS APILABLES ARCOIRIS - Tijuana<\/title>\n<meta name=\"description\" content=\"Les encantar\u00e1 construir y derribar este conjunto de cubos apilables arcoiris de anidaci\u00f3n con tem\u00e1tica de dibujos divertidos.\" \/>\n<meta name=\"robots\" content=\"index, follow, max-snippet:-1, max-image-preview:large, max-video-preview:-1\" \/>\n<link rel=\"canonical\" href=\"https:\/\/tijuana.com.uy\/?product=10-cubos-apilables-arcoiris\" \/>\n<meta property=\"og:locale\" content=\"es_ES\" \/>\n<meta property=\"og:type\" content=\"article\" \/>\n<meta property=\"og:title\" content=\"CUBOS APILABLES ARCOIRIS - Tijuana\" \/>\n<meta property=\"og:description\" content=\"Les encantar\u00e1 construir y derribar este conjunto de cubos apilables arcoiris de anidaci\u00f3n con tem\u00e1tica de dibujos divertidos.\" \/>\n<meta property=\"og:url\" content=\"https:\/\/tijuana.com.uy\/?product=10-cubos-apilables-arcoiris\" \/>\n<meta property=\"og:site_name\" content=\"Tijuana\" \/>\n<meta property=\"article:modified_time\" content=\"2024-12-22T14:51:28+00:00\" \/>\n<meta property=\"og:image\" content=\"https:\/\/tijuana.com.uy\/wp-content\/uploads\/2022\/08\/eske-600x600-1.jpg\" \/>\n\t<meta property=\"og:image:width\" content=\"600\" \/>\n\t<meta property=\"og:image:height\" content=\"600\" \/>\n\t<meta property=\"og:image:type\" content=\"image\/jpeg\" \/>\n<meta name=\"twitter:card\" content=\"summary_large_image\" \/>\n<meta name=\"twitter:label1\" content=\"Tiempo de lectura\" \/>\n\t<meta name=\"twitter:data1\" content=\"1 minuto\" \/>\n<script type=\"application\/ld+json\" class=\"yoast-schema-graph\">{\"@context\":\"https:\\\/\\\/schema.org\",\"@graph\":[{\"@type\":\"WebPage\",\"@id\":\"https:\\\/\\\/tijuana.com.uy\\\/?product=10-cubos-apilables-arcoiris\",\"url\":\"https:\\\/\\\/tijuana.com.uy\\\/?product=10-cubos-apilables-arcoiris\",\"name\":\"CUBOS APILABLES ARCOIRIS - Tijuana\",\"isPartOf\":{\"@id\":\"https:\\\/\\\/tijuana.com.uy\\\/#website\"},\"primaryImageOfPage\":{\"@id\":\"https:\\\/\\\/tijuana.com.uy\\\/?product=10-cubos-apilables-arcoiris#primaryimage\"},\"image\":{\"@id\":\"https:\\\/\\\/tijuana.com.uy\\\/?product=10-cubos-apilables-arcoiris#primaryimage\"},\"thumbnailUrl\":\"https:\\\/\\\/tijuana.com.uy\\\/wp-content\\\/uploads\\\/2022\\\/08\\\/eske-600x600-1.jpg\",\"datePublished\":\"2022-08-05T05:01:28+00:00\",\"dateModified\":\"2024-12-22T14:51:28+00:00\",\"description\":\"Les encantar\u00e1 construir y derribar este conjunto de cubos apilables arcoiris de anidaci\u00f3n con tem\u00e1tica de dibujos divertidos.\",\"breadcrumb\":{\"@id\":\"https:\\\/\\\/tijuana.com.uy\\\/?product=10-cubos-apilables-arcoiris#breadcrumb\"},\"inLanguage\":\"es\",\"potentialAction\":[{\"@type\":\"ReadAction\",\"target\":[\"https:\\\/\\\/tijuana.com.uy\\\/?product=10-cubos-apilables-arcoiris\"]}]},{\"@type\":\"ImageObject\",\"inLanguage\":\"es\",\"@id\":\"https:\\\/\\\/tijuana.com.uy\\\/?product=10-cubos-apilables-arcoiris#primaryimage\",\"url\":\"https:\\\/\\\/tijuana.com.uy\\\/wp-content\\\/uploads\\\/2022\\\/08\\\/eske-600x600-1.jpg\",\"contentUrl\":\"https:\\\/\\\/tijuana.com.uy\\\/wp-content\\\/uploads\\\/2022\\\/08\\\/eske-600x600-1.jpg\",\"width\":600,\"height\":600,\"caption\":\"cubos apilables arcoiris\"},{\"@type\":\"BreadcrumbList\",\"@id\":\"https:\\\/\\\/tijuana.com.uy\\\/?product=10-cubos-apilables-arcoiris#breadcrumb\",\"itemListElement\":[{\"@type\":\"ListItem\",\"position\":1,\"name\":\"Inicio\",\"item\":\"https:\\\/\\\/tijuana.com.uy\\\/\"},{\"@type\":\"ListItem\",\"position\":2,\"name\":\"Todos nuestros productos\",\"item\":\"https:\\\/\\\/tijuana.com.uy\\\/?page_id=365\"},{\"@type\":\"ListItem\",\"position\":3,\"name\":\"CUBOS APILABLES ARCOIRIS\"}]},{\"@type\":\"WebSite\",\"@id\":\"https:\\\/\\\/tijuana.com.uy\\\/#website\",\"url\":\"https:\\\/\\\/tijuana.com.uy\\\/\",\"name\":\"Tijuana\",\"description\":\"Ecommerce Tijuana\",\"potentialAction\":[{\"@type\":\"SearchAction\",\"target\":{\"@type\":\"EntryPoint\",\"urlTemplate\":\"https:\\\/\\\/tijuana.com.uy\\\/?s={search_term_string}\"},\"query-input\":{\"@type\":\"PropertyValueSpecification\",\"valueRequired\":true,\"valueName\":\"search_term_string\"}}],\"inLanguage\":\"es\"}]}<\/script>\n<!-- \/ Yoast SEO plugin. -->","yoast_head_json":{"title":"CUBOS APILABLES ARCOIRIS - Tijuana","description":"Les encantar\u00e1 construir y derribar este conjunto de cubos apilables arcoiris de anidaci\u00f3n con tem\u00e1tica de dibujos divertidos.","robots":{"index":"index","follow":"follow","max-snippet":"max-snippet:-1","max-image-preview":"max-image-preview:large","max-video-preview":"max-video-preview:-1"},"canonical":"https:\/\/tijuana.com.uy\/?product=10-cubos-apilables-arcoiris","og_locale":"es_ES","og_type":"article","og_title":"CUBOS APILABLES ARCOIRIS - Tijuana","og_description":"Les encantar\u00e1 construir y derribar este conjunto de cubos apilables arcoiris de anidaci\u00f3n con tem\u00e1tica de dibujos divertidos.","og_url":"https:\/\/tijuana.com.uy\/?product=10-cubos-apilables-arcoiris","og_site_name":"Tijuana","article_modified_time":"2024-12-22T14:51:28+00:00","og_image":[{"width":600,"height":600,"url":"https:\/\/tijuana.com.uy\/wp-content\/uploads\/2022\/08\/eske-600x600-1.jpg","type":"image\/jpeg"}],"twitter_card":"summary_large_image","twitter_misc":{"Tiempo de lectura":"1 minuto"},"schema":{"@context":"https:\/\/schema.org","@graph":[{"@type":"WebPage","@id":"https:\/\/tijuana.com.uy\/?product=10-cubos-apilables-arcoiris","url":"https:\/\/tijuana.com.uy\/?product=10-cubos-apilables-arcoiris","name":"CUBOS APILABLES ARCOIRIS - Tijuana","isPartOf":{"@id":"https:\/\/tijuana.com.uy\/#website"},"primaryImageOfPage":{"@id":"https:\/\/tijuana.com.uy\/?product=10-cubos-apilables-arcoiris#primaryimage"},"image":{"@id":"https:\/\/tijuana.com.uy\/?product=10-cubos-apilables-arcoiris#primaryimage"},"thumbnailUrl":"https:\/\/tijuana.com.uy\/wp-content\/uploads\/2022\/08\/eske-600x600-1.jpg","datePublished":"2022-08-05T05:01:28+00:00","dateModified":"2024-12-22T14:51:28+00:00","description":"Les encantar\u00e1 construir y derribar este conjunto de cubos apilables arcoiris de anidaci\u00f3n con tem\u00e1tica de dibujos divertidos.","breadcrumb":{"@id":"https:\/\/tijuana.com.uy\/?product=10-cubos-apilables-arcoiris#breadcrumb"},"inLanguage":"es","potentialAction":[{"@type":"ReadAction","target":["https:\/\/tijuana.com.uy\/?product=10-cubos-apilables-arcoiris"]}]},{"@type":"ImageObject","inLanguage":"es","@id":"https:\/\/tijuana.com.uy\/?product=10-cubos-apilables-arcoiris#primaryimage","url":"https:\/\/tijuana.com.uy\/wp-content\/uploads\/2022\/08\/eske-600x600-1.jpg","contentUrl":"https:\/\/tijuana.com.uy\/wp-content\/uploads\/2022\/08\/eske-600x600-1.jpg","width":600,"height":600,"caption":"cubos apilables arcoiris"},{"@type":"BreadcrumbList","@id":"https:\/\/tijuana.com.uy\/?product=10-cubos-apilables-arcoiris#breadcrumb","itemListElement":[{"@type":"ListItem","position":1,"name":"Inicio","item":"https:\/\/tijuana.com.uy\/"},{"@type":"ListItem","position":2,"name":"Todos nuestros productos","item":"https:\/\/tijuana.com.uy\/?page_id=365"},{"@type":"ListItem","position":3,"name":"CUBOS APILABLES ARCOIRIS"}]},{"@type":"WebSite","@id":"https:\/\/tijuana.com.uy\/#website","url":"https:\/\/tijuana.com.uy\/","name":"Tijuana","description":"Ecommerce Tijuana","potentialAction":[{"@type":"SearchAction","target":{"@type":"EntryPoint","urlTemplate":"https:\/\/tijuana.com.uy\/?s={search_term_string}"},"query-input":{"@type":"PropertyValueSpecification","valueRequired":true,"valueName":"search_term_string"}}],"inLanguage":"es"}]}},"_links":{"self":[{"href":"https:\/\/tijuana.com.uy\/index.php?rest_route=\/wp\/v2\/product\/2130","targetHints":{"allow":["GET"]}}],"collection":[{"href":"https:\/\/tijuana.com.uy\/index.php?rest_route=\/wp\/v2\/product"}],"about":[{"href":"https:\/\/tijuana.com.uy\/index.php?rest_route=\/wp\/v2\/types\/product"}],"wp:featuredmedia":[{"embeddable":true,"href":"https:\/\/tijuana.com.uy\/index.php?rest_route=\/wp\/v2\/media\/2190"}],"wp:attachment":[{"href":"https:\/\/tijuana.com.uy\/index.php?rest_route=%2Fwp%2Fv2%2Fmedia&parent=2130"}],"wp:term":[{"taxonomy":"product_brand","embeddable":true,"href":"https:\/\/tijuana.com.uy\/index.php?rest_route=%2Fwp%2Fv2%2Fproduct_brand&post=2130"},{"taxonomy":"product_cat","embeddable":true,"href":"https:\/\/tijuana.com.uy\/index.php?rest_route=%2Fwp%2Fv2%2Fproduct_cat&post=2130"},{"taxonomy":"product_tag","embeddable":true,"href":"https:\/\/tijuana.com.uy\/index.php?rest_route=%2Fwp%2Fv2%2Fproduct_tag&post=2130"}],"curies":[{"name":"wp","href":"https:\/\/api.w.org\/{rel}","templated":true}]}}