{"id":2131,"date":"2022-08-05T05:01:34","date_gmt":"2022-08-05T05:01:34","guid":{"rendered":"https:\/\/tijuana.com.uy\/index.php\/producto\/torre-de-cubos-maxi-topanijungle-animales-de-la-selva\/"},"modified":"2024-12-22T12:01:17","modified_gmt":"2024-12-22T15:01:17","slug":"torre-de-cubos-maxi-topanijungle-animales-de-la-selva","status":"publish","type":"product","link":"https:\/\/tijuana.com.uy\/?product=torre-de-cubos-maxi-topanijungle-animales-de-la-selva","title":{"rendered":"TORRE DE CUBOS CON ANIMALES DE LA SELVA"},"content":{"rendered":"<p>Hermoso juego en el que los m\u00e1s peque\u00f1os podr\u00e1n apilar una torre de cubos con animales e imaginar grandes historias con estos animales de la selva.<br \/>\nApilamiento, imaginaci\u00f3n, manipulaci\u00f3n, son unas cuantas de las cosas que pueden aprender con este divertido juego. Recomendado para ni\u00f1os mayores a 18 meses.<\/p>\n<p>Incluye: 5 cubos apilables y 5 animales: una jirafa, un cocodrilo, un elefante, un mono y un cachorro de le\u00f3n.<\/p>\n<p>Torre de cubos con animales de la selva Topanijungle.<\/p>\n","protected":false},"excerpt":{"rendered":"<p>Hermoso juego en el que los m\u00e1s peque\u00f1os podr\u00e1n apilar una torre de cubos con animales e imaginar grandes historias con estos animales de la selva. Apilamiento, imaginaci\u00f3n, manipulaci\u00f3n, son unas cuantas de las cosas que pueden aprender con este divertido juego. Recomendado para ni\u00f1os mayores a 18 meses. Incluye: 5 cubos apilables y 5 [&hellip;]<\/p>\n","protected":false},"featured_media":2186,"template":"","meta":[],"product_brand":[],"product_cat":[26],"product_tag":[64,65,34],"class_list":{"0":"post-2131","1":"product","2":"type-product","3":"status-publish","4":"has-post-thumbnail","6":"product_cat-jugueteria","7":"product_tag-1-2anos","8":"product_tag-3-4anos","9":"product_tag-djeco","11":"first","12":"instock","13":"taxable","14":"shipping-taxable","15":"purchasable","16":"product-type-simple"},"yoast_head":"<!-- This site is optimized with the Yoast SEO plugin v27.5 - https:\/\/yoast.com\/product\/yoast-seo-wordpress\/ -->\n<title>TORRE DE CUBOS CON ANIMALES DE LA SELVA - Tijuana<\/title>\n<meta name=\"description\" content=\"Hermoso juego en el que los m\u00e1s peque\u00f1os podr\u00e1n apilar una torre de cubos con animales e imaginar grandes historias con estos animales de la selva.\" \/>\n<meta name=\"robots\" content=\"index, follow, max-snippet:-1, max-image-preview:large, max-video-preview:-1\" \/>\n<link rel=\"canonical\" href=\"https:\/\/tijuana.com.uy\/?product=torre-de-cubos-maxi-topanijungle-animales-de-la-selva\" \/>\n<meta property=\"og:locale\" content=\"es_ES\" \/>\n<meta property=\"og:type\" content=\"article\" \/>\n<meta property=\"og:title\" content=\"TORRE DE CUBOS CON ANIMALES DE LA SELVA - Tijuana\" \/>\n<meta property=\"og:description\" content=\"Hermoso juego en el que los m\u00e1s peque\u00f1os podr\u00e1n apilar una torre de cubos con animales e imaginar grandes historias con estos animales de la selva.\" \/>\n<meta property=\"og:url\" content=\"https:\/\/tijuana.com.uy\/?product=torre-de-cubos-maxi-topanijungle-animales-de-la-selva\" \/>\n<meta property=\"og:site_name\" content=\"Tijuana\" \/>\n<meta property=\"article:modified_time\" content=\"2024-12-22T15:01:17+00:00\" \/>\n<meta property=\"og:image\" content=\"https:\/\/tijuana.com.uy\/wp-content\/uploads\/2022\/08\/DJ09101-C-RVB-500x717-1.jpg\" \/>\n\t<meta property=\"og:image:width\" content=\"500\" \/>\n\t<meta property=\"og:image:height\" content=\"717\" \/>\n\t<meta property=\"og:image:type\" content=\"image\/jpeg\" \/>\n<meta name=\"twitter:card\" content=\"summary_large_image\" \/>\n<meta name=\"twitter:label1\" content=\"Tiempo de lectura\" \/>\n\t<meta name=\"twitter:data1\" content=\"1 minuto\" \/>\n<script type=\"application\/ld+json\" class=\"yoast-schema-graph\">{\"@context\":\"https:\\\/\\\/schema.org\",\"@graph\":[{\"@type\":\"WebPage\",\"@id\":\"https:\\\/\\\/tijuana.com.uy\\\/?product=torre-de-cubos-maxi-topanijungle-animales-de-la-selva\",\"url\":\"https:\\\/\\\/tijuana.com.uy\\\/?product=torre-de-cubos-maxi-topanijungle-animales-de-la-selva\",\"name\":\"TORRE DE CUBOS CON ANIMALES DE LA SELVA - Tijuana\",\"isPartOf\":{\"@id\":\"https:\\\/\\\/tijuana.com.uy\\\/#website\"},\"primaryImageOfPage\":{\"@id\":\"https:\\\/\\\/tijuana.com.uy\\\/?product=torre-de-cubos-maxi-topanijungle-animales-de-la-selva#primaryimage\"},\"image\":{\"@id\":\"https:\\\/\\\/tijuana.com.uy\\\/?product=torre-de-cubos-maxi-topanijungle-animales-de-la-selva#primaryimage\"},\"thumbnailUrl\":\"https:\\\/\\\/tijuana.com.uy\\\/wp-content\\\/uploads\\\/2022\\\/08\\\/DJ09101-C-RVB-500x717-1.jpg\",\"datePublished\":\"2022-08-05T05:01:34+00:00\",\"dateModified\":\"2024-12-22T15:01:17+00:00\",\"description\":\"Hermoso juego en el que los m\u00e1s peque\u00f1os podr\u00e1n apilar una torre de cubos con animales e imaginar grandes historias con estos animales de la selva.\",\"breadcrumb\":{\"@id\":\"https:\\\/\\\/tijuana.com.uy\\\/?product=torre-de-cubos-maxi-topanijungle-animales-de-la-selva#breadcrumb\"},\"inLanguage\":\"es\",\"potentialAction\":[{\"@type\":\"ReadAction\",\"target\":[\"https:\\\/\\\/tijuana.com.uy\\\/?product=torre-de-cubos-maxi-topanijungle-animales-de-la-selva\"]}]},{\"@type\":\"ImageObject\",\"inLanguage\":\"es\",\"@id\":\"https:\\\/\\\/tijuana.com.uy\\\/?product=torre-de-cubos-maxi-topanijungle-animales-de-la-selva#primaryimage\",\"url\":\"https:\\\/\\\/tijuana.com.uy\\\/wp-content\\\/uploads\\\/2022\\\/08\\\/DJ09101-C-RVB-500x717-1.jpg\",\"contentUrl\":\"https:\\\/\\\/tijuana.com.uy\\\/wp-content\\\/uploads\\\/2022\\\/08\\\/DJ09101-C-RVB-500x717-1.jpg\",\"width\":500,\"height\":717,\"caption\":\"torre de cubos de animales de la selva\"},{\"@type\":\"BreadcrumbList\",\"@id\":\"https:\\\/\\\/tijuana.com.uy\\\/?product=torre-de-cubos-maxi-topanijungle-animales-de-la-selva#breadcrumb\",\"itemListElement\":[{\"@type\":\"ListItem\",\"position\":1,\"name\":\"Inicio\",\"item\":\"https:\\\/\\\/tijuana.com.uy\\\/\"},{\"@type\":\"ListItem\",\"position\":2,\"name\":\"Todos nuestros productos\",\"item\":\"https:\\\/\\\/tijuana.com.uy\\\/?page_id=365\"},{\"@type\":\"ListItem\",\"position\":3,\"name\":\"TORRE DE CUBOS CON ANIMALES DE LA SELVA\"}]},{\"@type\":\"WebSite\",\"@id\":\"https:\\\/\\\/tijuana.com.uy\\\/#website\",\"url\":\"https:\\\/\\\/tijuana.com.uy\\\/\",\"name\":\"Tijuana\",\"description\":\"Ecommerce Tijuana\",\"potentialAction\":[{\"@type\":\"SearchAction\",\"target\":{\"@type\":\"EntryPoint\",\"urlTemplate\":\"https:\\\/\\\/tijuana.com.uy\\\/?s={search_term_string}\"},\"query-input\":{\"@type\":\"PropertyValueSpecification\",\"valueRequired\":true,\"valueName\":\"search_term_string\"}}],\"inLanguage\":\"es\"}]}<\/script>\n<!-- \/ Yoast SEO plugin. -->","yoast_head_json":{"title":"TORRE DE CUBOS CON ANIMALES DE LA SELVA - Tijuana","description":"Hermoso juego en el que los m\u00e1s peque\u00f1os podr\u00e1n apilar una torre de cubos con animales e imaginar grandes historias con estos animales de la selva.","robots":{"index":"index","follow":"follow","max-snippet":"max-snippet:-1","max-image-preview":"max-image-preview:large","max-video-preview":"max-video-preview:-1"},"canonical":"https:\/\/tijuana.com.uy\/?product=torre-de-cubos-maxi-topanijungle-animales-de-la-selva","og_locale":"es_ES","og_type":"article","og_title":"TORRE DE CUBOS CON ANIMALES DE LA SELVA - Tijuana","og_description":"Hermoso juego en el que los m\u00e1s peque\u00f1os podr\u00e1n apilar una torre de cubos con animales e imaginar grandes historias con estos animales de la selva.","og_url":"https:\/\/tijuana.com.uy\/?product=torre-de-cubos-maxi-topanijungle-animales-de-la-selva","og_site_name":"Tijuana","article_modified_time":"2024-12-22T15:01:17+00:00","og_image":[{"width":500,"height":717,"url":"https:\/\/tijuana.com.uy\/wp-content\/uploads\/2022\/08\/DJ09101-C-RVB-500x717-1.jpg","type":"image\/jpeg"}],"twitter_card":"summary_large_image","twitter_misc":{"Tiempo de lectura":"1 minuto"},"schema":{"@context":"https:\/\/schema.org","@graph":[{"@type":"WebPage","@id":"https:\/\/tijuana.com.uy\/?product=torre-de-cubos-maxi-topanijungle-animales-de-la-selva","url":"https:\/\/tijuana.com.uy\/?product=torre-de-cubos-maxi-topanijungle-animales-de-la-selva","name":"TORRE DE CUBOS CON ANIMALES DE LA SELVA - Tijuana","isPartOf":{"@id":"https:\/\/tijuana.com.uy\/#website"},"primaryImageOfPage":{"@id":"https:\/\/tijuana.com.uy\/?product=torre-de-cubos-maxi-topanijungle-animales-de-la-selva#primaryimage"},"image":{"@id":"https:\/\/tijuana.com.uy\/?product=torre-de-cubos-maxi-topanijungle-animales-de-la-selva#primaryimage"},"thumbnailUrl":"https:\/\/tijuana.com.uy\/wp-content\/uploads\/2022\/08\/DJ09101-C-RVB-500x717-1.jpg","datePublished":"2022-08-05T05:01:34+00:00","dateModified":"2024-12-22T15:01:17+00:00","description":"Hermoso juego en el que los m\u00e1s peque\u00f1os podr\u00e1n apilar una torre de cubos con animales e imaginar grandes historias con estos animales de la selva.","breadcrumb":{"@id":"https:\/\/tijuana.com.uy\/?product=torre-de-cubos-maxi-topanijungle-animales-de-la-selva#breadcrumb"},"inLanguage":"es","potentialAction":[{"@type":"ReadAction","target":["https:\/\/tijuana.com.uy\/?product=torre-de-cubos-maxi-topanijungle-animales-de-la-selva"]}]},{"@type":"ImageObject","inLanguage":"es","@id":"https:\/\/tijuana.com.uy\/?product=torre-de-cubos-maxi-topanijungle-animales-de-la-selva#primaryimage","url":"https:\/\/tijuana.com.uy\/wp-content\/uploads\/2022\/08\/DJ09101-C-RVB-500x717-1.jpg","contentUrl":"https:\/\/tijuana.com.uy\/wp-content\/uploads\/2022\/08\/DJ09101-C-RVB-500x717-1.jpg","width":500,"height":717,"caption":"torre de cubos de animales de la selva"},{"@type":"BreadcrumbList","@id":"https:\/\/tijuana.com.uy\/?product=torre-de-cubos-maxi-topanijungle-animales-de-la-selva#breadcrumb","itemListElement":[{"@type":"ListItem","position":1,"name":"Inicio","item":"https:\/\/tijuana.com.uy\/"},{"@type":"ListItem","position":2,"name":"Todos nuestros productos","item":"https:\/\/tijuana.com.uy\/?page_id=365"},{"@type":"ListItem","position":3,"name":"TORRE DE CUBOS CON ANIMALES DE LA SELVA"}]},{"@type":"WebSite","@id":"https:\/\/tijuana.com.uy\/#website","url":"https:\/\/tijuana.com.uy\/","name":"Tijuana","description":"Ecommerce Tijuana","potentialAction":[{"@type":"SearchAction","target":{"@type":"EntryPoint","urlTemplate":"https:\/\/tijuana.com.uy\/?s={search_term_string}"},"query-input":{"@type":"PropertyValueSpecification","valueRequired":true,"valueName":"search_term_string"}}],"inLanguage":"es"}]}},"_links":{"self":[{"href":"https:\/\/tijuana.com.uy\/index.php?rest_route=\/wp\/v2\/product\/2131","targetHints":{"allow":["GET"]}}],"collection":[{"href":"https:\/\/tijuana.com.uy\/index.php?rest_route=\/wp\/v2\/product"}],"about":[{"href":"https:\/\/tijuana.com.uy\/index.php?rest_route=\/wp\/v2\/types\/product"}],"wp:featuredmedia":[{"embeddable":true,"href":"https:\/\/tijuana.com.uy\/index.php?rest_route=\/wp\/v2\/media\/2186"}],"wp:attachment":[{"href":"https:\/\/tijuana.com.uy\/index.php?rest_route=%2Fwp%2Fv2%2Fmedia&parent=2131"}],"wp:term":[{"taxonomy":"product_brand","embeddable":true,"href":"https:\/\/tijuana.com.uy\/index.php?rest_route=%2Fwp%2Fv2%2Fproduct_brand&post=2131"},{"taxonomy":"product_cat","embeddable":true,"href":"https:\/\/tijuana.com.uy\/index.php?rest_route=%2Fwp%2Fv2%2Fproduct_cat&post=2131"},{"taxonomy":"product_tag","embeddable":true,"href":"https:\/\/tijuana.com.uy\/index.php?rest_route=%2Fwp%2Fv2%2Fproduct_tag&post=2131"}],"curies":[{"name":"wp","href":"https:\/\/api.w.org\/{rel}","templated":true}]}}