{"id":2492,"date":"2022-10-01T04:26:56","date_gmt":"2022-10-01T04:26:56","guid":{"rendered":"https:\/\/tijuana.com.uy\/?post_type=product&#038;p=2492"},"modified":"2023-02-13T17:41:54","modified_gmt":"2023-02-13T17:41:54","slug":"muneca-afro-con-sindrome-de-down-2","status":"publish","type":"product","link":"https:\/\/tijuana.com.uy\/?product=muneca-afro-con-sindrome-de-down-2","title":{"rendered":"MU\u00d1ECO AFRO CON SINDROME DE DOWN"},"content":{"rendered":"","protected":false},"excerpt":{"rendered":"<p>Promueve valores e igualdad entre los ni\u00f1os y ni\u00f1as, sea cual sea su raza, g\u00e9nero o condici\u00f3n. Les permite sociabilizarse con la diversidad, as\u00ed como desarrollar habilidades sociales como la empat\u00eda y la tolerancia. Pod\u00e9s ba\u00f1arte con ella\/os sin que se afecte su calidad y durabilidad. Mu\u00f1ecos articulados con giro en cabeza, brazos y piernas.<\/p>\n<p>Fabricados en Espa\u00f1a. Realizados con materiales de excelente calidad, con ligero aroma a vainilla y reciclables. 7 modelos disponibles de 38 cm.<\/p>\n","protected":false},"featured_media":1712,"template":"","meta":[],"product_brand":[],"product_cat":[26],"product_tag":[67,69,64,65,66,68],"class_list":{"0":"post-2492","1":"product","2":"type-product","3":"status-publish","4":"has-post-thumbnail","6":"product_cat-jugueteria","7":"product_tag-7anos","8":"product_tag-0-12meses","9":"product_tag-1-2anos","10":"product_tag-3-4anos","11":"product_tag-5-6anos","12":"product_tag-miniland","14":"first","15":"instock","16":"taxable","17":"shipping-taxable","18":"purchasable","19":"product-type-simple"},"yoast_head":"<!-- This site is optimized with the Yoast SEO plugin v27.5 - https:\/\/yoast.com\/product\/yoast-seo-wordpress\/ -->\n<title>MU\u00d1ECO AFRO CON SINDROME DE DOWN - Tijuana<\/title>\n<meta name=\"description\" content=\"Promueve valores e igualdad entre los ni\u00f1os y ni\u00f1as, sea cual sea su raza, g\u00e9nero o condici\u00f3n.Les permite sociabilizarse con la diversidad, as\u00ed como desarrollar habilidades sociales como la empat\u00eda y la tolerancia.\" \/>\n<meta name=\"robots\" content=\"index, follow, max-snippet:-1, max-image-preview:large, max-video-preview:-1\" \/>\n<link rel=\"canonical\" href=\"https:\/\/tijuana.com.uy\/?product=muneca-afro-con-sindrome-de-down-2\" \/>\n<meta property=\"og:locale\" content=\"es_ES\" \/>\n<meta property=\"og:type\" content=\"article\" \/>\n<meta property=\"og:title\" content=\"MU\u00d1ECO AFRO CON SINDROME DE DOWN - Tijuana\" \/>\n<meta property=\"og:description\" content=\"Promueve valores e igualdad entre los ni\u00f1os y ni\u00f1as, sea cual sea su raza, g\u00e9nero o condici\u00f3n.Les permite sociabilizarse con la diversidad, as\u00ed como desarrollar habilidades sociales como la empat\u00eda y la tolerancia.\" \/>\n<meta property=\"og:url\" content=\"https:\/\/tijuana.com.uy\/?product=muneca-afro-con-sindrome-de-down-2\" \/>\n<meta property=\"og:site_name\" content=\"Tijuana\" \/>\n<meta property=\"article:modified_time\" content=\"2023-02-13T17:41:54+00:00\" \/>\n<meta property=\"og:image\" content=\"https:\/\/tijuana.com.uy\/wp-content\/uploads\/2022\/07\/Muneco-afro-inclusiva.png\" \/>\n\t<meta property=\"og:image:width\" content=\"433\" \/>\n\t<meta property=\"og:image:height\" content=\"552\" \/>\n\t<meta property=\"og:image:type\" content=\"image\/png\" \/>\n<meta name=\"twitter:card\" content=\"summary_large_image\" \/>\n<script type=\"application\/ld+json\" class=\"yoast-schema-graph\">{\"@context\":\"https:\\\/\\\/schema.org\",\"@graph\":[{\"@type\":\"WebPage\",\"@id\":\"https:\\\/\\\/tijuana.com.uy\\\/?product=muneca-afro-con-sindrome-de-down-2\",\"url\":\"https:\\\/\\\/tijuana.com.uy\\\/?product=muneca-afro-con-sindrome-de-down-2\",\"name\":\"MU\u00d1ECO AFRO CON SINDROME DE DOWN - Tijuana\",\"isPartOf\":{\"@id\":\"https:\\\/\\\/tijuana.com.uy\\\/#website\"},\"primaryImageOfPage\":{\"@id\":\"https:\\\/\\\/tijuana.com.uy\\\/?product=muneca-afro-con-sindrome-de-down-2#primaryimage\"},\"image\":{\"@id\":\"https:\\\/\\\/tijuana.com.uy\\\/?product=muneca-afro-con-sindrome-de-down-2#primaryimage\"},\"thumbnailUrl\":\"https:\\\/\\\/tijuana.com.uy\\\/wp-content\\\/uploads\\\/2022\\\/07\\\/Muneco-afro-inclusiva.png\",\"datePublished\":\"2022-10-01T04:26:56+00:00\",\"dateModified\":\"2023-02-13T17:41:54+00:00\",\"description\":\"Promueve valores e igualdad entre los ni\u00f1os y ni\u00f1as, sea cual sea su raza, g\u00e9nero o condici\u00f3n.Les permite sociabilizarse con la diversidad, as\u00ed como desarrollar habilidades sociales como la empat\u00eda y la tolerancia.\",\"breadcrumb\":{\"@id\":\"https:\\\/\\\/tijuana.com.uy\\\/?product=muneca-afro-con-sindrome-de-down-2#breadcrumb\"},\"inLanguage\":\"es\",\"potentialAction\":[{\"@type\":\"ReadAction\",\"target\":[\"https:\\\/\\\/tijuana.com.uy\\\/?product=muneca-afro-con-sindrome-de-down-2\"]}]},{\"@type\":\"ImageObject\",\"inLanguage\":\"es\",\"@id\":\"https:\\\/\\\/tijuana.com.uy\\\/?product=muneca-afro-con-sindrome-de-down-2#primaryimage\",\"url\":\"https:\\\/\\\/tijuana.com.uy\\\/wp-content\\\/uploads\\\/2022\\\/07\\\/Muneco-afro-inclusiva.png\",\"contentUrl\":\"https:\\\/\\\/tijuana.com.uy\\\/wp-content\\\/uploads\\\/2022\\\/07\\\/Muneco-afro-inclusiva.png\",\"width\":433,\"height\":552,\"caption\":\"Mu\u00f1eco afro inclusiva\"},{\"@type\":\"BreadcrumbList\",\"@id\":\"https:\\\/\\\/tijuana.com.uy\\\/?product=muneca-afro-con-sindrome-de-down-2#breadcrumb\",\"itemListElement\":[{\"@type\":\"ListItem\",\"position\":1,\"name\":\"Inicio\",\"item\":\"https:\\\/\\\/tijuana.com.uy\\\/\"},{\"@type\":\"ListItem\",\"position\":2,\"name\":\"Todos nuestros productos\",\"item\":\"https:\\\/\\\/tijuana.com.uy\\\/?page_id=365\"},{\"@type\":\"ListItem\",\"position\":3,\"name\":\"MU\u00d1ECO AFRO CON SINDROME DE DOWN\"}]},{\"@type\":\"WebSite\",\"@id\":\"https:\\\/\\\/tijuana.com.uy\\\/#website\",\"url\":\"https:\\\/\\\/tijuana.com.uy\\\/\",\"name\":\"Tijuana\",\"description\":\"Ecommerce Tijuana\",\"potentialAction\":[{\"@type\":\"SearchAction\",\"target\":{\"@type\":\"EntryPoint\",\"urlTemplate\":\"https:\\\/\\\/tijuana.com.uy\\\/?s={search_term_string}\"},\"query-input\":{\"@type\":\"PropertyValueSpecification\",\"valueRequired\":true,\"valueName\":\"search_term_string\"}}],\"inLanguage\":\"es\"}]}<\/script>\n<!-- \/ Yoast SEO plugin. -->","yoast_head_json":{"title":"MU\u00d1ECO AFRO CON SINDROME DE DOWN - Tijuana","description":"Promueve valores e igualdad entre los ni\u00f1os y ni\u00f1as, sea cual sea su raza, g\u00e9nero o condici\u00f3n.Les permite sociabilizarse con la diversidad, as\u00ed como desarrollar habilidades sociales como la empat\u00eda y la tolerancia.","robots":{"index":"index","follow":"follow","max-snippet":"max-snippet:-1","max-image-preview":"max-image-preview:large","max-video-preview":"max-video-preview:-1"},"canonical":"https:\/\/tijuana.com.uy\/?product=muneca-afro-con-sindrome-de-down-2","og_locale":"es_ES","og_type":"article","og_title":"MU\u00d1ECO AFRO CON SINDROME DE DOWN - Tijuana","og_description":"Promueve valores e igualdad entre los ni\u00f1os y ni\u00f1as, sea cual sea su raza, g\u00e9nero o condici\u00f3n.Les permite sociabilizarse con la diversidad, as\u00ed como desarrollar habilidades sociales como la empat\u00eda y la tolerancia.","og_url":"https:\/\/tijuana.com.uy\/?product=muneca-afro-con-sindrome-de-down-2","og_site_name":"Tijuana","article_modified_time":"2023-02-13T17:41:54+00:00","og_image":[{"width":433,"height":552,"url":"https:\/\/tijuana.com.uy\/wp-content\/uploads\/2022\/07\/Muneco-afro-inclusiva.png","type":"image\/png"}],"twitter_card":"summary_large_image","schema":{"@context":"https:\/\/schema.org","@graph":[{"@type":"WebPage","@id":"https:\/\/tijuana.com.uy\/?product=muneca-afro-con-sindrome-de-down-2","url":"https:\/\/tijuana.com.uy\/?product=muneca-afro-con-sindrome-de-down-2","name":"MU\u00d1ECO AFRO CON SINDROME DE DOWN - Tijuana","isPartOf":{"@id":"https:\/\/tijuana.com.uy\/#website"},"primaryImageOfPage":{"@id":"https:\/\/tijuana.com.uy\/?product=muneca-afro-con-sindrome-de-down-2#primaryimage"},"image":{"@id":"https:\/\/tijuana.com.uy\/?product=muneca-afro-con-sindrome-de-down-2#primaryimage"},"thumbnailUrl":"https:\/\/tijuana.com.uy\/wp-content\/uploads\/2022\/07\/Muneco-afro-inclusiva.png","datePublished":"2022-10-01T04:26:56+00:00","dateModified":"2023-02-13T17:41:54+00:00","description":"Promueve valores e igualdad entre los ni\u00f1os y ni\u00f1as, sea cual sea su raza, g\u00e9nero o condici\u00f3n.Les permite sociabilizarse con la diversidad, as\u00ed como desarrollar habilidades sociales como la empat\u00eda y la tolerancia.","breadcrumb":{"@id":"https:\/\/tijuana.com.uy\/?product=muneca-afro-con-sindrome-de-down-2#breadcrumb"},"inLanguage":"es","potentialAction":[{"@type":"ReadAction","target":["https:\/\/tijuana.com.uy\/?product=muneca-afro-con-sindrome-de-down-2"]}]},{"@type":"ImageObject","inLanguage":"es","@id":"https:\/\/tijuana.com.uy\/?product=muneca-afro-con-sindrome-de-down-2#primaryimage","url":"https:\/\/tijuana.com.uy\/wp-content\/uploads\/2022\/07\/Muneco-afro-inclusiva.png","contentUrl":"https:\/\/tijuana.com.uy\/wp-content\/uploads\/2022\/07\/Muneco-afro-inclusiva.png","width":433,"height":552,"caption":"Mu\u00f1eco afro inclusiva"},{"@type":"BreadcrumbList","@id":"https:\/\/tijuana.com.uy\/?product=muneca-afro-con-sindrome-de-down-2#breadcrumb","itemListElement":[{"@type":"ListItem","position":1,"name":"Inicio","item":"https:\/\/tijuana.com.uy\/"},{"@type":"ListItem","position":2,"name":"Todos nuestros productos","item":"https:\/\/tijuana.com.uy\/?page_id=365"},{"@type":"ListItem","position":3,"name":"MU\u00d1ECO AFRO CON SINDROME DE DOWN"}]},{"@type":"WebSite","@id":"https:\/\/tijuana.com.uy\/#website","url":"https:\/\/tijuana.com.uy\/","name":"Tijuana","description":"Ecommerce Tijuana","potentialAction":[{"@type":"SearchAction","target":{"@type":"EntryPoint","urlTemplate":"https:\/\/tijuana.com.uy\/?s={search_term_string}"},"query-input":{"@type":"PropertyValueSpecification","valueRequired":true,"valueName":"search_term_string"}}],"inLanguage":"es"}]}},"_links":{"self":[{"href":"https:\/\/tijuana.com.uy\/index.php?rest_route=\/wp\/v2\/product\/2492","targetHints":{"allow":["GET"]}}],"collection":[{"href":"https:\/\/tijuana.com.uy\/index.php?rest_route=\/wp\/v2\/product"}],"about":[{"href":"https:\/\/tijuana.com.uy\/index.php?rest_route=\/wp\/v2\/types\/product"}],"wp:featuredmedia":[{"embeddable":true,"href":"https:\/\/tijuana.com.uy\/index.php?rest_route=\/wp\/v2\/media\/1712"}],"wp:attachment":[{"href":"https:\/\/tijuana.com.uy\/index.php?rest_route=%2Fwp%2Fv2%2Fmedia&parent=2492"}],"wp:term":[{"taxonomy":"product_brand","embeddable":true,"href":"https:\/\/tijuana.com.uy\/index.php?rest_route=%2Fwp%2Fv2%2Fproduct_brand&post=2492"},{"taxonomy":"product_cat","embeddable":true,"href":"https:\/\/tijuana.com.uy\/index.php?rest_route=%2Fwp%2Fv2%2Fproduct_cat&post=2492"},{"taxonomy":"product_tag","embeddable":true,"href":"https:\/\/tijuana.com.uy\/index.php?rest_route=%2Fwp%2Fv2%2Fproduct_tag&post=2492"}],"curies":[{"name":"wp","href":"https:\/\/api.w.org\/{rel}","templated":true}]}}