{"id":3148,"date":"2023-02-11T17:13:25","date_gmt":"2023-02-11T17:13:25","guid":{"rendered":"https:\/\/tijuana.com.uy\/?post_type=product&#038;p=3148"},"modified":"2024-09-05T13:47:19","modified_gmt":"2024-09-05T16:47:19","slug":"lapices-de-colores-giotto-x12","status":"publish","type":"product","link":"https:\/\/tijuana.com.uy\/?product=lapices-de-colores-giotto-x12","title":{"rendered":"L\u00c1PICES DE COLORES GIOTTO x12"},"content":{"rendered":"","protected":false},"excerpt":{"rendered":"<p>12 L\u00e1pices de colores Giotto Colors 3.0. Cuentan con un espacio para escribir el nombre en el mismo l\u00e1piz. Toda la calidad de Giotto en un l\u00e1piz hexagonal de f\u00e1cil afilado con una mina de 3,0 mm. Incluye un sacapuntas y un l\u00e1piz grafito.<\/p>\n","protected":false},"featured_media":3418,"template":"","meta":[],"product_brand":[],"product_cat":[58,159,25],"product_tag":[81,75,78,74,80,76],"class_list":{"0":"post-3148","1":"product","2":"type-product","3":"status-publish","4":"has-post-thumbnail","6":"product_cat-escolares","7":"product_cat-lapices","8":"product_cat-papeleria","9":"product_tag-colores","10":"product_tag-escolar","11":"product_tag-escolares","12":"product_tag-giotto","13":"product_tag-lapices","14":"product_tag-papeleria","16":"first","17":"outofstock","18":"taxable","19":"shipping-taxable","20":"purchasable","21":"product-type-simple"},"yoast_head":"<!-- This site is optimized with the Yoast SEO plugin v27.5 - https:\/\/yoast.com\/product\/yoast-seo-wordpress\/ -->\n<title>L\u00c1PICES DE COLORES GIOTTO x12 - Tijuana<\/title>\n<meta name=\"description\" content=\"12 L\u00e1pices de colores Giotto Colors 3.0. Lapices hexagonales de f\u00e1cil afilado con una mina de 3,0 mm. Incluye un sacapuntas y un l\u00e1piz grafito.\" \/>\n<meta name=\"robots\" content=\"index, follow, max-snippet:-1, max-image-preview:large, max-video-preview:-1\" \/>\n<link rel=\"canonical\" href=\"https:\/\/tijuana.com.uy\/?product=lapices-de-colores-giotto-x12\" \/>\n<meta property=\"og:locale\" content=\"es_ES\" \/>\n<meta property=\"og:type\" content=\"article\" \/>\n<meta property=\"og:title\" content=\"L\u00c1PICES DE COLORES GIOTTO x12 - Tijuana\" \/>\n<meta property=\"og:description\" content=\"12 L\u00e1pices de colores Giotto Colors 3.0. Lapices hexagonales de f\u00e1cil afilado con una mina de 3,0 mm. Incluye un sacapuntas y un l\u00e1piz grafito.\" \/>\n<meta property=\"og:url\" content=\"https:\/\/tijuana.com.uy\/?product=lapices-de-colores-giotto-x12\" \/>\n<meta property=\"og:site_name\" content=\"Tijuana\" \/>\n<meta property=\"article:modified_time\" content=\"2024-09-05T16:47:19+00:00\" \/>\n<meta property=\"og:image\" content=\"https:\/\/tijuana.com.uy\/wp-content\/uploads\/2023\/02\/df9ef7e7d7.webp\" \/>\n\t<meta property=\"og:image:width\" content=\"1000\" \/>\n\t<meta property=\"og:image:height\" content=\"1000\" \/>\n\t<meta property=\"og:image:type\" content=\"image\/webp\" \/>\n<meta name=\"twitter:card\" content=\"summary_large_image\" \/>\n<script type=\"application\/ld+json\" class=\"yoast-schema-graph\">{\"@context\":\"https:\\\/\\\/schema.org\",\"@graph\":[{\"@type\":\"WebPage\",\"@id\":\"https:\\\/\\\/tijuana.com.uy\\\/?product=lapices-de-colores-giotto-x12\",\"url\":\"https:\\\/\\\/tijuana.com.uy\\\/?product=lapices-de-colores-giotto-x12\",\"name\":\"L\u00c1PICES DE COLORES GIOTTO x12 - Tijuana\",\"isPartOf\":{\"@id\":\"https:\\\/\\\/tijuana.com.uy\\\/#website\"},\"primaryImageOfPage\":{\"@id\":\"https:\\\/\\\/tijuana.com.uy\\\/?product=lapices-de-colores-giotto-x12#primaryimage\"},\"image\":{\"@id\":\"https:\\\/\\\/tijuana.com.uy\\\/?product=lapices-de-colores-giotto-x12#primaryimage\"},\"thumbnailUrl\":\"https:\\\/\\\/tijuana.com.uy\\\/wp-content\\\/uploads\\\/2023\\\/02\\\/df9ef7e7d7.webp\",\"datePublished\":\"2023-02-11T17:13:25+00:00\",\"dateModified\":\"2024-09-05T16:47:19+00:00\",\"description\":\"12 L\u00e1pices de colores Giotto Colors 3.0. Lapices hexagonales de f\u00e1cil afilado con una mina de 3,0 mm. Incluye un sacapuntas y un l\u00e1piz grafito.\",\"breadcrumb\":{\"@id\":\"https:\\\/\\\/tijuana.com.uy\\\/?product=lapices-de-colores-giotto-x12#breadcrumb\"},\"inLanguage\":\"es\",\"potentialAction\":[{\"@type\":\"ReadAction\",\"target\":[\"https:\\\/\\\/tijuana.com.uy\\\/?product=lapices-de-colores-giotto-x12\"]}]},{\"@type\":\"ImageObject\",\"inLanguage\":\"es\",\"@id\":\"https:\\\/\\\/tijuana.com.uy\\\/?product=lapices-de-colores-giotto-x12#primaryimage\",\"url\":\"https:\\\/\\\/tijuana.com.uy\\\/wp-content\\\/uploads\\\/2023\\\/02\\\/df9ef7e7d7.webp\",\"contentUrl\":\"https:\\\/\\\/tijuana.com.uy\\\/wp-content\\\/uploads\\\/2023\\\/02\\\/df9ef7e7d7.webp\",\"width\":1000,\"height\":1000,\"caption\":\"lapices de colores giotto colors 3.0\"},{\"@type\":\"BreadcrumbList\",\"@id\":\"https:\\\/\\\/tijuana.com.uy\\\/?product=lapices-de-colores-giotto-x12#breadcrumb\",\"itemListElement\":[{\"@type\":\"ListItem\",\"position\":1,\"name\":\"Inicio\",\"item\":\"https:\\\/\\\/tijuana.com.uy\\\/\"},{\"@type\":\"ListItem\",\"position\":2,\"name\":\"Todos nuestros productos\",\"item\":\"https:\\\/\\\/tijuana.com.uy\\\/?page_id=365\"},{\"@type\":\"ListItem\",\"position\":3,\"name\":\"L\u00c1PICES DE COLORES GIOTTO x12\"}]},{\"@type\":\"WebSite\",\"@id\":\"https:\\\/\\\/tijuana.com.uy\\\/#website\",\"url\":\"https:\\\/\\\/tijuana.com.uy\\\/\",\"name\":\"Tijuana\",\"description\":\"Ecommerce Tijuana\",\"potentialAction\":[{\"@type\":\"SearchAction\",\"target\":{\"@type\":\"EntryPoint\",\"urlTemplate\":\"https:\\\/\\\/tijuana.com.uy\\\/?s={search_term_string}\"},\"query-input\":{\"@type\":\"PropertyValueSpecification\",\"valueRequired\":true,\"valueName\":\"search_term_string\"}}],\"inLanguage\":\"es\"}]}<\/script>\n<!-- \/ Yoast SEO plugin. -->","yoast_head_json":{"title":"L\u00c1PICES DE COLORES GIOTTO x12 - Tijuana","description":"12 L\u00e1pices de colores Giotto Colors 3.0. Lapices hexagonales de f\u00e1cil afilado con una mina de 3,0 mm. Incluye un sacapuntas y un l\u00e1piz grafito.","robots":{"index":"index","follow":"follow","max-snippet":"max-snippet:-1","max-image-preview":"max-image-preview:large","max-video-preview":"max-video-preview:-1"},"canonical":"https:\/\/tijuana.com.uy\/?product=lapices-de-colores-giotto-x12","og_locale":"es_ES","og_type":"article","og_title":"L\u00c1PICES DE COLORES GIOTTO x12 - Tijuana","og_description":"12 L\u00e1pices de colores Giotto Colors 3.0. Lapices hexagonales de f\u00e1cil afilado con una mina de 3,0 mm. Incluye un sacapuntas y un l\u00e1piz grafito.","og_url":"https:\/\/tijuana.com.uy\/?product=lapices-de-colores-giotto-x12","og_site_name":"Tijuana","article_modified_time":"2024-09-05T16:47:19+00:00","og_image":[{"width":1000,"height":1000,"url":"https:\/\/tijuana.com.uy\/wp-content\/uploads\/2023\/02\/df9ef7e7d7.webp","type":"image\/webp"}],"twitter_card":"summary_large_image","schema":{"@context":"https:\/\/schema.org","@graph":[{"@type":"WebPage","@id":"https:\/\/tijuana.com.uy\/?product=lapices-de-colores-giotto-x12","url":"https:\/\/tijuana.com.uy\/?product=lapices-de-colores-giotto-x12","name":"L\u00c1PICES DE COLORES GIOTTO x12 - Tijuana","isPartOf":{"@id":"https:\/\/tijuana.com.uy\/#website"},"primaryImageOfPage":{"@id":"https:\/\/tijuana.com.uy\/?product=lapices-de-colores-giotto-x12#primaryimage"},"image":{"@id":"https:\/\/tijuana.com.uy\/?product=lapices-de-colores-giotto-x12#primaryimage"},"thumbnailUrl":"https:\/\/tijuana.com.uy\/wp-content\/uploads\/2023\/02\/df9ef7e7d7.webp","datePublished":"2023-02-11T17:13:25+00:00","dateModified":"2024-09-05T16:47:19+00:00","description":"12 L\u00e1pices de colores Giotto Colors 3.0. Lapices hexagonales de f\u00e1cil afilado con una mina de 3,0 mm. Incluye un sacapuntas y un l\u00e1piz grafito.","breadcrumb":{"@id":"https:\/\/tijuana.com.uy\/?product=lapices-de-colores-giotto-x12#breadcrumb"},"inLanguage":"es","potentialAction":[{"@type":"ReadAction","target":["https:\/\/tijuana.com.uy\/?product=lapices-de-colores-giotto-x12"]}]},{"@type":"ImageObject","inLanguage":"es","@id":"https:\/\/tijuana.com.uy\/?product=lapices-de-colores-giotto-x12#primaryimage","url":"https:\/\/tijuana.com.uy\/wp-content\/uploads\/2023\/02\/df9ef7e7d7.webp","contentUrl":"https:\/\/tijuana.com.uy\/wp-content\/uploads\/2023\/02\/df9ef7e7d7.webp","width":1000,"height":1000,"caption":"lapices de colores giotto colors 3.0"},{"@type":"BreadcrumbList","@id":"https:\/\/tijuana.com.uy\/?product=lapices-de-colores-giotto-x12#breadcrumb","itemListElement":[{"@type":"ListItem","position":1,"name":"Inicio","item":"https:\/\/tijuana.com.uy\/"},{"@type":"ListItem","position":2,"name":"Todos nuestros productos","item":"https:\/\/tijuana.com.uy\/?page_id=365"},{"@type":"ListItem","position":3,"name":"L\u00c1PICES DE COLORES GIOTTO x12"}]},{"@type":"WebSite","@id":"https:\/\/tijuana.com.uy\/#website","url":"https:\/\/tijuana.com.uy\/","name":"Tijuana","description":"Ecommerce Tijuana","potentialAction":[{"@type":"SearchAction","target":{"@type":"EntryPoint","urlTemplate":"https:\/\/tijuana.com.uy\/?s={search_term_string}"},"query-input":{"@type":"PropertyValueSpecification","valueRequired":true,"valueName":"search_term_string"}}],"inLanguage":"es"}]}},"_links":{"self":[{"href":"https:\/\/tijuana.com.uy\/index.php?rest_route=\/wp\/v2\/product\/3148","targetHints":{"allow":["GET"]}}],"collection":[{"href":"https:\/\/tijuana.com.uy\/index.php?rest_route=\/wp\/v2\/product"}],"about":[{"href":"https:\/\/tijuana.com.uy\/index.php?rest_route=\/wp\/v2\/types\/product"}],"wp:featuredmedia":[{"embeddable":true,"href":"https:\/\/tijuana.com.uy\/index.php?rest_route=\/wp\/v2\/media\/3418"}],"wp:attachment":[{"href":"https:\/\/tijuana.com.uy\/index.php?rest_route=%2Fwp%2Fv2%2Fmedia&parent=3148"}],"wp:term":[{"taxonomy":"product_brand","embeddable":true,"href":"https:\/\/tijuana.com.uy\/index.php?rest_route=%2Fwp%2Fv2%2Fproduct_brand&post=3148"},{"taxonomy":"product_cat","embeddable":true,"href":"https:\/\/tijuana.com.uy\/index.php?rest_route=%2Fwp%2Fv2%2Fproduct_cat&post=3148"},{"taxonomy":"product_tag","embeddable":true,"href":"https:\/\/tijuana.com.uy\/index.php?rest_route=%2Fwp%2Fv2%2Fproduct_tag&post=3148"}],"curies":[{"name":"wp","href":"https:\/\/api.w.org\/{rel}","templated":true}]}}