{"id":3153,"date":"2023-02-11T17:29:17","date_gmt":"2023-02-11T17:29:17","guid":{"rendered":"https:\/\/tijuana.com.uy\/?post_type=product&#038;p=3153"},"modified":"2023-02-24T22:18:55","modified_gmt":"2023-02-24T22:18:55","slug":"lapices-de-colores-giotto-x50","status":"publish","type":"product","link":"https:\/\/tijuana.com.uy\/?product=lapices-de-colores-giotto-x50","title":{"rendered":"L\u00c1PICES DE COLORES GIOTTO x50"},"content":{"rendered":"","protected":false},"excerpt":{"rendered":"<p>50 Lapices de Colores Giotto Stilnovo. Super resistentes con mina de 3,3 mm. Incluye: 44 colores cl\u00e1sicos , 1 l\u00e1piz dorado, 1 l\u00e1piz plateado, 4 colores fluo y 1 sacapuntas. No t\u00f3xicos.<\/p>\n","protected":false},"featured_media":3154,"template":"","meta":[],"product_brand":[],"product_cat":[58,159,25],"product_tag":[75,78,74,80,76],"class_list":{"0":"post-3153","1":"product","2":"type-product","3":"status-publish","4":"has-post-thumbnail","6":"product_cat-escolares","7":"product_cat-lapices","8":"product_cat-papeleria","9":"product_tag-escolar","10":"product_tag-escolares","11":"product_tag-giotto","12":"product_tag-lapices","13":"product_tag-papeleria","15":"first","16":"instock","17":"taxable","18":"shipping-taxable","19":"purchasable","20":"product-type-simple"},"yoast_head":"<!-- This site is optimized with the Yoast SEO plugin v27.5 - https:\/\/yoast.com\/product\/yoast-seo-wordpress\/ -->\n<title>L\u00c1PICES DE COLORES GIOTTO x50 - Tijuana<\/title>\n<meta name=\"description\" content=\"50 Lapices de Colores Giotto Stilnovo. Super resistentes con mina de 3,3 mm. Incluye: 44 colores cl\u00e1sicos , 1 l\u00e1piz dorado, 1 l\u00e1piz plateado, 4 colores fluo y 1 sacapuntas.\" \/>\n<meta name=\"robots\" content=\"index, follow, max-snippet:-1, max-image-preview:large, max-video-preview:-1\" \/>\n<link rel=\"canonical\" href=\"https:\/\/tijuana.com.uy\/?product=lapices-de-colores-giotto-x50\" \/>\n<meta property=\"og:locale\" content=\"es_ES\" \/>\n<meta property=\"og:type\" content=\"article\" \/>\n<meta property=\"og:title\" content=\"L\u00c1PICES DE COLORES GIOTTO x50 - Tijuana\" \/>\n<meta property=\"og:description\" content=\"50 Lapices de Colores Giotto Stilnovo. Super resistentes con mina de 3,3 mm. Incluye: 44 colores cl\u00e1sicos , 1 l\u00e1piz dorado, 1 l\u00e1piz plateado, 4 colores fluo y 1 sacapuntas.\" \/>\n<meta property=\"og:url\" content=\"https:\/\/tijuana.com.uy\/?product=lapices-de-colores-giotto-x50\" \/>\n<meta property=\"og:site_name\" content=\"Tijuana\" \/>\n<meta property=\"article:modified_time\" content=\"2023-02-24T22:18:55+00:00\" \/>\n<meta property=\"og:image\" content=\"https:\/\/tijuana.com.uy\/wp-content\/uploads\/2023\/02\/D_NQ_NP_609710-MLA49352646540_032022-O.webp\" \/>\n\t<meta property=\"og:image:width\" content=\"500\" \/>\n\t<meta property=\"og:image:height\" content=\"459\" \/>\n\t<meta property=\"og:image:type\" content=\"image\/webp\" \/>\n<meta name=\"twitter:card\" content=\"summary_large_image\" \/>\n<script type=\"application\/ld+json\" class=\"yoast-schema-graph\">{\"@context\":\"https:\\\/\\\/schema.org\",\"@graph\":[{\"@type\":\"WebPage\",\"@id\":\"https:\\\/\\\/tijuana.com.uy\\\/?product=lapices-de-colores-giotto-x50\",\"url\":\"https:\\\/\\\/tijuana.com.uy\\\/?product=lapices-de-colores-giotto-x50\",\"name\":\"L\u00c1PICES DE COLORES GIOTTO x50 - Tijuana\",\"isPartOf\":{\"@id\":\"https:\\\/\\\/tijuana.com.uy\\\/#website\"},\"primaryImageOfPage\":{\"@id\":\"https:\\\/\\\/tijuana.com.uy\\\/?product=lapices-de-colores-giotto-x50#primaryimage\"},\"image\":{\"@id\":\"https:\\\/\\\/tijuana.com.uy\\\/?product=lapices-de-colores-giotto-x50#primaryimage\"},\"thumbnailUrl\":\"https:\\\/\\\/tijuana.com.uy\\\/wp-content\\\/uploads\\\/2023\\\/02\\\/D_NQ_NP_609710-MLA49352646540_032022-O.webp\",\"datePublished\":\"2023-02-11T17:29:17+00:00\",\"dateModified\":\"2023-02-24T22:18:55+00:00\",\"description\":\"50 Lapices de Colores Giotto Stilnovo. Super resistentes con mina de 3,3 mm. Incluye: 44 colores cl\u00e1sicos , 1 l\u00e1piz dorado, 1 l\u00e1piz plateado, 4 colores fluo y 1 sacapuntas.\",\"breadcrumb\":{\"@id\":\"https:\\\/\\\/tijuana.com.uy\\\/?product=lapices-de-colores-giotto-x50#breadcrumb\"},\"inLanguage\":\"es\",\"potentialAction\":[{\"@type\":\"ReadAction\",\"target\":[\"https:\\\/\\\/tijuana.com.uy\\\/?product=lapices-de-colores-giotto-x50\"]}]},{\"@type\":\"ImageObject\",\"inLanguage\":\"es\",\"@id\":\"https:\\\/\\\/tijuana.com.uy\\\/?product=lapices-de-colores-giotto-x50#primaryimage\",\"url\":\"https:\\\/\\\/tijuana.com.uy\\\/wp-content\\\/uploads\\\/2023\\\/02\\\/D_NQ_NP_609710-MLA49352646540_032022-O.webp\",\"contentUrl\":\"https:\\\/\\\/tijuana.com.uy\\\/wp-content\\\/uploads\\\/2023\\\/02\\\/D_NQ_NP_609710-MLA49352646540_032022-O.webp\",\"width\":500,\"height\":459,\"caption\":\"50 Lapices de Colores Giotto Stilnovo.\"},{\"@type\":\"BreadcrumbList\",\"@id\":\"https:\\\/\\\/tijuana.com.uy\\\/?product=lapices-de-colores-giotto-x50#breadcrumb\",\"itemListElement\":[{\"@type\":\"ListItem\",\"position\":1,\"name\":\"Inicio\",\"item\":\"https:\\\/\\\/tijuana.com.uy\\\/\"},{\"@type\":\"ListItem\",\"position\":2,\"name\":\"Todos nuestros productos\",\"item\":\"https:\\\/\\\/tijuana.com.uy\\\/?page_id=365\"},{\"@type\":\"ListItem\",\"position\":3,\"name\":\"L\u00c1PICES DE COLORES GIOTTO x50\"}]},{\"@type\":\"WebSite\",\"@id\":\"https:\\\/\\\/tijuana.com.uy\\\/#website\",\"url\":\"https:\\\/\\\/tijuana.com.uy\\\/\",\"name\":\"Tijuana\",\"description\":\"Ecommerce Tijuana\",\"potentialAction\":[{\"@type\":\"SearchAction\",\"target\":{\"@type\":\"EntryPoint\",\"urlTemplate\":\"https:\\\/\\\/tijuana.com.uy\\\/?s={search_term_string}\"},\"query-input\":{\"@type\":\"PropertyValueSpecification\",\"valueRequired\":true,\"valueName\":\"search_term_string\"}}],\"inLanguage\":\"es\"}]}<\/script>\n<!-- \/ Yoast SEO plugin. -->","yoast_head_json":{"title":"L\u00c1PICES DE COLORES GIOTTO x50 - Tijuana","description":"50 Lapices de Colores Giotto Stilnovo. Super resistentes con mina de 3,3 mm. Incluye: 44 colores cl\u00e1sicos , 1 l\u00e1piz dorado, 1 l\u00e1piz plateado, 4 colores fluo y 1 sacapuntas.","robots":{"index":"index","follow":"follow","max-snippet":"max-snippet:-1","max-image-preview":"max-image-preview:large","max-video-preview":"max-video-preview:-1"},"canonical":"https:\/\/tijuana.com.uy\/?product=lapices-de-colores-giotto-x50","og_locale":"es_ES","og_type":"article","og_title":"L\u00c1PICES DE COLORES GIOTTO x50 - Tijuana","og_description":"50 Lapices de Colores Giotto Stilnovo. Super resistentes con mina de 3,3 mm. Incluye: 44 colores cl\u00e1sicos , 1 l\u00e1piz dorado, 1 l\u00e1piz plateado, 4 colores fluo y 1 sacapuntas.","og_url":"https:\/\/tijuana.com.uy\/?product=lapices-de-colores-giotto-x50","og_site_name":"Tijuana","article_modified_time":"2023-02-24T22:18:55+00:00","og_image":[{"width":500,"height":459,"url":"https:\/\/tijuana.com.uy\/wp-content\/uploads\/2023\/02\/D_NQ_NP_609710-MLA49352646540_032022-O.webp","type":"image\/webp"}],"twitter_card":"summary_large_image","schema":{"@context":"https:\/\/schema.org","@graph":[{"@type":"WebPage","@id":"https:\/\/tijuana.com.uy\/?product=lapices-de-colores-giotto-x50","url":"https:\/\/tijuana.com.uy\/?product=lapices-de-colores-giotto-x50","name":"L\u00c1PICES DE COLORES GIOTTO x50 - Tijuana","isPartOf":{"@id":"https:\/\/tijuana.com.uy\/#website"},"primaryImageOfPage":{"@id":"https:\/\/tijuana.com.uy\/?product=lapices-de-colores-giotto-x50#primaryimage"},"image":{"@id":"https:\/\/tijuana.com.uy\/?product=lapices-de-colores-giotto-x50#primaryimage"},"thumbnailUrl":"https:\/\/tijuana.com.uy\/wp-content\/uploads\/2023\/02\/D_NQ_NP_609710-MLA49352646540_032022-O.webp","datePublished":"2023-02-11T17:29:17+00:00","dateModified":"2023-02-24T22:18:55+00:00","description":"50 Lapices de Colores Giotto Stilnovo. Super resistentes con mina de 3,3 mm. Incluye: 44 colores cl\u00e1sicos , 1 l\u00e1piz dorado, 1 l\u00e1piz plateado, 4 colores fluo y 1 sacapuntas.","breadcrumb":{"@id":"https:\/\/tijuana.com.uy\/?product=lapices-de-colores-giotto-x50#breadcrumb"},"inLanguage":"es","potentialAction":[{"@type":"ReadAction","target":["https:\/\/tijuana.com.uy\/?product=lapices-de-colores-giotto-x50"]}]},{"@type":"ImageObject","inLanguage":"es","@id":"https:\/\/tijuana.com.uy\/?product=lapices-de-colores-giotto-x50#primaryimage","url":"https:\/\/tijuana.com.uy\/wp-content\/uploads\/2023\/02\/D_NQ_NP_609710-MLA49352646540_032022-O.webp","contentUrl":"https:\/\/tijuana.com.uy\/wp-content\/uploads\/2023\/02\/D_NQ_NP_609710-MLA49352646540_032022-O.webp","width":500,"height":459,"caption":"50 Lapices de Colores Giotto Stilnovo."},{"@type":"BreadcrumbList","@id":"https:\/\/tijuana.com.uy\/?product=lapices-de-colores-giotto-x50#breadcrumb","itemListElement":[{"@type":"ListItem","position":1,"name":"Inicio","item":"https:\/\/tijuana.com.uy\/"},{"@type":"ListItem","position":2,"name":"Todos nuestros productos","item":"https:\/\/tijuana.com.uy\/?page_id=365"},{"@type":"ListItem","position":3,"name":"L\u00c1PICES DE COLORES GIOTTO x50"}]},{"@type":"WebSite","@id":"https:\/\/tijuana.com.uy\/#website","url":"https:\/\/tijuana.com.uy\/","name":"Tijuana","description":"Ecommerce Tijuana","potentialAction":[{"@type":"SearchAction","target":{"@type":"EntryPoint","urlTemplate":"https:\/\/tijuana.com.uy\/?s={search_term_string}"},"query-input":{"@type":"PropertyValueSpecification","valueRequired":true,"valueName":"search_term_string"}}],"inLanguage":"es"}]}},"_links":{"self":[{"href":"https:\/\/tijuana.com.uy\/index.php?rest_route=\/wp\/v2\/product\/3153","targetHints":{"allow":["GET"]}}],"collection":[{"href":"https:\/\/tijuana.com.uy\/index.php?rest_route=\/wp\/v2\/product"}],"about":[{"href":"https:\/\/tijuana.com.uy\/index.php?rest_route=\/wp\/v2\/types\/product"}],"wp:featuredmedia":[{"embeddable":true,"href":"https:\/\/tijuana.com.uy\/index.php?rest_route=\/wp\/v2\/media\/3154"}],"wp:attachment":[{"href":"https:\/\/tijuana.com.uy\/index.php?rest_route=%2Fwp%2Fv2%2Fmedia&parent=3153"}],"wp:term":[{"taxonomy":"product_brand","embeddable":true,"href":"https:\/\/tijuana.com.uy\/index.php?rest_route=%2Fwp%2Fv2%2Fproduct_brand&post=3153"},{"taxonomy":"product_cat","embeddable":true,"href":"https:\/\/tijuana.com.uy\/index.php?rest_route=%2Fwp%2Fv2%2Fproduct_cat&post=3153"},{"taxonomy":"product_tag","embeddable":true,"href":"https:\/\/tijuana.com.uy\/index.php?rest_route=%2Fwp%2Fv2%2Fproduct_tag&post=3153"}],"curies":[{"name":"wp","href":"https:\/\/api.w.org\/{rel}","templated":true}]}}