{"id":3160,"date":"2023-02-11T17:46:30","date_gmt":"2023-02-11T17:46:30","guid":{"rendered":"https:\/\/tijuana.com.uy\/?post_type=product&#038;p=3160"},"modified":"2023-02-24T22:18:52","modified_gmt":"2023-02-24T22:18:52","slug":"lapices-de-colores-giotto-supermina-x46","status":"publish","type":"product","link":"https:\/\/tijuana.com.uy\/?product=lapices-de-colores-giotto-supermina-x46","title":{"rendered":"L\u00c1PICES DE COLORES GIOTTO SUPERMINA x46"},"content":{"rendered":"","protected":false},"excerpt":{"rendered":"<p>Set de 46 lapices de colores que poseen una mina extra grande de calidad superior (3,8 mm de di\u00e1metro). Es rica en pigmentos para crear colores incre\u00edbles, brindar un excelente rendimiento y una larga vida \u00fatil.<\/p>\n<p>Contenido: Caja de metal con 46 l\u00e1pices de colores, 2 l\u00e1pices de grafito, 1 sacapuntas, 1 goma de borrar y una gu\u00eda de dibujo.<\/p>\n","protected":false},"featured_media":3161,"template":"","meta":[],"product_brand":[],"product_cat":[58,159,25],"product_tag":[],"class_list":{"0":"post-3160","1":"product","2":"type-product","3":"status-publish","4":"has-post-thumbnail","6":"product_cat-escolares","7":"product_cat-lapices","8":"product_cat-papeleria","10":"first","11":"instock","12":"taxable","13":"shipping-taxable","14":"purchasable","15":"product-type-simple"},"yoast_head":"<!-- This site is optimized with the Yoast SEO plugin v27.5 - https:\/\/yoast.com\/product\/yoast-seo-wordpress\/ -->\n<title>L\u00c1PICES DE COLORES GIOTTO SUPERMINA x46 - Tijuana<\/title>\n<meta name=\"description\" content=\"Set de 46 lapices de colores que poseen una mina extra grande de calidad superior (3,8 mm de di\u00e1metro). Es rica en pigmentos para crear colores incre\u00edbles\" \/>\n<meta name=\"robots\" content=\"index, follow, max-snippet:-1, max-image-preview:large, max-video-preview:-1\" \/>\n<link rel=\"canonical\" href=\"https:\/\/tijuana.com.uy\/?product=lapices-de-colores-giotto-supermina-x46\" \/>\n<meta property=\"og:locale\" content=\"es_ES\" \/>\n<meta property=\"og:type\" content=\"article\" \/>\n<meta property=\"og:title\" content=\"L\u00c1PICES DE COLORES GIOTTO SUPERMINA x46 - Tijuana\" \/>\n<meta property=\"og:description\" content=\"Set de 46 lapices de colores que poseen una mina extra grande de calidad superior (3,8 mm de di\u00e1metro). Es rica en pigmentos para crear colores incre\u00edbles\" \/>\n<meta property=\"og:url\" content=\"https:\/\/tijuana.com.uy\/?product=lapices-de-colores-giotto-supermina-x46\" \/>\n<meta property=\"og:site_name\" content=\"Tijuana\" \/>\n<meta property=\"article:modified_time\" content=\"2023-02-24T22:18:52+00:00\" \/>\n<meta property=\"og:image\" content=\"https:\/\/tijuana.com.uy\/wp-content\/uploads\/2023\/02\/3021108501.jpg\" \/>\n\t<meta property=\"og:image:width\" content=\"1500\" \/>\n\t<meta property=\"og:image:height\" content=\"651\" \/>\n\t<meta property=\"og:image:type\" content=\"image\/jpeg\" \/>\n<meta name=\"twitter:card\" content=\"summary_large_image\" \/>\n<script type=\"application\/ld+json\" class=\"yoast-schema-graph\">{\"@context\":\"https:\\\/\\\/schema.org\",\"@graph\":[{\"@type\":\"WebPage\",\"@id\":\"https:\\\/\\\/tijuana.com.uy\\\/?product=lapices-de-colores-giotto-supermina-x46\",\"url\":\"https:\\\/\\\/tijuana.com.uy\\\/?product=lapices-de-colores-giotto-supermina-x46\",\"name\":\"L\u00c1PICES DE COLORES GIOTTO SUPERMINA x46 - Tijuana\",\"isPartOf\":{\"@id\":\"https:\\\/\\\/tijuana.com.uy\\\/#website\"},\"primaryImageOfPage\":{\"@id\":\"https:\\\/\\\/tijuana.com.uy\\\/?product=lapices-de-colores-giotto-supermina-x46#primaryimage\"},\"image\":{\"@id\":\"https:\\\/\\\/tijuana.com.uy\\\/?product=lapices-de-colores-giotto-supermina-x46#primaryimage\"},\"thumbnailUrl\":\"https:\\\/\\\/tijuana.com.uy\\\/wp-content\\\/uploads\\\/2023\\\/02\\\/3021108501.jpg\",\"datePublished\":\"2023-02-11T17:46:30+00:00\",\"dateModified\":\"2023-02-24T22:18:52+00:00\",\"description\":\"Set de 46 lapices de colores que poseen una mina extra grande de calidad superior (3,8 mm de di\u00e1metro). Es rica en pigmentos para crear colores incre\u00edbles\",\"breadcrumb\":{\"@id\":\"https:\\\/\\\/tijuana.com.uy\\\/?product=lapices-de-colores-giotto-supermina-x46#breadcrumb\"},\"inLanguage\":\"es\",\"potentialAction\":[{\"@type\":\"ReadAction\",\"target\":[\"https:\\\/\\\/tijuana.com.uy\\\/?product=lapices-de-colores-giotto-supermina-x46\"]}]},{\"@type\":\"ImageObject\",\"inLanguage\":\"es\",\"@id\":\"https:\\\/\\\/tijuana.com.uy\\\/?product=lapices-de-colores-giotto-supermina-x46#primaryimage\",\"url\":\"https:\\\/\\\/tijuana.com.uy\\\/wp-content\\\/uploads\\\/2023\\\/02\\\/3021108501.jpg\",\"contentUrl\":\"https:\\\/\\\/tijuana.com.uy\\\/wp-content\\\/uploads\\\/2023\\\/02\\\/3021108501.jpg\",\"width\":1500,\"height\":651,\"caption\":\"Lapices de Colores Giotto Supermina X46\"},{\"@type\":\"BreadcrumbList\",\"@id\":\"https:\\\/\\\/tijuana.com.uy\\\/?product=lapices-de-colores-giotto-supermina-x46#breadcrumb\",\"itemListElement\":[{\"@type\":\"ListItem\",\"position\":1,\"name\":\"Inicio\",\"item\":\"https:\\\/\\\/tijuana.com.uy\\\/\"},{\"@type\":\"ListItem\",\"position\":2,\"name\":\"Todos nuestros productos\",\"item\":\"https:\\\/\\\/tijuana.com.uy\\\/?page_id=365\"},{\"@type\":\"ListItem\",\"position\":3,\"name\":\"L\u00c1PICES DE COLORES GIOTTO SUPERMINA x46\"}]},{\"@type\":\"WebSite\",\"@id\":\"https:\\\/\\\/tijuana.com.uy\\\/#website\",\"url\":\"https:\\\/\\\/tijuana.com.uy\\\/\",\"name\":\"Tijuana\",\"description\":\"Ecommerce Tijuana\",\"potentialAction\":[{\"@type\":\"SearchAction\",\"target\":{\"@type\":\"EntryPoint\",\"urlTemplate\":\"https:\\\/\\\/tijuana.com.uy\\\/?s={search_term_string}\"},\"query-input\":{\"@type\":\"PropertyValueSpecification\",\"valueRequired\":true,\"valueName\":\"search_term_string\"}}],\"inLanguage\":\"es\"}]}<\/script>\n<!-- \/ Yoast SEO plugin. -->","yoast_head_json":{"title":"L\u00c1PICES DE COLORES GIOTTO SUPERMINA x46 - Tijuana","description":"Set de 46 lapices de colores que poseen una mina extra grande de calidad superior (3,8 mm de di\u00e1metro). Es rica en pigmentos para crear colores incre\u00edbles","robots":{"index":"index","follow":"follow","max-snippet":"max-snippet:-1","max-image-preview":"max-image-preview:large","max-video-preview":"max-video-preview:-1"},"canonical":"https:\/\/tijuana.com.uy\/?product=lapices-de-colores-giotto-supermina-x46","og_locale":"es_ES","og_type":"article","og_title":"L\u00c1PICES DE COLORES GIOTTO SUPERMINA x46 - Tijuana","og_description":"Set de 46 lapices de colores que poseen una mina extra grande de calidad superior (3,8 mm de di\u00e1metro). Es rica en pigmentos para crear colores incre\u00edbles","og_url":"https:\/\/tijuana.com.uy\/?product=lapices-de-colores-giotto-supermina-x46","og_site_name":"Tijuana","article_modified_time":"2023-02-24T22:18:52+00:00","og_image":[{"width":1500,"height":651,"url":"https:\/\/tijuana.com.uy\/wp-content\/uploads\/2023\/02\/3021108501.jpg","type":"image\/jpeg"}],"twitter_card":"summary_large_image","schema":{"@context":"https:\/\/schema.org","@graph":[{"@type":"WebPage","@id":"https:\/\/tijuana.com.uy\/?product=lapices-de-colores-giotto-supermina-x46","url":"https:\/\/tijuana.com.uy\/?product=lapices-de-colores-giotto-supermina-x46","name":"L\u00c1PICES DE COLORES GIOTTO SUPERMINA x46 - Tijuana","isPartOf":{"@id":"https:\/\/tijuana.com.uy\/#website"},"primaryImageOfPage":{"@id":"https:\/\/tijuana.com.uy\/?product=lapices-de-colores-giotto-supermina-x46#primaryimage"},"image":{"@id":"https:\/\/tijuana.com.uy\/?product=lapices-de-colores-giotto-supermina-x46#primaryimage"},"thumbnailUrl":"https:\/\/tijuana.com.uy\/wp-content\/uploads\/2023\/02\/3021108501.jpg","datePublished":"2023-02-11T17:46:30+00:00","dateModified":"2023-02-24T22:18:52+00:00","description":"Set de 46 lapices de colores que poseen una mina extra grande de calidad superior (3,8 mm de di\u00e1metro). Es rica en pigmentos para crear colores incre\u00edbles","breadcrumb":{"@id":"https:\/\/tijuana.com.uy\/?product=lapices-de-colores-giotto-supermina-x46#breadcrumb"},"inLanguage":"es","potentialAction":[{"@type":"ReadAction","target":["https:\/\/tijuana.com.uy\/?product=lapices-de-colores-giotto-supermina-x46"]}]},{"@type":"ImageObject","inLanguage":"es","@id":"https:\/\/tijuana.com.uy\/?product=lapices-de-colores-giotto-supermina-x46#primaryimage","url":"https:\/\/tijuana.com.uy\/wp-content\/uploads\/2023\/02\/3021108501.jpg","contentUrl":"https:\/\/tijuana.com.uy\/wp-content\/uploads\/2023\/02\/3021108501.jpg","width":1500,"height":651,"caption":"Lapices de Colores Giotto Supermina X46"},{"@type":"BreadcrumbList","@id":"https:\/\/tijuana.com.uy\/?product=lapices-de-colores-giotto-supermina-x46#breadcrumb","itemListElement":[{"@type":"ListItem","position":1,"name":"Inicio","item":"https:\/\/tijuana.com.uy\/"},{"@type":"ListItem","position":2,"name":"Todos nuestros productos","item":"https:\/\/tijuana.com.uy\/?page_id=365"},{"@type":"ListItem","position":3,"name":"L\u00c1PICES DE COLORES GIOTTO SUPERMINA x46"}]},{"@type":"WebSite","@id":"https:\/\/tijuana.com.uy\/#website","url":"https:\/\/tijuana.com.uy\/","name":"Tijuana","description":"Ecommerce Tijuana","potentialAction":[{"@type":"SearchAction","target":{"@type":"EntryPoint","urlTemplate":"https:\/\/tijuana.com.uy\/?s={search_term_string}"},"query-input":{"@type":"PropertyValueSpecification","valueRequired":true,"valueName":"search_term_string"}}],"inLanguage":"es"}]}},"_links":{"self":[{"href":"https:\/\/tijuana.com.uy\/index.php?rest_route=\/wp\/v2\/product\/3160","targetHints":{"allow":["GET"]}}],"collection":[{"href":"https:\/\/tijuana.com.uy\/index.php?rest_route=\/wp\/v2\/product"}],"about":[{"href":"https:\/\/tijuana.com.uy\/index.php?rest_route=\/wp\/v2\/types\/product"}],"wp:featuredmedia":[{"embeddable":true,"href":"https:\/\/tijuana.com.uy\/index.php?rest_route=\/wp\/v2\/media\/3161"}],"wp:attachment":[{"href":"https:\/\/tijuana.com.uy\/index.php?rest_route=%2Fwp%2Fv2%2Fmedia&parent=3160"}],"wp:term":[{"taxonomy":"product_brand","embeddable":true,"href":"https:\/\/tijuana.com.uy\/index.php?rest_route=%2Fwp%2Fv2%2Fproduct_brand&post=3160"},{"taxonomy":"product_cat","embeddable":true,"href":"https:\/\/tijuana.com.uy\/index.php?rest_route=%2Fwp%2Fv2%2Fproduct_cat&post=3160"},{"taxonomy":"product_tag","embeddable":true,"href":"https:\/\/tijuana.com.uy\/index.php?rest_route=%2Fwp%2Fv2%2Fproduct_tag&post=3160"}],"curies":[{"name":"wp","href":"https:\/\/api.w.org\/{rel}","templated":true}]}}