{"id":3169,"date":"2023-02-11T19:18:58","date_gmt":"2023-02-11T19:18:58","guid":{"rendered":"https:\/\/tijuana.com.uy\/?post_type=product&#038;p=3169"},"modified":"2024-09-05T13:45:51","modified_gmt":"2024-09-05T16:45:51","slug":"marcadores-giotto-be-be-x12","status":"publish","type":"product","link":"https:\/\/tijuana.com.uy\/?product=marcadores-giotto-be-be-x12","title":{"rendered":"MARCADORES GIOTTO BE-B\u00c9 x12"},"content":{"rendered":"","protected":false},"excerpt":{"rendered":"<p>12 Marcadores Giotto Beb\u00e9 con punta de 5 mm, bloqueada que no se hunde. Son de larga duraci\u00f3n ya que la punta que no se seca, sigue pintando aunque permanezca d\u00edas sin tapar. Super lavables de piel y tejidos. Producto no t\u00f3xico, dermatol\u00f3gicamente testeado.<\/p>\n","protected":false},"featured_media":3171,"template":"","meta":[],"product_brand":[],"product_cat":[58,158,25],"product_tag":[84,75,78,74,77,76],"class_list":{"0":"post-3169","1":"product","2":"type-product","3":"status-publish","4":"has-post-thumbnail","6":"product_cat-escolares","7":"product_cat-marcadores-papeleria","8":"product_cat-papeleria","9":"product_tag-bebe","10":"product_tag-escolar","11":"product_tag-escolares","12":"product_tag-giotto","13":"product_tag-marcadores","14":"product_tag-papeleria","16":"first","17":"outofstock","18":"taxable","19":"shipping-taxable","20":"purchasable","21":"product-type-simple"},"yoast_head":"<!-- This site is optimized with the Yoast SEO plugin v27.5 - https:\/\/yoast.com\/product\/yoast-seo-wordpress\/ -->\n<title>MARCADORES GIOTTO BE-B\u00c9 x12 - Tijuana<\/title>\n<meta name=\"description\" content=\"12 Marcadores Giotto Beb\u00e9 con punta de 5 mm, bloqueada que no se hunde. Son de larga duraci\u00f3n ya que la punta que no se seca.\" \/>\n<meta name=\"robots\" content=\"index, follow, max-snippet:-1, max-image-preview:large, max-video-preview:-1\" \/>\n<link rel=\"canonical\" href=\"https:\/\/tijuana.com.uy\/?product=marcadores-giotto-be-be-x12\" \/>\n<meta property=\"og:locale\" content=\"es_ES\" \/>\n<meta property=\"og:type\" content=\"article\" \/>\n<meta property=\"og:title\" content=\"MARCADORES GIOTTO BE-B\u00c9 x12 - Tijuana\" \/>\n<meta property=\"og:description\" content=\"12 Marcadores Giotto Beb\u00e9 con punta de 5 mm, bloqueada que no se hunde. Son de larga duraci\u00f3n ya que la punta que no se seca.\" \/>\n<meta property=\"og:url\" content=\"https:\/\/tijuana.com.uy\/?product=marcadores-giotto-be-be-x12\" \/>\n<meta property=\"og:site_name\" content=\"Tijuana\" \/>\n<meta property=\"article:modified_time\" content=\"2024-09-05T16:45:51+00:00\" \/>\n<meta property=\"og:image\" content=\"https:\/\/tijuana.com.uy\/wp-content\/uploads\/2023\/02\/D_NQ_NP_923870-MLU32917066033_112019-O.jpg\" \/>\n\t<meta property=\"og:image:width\" content=\"481\" \/>\n\t<meta property=\"og:image:height\" content=\"500\" \/>\n\t<meta property=\"og:image:type\" content=\"image\/jpeg\" \/>\n<meta name=\"twitter:card\" content=\"summary_large_image\" \/>\n<script type=\"application\/ld+json\" class=\"yoast-schema-graph\">{\"@context\":\"https:\\\/\\\/schema.org\",\"@graph\":[{\"@type\":\"WebPage\",\"@id\":\"https:\\\/\\\/tijuana.com.uy\\\/?product=marcadores-giotto-be-be-x12\",\"url\":\"https:\\\/\\\/tijuana.com.uy\\\/?product=marcadores-giotto-be-be-x12\",\"name\":\"MARCADORES GIOTTO BE-B\u00c9 x12 - Tijuana\",\"isPartOf\":{\"@id\":\"https:\\\/\\\/tijuana.com.uy\\\/#website\"},\"primaryImageOfPage\":{\"@id\":\"https:\\\/\\\/tijuana.com.uy\\\/?product=marcadores-giotto-be-be-x12#primaryimage\"},\"image\":{\"@id\":\"https:\\\/\\\/tijuana.com.uy\\\/?product=marcadores-giotto-be-be-x12#primaryimage\"},\"thumbnailUrl\":\"https:\\\/\\\/tijuana.com.uy\\\/wp-content\\\/uploads\\\/2023\\\/02\\\/D_NQ_NP_923870-MLU32917066033_112019-O.jpg\",\"datePublished\":\"2023-02-11T19:18:58+00:00\",\"dateModified\":\"2024-09-05T16:45:51+00:00\",\"description\":\"12 Marcadores Giotto Beb\u00e9 con punta de 5 mm, bloqueada que no se hunde. Son de larga duraci\u00f3n ya que la punta que no se seca.\",\"breadcrumb\":{\"@id\":\"https:\\\/\\\/tijuana.com.uy\\\/?product=marcadores-giotto-be-be-x12#breadcrumb\"},\"inLanguage\":\"es\",\"potentialAction\":[{\"@type\":\"ReadAction\",\"target\":[\"https:\\\/\\\/tijuana.com.uy\\\/?product=marcadores-giotto-be-be-x12\"]}]},{\"@type\":\"ImageObject\",\"inLanguage\":\"es\",\"@id\":\"https:\\\/\\\/tijuana.com.uy\\\/?product=marcadores-giotto-be-be-x12#primaryimage\",\"url\":\"https:\\\/\\\/tijuana.com.uy\\\/wp-content\\\/uploads\\\/2023\\\/02\\\/D_NQ_NP_923870-MLU32917066033_112019-O.jpg\",\"contentUrl\":\"https:\\\/\\\/tijuana.com.uy\\\/wp-content\\\/uploads\\\/2023\\\/02\\\/D_NQ_NP_923870-MLU32917066033_112019-O.jpg\",\"width\":481,\"height\":500,\"caption\":\"Marcadores Giotto Be-b\u00e9 X12\"},{\"@type\":\"BreadcrumbList\",\"@id\":\"https:\\\/\\\/tijuana.com.uy\\\/?product=marcadores-giotto-be-be-x12#breadcrumb\",\"itemListElement\":[{\"@type\":\"ListItem\",\"position\":1,\"name\":\"Inicio\",\"item\":\"https:\\\/\\\/tijuana.com.uy\\\/\"},{\"@type\":\"ListItem\",\"position\":2,\"name\":\"Todos nuestros productos\",\"item\":\"https:\\\/\\\/tijuana.com.uy\\\/?page_id=365\"},{\"@type\":\"ListItem\",\"position\":3,\"name\":\"MARCADORES GIOTTO BE-B\u00c9 x12\"}]},{\"@type\":\"WebSite\",\"@id\":\"https:\\\/\\\/tijuana.com.uy\\\/#website\",\"url\":\"https:\\\/\\\/tijuana.com.uy\\\/\",\"name\":\"Tijuana\",\"description\":\"Ecommerce Tijuana\",\"potentialAction\":[{\"@type\":\"SearchAction\",\"target\":{\"@type\":\"EntryPoint\",\"urlTemplate\":\"https:\\\/\\\/tijuana.com.uy\\\/?s={search_term_string}\"},\"query-input\":{\"@type\":\"PropertyValueSpecification\",\"valueRequired\":true,\"valueName\":\"search_term_string\"}}],\"inLanguage\":\"es\"}]}<\/script>\n<!-- \/ Yoast SEO plugin. -->","yoast_head_json":{"title":"MARCADORES GIOTTO BE-B\u00c9 x12 - Tijuana","description":"12 Marcadores Giotto Beb\u00e9 con punta de 5 mm, bloqueada que no se hunde. Son de larga duraci\u00f3n ya que la punta que no se seca.","robots":{"index":"index","follow":"follow","max-snippet":"max-snippet:-1","max-image-preview":"max-image-preview:large","max-video-preview":"max-video-preview:-1"},"canonical":"https:\/\/tijuana.com.uy\/?product=marcadores-giotto-be-be-x12","og_locale":"es_ES","og_type":"article","og_title":"MARCADORES GIOTTO BE-B\u00c9 x12 - Tijuana","og_description":"12 Marcadores Giotto Beb\u00e9 con punta de 5 mm, bloqueada que no se hunde. Son de larga duraci\u00f3n ya que la punta que no se seca.","og_url":"https:\/\/tijuana.com.uy\/?product=marcadores-giotto-be-be-x12","og_site_name":"Tijuana","article_modified_time":"2024-09-05T16:45:51+00:00","og_image":[{"width":481,"height":500,"url":"https:\/\/tijuana.com.uy\/wp-content\/uploads\/2023\/02\/D_NQ_NP_923870-MLU32917066033_112019-O.jpg","type":"image\/jpeg"}],"twitter_card":"summary_large_image","schema":{"@context":"https:\/\/schema.org","@graph":[{"@type":"WebPage","@id":"https:\/\/tijuana.com.uy\/?product=marcadores-giotto-be-be-x12","url":"https:\/\/tijuana.com.uy\/?product=marcadores-giotto-be-be-x12","name":"MARCADORES GIOTTO BE-B\u00c9 x12 - Tijuana","isPartOf":{"@id":"https:\/\/tijuana.com.uy\/#website"},"primaryImageOfPage":{"@id":"https:\/\/tijuana.com.uy\/?product=marcadores-giotto-be-be-x12#primaryimage"},"image":{"@id":"https:\/\/tijuana.com.uy\/?product=marcadores-giotto-be-be-x12#primaryimage"},"thumbnailUrl":"https:\/\/tijuana.com.uy\/wp-content\/uploads\/2023\/02\/D_NQ_NP_923870-MLU32917066033_112019-O.jpg","datePublished":"2023-02-11T19:18:58+00:00","dateModified":"2024-09-05T16:45:51+00:00","description":"12 Marcadores Giotto Beb\u00e9 con punta de 5 mm, bloqueada que no se hunde. Son de larga duraci\u00f3n ya que la punta que no se seca.","breadcrumb":{"@id":"https:\/\/tijuana.com.uy\/?product=marcadores-giotto-be-be-x12#breadcrumb"},"inLanguage":"es","potentialAction":[{"@type":"ReadAction","target":["https:\/\/tijuana.com.uy\/?product=marcadores-giotto-be-be-x12"]}]},{"@type":"ImageObject","inLanguage":"es","@id":"https:\/\/tijuana.com.uy\/?product=marcadores-giotto-be-be-x12#primaryimage","url":"https:\/\/tijuana.com.uy\/wp-content\/uploads\/2023\/02\/D_NQ_NP_923870-MLU32917066033_112019-O.jpg","contentUrl":"https:\/\/tijuana.com.uy\/wp-content\/uploads\/2023\/02\/D_NQ_NP_923870-MLU32917066033_112019-O.jpg","width":481,"height":500,"caption":"Marcadores Giotto Be-b\u00e9 X12"},{"@type":"BreadcrumbList","@id":"https:\/\/tijuana.com.uy\/?product=marcadores-giotto-be-be-x12#breadcrumb","itemListElement":[{"@type":"ListItem","position":1,"name":"Inicio","item":"https:\/\/tijuana.com.uy\/"},{"@type":"ListItem","position":2,"name":"Todos nuestros productos","item":"https:\/\/tijuana.com.uy\/?page_id=365"},{"@type":"ListItem","position":3,"name":"MARCADORES GIOTTO BE-B\u00c9 x12"}]},{"@type":"WebSite","@id":"https:\/\/tijuana.com.uy\/#website","url":"https:\/\/tijuana.com.uy\/","name":"Tijuana","description":"Ecommerce Tijuana","potentialAction":[{"@type":"SearchAction","target":{"@type":"EntryPoint","urlTemplate":"https:\/\/tijuana.com.uy\/?s={search_term_string}"},"query-input":{"@type":"PropertyValueSpecification","valueRequired":true,"valueName":"search_term_string"}}],"inLanguage":"es"}]}},"_links":{"self":[{"href":"https:\/\/tijuana.com.uy\/index.php?rest_route=\/wp\/v2\/product\/3169","targetHints":{"allow":["GET"]}}],"collection":[{"href":"https:\/\/tijuana.com.uy\/index.php?rest_route=\/wp\/v2\/product"}],"about":[{"href":"https:\/\/tijuana.com.uy\/index.php?rest_route=\/wp\/v2\/types\/product"}],"wp:featuredmedia":[{"embeddable":true,"href":"https:\/\/tijuana.com.uy\/index.php?rest_route=\/wp\/v2\/media\/3171"}],"wp:attachment":[{"href":"https:\/\/tijuana.com.uy\/index.php?rest_route=%2Fwp%2Fv2%2Fmedia&parent=3169"}],"wp:term":[{"taxonomy":"product_brand","embeddable":true,"href":"https:\/\/tijuana.com.uy\/index.php?rest_route=%2Fwp%2Fv2%2Fproduct_brand&post=3169"},{"taxonomy":"product_cat","embeddable":true,"href":"https:\/\/tijuana.com.uy\/index.php?rest_route=%2Fwp%2Fv2%2Fproduct_cat&post=3169"},{"taxonomy":"product_tag","embeddable":true,"href":"https:\/\/tijuana.com.uy\/index.php?rest_route=%2Fwp%2Fv2%2Fproduct_tag&post=3169"}],"curies":[{"name":"wp","href":"https:\/\/api.w.org\/{rel}","templated":true}]}}