{"id":3176,"date":"2023-02-11T19:30:35","date_gmt":"2023-02-11T19:30:35","guid":{"rendered":"https:\/\/tijuana.com.uy\/?post_type=product&#038;p=3176"},"modified":"2024-09-05T13:45:22","modified_gmt":"2024-09-05T16:45:22","slug":"marcadores-giotto-be-be-x6","status":"publish","type":"product","link":"https:\/\/tijuana.com.uy\/?product=marcadores-giotto-be-be-x6","title":{"rendered":"MARCADORES GIOTTO BE-B\u00c9 x6"},"content":{"rendered":"","protected":false},"excerpt":{"rendered":"<p>6 Marcadores Giotto Beb\u00e9 con punta de 5 mm, bloqueada que no se hunde. Son de larga duraci\u00f3n ya que la punta que no se seca, sigue pintando aunque permanezca d\u00edas sin tapar. Super lavables de piel y tejidos. Producto no t\u00f3xico, dermatol\u00f3gicamente testeado.<\/p>\n","protected":false},"featured_media":3177,"template":"","meta":[],"product_brand":[],"product_cat":[58,158,25],"product_tag":[84,75,78,74,77,76],"class_list":{"0":"post-3176","1":"product","2":"type-product","3":"status-publish","4":"has-post-thumbnail","6":"product_cat-escolares","7":"product_cat-marcadores-papeleria","8":"product_cat-papeleria","9":"product_tag-bebe","10":"product_tag-escolar","11":"product_tag-escolares","12":"product_tag-giotto","13":"product_tag-marcadores","14":"product_tag-papeleria","16":"first","17":"outofstock","18":"taxable","19":"shipping-taxable","20":"purchasable","21":"product-type-simple"},"yoast_head":"<!-- This site is optimized with the Yoast SEO plugin v27.5 - https:\/\/yoast.com\/product\/yoast-seo-wordpress\/ -->\n<title>MARCADORES GIOTTO BE-B\u00c9 x6 - Tijuana<\/title>\n<meta name=\"description\" content=\"6 Marcadores Giotto Beb\u00e9 con punta de 5 mm, bloqueada que no se hunde. Son de larga duraci\u00f3n ya que la punta que no se seca.\" \/>\n<meta name=\"robots\" content=\"index, follow, max-snippet:-1, max-image-preview:large, max-video-preview:-1\" \/>\n<link rel=\"canonical\" href=\"https:\/\/tijuana.com.uy\/?product=marcadores-giotto-be-be-x6\" \/>\n<meta property=\"og:locale\" content=\"es_ES\" \/>\n<meta property=\"og:type\" content=\"article\" \/>\n<meta property=\"og:title\" content=\"MARCADORES GIOTTO BE-B\u00c9 x6 - Tijuana\" \/>\n<meta property=\"og:description\" content=\"6 Marcadores Giotto Beb\u00e9 con punta de 5 mm, bloqueada que no se hunde. Son de larga duraci\u00f3n ya que la punta que no se seca.\" \/>\n<meta property=\"og:url\" content=\"https:\/\/tijuana.com.uy\/?product=marcadores-giotto-be-be-x6\" \/>\n<meta property=\"og:site_name\" content=\"Tijuana\" \/>\n<meta property=\"article:modified_time\" content=\"2024-09-05T16:45:22+00:00\" \/>\n<meta property=\"og:image\" content=\"https:\/\/tijuana.com.uy\/wp-content\/uploads\/2023\/02\/270500.webp\" \/>\n\t<meta property=\"og:image:width\" content=\"563\" \/>\n\t<meta property=\"og:image:height\" content=\"800\" \/>\n\t<meta property=\"og:image:type\" content=\"image\/webp\" \/>\n<meta name=\"twitter:card\" content=\"summary_large_image\" \/>\n<script type=\"application\/ld+json\" class=\"yoast-schema-graph\">{\"@context\":\"https:\\\/\\\/schema.org\",\"@graph\":[{\"@type\":\"WebPage\",\"@id\":\"https:\\\/\\\/tijuana.com.uy\\\/?product=marcadores-giotto-be-be-x6\",\"url\":\"https:\\\/\\\/tijuana.com.uy\\\/?product=marcadores-giotto-be-be-x6\",\"name\":\"MARCADORES GIOTTO BE-B\u00c9 x6 - Tijuana\",\"isPartOf\":{\"@id\":\"https:\\\/\\\/tijuana.com.uy\\\/#website\"},\"primaryImageOfPage\":{\"@id\":\"https:\\\/\\\/tijuana.com.uy\\\/?product=marcadores-giotto-be-be-x6#primaryimage\"},\"image\":{\"@id\":\"https:\\\/\\\/tijuana.com.uy\\\/?product=marcadores-giotto-be-be-x6#primaryimage\"},\"thumbnailUrl\":\"https:\\\/\\\/tijuana.com.uy\\\/wp-content\\\/uploads\\\/2023\\\/02\\\/270500.webp\",\"datePublished\":\"2023-02-11T19:30:35+00:00\",\"dateModified\":\"2024-09-05T16:45:22+00:00\",\"description\":\"6 Marcadores Giotto Beb\u00e9 con punta de 5 mm, bloqueada que no se hunde. Son de larga duraci\u00f3n ya que la punta que no se seca.\",\"breadcrumb\":{\"@id\":\"https:\\\/\\\/tijuana.com.uy\\\/?product=marcadores-giotto-be-be-x6#breadcrumb\"},\"inLanguage\":\"es\",\"potentialAction\":[{\"@type\":\"ReadAction\",\"target\":[\"https:\\\/\\\/tijuana.com.uy\\\/?product=marcadores-giotto-be-be-x6\"]}]},{\"@type\":\"ImageObject\",\"inLanguage\":\"es\",\"@id\":\"https:\\\/\\\/tijuana.com.uy\\\/?product=marcadores-giotto-be-be-x6#primaryimage\",\"url\":\"https:\\\/\\\/tijuana.com.uy\\\/wp-content\\\/uploads\\\/2023\\\/02\\\/270500.webp\",\"contentUrl\":\"https:\\\/\\\/tijuana.com.uy\\\/wp-content\\\/uploads\\\/2023\\\/02\\\/270500.webp\",\"width\":563,\"height\":800,\"caption\":\"Marcadores Giotto Be-b\u00e9 X6\"},{\"@type\":\"BreadcrumbList\",\"@id\":\"https:\\\/\\\/tijuana.com.uy\\\/?product=marcadores-giotto-be-be-x6#breadcrumb\",\"itemListElement\":[{\"@type\":\"ListItem\",\"position\":1,\"name\":\"Inicio\",\"item\":\"https:\\\/\\\/tijuana.com.uy\\\/\"},{\"@type\":\"ListItem\",\"position\":2,\"name\":\"Todos nuestros productos\",\"item\":\"https:\\\/\\\/tijuana.com.uy\\\/?page_id=365\"},{\"@type\":\"ListItem\",\"position\":3,\"name\":\"MARCADORES GIOTTO BE-B\u00c9 x6\"}]},{\"@type\":\"WebSite\",\"@id\":\"https:\\\/\\\/tijuana.com.uy\\\/#website\",\"url\":\"https:\\\/\\\/tijuana.com.uy\\\/\",\"name\":\"Tijuana\",\"description\":\"Ecommerce Tijuana\",\"potentialAction\":[{\"@type\":\"SearchAction\",\"target\":{\"@type\":\"EntryPoint\",\"urlTemplate\":\"https:\\\/\\\/tijuana.com.uy\\\/?s={search_term_string}\"},\"query-input\":{\"@type\":\"PropertyValueSpecification\",\"valueRequired\":true,\"valueName\":\"search_term_string\"}}],\"inLanguage\":\"es\"}]}<\/script>\n<!-- \/ Yoast SEO plugin. -->","yoast_head_json":{"title":"MARCADORES GIOTTO BE-B\u00c9 x6 - Tijuana","description":"6 Marcadores Giotto Beb\u00e9 con punta de 5 mm, bloqueada que no se hunde. Son de larga duraci\u00f3n ya que la punta que no se seca.","robots":{"index":"index","follow":"follow","max-snippet":"max-snippet:-1","max-image-preview":"max-image-preview:large","max-video-preview":"max-video-preview:-1"},"canonical":"https:\/\/tijuana.com.uy\/?product=marcadores-giotto-be-be-x6","og_locale":"es_ES","og_type":"article","og_title":"MARCADORES GIOTTO BE-B\u00c9 x6 - Tijuana","og_description":"6 Marcadores Giotto Beb\u00e9 con punta de 5 mm, bloqueada que no se hunde. Son de larga duraci\u00f3n ya que la punta que no se seca.","og_url":"https:\/\/tijuana.com.uy\/?product=marcadores-giotto-be-be-x6","og_site_name":"Tijuana","article_modified_time":"2024-09-05T16:45:22+00:00","og_image":[{"width":563,"height":800,"url":"https:\/\/tijuana.com.uy\/wp-content\/uploads\/2023\/02\/270500.webp","type":"image\/webp"}],"twitter_card":"summary_large_image","schema":{"@context":"https:\/\/schema.org","@graph":[{"@type":"WebPage","@id":"https:\/\/tijuana.com.uy\/?product=marcadores-giotto-be-be-x6","url":"https:\/\/tijuana.com.uy\/?product=marcadores-giotto-be-be-x6","name":"MARCADORES GIOTTO BE-B\u00c9 x6 - Tijuana","isPartOf":{"@id":"https:\/\/tijuana.com.uy\/#website"},"primaryImageOfPage":{"@id":"https:\/\/tijuana.com.uy\/?product=marcadores-giotto-be-be-x6#primaryimage"},"image":{"@id":"https:\/\/tijuana.com.uy\/?product=marcadores-giotto-be-be-x6#primaryimage"},"thumbnailUrl":"https:\/\/tijuana.com.uy\/wp-content\/uploads\/2023\/02\/270500.webp","datePublished":"2023-02-11T19:30:35+00:00","dateModified":"2024-09-05T16:45:22+00:00","description":"6 Marcadores Giotto Beb\u00e9 con punta de 5 mm, bloqueada que no se hunde. Son de larga duraci\u00f3n ya que la punta que no se seca.","breadcrumb":{"@id":"https:\/\/tijuana.com.uy\/?product=marcadores-giotto-be-be-x6#breadcrumb"},"inLanguage":"es","potentialAction":[{"@type":"ReadAction","target":["https:\/\/tijuana.com.uy\/?product=marcadores-giotto-be-be-x6"]}]},{"@type":"ImageObject","inLanguage":"es","@id":"https:\/\/tijuana.com.uy\/?product=marcadores-giotto-be-be-x6#primaryimage","url":"https:\/\/tijuana.com.uy\/wp-content\/uploads\/2023\/02\/270500.webp","contentUrl":"https:\/\/tijuana.com.uy\/wp-content\/uploads\/2023\/02\/270500.webp","width":563,"height":800,"caption":"Marcadores Giotto Be-b\u00e9 X6"},{"@type":"BreadcrumbList","@id":"https:\/\/tijuana.com.uy\/?product=marcadores-giotto-be-be-x6#breadcrumb","itemListElement":[{"@type":"ListItem","position":1,"name":"Inicio","item":"https:\/\/tijuana.com.uy\/"},{"@type":"ListItem","position":2,"name":"Todos nuestros productos","item":"https:\/\/tijuana.com.uy\/?page_id=365"},{"@type":"ListItem","position":3,"name":"MARCADORES GIOTTO BE-B\u00c9 x6"}]},{"@type":"WebSite","@id":"https:\/\/tijuana.com.uy\/#website","url":"https:\/\/tijuana.com.uy\/","name":"Tijuana","description":"Ecommerce Tijuana","potentialAction":[{"@type":"SearchAction","target":{"@type":"EntryPoint","urlTemplate":"https:\/\/tijuana.com.uy\/?s={search_term_string}"},"query-input":{"@type":"PropertyValueSpecification","valueRequired":true,"valueName":"search_term_string"}}],"inLanguage":"es"}]}},"_links":{"self":[{"href":"https:\/\/tijuana.com.uy\/index.php?rest_route=\/wp\/v2\/product\/3176","targetHints":{"allow":["GET"]}}],"collection":[{"href":"https:\/\/tijuana.com.uy\/index.php?rest_route=\/wp\/v2\/product"}],"about":[{"href":"https:\/\/tijuana.com.uy\/index.php?rest_route=\/wp\/v2\/types\/product"}],"wp:featuredmedia":[{"embeddable":true,"href":"https:\/\/tijuana.com.uy\/index.php?rest_route=\/wp\/v2\/media\/3177"}],"wp:attachment":[{"href":"https:\/\/tijuana.com.uy\/index.php?rest_route=%2Fwp%2Fv2%2Fmedia&parent=3176"}],"wp:term":[{"taxonomy":"product_brand","embeddable":true,"href":"https:\/\/tijuana.com.uy\/index.php?rest_route=%2Fwp%2Fv2%2Fproduct_brand&post=3176"},{"taxonomy":"product_cat","embeddable":true,"href":"https:\/\/tijuana.com.uy\/index.php?rest_route=%2Fwp%2Fv2%2Fproduct_cat&post=3176"},{"taxonomy":"product_tag","embeddable":true,"href":"https:\/\/tijuana.com.uy\/index.php?rest_route=%2Fwp%2Fv2%2Fproduct_tag&post=3176"}],"curies":[{"name":"wp","href":"https:\/\/api.w.org\/{rel}","templated":true}]}}