{"id":3239,"date":"2023-02-12T21:43:36","date_gmt":"2023-02-12T21:43:36","guid":{"rendered":"https:\/\/tijuana.com.uy\/?post_type=product&#038;p=3239"},"modified":"2023-02-24T22:20:06","modified_gmt":"2023-02-24T22:20:06","slug":"lapiz-corrector-bic-8ml","status":"publish","type":"product","link":"https:\/\/tijuana.com.uy\/?product=lapiz-corrector-bic-8ml","title":{"rendered":"LAPIZ CORRECTOR BIC 8ml"},"content":{"rendered":"","protected":false},"excerpt":{"rendered":"<p>L\u00e1piz corrector Bic con cuerpo flexible de 8ml. Punta aguja metalizada que permite gran precisi\u00f3n en las correcciones. F\u00e1cil de usar: basta agitar y presionar. Seca en 19 segundos.<\/p>\n","protected":false},"featured_media":3240,"template":"","meta":[],"product_brand":[],"product_cat":[166,58,167,59,25],"product_tag":[112,108,109,111,76],"class_list":{"0":"post-3239","1":"product","2":"type-product","3":"status-publish","4":"has-post-thumbnail","6":"product_cat-dibujo","7":"product_cat-escolares","8":"product_cat-lapiceras","9":"product_cat-oficina","10":"product_cat-papeleria","11":"product_tag-bic","12":"product_tag-corrector","13":"product_tag-lapiz-corrector","14":"product_tag-liquid","15":"product_tag-papeleria","17":"first","18":"instock","19":"taxable","20":"shipping-taxable","21":"purchasable","22":"product-type-simple"},"yoast_head":"<!-- This site is optimized with the Yoast SEO plugin v27.5 - https:\/\/yoast.com\/product\/yoast-seo-wordpress\/ -->\n<title>LAPIZ CORRECTOR BIC 8ml - Tijuana<\/title>\n<meta name=\"description\" content=\"L\u00e1piz corrector Bic con cuerpo flexible de 8ml. Punta aguja metalizada que permite gran precisi\u00f3n en las correcciones. F\u00e1cil de usar\" \/>\n<meta name=\"robots\" content=\"index, follow, max-snippet:-1, max-image-preview:large, max-video-preview:-1\" \/>\n<link rel=\"canonical\" href=\"https:\/\/tijuana.com.uy\/?product=lapiz-corrector-bic-8ml\" \/>\n<meta property=\"og:locale\" content=\"es_ES\" \/>\n<meta property=\"og:type\" content=\"article\" \/>\n<meta property=\"og:title\" content=\"LAPIZ CORRECTOR BIC 8ml - Tijuana\" \/>\n<meta property=\"og:description\" content=\"L\u00e1piz corrector Bic con cuerpo flexible de 8ml. Punta aguja metalizada que permite gran precisi\u00f3n en las correcciones. F\u00e1cil de usar\" \/>\n<meta property=\"og:url\" content=\"https:\/\/tijuana.com.uy\/?product=lapiz-corrector-bic-8ml\" \/>\n<meta property=\"og:site_name\" content=\"Tijuana\" \/>\n<meta property=\"article:modified_time\" content=\"2023-02-24T22:20:06+00:00\" \/>\n<meta property=\"og:image\" content=\"https:\/\/tijuana.com.uy\/wp-content\/uploads\/2023\/02\/productos34_2416.jpg\" \/>\n\t<meta property=\"og:image:width\" content=\"1024\" \/>\n\t<meta property=\"og:image:height\" content=\"1024\" \/>\n\t<meta property=\"og:image:type\" content=\"image\/jpeg\" \/>\n<meta name=\"twitter:card\" content=\"summary_large_image\" \/>\n<script type=\"application\/ld+json\" class=\"yoast-schema-graph\">{\"@context\":\"https:\\\/\\\/schema.org\",\"@graph\":[{\"@type\":\"WebPage\",\"@id\":\"https:\\\/\\\/tijuana.com.uy\\\/?product=lapiz-corrector-bic-8ml\",\"url\":\"https:\\\/\\\/tijuana.com.uy\\\/?product=lapiz-corrector-bic-8ml\",\"name\":\"LAPIZ CORRECTOR BIC 8ml - Tijuana\",\"isPartOf\":{\"@id\":\"https:\\\/\\\/tijuana.com.uy\\\/#website\"},\"primaryImageOfPage\":{\"@id\":\"https:\\\/\\\/tijuana.com.uy\\\/?product=lapiz-corrector-bic-8ml#primaryimage\"},\"image\":{\"@id\":\"https:\\\/\\\/tijuana.com.uy\\\/?product=lapiz-corrector-bic-8ml#primaryimage\"},\"thumbnailUrl\":\"https:\\\/\\\/tijuana.com.uy\\\/wp-content\\\/uploads\\\/2023\\\/02\\\/productos34_2416.jpg\",\"datePublished\":\"2023-02-12T21:43:36+00:00\",\"dateModified\":\"2023-02-24T22:20:06+00:00\",\"description\":\"L\u00e1piz corrector Bic con cuerpo flexible de 8ml. Punta aguja metalizada que permite gran precisi\u00f3n en las correcciones. F\u00e1cil de usar\",\"breadcrumb\":{\"@id\":\"https:\\\/\\\/tijuana.com.uy\\\/?product=lapiz-corrector-bic-8ml#breadcrumb\"},\"inLanguage\":\"es\",\"potentialAction\":[{\"@type\":\"ReadAction\",\"target\":[\"https:\\\/\\\/tijuana.com.uy\\\/?product=lapiz-corrector-bic-8ml\"]}]},{\"@type\":\"ImageObject\",\"inLanguage\":\"es\",\"@id\":\"https:\\\/\\\/tijuana.com.uy\\\/?product=lapiz-corrector-bic-8ml#primaryimage\",\"url\":\"https:\\\/\\\/tijuana.com.uy\\\/wp-content\\\/uploads\\\/2023\\\/02\\\/productos34_2416.jpg\",\"contentUrl\":\"https:\\\/\\\/tijuana.com.uy\\\/wp-content\\\/uploads\\\/2023\\\/02\\\/productos34_2416.jpg\",\"width\":1024,\"height\":1024,\"caption\":\"lapiz corrector bic 8 ml\"},{\"@type\":\"BreadcrumbList\",\"@id\":\"https:\\\/\\\/tijuana.com.uy\\\/?product=lapiz-corrector-bic-8ml#breadcrumb\",\"itemListElement\":[{\"@type\":\"ListItem\",\"position\":1,\"name\":\"Inicio\",\"item\":\"https:\\\/\\\/tijuana.com.uy\\\/\"},{\"@type\":\"ListItem\",\"position\":2,\"name\":\"Todos nuestros productos\",\"item\":\"https:\\\/\\\/tijuana.com.uy\\\/?page_id=365\"},{\"@type\":\"ListItem\",\"position\":3,\"name\":\"LAPIZ CORRECTOR BIC 8ml\"}]},{\"@type\":\"WebSite\",\"@id\":\"https:\\\/\\\/tijuana.com.uy\\\/#website\",\"url\":\"https:\\\/\\\/tijuana.com.uy\\\/\",\"name\":\"Tijuana\",\"description\":\"Ecommerce Tijuana\",\"potentialAction\":[{\"@type\":\"SearchAction\",\"target\":{\"@type\":\"EntryPoint\",\"urlTemplate\":\"https:\\\/\\\/tijuana.com.uy\\\/?s={search_term_string}\"},\"query-input\":{\"@type\":\"PropertyValueSpecification\",\"valueRequired\":true,\"valueName\":\"search_term_string\"}}],\"inLanguage\":\"es\"}]}<\/script>\n<!-- \/ Yoast SEO plugin. -->","yoast_head_json":{"title":"LAPIZ CORRECTOR BIC 8ml - Tijuana","description":"L\u00e1piz corrector Bic con cuerpo flexible de 8ml. Punta aguja metalizada que permite gran precisi\u00f3n en las correcciones. F\u00e1cil de usar","robots":{"index":"index","follow":"follow","max-snippet":"max-snippet:-1","max-image-preview":"max-image-preview:large","max-video-preview":"max-video-preview:-1"},"canonical":"https:\/\/tijuana.com.uy\/?product=lapiz-corrector-bic-8ml","og_locale":"es_ES","og_type":"article","og_title":"LAPIZ CORRECTOR BIC 8ml - Tijuana","og_description":"L\u00e1piz corrector Bic con cuerpo flexible de 8ml. Punta aguja metalizada que permite gran precisi\u00f3n en las correcciones. F\u00e1cil de usar","og_url":"https:\/\/tijuana.com.uy\/?product=lapiz-corrector-bic-8ml","og_site_name":"Tijuana","article_modified_time":"2023-02-24T22:20:06+00:00","og_image":[{"width":1024,"height":1024,"url":"https:\/\/tijuana.com.uy\/wp-content\/uploads\/2023\/02\/productos34_2416.jpg","type":"image\/jpeg"}],"twitter_card":"summary_large_image","schema":{"@context":"https:\/\/schema.org","@graph":[{"@type":"WebPage","@id":"https:\/\/tijuana.com.uy\/?product=lapiz-corrector-bic-8ml","url":"https:\/\/tijuana.com.uy\/?product=lapiz-corrector-bic-8ml","name":"LAPIZ CORRECTOR BIC 8ml - Tijuana","isPartOf":{"@id":"https:\/\/tijuana.com.uy\/#website"},"primaryImageOfPage":{"@id":"https:\/\/tijuana.com.uy\/?product=lapiz-corrector-bic-8ml#primaryimage"},"image":{"@id":"https:\/\/tijuana.com.uy\/?product=lapiz-corrector-bic-8ml#primaryimage"},"thumbnailUrl":"https:\/\/tijuana.com.uy\/wp-content\/uploads\/2023\/02\/productos34_2416.jpg","datePublished":"2023-02-12T21:43:36+00:00","dateModified":"2023-02-24T22:20:06+00:00","description":"L\u00e1piz corrector Bic con cuerpo flexible de 8ml. Punta aguja metalizada que permite gran precisi\u00f3n en las correcciones. F\u00e1cil de usar","breadcrumb":{"@id":"https:\/\/tijuana.com.uy\/?product=lapiz-corrector-bic-8ml#breadcrumb"},"inLanguage":"es","potentialAction":[{"@type":"ReadAction","target":["https:\/\/tijuana.com.uy\/?product=lapiz-corrector-bic-8ml"]}]},{"@type":"ImageObject","inLanguage":"es","@id":"https:\/\/tijuana.com.uy\/?product=lapiz-corrector-bic-8ml#primaryimage","url":"https:\/\/tijuana.com.uy\/wp-content\/uploads\/2023\/02\/productos34_2416.jpg","contentUrl":"https:\/\/tijuana.com.uy\/wp-content\/uploads\/2023\/02\/productos34_2416.jpg","width":1024,"height":1024,"caption":"lapiz corrector bic 8 ml"},{"@type":"BreadcrumbList","@id":"https:\/\/tijuana.com.uy\/?product=lapiz-corrector-bic-8ml#breadcrumb","itemListElement":[{"@type":"ListItem","position":1,"name":"Inicio","item":"https:\/\/tijuana.com.uy\/"},{"@type":"ListItem","position":2,"name":"Todos nuestros productos","item":"https:\/\/tijuana.com.uy\/?page_id=365"},{"@type":"ListItem","position":3,"name":"LAPIZ CORRECTOR BIC 8ml"}]},{"@type":"WebSite","@id":"https:\/\/tijuana.com.uy\/#website","url":"https:\/\/tijuana.com.uy\/","name":"Tijuana","description":"Ecommerce Tijuana","potentialAction":[{"@type":"SearchAction","target":{"@type":"EntryPoint","urlTemplate":"https:\/\/tijuana.com.uy\/?s={search_term_string}"},"query-input":{"@type":"PropertyValueSpecification","valueRequired":true,"valueName":"search_term_string"}}],"inLanguage":"es"}]}},"_links":{"self":[{"href":"https:\/\/tijuana.com.uy\/index.php?rest_route=\/wp\/v2\/product\/3239","targetHints":{"allow":["GET"]}}],"collection":[{"href":"https:\/\/tijuana.com.uy\/index.php?rest_route=\/wp\/v2\/product"}],"about":[{"href":"https:\/\/tijuana.com.uy\/index.php?rest_route=\/wp\/v2\/types\/product"}],"wp:featuredmedia":[{"embeddable":true,"href":"https:\/\/tijuana.com.uy\/index.php?rest_route=\/wp\/v2\/media\/3240"}],"wp:attachment":[{"href":"https:\/\/tijuana.com.uy\/index.php?rest_route=%2Fwp%2Fv2%2Fmedia&parent=3239"}],"wp:term":[{"taxonomy":"product_brand","embeddable":true,"href":"https:\/\/tijuana.com.uy\/index.php?rest_route=%2Fwp%2Fv2%2Fproduct_brand&post=3239"},{"taxonomy":"product_cat","embeddable":true,"href":"https:\/\/tijuana.com.uy\/index.php?rest_route=%2Fwp%2Fv2%2Fproduct_cat&post=3239"},{"taxonomy":"product_tag","embeddable":true,"href":"https:\/\/tijuana.com.uy\/index.php?rest_route=%2Fwp%2Fv2%2Fproduct_tag&post=3239"}],"curies":[{"name":"wp","href":"https:\/\/api.w.org\/{rel}","templated":true}]}}