{"id":3253,"date":"2023-02-13T18:23:00","date_gmt":"2023-02-13T18:23:00","guid":{"rendered":"https:\/\/tijuana.com.uy\/?post_type=product&#038;p=3253"},"modified":"2023-02-24T22:20:00","modified_gmt":"2023-02-24T22:20:00","slug":"corrector-pincel-kores-20ml","status":"publish","type":"product","link":"https:\/\/tijuana.com.uy\/?product=corrector-pincel-kores-20ml","title":{"rendered":"CORRECTOR PINCEL KORES 20ml."},"content":{"rendered":"","protected":false},"excerpt":{"rendered":"<p>L\u00edquido corrector blanco. F\u00f3rmula base agua, amigable con el medio ambiente, sin solventes, sin \u00e1cidos, no t\u00f3xico. F\u00f3rmula de larga duraci\u00f3n. Secado perfecto y gran cobertura. Apropiado para todo tipo de tintas e impresiones. Punta de brocha para controlar la aplicaci\u00f3n.<\/p>\n","protected":false},"featured_media":3254,"template":"","meta":[],"product_brand":[],"product_cat":[166,58,167,59,25],"product_tag":[108,116,76,115],"class_list":{"0":"post-3253","1":"product","2":"type-product","3":"status-publish","4":"has-post-thumbnail","6":"product_cat-dibujo","7":"product_cat-escolares","8":"product_cat-lapiceras","9":"product_cat-oficina","10":"product_cat-papeleria","11":"product_tag-corrector","12":"product_tag-kores","13":"product_tag-papeleria","14":"product_tag-pincel","16":"first","17":"instock","18":"taxable","19":"shipping-taxable","20":"purchasable","21":"product-type-simple"},"yoast_head":"<!-- This site is optimized with the Yoast SEO plugin v27.5 - https:\/\/yoast.com\/product\/yoast-seo-wordpress\/ -->\n<title>CORRECTOR PINCEL KORES 20ml. - Tijuana<\/title>\n<meta name=\"description\" content=\"L\u00edquido corrector blanco. F\u00f3rmula base agua, amigable con el medio ambiente, sin solventes, sin \u00e1cidos, no t\u00f3xico.\" \/>\n<meta name=\"robots\" content=\"index, follow, max-snippet:-1, max-image-preview:large, max-video-preview:-1\" \/>\n<link rel=\"canonical\" href=\"https:\/\/tijuana.com.uy\/?product=corrector-pincel-kores-20ml\" \/>\n<meta property=\"og:locale\" content=\"es_ES\" \/>\n<meta property=\"og:type\" content=\"article\" \/>\n<meta property=\"og:title\" content=\"CORRECTOR PINCEL KORES 20ml. - Tijuana\" \/>\n<meta property=\"og:description\" content=\"L\u00edquido corrector blanco. F\u00f3rmula base agua, amigable con el medio ambiente, sin solventes, sin \u00e1cidos, no t\u00f3xico.\" \/>\n<meta property=\"og:url\" content=\"https:\/\/tijuana.com.uy\/?product=corrector-pincel-kores-20ml\" \/>\n<meta property=\"og:site_name\" content=\"Tijuana\" \/>\n<meta property=\"article:modified_time\" content=\"2023-02-24T22:20:00+00:00\" \/>\n<meta property=\"og:image\" content=\"https:\/\/tijuana.com.uy\/wp-content\/uploads\/2023\/02\/CORRECTOR-KORES-AQUA.jpg\" \/>\n\t<meta property=\"og:image:width\" content=\"300\" \/>\n\t<meta property=\"og:image:height\" content=\"300\" \/>\n\t<meta property=\"og:image:type\" content=\"image\/jpeg\" \/>\n<meta name=\"twitter:card\" content=\"summary_large_image\" \/>\n<script type=\"application\/ld+json\" class=\"yoast-schema-graph\">{\"@context\":\"https:\\\/\\\/schema.org\",\"@graph\":[{\"@type\":\"WebPage\",\"@id\":\"https:\\\/\\\/tijuana.com.uy\\\/?product=corrector-pincel-kores-20ml\",\"url\":\"https:\\\/\\\/tijuana.com.uy\\\/?product=corrector-pincel-kores-20ml\",\"name\":\"CORRECTOR PINCEL KORES 20ml. - Tijuana\",\"isPartOf\":{\"@id\":\"https:\\\/\\\/tijuana.com.uy\\\/#website\"},\"primaryImageOfPage\":{\"@id\":\"https:\\\/\\\/tijuana.com.uy\\\/?product=corrector-pincel-kores-20ml#primaryimage\"},\"image\":{\"@id\":\"https:\\\/\\\/tijuana.com.uy\\\/?product=corrector-pincel-kores-20ml#primaryimage\"},\"thumbnailUrl\":\"https:\\\/\\\/tijuana.com.uy\\\/wp-content\\\/uploads\\\/2023\\\/02\\\/CORRECTOR-KORES-AQUA.jpg\",\"datePublished\":\"2023-02-13T18:23:00+00:00\",\"dateModified\":\"2023-02-24T22:20:00+00:00\",\"description\":\"L\u00edquido corrector blanco. F\u00f3rmula base agua, amigable con el medio ambiente, sin solventes, sin \u00e1cidos, no t\u00f3xico.\",\"breadcrumb\":{\"@id\":\"https:\\\/\\\/tijuana.com.uy\\\/?product=corrector-pincel-kores-20ml#breadcrumb\"},\"inLanguage\":\"es\",\"potentialAction\":[{\"@type\":\"ReadAction\",\"target\":[\"https:\\\/\\\/tijuana.com.uy\\\/?product=corrector-pincel-kores-20ml\"]}]},{\"@type\":\"ImageObject\",\"inLanguage\":\"es\",\"@id\":\"https:\\\/\\\/tijuana.com.uy\\\/?product=corrector-pincel-kores-20ml#primaryimage\",\"url\":\"https:\\\/\\\/tijuana.com.uy\\\/wp-content\\\/uploads\\\/2023\\\/02\\\/CORRECTOR-KORES-AQUA.jpg\",\"contentUrl\":\"https:\\\/\\\/tijuana.com.uy\\\/wp-content\\\/uploads\\\/2023\\\/02\\\/CORRECTOR-KORES-AQUA.jpg\",\"width\":300,\"height\":300,\"caption\":\"ORRECTOR-KORES-AQUA\"},{\"@type\":\"BreadcrumbList\",\"@id\":\"https:\\\/\\\/tijuana.com.uy\\\/?product=corrector-pincel-kores-20ml#breadcrumb\",\"itemListElement\":[{\"@type\":\"ListItem\",\"position\":1,\"name\":\"Inicio\",\"item\":\"https:\\\/\\\/tijuana.com.uy\\\/\"},{\"@type\":\"ListItem\",\"position\":2,\"name\":\"Todos nuestros productos\",\"item\":\"https:\\\/\\\/tijuana.com.uy\\\/?page_id=365\"},{\"@type\":\"ListItem\",\"position\":3,\"name\":\"CORRECTOR PINCEL KORES 20ml.\"}]},{\"@type\":\"WebSite\",\"@id\":\"https:\\\/\\\/tijuana.com.uy\\\/#website\",\"url\":\"https:\\\/\\\/tijuana.com.uy\\\/\",\"name\":\"Tijuana\",\"description\":\"Ecommerce Tijuana\",\"potentialAction\":[{\"@type\":\"SearchAction\",\"target\":{\"@type\":\"EntryPoint\",\"urlTemplate\":\"https:\\\/\\\/tijuana.com.uy\\\/?s={search_term_string}\"},\"query-input\":{\"@type\":\"PropertyValueSpecification\",\"valueRequired\":true,\"valueName\":\"search_term_string\"}}],\"inLanguage\":\"es\"}]}<\/script>\n<!-- \/ Yoast SEO plugin. -->","yoast_head_json":{"title":"CORRECTOR PINCEL KORES 20ml. - Tijuana","description":"L\u00edquido corrector blanco. F\u00f3rmula base agua, amigable con el medio ambiente, sin solventes, sin \u00e1cidos, no t\u00f3xico.","robots":{"index":"index","follow":"follow","max-snippet":"max-snippet:-1","max-image-preview":"max-image-preview:large","max-video-preview":"max-video-preview:-1"},"canonical":"https:\/\/tijuana.com.uy\/?product=corrector-pincel-kores-20ml","og_locale":"es_ES","og_type":"article","og_title":"CORRECTOR PINCEL KORES 20ml. - Tijuana","og_description":"L\u00edquido corrector blanco. F\u00f3rmula base agua, amigable con el medio ambiente, sin solventes, sin \u00e1cidos, no t\u00f3xico.","og_url":"https:\/\/tijuana.com.uy\/?product=corrector-pincel-kores-20ml","og_site_name":"Tijuana","article_modified_time":"2023-02-24T22:20:00+00:00","og_image":[{"width":300,"height":300,"url":"https:\/\/tijuana.com.uy\/wp-content\/uploads\/2023\/02\/CORRECTOR-KORES-AQUA.jpg","type":"image\/jpeg"}],"twitter_card":"summary_large_image","schema":{"@context":"https:\/\/schema.org","@graph":[{"@type":"WebPage","@id":"https:\/\/tijuana.com.uy\/?product=corrector-pincel-kores-20ml","url":"https:\/\/tijuana.com.uy\/?product=corrector-pincel-kores-20ml","name":"CORRECTOR PINCEL KORES 20ml. - Tijuana","isPartOf":{"@id":"https:\/\/tijuana.com.uy\/#website"},"primaryImageOfPage":{"@id":"https:\/\/tijuana.com.uy\/?product=corrector-pincel-kores-20ml#primaryimage"},"image":{"@id":"https:\/\/tijuana.com.uy\/?product=corrector-pincel-kores-20ml#primaryimage"},"thumbnailUrl":"https:\/\/tijuana.com.uy\/wp-content\/uploads\/2023\/02\/CORRECTOR-KORES-AQUA.jpg","datePublished":"2023-02-13T18:23:00+00:00","dateModified":"2023-02-24T22:20:00+00:00","description":"L\u00edquido corrector blanco. F\u00f3rmula base agua, amigable con el medio ambiente, sin solventes, sin \u00e1cidos, no t\u00f3xico.","breadcrumb":{"@id":"https:\/\/tijuana.com.uy\/?product=corrector-pincel-kores-20ml#breadcrumb"},"inLanguage":"es","potentialAction":[{"@type":"ReadAction","target":["https:\/\/tijuana.com.uy\/?product=corrector-pincel-kores-20ml"]}]},{"@type":"ImageObject","inLanguage":"es","@id":"https:\/\/tijuana.com.uy\/?product=corrector-pincel-kores-20ml#primaryimage","url":"https:\/\/tijuana.com.uy\/wp-content\/uploads\/2023\/02\/CORRECTOR-KORES-AQUA.jpg","contentUrl":"https:\/\/tijuana.com.uy\/wp-content\/uploads\/2023\/02\/CORRECTOR-KORES-AQUA.jpg","width":300,"height":300,"caption":"ORRECTOR-KORES-AQUA"},{"@type":"BreadcrumbList","@id":"https:\/\/tijuana.com.uy\/?product=corrector-pincel-kores-20ml#breadcrumb","itemListElement":[{"@type":"ListItem","position":1,"name":"Inicio","item":"https:\/\/tijuana.com.uy\/"},{"@type":"ListItem","position":2,"name":"Todos nuestros productos","item":"https:\/\/tijuana.com.uy\/?page_id=365"},{"@type":"ListItem","position":3,"name":"CORRECTOR PINCEL KORES 20ml."}]},{"@type":"WebSite","@id":"https:\/\/tijuana.com.uy\/#website","url":"https:\/\/tijuana.com.uy\/","name":"Tijuana","description":"Ecommerce Tijuana","potentialAction":[{"@type":"SearchAction","target":{"@type":"EntryPoint","urlTemplate":"https:\/\/tijuana.com.uy\/?s={search_term_string}"},"query-input":{"@type":"PropertyValueSpecification","valueRequired":true,"valueName":"search_term_string"}}],"inLanguage":"es"}]}},"_links":{"self":[{"href":"https:\/\/tijuana.com.uy\/index.php?rest_route=\/wp\/v2\/product\/3253","targetHints":{"allow":["GET"]}}],"collection":[{"href":"https:\/\/tijuana.com.uy\/index.php?rest_route=\/wp\/v2\/product"}],"about":[{"href":"https:\/\/tijuana.com.uy\/index.php?rest_route=\/wp\/v2\/types\/product"}],"wp:featuredmedia":[{"embeddable":true,"href":"https:\/\/tijuana.com.uy\/index.php?rest_route=\/wp\/v2\/media\/3254"}],"wp:attachment":[{"href":"https:\/\/tijuana.com.uy\/index.php?rest_route=%2Fwp%2Fv2%2Fmedia&parent=3253"}],"wp:term":[{"taxonomy":"product_brand","embeddable":true,"href":"https:\/\/tijuana.com.uy\/index.php?rest_route=%2Fwp%2Fv2%2Fproduct_brand&post=3253"},{"taxonomy":"product_cat","embeddable":true,"href":"https:\/\/tijuana.com.uy\/index.php?rest_route=%2Fwp%2Fv2%2Fproduct_cat&post=3253"},{"taxonomy":"product_tag","embeddable":true,"href":"https:\/\/tijuana.com.uy\/index.php?rest_route=%2Fwp%2Fv2%2Fproduct_tag&post=3253"}],"curies":[{"name":"wp","href":"https:\/\/api.w.org\/{rel}","templated":true}]}}