{"id":3338,"date":"2023-02-14T20:25:36","date_gmt":"2023-02-14T20:25:36","guid":{"rendered":"https:\/\/tijuana.com.uy\/?post_type=product&#038;p=3338"},"modified":"2024-09-05T13:42:16","modified_gmt":"2024-09-05T16:42:16","slug":"lapices-de-colores-filgo-x36","status":"publish","type":"product","link":"https:\/\/tijuana.com.uy\/?product=lapices-de-colores-filgo-x36","title":{"rendered":"LAPICES DE COLORES FILGO x36"},"content":{"rendered":"","protected":false},"excerpt":{"rendered":"<p>36 L\u00e1pices de colores hexagonales fabricados con resina pl\u00e1stica sin la utilizaci\u00f3n de madera, de acuerdo a las normas de protecci\u00f3n del medio ambiente. Tienen cuerpo flexible. No se astilla al sacarle punta, minas de colores de gran resistencia.<\/p>\n","protected":false},"featured_media":3339,"template":"","meta":[],"product_brand":[],"product_cat":[58,159,25],"product_tag":[75,128,80,76],"class_list":{"0":"post-3338","1":"product","2":"type-product","3":"status-publish","4":"has-post-thumbnail","6":"product_cat-escolares","7":"product_cat-lapices","8":"product_cat-papeleria","9":"product_tag-escolar","10":"product_tag-filgo","11":"product_tag-lapices","12":"product_tag-papeleria","14":"first","15":"outofstock","16":"taxable","17":"shipping-taxable","18":"purchasable","19":"product-type-simple"},"yoast_head":"<!-- This site is optimized with the Yoast SEO plugin v27.5 - https:\/\/yoast.com\/product\/yoast-seo-wordpress\/ -->\n<title>LAPICES DE COLORES FILGO x36 - Tijuana<\/title>\n<meta name=\"description\" content=\"36 L\u00e1pices de colores hexagonales fabricados con resina pl\u00e1stica sin la utilizaci\u00f3n de madera, de acuerdo a las normas de protecci\u00f3n del medio ambiente.\" \/>\n<meta name=\"robots\" content=\"index, follow, max-snippet:-1, max-image-preview:large, max-video-preview:-1\" \/>\n<link rel=\"canonical\" href=\"https:\/\/tijuana.com.uy\/?product=lapices-de-colores-filgo-x36\" \/>\n<meta property=\"og:locale\" content=\"es_ES\" \/>\n<meta property=\"og:type\" content=\"article\" \/>\n<meta property=\"og:title\" content=\"LAPICES DE COLORES FILGO x36 - Tijuana\" \/>\n<meta property=\"og:description\" content=\"36 L\u00e1pices de colores hexagonales fabricados con resina pl\u00e1stica sin la utilizaci\u00f3n de madera, de acuerdo a las normas de protecci\u00f3n del medio ambiente.\" \/>\n<meta property=\"og:url\" content=\"https:\/\/tijuana.com.uy\/?product=lapices-de-colores-filgo-x36\" \/>\n<meta property=\"og:site_name\" content=\"Tijuana\" \/>\n<meta property=\"article:modified_time\" content=\"2024-09-05T16:42:16+00:00\" \/>\n<meta property=\"og:image\" content=\"https:\/\/tijuana.com.uy\/wp-content\/uploads\/2023\/02\/D_NQ_NP_978900-MLU50912869199_072022-O.webp\" \/>\n\t<meta property=\"og:image:width\" content=\"320\" \/>\n\t<meta property=\"og:image:height\" content=\"500\" \/>\n\t<meta property=\"og:image:type\" content=\"image\/webp\" \/>\n<meta name=\"twitter:card\" content=\"summary_large_image\" \/>\n<script type=\"application\/ld+json\" class=\"yoast-schema-graph\">{\"@context\":\"https:\\\/\\\/schema.org\",\"@graph\":[{\"@type\":\"WebPage\",\"@id\":\"https:\\\/\\\/tijuana.com.uy\\\/?product=lapices-de-colores-filgo-x36\",\"url\":\"https:\\\/\\\/tijuana.com.uy\\\/?product=lapices-de-colores-filgo-x36\",\"name\":\"LAPICES DE COLORES FILGO x36 - Tijuana\",\"isPartOf\":{\"@id\":\"https:\\\/\\\/tijuana.com.uy\\\/#website\"},\"primaryImageOfPage\":{\"@id\":\"https:\\\/\\\/tijuana.com.uy\\\/?product=lapices-de-colores-filgo-x36#primaryimage\"},\"image\":{\"@id\":\"https:\\\/\\\/tijuana.com.uy\\\/?product=lapices-de-colores-filgo-x36#primaryimage\"},\"thumbnailUrl\":\"https:\\\/\\\/tijuana.com.uy\\\/wp-content\\\/uploads\\\/2023\\\/02\\\/D_NQ_NP_978900-MLU50912869199_072022-O.webp\",\"datePublished\":\"2023-02-14T20:25:36+00:00\",\"dateModified\":\"2024-09-05T16:42:16+00:00\",\"description\":\"36 L\u00e1pices de colores hexagonales fabricados con resina pl\u00e1stica sin la utilizaci\u00f3n de madera, de acuerdo a las normas de protecci\u00f3n del medio ambiente.\",\"breadcrumb\":{\"@id\":\"https:\\\/\\\/tijuana.com.uy\\\/?product=lapices-de-colores-filgo-x36#breadcrumb\"},\"inLanguage\":\"es\",\"potentialAction\":[{\"@type\":\"ReadAction\",\"target\":[\"https:\\\/\\\/tijuana.com.uy\\\/?product=lapices-de-colores-filgo-x36\"]}]},{\"@type\":\"ImageObject\",\"inLanguage\":\"es\",\"@id\":\"https:\\\/\\\/tijuana.com.uy\\\/?product=lapices-de-colores-filgo-x36#primaryimage\",\"url\":\"https:\\\/\\\/tijuana.com.uy\\\/wp-content\\\/uploads\\\/2023\\\/02\\\/D_NQ_NP_978900-MLU50912869199_072022-O.webp\",\"contentUrl\":\"https:\\\/\\\/tijuana.com.uy\\\/wp-content\\\/uploads\\\/2023\\\/02\\\/D_NQ_NP_978900-MLU50912869199_072022-O.webp\",\"width\":320,\"height\":500},{\"@type\":\"BreadcrumbList\",\"@id\":\"https:\\\/\\\/tijuana.com.uy\\\/?product=lapices-de-colores-filgo-x36#breadcrumb\",\"itemListElement\":[{\"@type\":\"ListItem\",\"position\":1,\"name\":\"Inicio\",\"item\":\"https:\\\/\\\/tijuana.com.uy\\\/\"},{\"@type\":\"ListItem\",\"position\":2,\"name\":\"Todos nuestros productos\",\"item\":\"https:\\\/\\\/tijuana.com.uy\\\/?page_id=365\"},{\"@type\":\"ListItem\",\"position\":3,\"name\":\"LAPICES DE COLORES FILGO x36\"}]},{\"@type\":\"WebSite\",\"@id\":\"https:\\\/\\\/tijuana.com.uy\\\/#website\",\"url\":\"https:\\\/\\\/tijuana.com.uy\\\/\",\"name\":\"Tijuana\",\"description\":\"Ecommerce Tijuana\",\"potentialAction\":[{\"@type\":\"SearchAction\",\"target\":{\"@type\":\"EntryPoint\",\"urlTemplate\":\"https:\\\/\\\/tijuana.com.uy\\\/?s={search_term_string}\"},\"query-input\":{\"@type\":\"PropertyValueSpecification\",\"valueRequired\":true,\"valueName\":\"search_term_string\"}}],\"inLanguage\":\"es\"}]}<\/script>\n<!-- \/ Yoast SEO plugin. -->","yoast_head_json":{"title":"LAPICES DE COLORES FILGO x36 - Tijuana","description":"36 L\u00e1pices de colores hexagonales fabricados con resina pl\u00e1stica sin la utilizaci\u00f3n de madera, de acuerdo a las normas de protecci\u00f3n del medio ambiente.","robots":{"index":"index","follow":"follow","max-snippet":"max-snippet:-1","max-image-preview":"max-image-preview:large","max-video-preview":"max-video-preview:-1"},"canonical":"https:\/\/tijuana.com.uy\/?product=lapices-de-colores-filgo-x36","og_locale":"es_ES","og_type":"article","og_title":"LAPICES DE COLORES FILGO x36 - Tijuana","og_description":"36 L\u00e1pices de colores hexagonales fabricados con resina pl\u00e1stica sin la utilizaci\u00f3n de madera, de acuerdo a las normas de protecci\u00f3n del medio ambiente.","og_url":"https:\/\/tijuana.com.uy\/?product=lapices-de-colores-filgo-x36","og_site_name":"Tijuana","article_modified_time":"2024-09-05T16:42:16+00:00","og_image":[{"width":320,"height":500,"url":"https:\/\/tijuana.com.uy\/wp-content\/uploads\/2023\/02\/D_NQ_NP_978900-MLU50912869199_072022-O.webp","type":"image\/webp"}],"twitter_card":"summary_large_image","schema":{"@context":"https:\/\/schema.org","@graph":[{"@type":"WebPage","@id":"https:\/\/tijuana.com.uy\/?product=lapices-de-colores-filgo-x36","url":"https:\/\/tijuana.com.uy\/?product=lapices-de-colores-filgo-x36","name":"LAPICES DE COLORES FILGO x36 - Tijuana","isPartOf":{"@id":"https:\/\/tijuana.com.uy\/#website"},"primaryImageOfPage":{"@id":"https:\/\/tijuana.com.uy\/?product=lapices-de-colores-filgo-x36#primaryimage"},"image":{"@id":"https:\/\/tijuana.com.uy\/?product=lapices-de-colores-filgo-x36#primaryimage"},"thumbnailUrl":"https:\/\/tijuana.com.uy\/wp-content\/uploads\/2023\/02\/D_NQ_NP_978900-MLU50912869199_072022-O.webp","datePublished":"2023-02-14T20:25:36+00:00","dateModified":"2024-09-05T16:42:16+00:00","description":"36 L\u00e1pices de colores hexagonales fabricados con resina pl\u00e1stica sin la utilizaci\u00f3n de madera, de acuerdo a las normas de protecci\u00f3n del medio ambiente.","breadcrumb":{"@id":"https:\/\/tijuana.com.uy\/?product=lapices-de-colores-filgo-x36#breadcrumb"},"inLanguage":"es","potentialAction":[{"@type":"ReadAction","target":["https:\/\/tijuana.com.uy\/?product=lapices-de-colores-filgo-x36"]}]},{"@type":"ImageObject","inLanguage":"es","@id":"https:\/\/tijuana.com.uy\/?product=lapices-de-colores-filgo-x36#primaryimage","url":"https:\/\/tijuana.com.uy\/wp-content\/uploads\/2023\/02\/D_NQ_NP_978900-MLU50912869199_072022-O.webp","contentUrl":"https:\/\/tijuana.com.uy\/wp-content\/uploads\/2023\/02\/D_NQ_NP_978900-MLU50912869199_072022-O.webp","width":320,"height":500},{"@type":"BreadcrumbList","@id":"https:\/\/tijuana.com.uy\/?product=lapices-de-colores-filgo-x36#breadcrumb","itemListElement":[{"@type":"ListItem","position":1,"name":"Inicio","item":"https:\/\/tijuana.com.uy\/"},{"@type":"ListItem","position":2,"name":"Todos nuestros productos","item":"https:\/\/tijuana.com.uy\/?page_id=365"},{"@type":"ListItem","position":3,"name":"LAPICES DE COLORES FILGO x36"}]},{"@type":"WebSite","@id":"https:\/\/tijuana.com.uy\/#website","url":"https:\/\/tijuana.com.uy\/","name":"Tijuana","description":"Ecommerce Tijuana","potentialAction":[{"@type":"SearchAction","target":{"@type":"EntryPoint","urlTemplate":"https:\/\/tijuana.com.uy\/?s={search_term_string}"},"query-input":{"@type":"PropertyValueSpecification","valueRequired":true,"valueName":"search_term_string"}}],"inLanguage":"es"}]}},"_links":{"self":[{"href":"https:\/\/tijuana.com.uy\/index.php?rest_route=\/wp\/v2\/product\/3338","targetHints":{"allow":["GET"]}}],"collection":[{"href":"https:\/\/tijuana.com.uy\/index.php?rest_route=\/wp\/v2\/product"}],"about":[{"href":"https:\/\/tijuana.com.uy\/index.php?rest_route=\/wp\/v2\/types\/product"}],"wp:featuredmedia":[{"embeddable":true,"href":"https:\/\/tijuana.com.uy\/index.php?rest_route=\/wp\/v2\/media\/3339"}],"wp:attachment":[{"href":"https:\/\/tijuana.com.uy\/index.php?rest_route=%2Fwp%2Fv2%2Fmedia&parent=3338"}],"wp:term":[{"taxonomy":"product_brand","embeddable":true,"href":"https:\/\/tijuana.com.uy\/index.php?rest_route=%2Fwp%2Fv2%2Fproduct_brand&post=3338"},{"taxonomy":"product_cat","embeddable":true,"href":"https:\/\/tijuana.com.uy\/index.php?rest_route=%2Fwp%2Fv2%2Fproduct_cat&post=3338"},{"taxonomy":"product_tag","embeddable":true,"href":"https:\/\/tijuana.com.uy\/index.php?rest_route=%2Fwp%2Fv2%2Fproduct_tag&post=3338"}],"curies":[{"name":"wp","href":"https:\/\/api.w.org\/{rel}","templated":true}]}}