{"id":3375,"date":"2023-02-14T22:44:03","date_gmt":"2023-02-14T22:44:03","guid":{"rendered":"https:\/\/tijuana.com.uy\/?post_type=product&#038;p=3375"},"modified":"2023-02-24T22:06:46","modified_gmt":"2023-02-24T22:06:46","slug":"calculadora-casio-fx-95es-plus","status":"publish","type":"product","link":"https:\/\/tijuana.com.uy\/?product=calculadora-casio-fx-95es-plus","title":{"rendered":"CALCULADORA CASIO FX-95ES PLUS"},"content":{"rendered":"<p><strong>Nuevas funciones:<\/strong><br \/>\n&#8211; Factorizaci\u00f3n prima<br \/>\n&#8211; C\u00e1lculo de ratio<br \/>\n&#8211; Nuevo modo de ecuaci\u00f3n<br \/>\n&#8211; Desigualdad<br \/>\n&#8211; N\u00fameros enteros aleatorios<\/p>\n<p><strong>Funciones est\u00e1ndar:<\/strong><br \/>\n&#8211; C\u00e1lculos fraccionarios<br \/>\n&#8211; Combinaci\u00f3n y permutaci\u00f3n<br \/>\n&#8211; Estad\u00edsticas (editor de datos STAT basado en listas, desviaci\u00f3n est\u00e1ndar, an\u00e1lisis de regresi\u00f3n)<br \/>\n&#8211; 9 variables<br \/>\n&#8211; Funci\u00f3n de tabla<br \/>\n&#8211; Viene con un nuevo estuche duro deslizable<br \/>\n&#8211; Funciones de fx-82ES PLUS\/85ES PLUS\/350ES PLUS, adem\u00e1s de: C\u00e1lculos de ecuaciones<\/p>\n","protected":false},"excerpt":{"rendered":"<p>Calculadora cient\u00edfica Casio de pantalla Natural (Natural-V.P.A.M.) muestra expresiones matem\u00e1ticas como las ra\u00edces y las fracciones que aparecen en su libro de texto, y esto aumenta la comprensi\u00f3n ya que los resultados son m\u00e1s f\u00e1ciles de entender.<\/p>\n","protected":false},"featured_media":3379,"template":"","meta":[],"product_brand":[],"product_cat":[164,58,59,25],"product_tag":[129],"class_list":{"0":"post-3375","1":"product","2":"type-product","3":"status-publish","4":"has-post-thumbnail","6":"product_cat-calculadoras","7":"product_cat-escolares","8":"product_cat-oficina","9":"product_cat-papeleria","10":"product_tag-casio","12":"first","13":"instock","14":"taxable","15":"shipping-taxable","16":"purchasable","17":"product-type-simple"},"yoast_head":"<!-- This site is optimized with the Yoast SEO plugin v27.5 - https:\/\/yoast.com\/product\/yoast-seo-wordpress\/ -->\n<title>CALCULADORA CASIO FX-95ES PLUS - Tijuana<\/title>\n<meta name=\"description\" content=\"Calculadora cient\u00edfica Casio de pantalla Natural (Natural-V.P.A.M.) muestra expresiones matem\u00e1ticas como las ra\u00edces y las fracciones.\" \/>\n<meta name=\"robots\" content=\"index, follow, max-snippet:-1, max-image-preview:large, max-video-preview:-1\" \/>\n<link rel=\"canonical\" href=\"https:\/\/tijuana.com.uy\/?product=calculadora-casio-fx-95es-plus\" \/>\n<meta property=\"og:locale\" content=\"es_ES\" \/>\n<meta property=\"og:type\" content=\"article\" \/>\n<meta property=\"og:title\" content=\"CALCULADORA CASIO FX-95ES PLUS - Tijuana\" \/>\n<meta property=\"og:description\" content=\"Calculadora cient\u00edfica Casio de pantalla Natural (Natural-V.P.A.M.) muestra expresiones matem\u00e1ticas como las ra\u00edces y las fracciones.\" \/>\n<meta property=\"og:url\" content=\"https:\/\/tijuana.com.uy\/?product=calculadora-casio-fx-95es-plus\" \/>\n<meta property=\"og:site_name\" content=\"Tijuana\" \/>\n<meta property=\"article:modified_time\" content=\"2023-02-24T22:06:46+00:00\" \/>\n<meta property=\"og:image\" content=\"https:\/\/tijuana.com.uy\/wp-content\/uploads\/2023\/02\/WhatsApp-Image-2023-02-14-at-19.50.29.jpeg\" \/>\n\t<meta property=\"og:image:width\" content=\"750\" \/>\n\t<meta property=\"og:image:height\" content=\"746\" \/>\n\t<meta property=\"og:image:type\" content=\"image\/jpeg\" \/>\n<meta name=\"twitter:card\" content=\"summary_large_image\" \/>\n<meta name=\"twitter:label1\" content=\"Tiempo de lectura\" \/>\n\t<meta name=\"twitter:data1\" content=\"1 minuto\" \/>\n<script type=\"application\/ld+json\" class=\"yoast-schema-graph\">{\"@context\":\"https:\\\/\\\/schema.org\",\"@graph\":[{\"@type\":\"WebPage\",\"@id\":\"https:\\\/\\\/tijuana.com.uy\\\/?product=calculadora-casio-fx-95es-plus\",\"url\":\"https:\\\/\\\/tijuana.com.uy\\\/?product=calculadora-casio-fx-95es-plus\",\"name\":\"CALCULADORA CASIO FX-95ES PLUS - Tijuana\",\"isPartOf\":{\"@id\":\"https:\\\/\\\/tijuana.com.uy\\\/#website\"},\"primaryImageOfPage\":{\"@id\":\"https:\\\/\\\/tijuana.com.uy\\\/?product=calculadora-casio-fx-95es-plus#primaryimage\"},\"image\":{\"@id\":\"https:\\\/\\\/tijuana.com.uy\\\/?product=calculadora-casio-fx-95es-plus#primaryimage\"},\"thumbnailUrl\":\"https:\\\/\\\/tijuana.com.uy\\\/wp-content\\\/uploads\\\/2023\\\/02\\\/WhatsApp-Image-2023-02-14-at-19.50.29.jpeg\",\"datePublished\":\"2023-02-14T22:44:03+00:00\",\"dateModified\":\"2023-02-24T22:06:46+00:00\",\"description\":\"Calculadora cient\u00edfica Casio de pantalla Natural (Natural-V.P.A.M.) muestra expresiones matem\u00e1ticas como las ra\u00edces y las fracciones.\",\"breadcrumb\":{\"@id\":\"https:\\\/\\\/tijuana.com.uy\\\/?product=calculadora-casio-fx-95es-plus#breadcrumb\"},\"inLanguage\":\"es\",\"potentialAction\":[{\"@type\":\"ReadAction\",\"target\":[\"https:\\\/\\\/tijuana.com.uy\\\/?product=calculadora-casio-fx-95es-plus\"]}]},{\"@type\":\"ImageObject\",\"inLanguage\":\"es\",\"@id\":\"https:\\\/\\\/tijuana.com.uy\\\/?product=calculadora-casio-fx-95es-plus#primaryimage\",\"url\":\"https:\\\/\\\/tijuana.com.uy\\\/wp-content\\\/uploads\\\/2023\\\/02\\\/WhatsApp-Image-2023-02-14-at-19.50.29.jpeg\",\"contentUrl\":\"https:\\\/\\\/tijuana.com.uy\\\/wp-content\\\/uploads\\\/2023\\\/02\\\/WhatsApp-Image-2023-02-14-at-19.50.29.jpeg\",\"width\":750,\"height\":746},{\"@type\":\"BreadcrumbList\",\"@id\":\"https:\\\/\\\/tijuana.com.uy\\\/?product=calculadora-casio-fx-95es-plus#breadcrumb\",\"itemListElement\":[{\"@type\":\"ListItem\",\"position\":1,\"name\":\"Inicio\",\"item\":\"https:\\\/\\\/tijuana.com.uy\\\/\"},{\"@type\":\"ListItem\",\"position\":2,\"name\":\"Todos nuestros productos\",\"item\":\"https:\\\/\\\/tijuana.com.uy\\\/?page_id=365\"},{\"@type\":\"ListItem\",\"position\":3,\"name\":\"CALCULADORA CASIO FX-95ES PLUS\"}]},{\"@type\":\"WebSite\",\"@id\":\"https:\\\/\\\/tijuana.com.uy\\\/#website\",\"url\":\"https:\\\/\\\/tijuana.com.uy\\\/\",\"name\":\"Tijuana\",\"description\":\"Ecommerce Tijuana\",\"potentialAction\":[{\"@type\":\"SearchAction\",\"target\":{\"@type\":\"EntryPoint\",\"urlTemplate\":\"https:\\\/\\\/tijuana.com.uy\\\/?s={search_term_string}\"},\"query-input\":{\"@type\":\"PropertyValueSpecification\",\"valueRequired\":true,\"valueName\":\"search_term_string\"}}],\"inLanguage\":\"es\"}]}<\/script>\n<!-- \/ Yoast SEO plugin. -->","yoast_head_json":{"title":"CALCULADORA CASIO FX-95ES PLUS - Tijuana","description":"Calculadora cient\u00edfica Casio de pantalla Natural (Natural-V.P.A.M.) muestra expresiones matem\u00e1ticas como las ra\u00edces y las fracciones.","robots":{"index":"index","follow":"follow","max-snippet":"max-snippet:-1","max-image-preview":"max-image-preview:large","max-video-preview":"max-video-preview:-1"},"canonical":"https:\/\/tijuana.com.uy\/?product=calculadora-casio-fx-95es-plus","og_locale":"es_ES","og_type":"article","og_title":"CALCULADORA CASIO FX-95ES PLUS - Tijuana","og_description":"Calculadora cient\u00edfica Casio de pantalla Natural (Natural-V.P.A.M.) muestra expresiones matem\u00e1ticas como las ra\u00edces y las fracciones.","og_url":"https:\/\/tijuana.com.uy\/?product=calculadora-casio-fx-95es-plus","og_site_name":"Tijuana","article_modified_time":"2023-02-24T22:06:46+00:00","og_image":[{"width":750,"height":746,"url":"https:\/\/tijuana.com.uy\/wp-content\/uploads\/2023\/02\/WhatsApp-Image-2023-02-14-at-19.50.29.jpeg","type":"image\/jpeg"}],"twitter_card":"summary_large_image","twitter_misc":{"Tiempo de lectura":"1 minuto"},"schema":{"@context":"https:\/\/schema.org","@graph":[{"@type":"WebPage","@id":"https:\/\/tijuana.com.uy\/?product=calculadora-casio-fx-95es-plus","url":"https:\/\/tijuana.com.uy\/?product=calculadora-casio-fx-95es-plus","name":"CALCULADORA CASIO FX-95ES PLUS - Tijuana","isPartOf":{"@id":"https:\/\/tijuana.com.uy\/#website"},"primaryImageOfPage":{"@id":"https:\/\/tijuana.com.uy\/?product=calculadora-casio-fx-95es-plus#primaryimage"},"image":{"@id":"https:\/\/tijuana.com.uy\/?product=calculadora-casio-fx-95es-plus#primaryimage"},"thumbnailUrl":"https:\/\/tijuana.com.uy\/wp-content\/uploads\/2023\/02\/WhatsApp-Image-2023-02-14-at-19.50.29.jpeg","datePublished":"2023-02-14T22:44:03+00:00","dateModified":"2023-02-24T22:06:46+00:00","description":"Calculadora cient\u00edfica Casio de pantalla Natural (Natural-V.P.A.M.) muestra expresiones matem\u00e1ticas como las ra\u00edces y las fracciones.","breadcrumb":{"@id":"https:\/\/tijuana.com.uy\/?product=calculadora-casio-fx-95es-plus#breadcrumb"},"inLanguage":"es","potentialAction":[{"@type":"ReadAction","target":["https:\/\/tijuana.com.uy\/?product=calculadora-casio-fx-95es-plus"]}]},{"@type":"ImageObject","inLanguage":"es","@id":"https:\/\/tijuana.com.uy\/?product=calculadora-casio-fx-95es-plus#primaryimage","url":"https:\/\/tijuana.com.uy\/wp-content\/uploads\/2023\/02\/WhatsApp-Image-2023-02-14-at-19.50.29.jpeg","contentUrl":"https:\/\/tijuana.com.uy\/wp-content\/uploads\/2023\/02\/WhatsApp-Image-2023-02-14-at-19.50.29.jpeg","width":750,"height":746},{"@type":"BreadcrumbList","@id":"https:\/\/tijuana.com.uy\/?product=calculadora-casio-fx-95es-plus#breadcrumb","itemListElement":[{"@type":"ListItem","position":1,"name":"Inicio","item":"https:\/\/tijuana.com.uy\/"},{"@type":"ListItem","position":2,"name":"Todos nuestros productos","item":"https:\/\/tijuana.com.uy\/?page_id=365"},{"@type":"ListItem","position":3,"name":"CALCULADORA CASIO FX-95ES PLUS"}]},{"@type":"WebSite","@id":"https:\/\/tijuana.com.uy\/#website","url":"https:\/\/tijuana.com.uy\/","name":"Tijuana","description":"Ecommerce Tijuana","potentialAction":[{"@type":"SearchAction","target":{"@type":"EntryPoint","urlTemplate":"https:\/\/tijuana.com.uy\/?s={search_term_string}"},"query-input":{"@type":"PropertyValueSpecification","valueRequired":true,"valueName":"search_term_string"}}],"inLanguage":"es"}]}},"_links":{"self":[{"href":"https:\/\/tijuana.com.uy\/index.php?rest_route=\/wp\/v2\/product\/3375","targetHints":{"allow":["GET"]}}],"collection":[{"href":"https:\/\/tijuana.com.uy\/index.php?rest_route=\/wp\/v2\/product"}],"about":[{"href":"https:\/\/tijuana.com.uy\/index.php?rest_route=\/wp\/v2\/types\/product"}],"wp:featuredmedia":[{"embeddable":true,"href":"https:\/\/tijuana.com.uy\/index.php?rest_route=\/wp\/v2\/media\/3379"}],"wp:attachment":[{"href":"https:\/\/tijuana.com.uy\/index.php?rest_route=%2Fwp%2Fv2%2Fmedia&parent=3375"}],"wp:term":[{"taxonomy":"product_brand","embeddable":true,"href":"https:\/\/tijuana.com.uy\/index.php?rest_route=%2Fwp%2Fv2%2Fproduct_brand&post=3375"},{"taxonomy":"product_cat","embeddable":true,"href":"https:\/\/tijuana.com.uy\/index.php?rest_route=%2Fwp%2Fv2%2Fproduct_cat&post=3375"},{"taxonomy":"product_tag","embeddable":true,"href":"https:\/\/tijuana.com.uy\/index.php?rest_route=%2Fwp%2Fv2%2Fproduct_tag&post=3375"}],"curies":[{"name":"wp","href":"https:\/\/api.w.org\/{rel}","templated":true}]}}