{"id":3389,"date":"2023-02-17T16:10:03","date_gmt":"2023-02-17T16:10:03","guid":{"rendered":"https:\/\/tijuana.com.uy\/?post_type=product&#038;p=3389"},"modified":"2023-02-24T22:05:45","modified_gmt":"2023-02-24T22:05:45","slug":"calculadora-plus-bs-115","status":"publish","type":"product","link":"https:\/\/tijuana.com.uy\/?product=calculadora-plus-bs-115","title":{"rendered":"CALCULADORA PLUS BS-115"},"content":{"rendered":"","protected":false},"excerpt":{"rendered":"<p>Calculadora electr\u00f3nica con pantalla LCD de 8 d\u00edgitos. Carcasa de aluminio. 4 teclas de memoria, tecla de cambio de signo y de correcci\u00f3n. Alimentaci\u00f3n: pila bot\u00f3n. Medidas: 67 x 118 x 7 mm.<\/p>\n","protected":false},"featured_media":3390,"template":"","meta":[],"product_brand":[],"product_cat":[164,58,59,25],"product_tag":[130,131],"class_list":{"0":"post-3389","1":"product","2":"type-product","3":"status-publish","4":"has-post-thumbnail","6":"product_cat-calculadoras","7":"product_cat-escolares","8":"product_cat-oficina","9":"product_cat-papeleria","10":"product_tag-calculadora","11":"product_tag-plus","13":"first","14":"instock","15":"taxable","16":"shipping-taxable","17":"purchasable","18":"product-type-simple"},"yoast_head":"<!-- This site is optimized with the Yoast SEO plugin v27.5 - https:\/\/yoast.com\/product\/yoast-seo-wordpress\/ -->\n<title>CALCULADORA PLUS BS-115 - Tijuana<\/title>\n<meta name=\"description\" content=\"Calculadora electr\u00f3nica con pantalla LCD de 8 d\u00edgitos. Carcasa de aluminio. 4 teclas de memoria, tecla de cambio de signo y de correcci\u00f3n.\" \/>\n<meta name=\"robots\" content=\"index, follow, max-snippet:-1, max-image-preview:large, max-video-preview:-1\" \/>\n<link rel=\"canonical\" href=\"https:\/\/tijuana.com.uy\/?product=calculadora-plus-bs-115\" \/>\n<meta property=\"og:locale\" content=\"es_ES\" \/>\n<meta property=\"og:type\" content=\"article\" \/>\n<meta property=\"og:title\" content=\"CALCULADORA PLUS BS-115 - Tijuana\" \/>\n<meta property=\"og:description\" content=\"Calculadora electr\u00f3nica con pantalla LCD de 8 d\u00edgitos. Carcasa de aluminio. 4 teclas de memoria, tecla de cambio de signo y de correcci\u00f3n.\" \/>\n<meta property=\"og:url\" content=\"https:\/\/tijuana.com.uy\/?product=calculadora-plus-bs-115\" \/>\n<meta property=\"og:site_name\" content=\"Tijuana\" \/>\n<meta property=\"article:modified_time\" content=\"2023-02-24T22:05:45+00:00\" \/>\n<meta property=\"og:image\" content=\"https:\/\/tijuana.com.uy\/wp-content\/uploads\/2023\/02\/image-2.png\" \/>\n\t<meta property=\"og:image:width\" content=\"378\" \/>\n\t<meta property=\"og:image:height\" content=\"378\" \/>\n\t<meta property=\"og:image:type\" content=\"image\/png\" \/>\n<meta name=\"twitter:card\" content=\"summary_large_image\" \/>\n<script type=\"application\/ld+json\" class=\"yoast-schema-graph\">{\"@context\":\"https:\\\/\\\/schema.org\",\"@graph\":[{\"@type\":\"WebPage\",\"@id\":\"https:\\\/\\\/tijuana.com.uy\\\/?product=calculadora-plus-bs-115\",\"url\":\"https:\\\/\\\/tijuana.com.uy\\\/?product=calculadora-plus-bs-115\",\"name\":\"CALCULADORA PLUS BS-115 - Tijuana\",\"isPartOf\":{\"@id\":\"https:\\\/\\\/tijuana.com.uy\\\/#website\"},\"primaryImageOfPage\":{\"@id\":\"https:\\\/\\\/tijuana.com.uy\\\/?product=calculadora-plus-bs-115#primaryimage\"},\"image\":{\"@id\":\"https:\\\/\\\/tijuana.com.uy\\\/?product=calculadora-plus-bs-115#primaryimage\"},\"thumbnailUrl\":\"https:\\\/\\\/tijuana.com.uy\\\/wp-content\\\/uploads\\\/2023\\\/02\\\/image-2.png\",\"datePublished\":\"2023-02-17T16:10:03+00:00\",\"dateModified\":\"2023-02-24T22:05:45+00:00\",\"description\":\"Calculadora electr\u00f3nica con pantalla LCD de 8 d\u00edgitos. Carcasa de aluminio. 4 teclas de memoria, tecla de cambio de signo y de correcci\u00f3n.\",\"breadcrumb\":{\"@id\":\"https:\\\/\\\/tijuana.com.uy\\\/?product=calculadora-plus-bs-115#breadcrumb\"},\"inLanguage\":\"es\",\"potentialAction\":[{\"@type\":\"ReadAction\",\"target\":[\"https:\\\/\\\/tijuana.com.uy\\\/?product=calculadora-plus-bs-115\"]}]},{\"@type\":\"ImageObject\",\"inLanguage\":\"es\",\"@id\":\"https:\\\/\\\/tijuana.com.uy\\\/?product=calculadora-plus-bs-115#primaryimage\",\"url\":\"https:\\\/\\\/tijuana.com.uy\\\/wp-content\\\/uploads\\\/2023\\\/02\\\/image-2.png\",\"contentUrl\":\"https:\\\/\\\/tijuana.com.uy\\\/wp-content\\\/uploads\\\/2023\\\/02\\\/image-2.png\",\"width\":378,\"height\":378,\"caption\":\"calculadora plus bs 115\"},{\"@type\":\"BreadcrumbList\",\"@id\":\"https:\\\/\\\/tijuana.com.uy\\\/?product=calculadora-plus-bs-115#breadcrumb\",\"itemListElement\":[{\"@type\":\"ListItem\",\"position\":1,\"name\":\"Inicio\",\"item\":\"https:\\\/\\\/tijuana.com.uy\\\/\"},{\"@type\":\"ListItem\",\"position\":2,\"name\":\"Todos nuestros productos\",\"item\":\"https:\\\/\\\/tijuana.com.uy\\\/?page_id=365\"},{\"@type\":\"ListItem\",\"position\":3,\"name\":\"CALCULADORA PLUS BS-115\"}]},{\"@type\":\"WebSite\",\"@id\":\"https:\\\/\\\/tijuana.com.uy\\\/#website\",\"url\":\"https:\\\/\\\/tijuana.com.uy\\\/\",\"name\":\"Tijuana\",\"description\":\"Ecommerce Tijuana\",\"potentialAction\":[{\"@type\":\"SearchAction\",\"target\":{\"@type\":\"EntryPoint\",\"urlTemplate\":\"https:\\\/\\\/tijuana.com.uy\\\/?s={search_term_string}\"},\"query-input\":{\"@type\":\"PropertyValueSpecification\",\"valueRequired\":true,\"valueName\":\"search_term_string\"}}],\"inLanguage\":\"es\"}]}<\/script>\n<!-- \/ Yoast SEO plugin. -->","yoast_head_json":{"title":"CALCULADORA PLUS BS-115 - Tijuana","description":"Calculadora electr\u00f3nica con pantalla LCD de 8 d\u00edgitos. Carcasa de aluminio. 4 teclas de memoria, tecla de cambio de signo y de correcci\u00f3n.","robots":{"index":"index","follow":"follow","max-snippet":"max-snippet:-1","max-image-preview":"max-image-preview:large","max-video-preview":"max-video-preview:-1"},"canonical":"https:\/\/tijuana.com.uy\/?product=calculadora-plus-bs-115","og_locale":"es_ES","og_type":"article","og_title":"CALCULADORA PLUS BS-115 - Tijuana","og_description":"Calculadora electr\u00f3nica con pantalla LCD de 8 d\u00edgitos. Carcasa de aluminio. 4 teclas de memoria, tecla de cambio de signo y de correcci\u00f3n.","og_url":"https:\/\/tijuana.com.uy\/?product=calculadora-plus-bs-115","og_site_name":"Tijuana","article_modified_time":"2023-02-24T22:05:45+00:00","og_image":[{"width":378,"height":378,"url":"https:\/\/tijuana.com.uy\/wp-content\/uploads\/2023\/02\/image-2.png","type":"image\/png"}],"twitter_card":"summary_large_image","schema":{"@context":"https:\/\/schema.org","@graph":[{"@type":"WebPage","@id":"https:\/\/tijuana.com.uy\/?product=calculadora-plus-bs-115","url":"https:\/\/tijuana.com.uy\/?product=calculadora-plus-bs-115","name":"CALCULADORA PLUS BS-115 - Tijuana","isPartOf":{"@id":"https:\/\/tijuana.com.uy\/#website"},"primaryImageOfPage":{"@id":"https:\/\/tijuana.com.uy\/?product=calculadora-plus-bs-115#primaryimage"},"image":{"@id":"https:\/\/tijuana.com.uy\/?product=calculadora-plus-bs-115#primaryimage"},"thumbnailUrl":"https:\/\/tijuana.com.uy\/wp-content\/uploads\/2023\/02\/image-2.png","datePublished":"2023-02-17T16:10:03+00:00","dateModified":"2023-02-24T22:05:45+00:00","description":"Calculadora electr\u00f3nica con pantalla LCD de 8 d\u00edgitos. Carcasa de aluminio. 4 teclas de memoria, tecla de cambio de signo y de correcci\u00f3n.","breadcrumb":{"@id":"https:\/\/tijuana.com.uy\/?product=calculadora-plus-bs-115#breadcrumb"},"inLanguage":"es","potentialAction":[{"@type":"ReadAction","target":["https:\/\/tijuana.com.uy\/?product=calculadora-plus-bs-115"]}]},{"@type":"ImageObject","inLanguage":"es","@id":"https:\/\/tijuana.com.uy\/?product=calculadora-plus-bs-115#primaryimage","url":"https:\/\/tijuana.com.uy\/wp-content\/uploads\/2023\/02\/image-2.png","contentUrl":"https:\/\/tijuana.com.uy\/wp-content\/uploads\/2023\/02\/image-2.png","width":378,"height":378,"caption":"calculadora plus bs 115"},{"@type":"BreadcrumbList","@id":"https:\/\/tijuana.com.uy\/?product=calculadora-plus-bs-115#breadcrumb","itemListElement":[{"@type":"ListItem","position":1,"name":"Inicio","item":"https:\/\/tijuana.com.uy\/"},{"@type":"ListItem","position":2,"name":"Todos nuestros productos","item":"https:\/\/tijuana.com.uy\/?page_id=365"},{"@type":"ListItem","position":3,"name":"CALCULADORA PLUS BS-115"}]},{"@type":"WebSite","@id":"https:\/\/tijuana.com.uy\/#website","url":"https:\/\/tijuana.com.uy\/","name":"Tijuana","description":"Ecommerce Tijuana","potentialAction":[{"@type":"SearchAction","target":{"@type":"EntryPoint","urlTemplate":"https:\/\/tijuana.com.uy\/?s={search_term_string}"},"query-input":{"@type":"PropertyValueSpecification","valueRequired":true,"valueName":"search_term_string"}}],"inLanguage":"es"}]}},"_links":{"self":[{"href":"https:\/\/tijuana.com.uy\/index.php?rest_route=\/wp\/v2\/product\/3389","targetHints":{"allow":["GET"]}}],"collection":[{"href":"https:\/\/tijuana.com.uy\/index.php?rest_route=\/wp\/v2\/product"}],"about":[{"href":"https:\/\/tijuana.com.uy\/index.php?rest_route=\/wp\/v2\/types\/product"}],"wp:featuredmedia":[{"embeddable":true,"href":"https:\/\/tijuana.com.uy\/index.php?rest_route=\/wp\/v2\/media\/3390"}],"wp:attachment":[{"href":"https:\/\/tijuana.com.uy\/index.php?rest_route=%2Fwp%2Fv2%2Fmedia&parent=3389"}],"wp:term":[{"taxonomy":"product_brand","embeddable":true,"href":"https:\/\/tijuana.com.uy\/index.php?rest_route=%2Fwp%2Fv2%2Fproduct_brand&post=3389"},{"taxonomy":"product_cat","embeddable":true,"href":"https:\/\/tijuana.com.uy\/index.php?rest_route=%2Fwp%2Fv2%2Fproduct_cat&post=3389"},{"taxonomy":"product_tag","embeddable":true,"href":"https:\/\/tijuana.com.uy\/index.php?rest_route=%2Fwp%2Fv2%2Fproduct_tag&post=3389"}],"curies":[{"name":"wp","href":"https:\/\/api.w.org\/{rel}","templated":true}]}}