{"id":3393,"date":"2023-02-17T17:35:56","date_gmt":"2023-02-17T17:35:56","guid":{"rendered":"https:\/\/tijuana.com.uy\/?post_type=product&#038;p=3393"},"modified":"2023-02-24T22:04:59","modified_gmt":"2023-02-24T22:04:59","slug":"calculadora-portatil-casio-hl-820lv","status":"publish","type":"product","link":"https:\/\/tijuana.com.uy\/?product=calculadora-portatil-casio-hl-820lv","title":{"rendered":"CALCULADORA PORTATIL CASIO HL-820LV"},"content":{"rendered":"<p>Las cifras se separan con comas cada 3 d\u00edgitos para una mejor lectura, cuenta con cuerpo de resina de alta resistencia, incluye tapa del mismo material para protecci\u00f3n del teclado y pantalla.<\/p>\n<p>La HL-820LV utiliza 1 bater\u00eda tipo bot\u00f3n LR54 que le dar\u00e1 6,500 horas de uso aproximado.<\/p>\n<p>ESPECIFICACIONES T\u00c9CNICAS:<\/p>\n<p>&#8211; Operaciones b\u00e1sicas<br \/>\n&#8211; Pantalla grande de 8 d\u00edgitos<br \/>\n&#8211; Porcentaje Regular<br \/>\n&#8211; Ra\u00edz cuadrada<br \/>\n&#8211; Memoria independiente<br \/>\n&#8211; Marcador de coma cada 3 d\u00edgitos<br \/>\n&#8211; Alimentaci\u00f3n Pila LR54x1<br \/>\n&#8211; Dimensiones (mm) 7.5x137x104 cerrada<br \/>\n&#8211; Cuerpo y tapa de resina de alta resistencia<\/p>\n","protected":false},"excerpt":{"rendered":"<p>Calculadora Casio port\u00e1til b\u00e1sica para todo uso: hogar, oficina, escolar, casual etc. Cuenta con una pantalla de 8 d\u00edgitos de gran tama\u00f1o que permite una f\u00e1cil visualizaci\u00f3n.<\/p>\n","protected":false},"featured_media":3394,"template":"","meta":[],"product_brand":[],"product_cat":[164,58,59,25],"product_tag":[130,129],"class_list":{"0":"post-3393","1":"product","2":"type-product","3":"status-publish","4":"has-post-thumbnail","6":"product_cat-calculadoras","7":"product_cat-escolares","8":"product_cat-oficina","9":"product_cat-papeleria","10":"product_tag-calculadora","11":"product_tag-casio","13":"first","14":"instock","15":"taxable","16":"shipping-taxable","17":"purchasable","18":"product-type-simple"},"yoast_head":"<!-- This site is optimized with the Yoast SEO plugin v27.5 - https:\/\/yoast.com\/product\/yoast-seo-wordpress\/ -->\n<title>CALCULADORA PORTATIL CASIO HL-820LV - Tijuana<\/title>\n<meta name=\"description\" content=\"Calculadora Casio port\u00e1til b\u00e1sica para todo uso. Cuenta con una pantalla de 8 d\u00edgitos de gran tama\u00f1o que permite una f\u00e1cil visualizaci\u00f3n.\" \/>\n<meta name=\"robots\" content=\"index, follow, max-snippet:-1, max-image-preview:large, max-video-preview:-1\" \/>\n<link rel=\"canonical\" href=\"https:\/\/tijuana.com.uy\/?product=calculadora-portatil-casio-hl-820lv\" \/>\n<meta property=\"og:locale\" content=\"es_ES\" \/>\n<meta property=\"og:type\" content=\"article\" \/>\n<meta property=\"og:title\" content=\"CALCULADORA PORTATIL CASIO HL-820LV - Tijuana\" \/>\n<meta property=\"og:description\" content=\"Calculadora Casio port\u00e1til b\u00e1sica para todo uso. Cuenta con una pantalla de 8 d\u00edgitos de gran tama\u00f1o que permite una f\u00e1cil visualizaci\u00f3n.\" \/>\n<meta property=\"og:url\" content=\"https:\/\/tijuana.com.uy\/?product=calculadora-portatil-casio-hl-820lv\" \/>\n<meta property=\"og:site_name\" content=\"Tijuana\" \/>\n<meta property=\"article:modified_time\" content=\"2023-02-24T22:04:59+00:00\" \/>\n<meta property=\"og:image\" content=\"https:\/\/tijuana.com.uy\/wp-content\/uploads\/2023\/02\/hl-820-lv.png\" \/>\n\t<meta property=\"og:image:width\" content=\"800\" \/>\n\t<meta property=\"og:image:height\" content=\"800\" \/>\n\t<meta property=\"og:image:type\" content=\"image\/png\" \/>\n<meta name=\"twitter:card\" content=\"summary_large_image\" \/>\n<meta name=\"twitter:label1\" content=\"Tiempo de lectura\" \/>\n\t<meta name=\"twitter:data1\" content=\"1 minuto\" \/>\n<script type=\"application\/ld+json\" class=\"yoast-schema-graph\">{\"@context\":\"https:\\\/\\\/schema.org\",\"@graph\":[{\"@type\":\"WebPage\",\"@id\":\"https:\\\/\\\/tijuana.com.uy\\\/?product=calculadora-portatil-casio-hl-820lv\",\"url\":\"https:\\\/\\\/tijuana.com.uy\\\/?product=calculadora-portatil-casio-hl-820lv\",\"name\":\"CALCULADORA PORTATIL CASIO HL-820LV - Tijuana\",\"isPartOf\":{\"@id\":\"https:\\\/\\\/tijuana.com.uy\\\/#website\"},\"primaryImageOfPage\":{\"@id\":\"https:\\\/\\\/tijuana.com.uy\\\/?product=calculadora-portatil-casio-hl-820lv#primaryimage\"},\"image\":{\"@id\":\"https:\\\/\\\/tijuana.com.uy\\\/?product=calculadora-portatil-casio-hl-820lv#primaryimage\"},\"thumbnailUrl\":\"https:\\\/\\\/tijuana.com.uy\\\/wp-content\\\/uploads\\\/2023\\\/02\\\/hl-820-lv.png\",\"datePublished\":\"2023-02-17T17:35:56+00:00\",\"dateModified\":\"2023-02-24T22:04:59+00:00\",\"description\":\"Calculadora Casio port\u00e1til b\u00e1sica para todo uso. Cuenta con una pantalla de 8 d\u00edgitos de gran tama\u00f1o que permite una f\u00e1cil visualizaci\u00f3n.\",\"breadcrumb\":{\"@id\":\"https:\\\/\\\/tijuana.com.uy\\\/?product=calculadora-portatil-casio-hl-820lv#breadcrumb\"},\"inLanguage\":\"es\",\"potentialAction\":[{\"@type\":\"ReadAction\",\"target\":[\"https:\\\/\\\/tijuana.com.uy\\\/?product=calculadora-portatil-casio-hl-820lv\"]}]},{\"@type\":\"ImageObject\",\"inLanguage\":\"es\",\"@id\":\"https:\\\/\\\/tijuana.com.uy\\\/?product=calculadora-portatil-casio-hl-820lv#primaryimage\",\"url\":\"https:\\\/\\\/tijuana.com.uy\\\/wp-content\\\/uploads\\\/2023\\\/02\\\/hl-820-lv.png\",\"contentUrl\":\"https:\\\/\\\/tijuana.com.uy\\\/wp-content\\\/uploads\\\/2023\\\/02\\\/hl-820-lv.png\",\"width\":800,\"height\":800,\"caption\":\"CALCULADORA PORTATIL CASIO HL-820LV\"},{\"@type\":\"BreadcrumbList\",\"@id\":\"https:\\\/\\\/tijuana.com.uy\\\/?product=calculadora-portatil-casio-hl-820lv#breadcrumb\",\"itemListElement\":[{\"@type\":\"ListItem\",\"position\":1,\"name\":\"Inicio\",\"item\":\"https:\\\/\\\/tijuana.com.uy\\\/\"},{\"@type\":\"ListItem\",\"position\":2,\"name\":\"Todos nuestros productos\",\"item\":\"https:\\\/\\\/tijuana.com.uy\\\/?page_id=365\"},{\"@type\":\"ListItem\",\"position\":3,\"name\":\"CALCULADORA PORTATIL CASIO HL-820LV\"}]},{\"@type\":\"WebSite\",\"@id\":\"https:\\\/\\\/tijuana.com.uy\\\/#website\",\"url\":\"https:\\\/\\\/tijuana.com.uy\\\/\",\"name\":\"Tijuana\",\"description\":\"Ecommerce Tijuana\",\"potentialAction\":[{\"@type\":\"SearchAction\",\"target\":{\"@type\":\"EntryPoint\",\"urlTemplate\":\"https:\\\/\\\/tijuana.com.uy\\\/?s={search_term_string}\"},\"query-input\":{\"@type\":\"PropertyValueSpecification\",\"valueRequired\":true,\"valueName\":\"search_term_string\"}}],\"inLanguage\":\"es\"}]}<\/script>\n<!-- \/ Yoast SEO plugin. -->","yoast_head_json":{"title":"CALCULADORA PORTATIL CASIO HL-820LV - Tijuana","description":"Calculadora Casio port\u00e1til b\u00e1sica para todo uso. Cuenta con una pantalla de 8 d\u00edgitos de gran tama\u00f1o que permite una f\u00e1cil visualizaci\u00f3n.","robots":{"index":"index","follow":"follow","max-snippet":"max-snippet:-1","max-image-preview":"max-image-preview:large","max-video-preview":"max-video-preview:-1"},"canonical":"https:\/\/tijuana.com.uy\/?product=calculadora-portatil-casio-hl-820lv","og_locale":"es_ES","og_type":"article","og_title":"CALCULADORA PORTATIL CASIO HL-820LV - Tijuana","og_description":"Calculadora Casio port\u00e1til b\u00e1sica para todo uso. Cuenta con una pantalla de 8 d\u00edgitos de gran tama\u00f1o que permite una f\u00e1cil visualizaci\u00f3n.","og_url":"https:\/\/tijuana.com.uy\/?product=calculadora-portatil-casio-hl-820lv","og_site_name":"Tijuana","article_modified_time":"2023-02-24T22:04:59+00:00","og_image":[{"width":800,"height":800,"url":"https:\/\/tijuana.com.uy\/wp-content\/uploads\/2023\/02\/hl-820-lv.png","type":"image\/png"}],"twitter_card":"summary_large_image","twitter_misc":{"Tiempo de lectura":"1 minuto"},"schema":{"@context":"https:\/\/schema.org","@graph":[{"@type":"WebPage","@id":"https:\/\/tijuana.com.uy\/?product=calculadora-portatil-casio-hl-820lv","url":"https:\/\/tijuana.com.uy\/?product=calculadora-portatil-casio-hl-820lv","name":"CALCULADORA PORTATIL CASIO HL-820LV - Tijuana","isPartOf":{"@id":"https:\/\/tijuana.com.uy\/#website"},"primaryImageOfPage":{"@id":"https:\/\/tijuana.com.uy\/?product=calculadora-portatil-casio-hl-820lv#primaryimage"},"image":{"@id":"https:\/\/tijuana.com.uy\/?product=calculadora-portatil-casio-hl-820lv#primaryimage"},"thumbnailUrl":"https:\/\/tijuana.com.uy\/wp-content\/uploads\/2023\/02\/hl-820-lv.png","datePublished":"2023-02-17T17:35:56+00:00","dateModified":"2023-02-24T22:04:59+00:00","description":"Calculadora Casio port\u00e1til b\u00e1sica para todo uso. Cuenta con una pantalla de 8 d\u00edgitos de gran tama\u00f1o que permite una f\u00e1cil visualizaci\u00f3n.","breadcrumb":{"@id":"https:\/\/tijuana.com.uy\/?product=calculadora-portatil-casio-hl-820lv#breadcrumb"},"inLanguage":"es","potentialAction":[{"@type":"ReadAction","target":["https:\/\/tijuana.com.uy\/?product=calculadora-portatil-casio-hl-820lv"]}]},{"@type":"ImageObject","inLanguage":"es","@id":"https:\/\/tijuana.com.uy\/?product=calculadora-portatil-casio-hl-820lv#primaryimage","url":"https:\/\/tijuana.com.uy\/wp-content\/uploads\/2023\/02\/hl-820-lv.png","contentUrl":"https:\/\/tijuana.com.uy\/wp-content\/uploads\/2023\/02\/hl-820-lv.png","width":800,"height":800,"caption":"CALCULADORA PORTATIL CASIO HL-820LV"},{"@type":"BreadcrumbList","@id":"https:\/\/tijuana.com.uy\/?product=calculadora-portatil-casio-hl-820lv#breadcrumb","itemListElement":[{"@type":"ListItem","position":1,"name":"Inicio","item":"https:\/\/tijuana.com.uy\/"},{"@type":"ListItem","position":2,"name":"Todos nuestros productos","item":"https:\/\/tijuana.com.uy\/?page_id=365"},{"@type":"ListItem","position":3,"name":"CALCULADORA PORTATIL CASIO HL-820LV"}]},{"@type":"WebSite","@id":"https:\/\/tijuana.com.uy\/#website","url":"https:\/\/tijuana.com.uy\/","name":"Tijuana","description":"Ecommerce Tijuana","potentialAction":[{"@type":"SearchAction","target":{"@type":"EntryPoint","urlTemplate":"https:\/\/tijuana.com.uy\/?s={search_term_string}"},"query-input":{"@type":"PropertyValueSpecification","valueRequired":true,"valueName":"search_term_string"}}],"inLanguage":"es"}]}},"_links":{"self":[{"href":"https:\/\/tijuana.com.uy\/index.php?rest_route=\/wp\/v2\/product\/3393","targetHints":{"allow":["GET"]}}],"collection":[{"href":"https:\/\/tijuana.com.uy\/index.php?rest_route=\/wp\/v2\/product"}],"about":[{"href":"https:\/\/tijuana.com.uy\/index.php?rest_route=\/wp\/v2\/types\/product"}],"wp:featuredmedia":[{"embeddable":true,"href":"https:\/\/tijuana.com.uy\/index.php?rest_route=\/wp\/v2\/media\/3394"}],"wp:attachment":[{"href":"https:\/\/tijuana.com.uy\/index.php?rest_route=%2Fwp%2Fv2%2Fmedia&parent=3393"}],"wp:term":[{"taxonomy":"product_brand","embeddable":true,"href":"https:\/\/tijuana.com.uy\/index.php?rest_route=%2Fwp%2Fv2%2Fproduct_brand&post=3393"},{"taxonomy":"product_cat","embeddable":true,"href":"https:\/\/tijuana.com.uy\/index.php?rest_route=%2Fwp%2Fv2%2Fproduct_cat&post=3393"},{"taxonomy":"product_tag","embeddable":true,"href":"https:\/\/tijuana.com.uy\/index.php?rest_route=%2Fwp%2Fv2%2Fproduct_tag&post=3393"}],"curies":[{"name":"wp","href":"https:\/\/api.w.org\/{rel}","templated":true}]}}