{"id":3398,"date":"2023-02-17T17:50:44","date_gmt":"2023-02-17T17:50:44","guid":{"rendered":"https:\/\/tijuana.com.uy\/?post_type=product&#038;p=3398"},"modified":"2023-02-24T22:04:24","modified_gmt":"2023-02-24T22:04:24","slug":"calculadora-financiera-casio-fc-100v","status":"publish","type":"product","link":"https:\/\/tijuana.com.uy\/?product=calculadora-financiera-casio-fc-100v","title":{"rendered":"CALCULADORA FINANCIERA CASIO FC-100V"},"content":{"rendered":"<p>ESPECIFICACIONES TECNICAS:<\/p>\n<p><strong>*FUNCIONES CON TECLA DIRECTA:<\/strong><br \/>\nTecla de modo directo<br \/>\n<strong>A) Inter\u00e9s simple<\/strong><br \/>\nMonto del inter\u00e9s, capital e intereses<br \/>\n<strong>B) Inter\u00e9s compuesto<\/strong><br \/>\nPer\u00edodo de pago, tasa de inter\u00e9s, monto del dep\u00f3sito, valor futuro<br \/>\n<strong>C) Evaluaci\u00f3n de inversi\u00f3n (flujo de efectivo)<\/strong><br \/>\nM\u00e9todo del valor actual neto, m\u00e9todo de la tasa interna de retorno, m\u00e9todo del per\u00edodo de recuperaci\u00f3n de la inversi\u00f3n, etc.<br \/>\n<strong>D) Amortizaci\u00f3n<\/strong><br \/>\nPago mensual, capital e intereses a la fecha<br \/>\n<strong>E) Caracter\u00edsticas generales y funciones<\/strong><br \/>\nPr\u00e1cticamente las mismas funciones que las de una calculadora est\u00e1ndar.<br \/>\n<strong>F) C\u00e1lculo estad\u00edstico y de regresi\u00f3n<\/strong><br \/>\nC\u00e1lculos estad\u00edsticos usando datos de entrada de muestra.<br \/>\n<strong>G) Conversi\u00f3n de tasas de inter\u00e9s<\/strong><br \/>\nConversi\u00f3n entre tasa de inter\u00e9s nominal y tasa de inter\u00e9s efectiva<br \/>\n<strong>H) C\u00e1lculo de costo, precio de venta y margen de ganancia<\/strong><br \/>\nC\u00e1lculo de cualquiera de estos valores despu\u00e9s de ingresar los otros dos<br \/>\n<strong>I) C\u00e1lculo de d\u00eda\/fecha<\/strong><br \/>\nPr\u00e1cticamente igual que una calculadora est\u00e1ndar con una peque\u00f1a variaci\u00f3n en el m\u00e9todo de entrada de datos<br \/>\n<strong>J) Depreciaci\u00f3n<\/strong><br \/>\nM\u00e9todo lineal, m\u00e9todo del saldo decreciente<br \/>\n<strong>K) C\u00e1lculo de bono<\/strong><br \/>\nPrecio de compra, rendimiento anual<br \/>\n<strong>L) Punto de balance<\/strong><br \/>\nSeis modos para realizar el c\u00e1lculo del punto de balance, etc.<\/p>\n<p><strong>*FUNCIONAMIENTO SENCILLO CON PAR\u00c1METROS:<\/strong><br \/>\nLa presentaci\u00f3n de 4 l\u00edneas de punto completo incorporada facilita el ingreso, la confirmaci\u00f3n, el cambio y la correcci\u00f3n de cada uno de los par\u00e1metros.<\/p>\n<p><strong>*CALCULE EL RESULTADO:<\/strong><br \/>\nEl resultado se muestra inmediatamente despu\u00e9s de que presiona la tecla SOLVE (Resolver).<\/p>\n<p><strong>*CREE ACCESOS DIRECTOS:<\/strong><br \/>\nUna vez que usa un valor o ajuste de par\u00e1metro en un c\u00e1lculo, puede asignarlo a una tecla de acceso directo para volver a utilizarlo de forma instant\u00e1nea cuando lo necesite. Esta funci\u00f3n es ideal para los c\u00e1lculos de repetici\u00f3n m\u00faltiple.<\/p>\n","protected":false},"excerpt":{"rendered":"<p>Calculadora financiera Casio con 417 funciones. C\u00e1lculo de integrales, diferenciales, c\u00e1lculo de ecuaciones, c\u00e1lculos matriciales, vectoriales, c\u00e1lculos con n\u00fameros complejos, funci\u00f3n calc\/ funci\u00f3n solve, c\u00e1lculos sobre base-n, enteros aleatorios, c\u00e1lculos fraccionarios, etc.<\/p>\n<ul class=\"detalleE\">\n<li><span class=\"detalleETitulo\">Medidas<\/span>: 13,8 x 80 x 162<\/li>\n<li><span class=\"detalleETitulo\">Display<\/span>: 10+2<\/li>\n<li><span class=\"detalleETitulo\">Alimentaci\u00f3n<\/span>: 1 pila AAA<\/li>\n<\/ul>\n","protected":false},"featured_media":3399,"template":"","meta":[],"product_brand":[],"product_cat":[164,58,59,25],"product_tag":[129],"class_list":{"0":"post-3398","1":"product","2":"type-product","3":"status-publish","4":"has-post-thumbnail","6":"product_cat-calculadoras","7":"product_cat-escolares","8":"product_cat-oficina","9":"product_cat-papeleria","10":"product_tag-casio","12":"first","13":"instock","14":"taxable","15":"shipping-taxable","16":"purchasable","17":"product-type-simple"},"yoast_head":"<!-- This site is optimized with the Yoast SEO plugin v27.6 - https:\/\/yoast.com\/product\/yoast-seo-wordpress\/ -->\n<title>CALCULADORA FINANCIERA CASIO FC-100V - Tijuana<\/title>\n<meta name=\"robots\" content=\"index, follow, max-snippet:-1, max-image-preview:large, max-video-preview:-1\" \/>\n<link rel=\"canonical\" href=\"https:\/\/tijuana.com.uy\/?product=calculadora-financiera-casio-fc-100v\" \/>\n<meta property=\"og:locale\" content=\"es_ES\" \/>\n<meta property=\"og:type\" content=\"article\" \/>\n<meta property=\"og:title\" content=\"CALCULADORA FINANCIERA CASIO FC-100V - Tijuana\" \/>\n<meta property=\"og:description\" content=\"Calculadora financiera Casio con 417 funciones. C\u00e1lculo de integrales, diferenciales, c\u00e1lculo de ecuaciones, c\u00e1lculos matriciales, vectoriales, c\u00e1lculos con n\u00fameros complejos, funci\u00f3n calc\/ funci\u00f3n solve, c\u00e1lculos sobre base-n, enteros aleatorios, c\u00e1lculos fraccionarios, etc.   Medidas: 13,8 x 80 x 162  Display: 10+2  Alimentaci\u00f3n: 1 pila AAA\" \/>\n<meta property=\"og:url\" content=\"https:\/\/tijuana.com.uy\/?product=calculadora-financiera-casio-fc-100v\" \/>\n<meta property=\"og:site_name\" content=\"Tijuana\" \/>\n<meta property=\"article:modified_time\" content=\"2023-02-24T22:04:24+00:00\" \/>\n<meta property=\"og:image\" content=\"https:\/\/tijuana.com.uy\/wp-content\/uploads\/2023\/02\/image_1.webp\" \/>\n\t<meta property=\"og:image:width\" content=\"1200\" \/>\n\t<meta property=\"og:image:height\" content=\"1000\" \/>\n\t<meta property=\"og:image:type\" content=\"image\/webp\" \/>\n<meta name=\"twitter:card\" content=\"summary_large_image\" \/>\n<meta name=\"twitter:label1\" content=\"Tiempo de lectura\" \/>\n\t<meta name=\"twitter:data1\" content=\"2 minutos\" \/>\n<script type=\"application\/ld+json\" class=\"yoast-schema-graph\">{\"@context\":\"https:\\\/\\\/schema.org\",\"@graph\":[{\"@type\":\"WebPage\",\"@id\":\"https:\\\/\\\/tijuana.com.uy\\\/?product=calculadora-financiera-casio-fc-100v\",\"url\":\"https:\\\/\\\/tijuana.com.uy\\\/?product=calculadora-financiera-casio-fc-100v\",\"name\":\"CALCULADORA FINANCIERA CASIO FC-100V - Tijuana\",\"isPartOf\":{\"@id\":\"https:\\\/\\\/tijuana.com.uy\\\/#website\"},\"primaryImageOfPage\":{\"@id\":\"https:\\\/\\\/tijuana.com.uy\\\/?product=calculadora-financiera-casio-fc-100v#primaryimage\"},\"image\":{\"@id\":\"https:\\\/\\\/tijuana.com.uy\\\/?product=calculadora-financiera-casio-fc-100v#primaryimage\"},\"thumbnailUrl\":\"https:\\\/\\\/tijuana.com.uy\\\/wp-content\\\/uploads\\\/2023\\\/02\\\/image_1.webp\",\"datePublished\":\"2023-02-17T17:50:44+00:00\",\"dateModified\":\"2023-02-24T22:04:24+00:00\",\"breadcrumb\":{\"@id\":\"https:\\\/\\\/tijuana.com.uy\\\/?product=calculadora-financiera-casio-fc-100v#breadcrumb\"},\"inLanguage\":\"es\",\"potentialAction\":[{\"@type\":\"ReadAction\",\"target\":[\"https:\\\/\\\/tijuana.com.uy\\\/?product=calculadora-financiera-casio-fc-100v\"]}]},{\"@type\":\"ImageObject\",\"inLanguage\":\"es\",\"@id\":\"https:\\\/\\\/tijuana.com.uy\\\/?product=calculadora-financiera-casio-fc-100v#primaryimage\",\"url\":\"https:\\\/\\\/tijuana.com.uy\\\/wp-content\\\/uploads\\\/2023\\\/02\\\/image_1.webp\",\"contentUrl\":\"https:\\\/\\\/tijuana.com.uy\\\/wp-content\\\/uploads\\\/2023\\\/02\\\/image_1.webp\",\"width\":1200,\"height\":1000,\"caption\":\"CALCULADORA FINANCIERA CASIO FC-100V\"},{\"@type\":\"BreadcrumbList\",\"@id\":\"https:\\\/\\\/tijuana.com.uy\\\/?product=calculadora-financiera-casio-fc-100v#breadcrumb\",\"itemListElement\":[{\"@type\":\"ListItem\",\"position\":1,\"name\":\"Inicio\",\"item\":\"https:\\\/\\\/tijuana.com.uy\\\/\"},{\"@type\":\"ListItem\",\"position\":2,\"name\":\"Todos nuestros productos\",\"item\":\"https:\\\/\\\/tijuana.com.uy\\\/?page_id=365\"},{\"@type\":\"ListItem\",\"position\":3,\"name\":\"CALCULADORA FINANCIERA CASIO FC-100V\"}]},{\"@type\":\"WebSite\",\"@id\":\"https:\\\/\\\/tijuana.com.uy\\\/#website\",\"url\":\"https:\\\/\\\/tijuana.com.uy\\\/\",\"name\":\"Tijuana\",\"description\":\"Ecommerce Tijuana\",\"potentialAction\":[{\"@type\":\"SearchAction\",\"target\":{\"@type\":\"EntryPoint\",\"urlTemplate\":\"https:\\\/\\\/tijuana.com.uy\\\/?s={search_term_string}\"},\"query-input\":{\"@type\":\"PropertyValueSpecification\",\"valueRequired\":true,\"valueName\":\"search_term_string\"}}],\"inLanguage\":\"es\"}]}<\/script>\n<!-- \/ Yoast SEO plugin. -->","yoast_head_json":{"title":"CALCULADORA FINANCIERA CASIO FC-100V - Tijuana","robots":{"index":"index","follow":"follow","max-snippet":"max-snippet:-1","max-image-preview":"max-image-preview:large","max-video-preview":"max-video-preview:-1"},"canonical":"https:\/\/tijuana.com.uy\/?product=calculadora-financiera-casio-fc-100v","og_locale":"es_ES","og_type":"article","og_title":"CALCULADORA FINANCIERA CASIO FC-100V - Tijuana","og_description":"Calculadora financiera Casio con 417 funciones. C\u00e1lculo de integrales, diferenciales, c\u00e1lculo de ecuaciones, c\u00e1lculos matriciales, vectoriales, c\u00e1lculos con n\u00fameros complejos, funci\u00f3n calc\/ funci\u00f3n solve, c\u00e1lculos sobre base-n, enteros aleatorios, c\u00e1lculos fraccionarios, etc.   Medidas: 13,8 x 80 x 162  Display: 10+2  Alimentaci\u00f3n: 1 pila AAA","og_url":"https:\/\/tijuana.com.uy\/?product=calculadora-financiera-casio-fc-100v","og_site_name":"Tijuana","article_modified_time":"2023-02-24T22:04:24+00:00","og_image":[{"width":1200,"height":1000,"url":"https:\/\/tijuana.com.uy\/wp-content\/uploads\/2023\/02\/image_1.webp","type":"image\/webp"}],"twitter_card":"summary_large_image","twitter_misc":{"Tiempo de lectura":"2 minutos"},"schema":{"@context":"https:\/\/schema.org","@graph":[{"@type":"WebPage","@id":"https:\/\/tijuana.com.uy\/?product=calculadora-financiera-casio-fc-100v","url":"https:\/\/tijuana.com.uy\/?product=calculadora-financiera-casio-fc-100v","name":"CALCULADORA FINANCIERA CASIO FC-100V - Tijuana","isPartOf":{"@id":"https:\/\/tijuana.com.uy\/#website"},"primaryImageOfPage":{"@id":"https:\/\/tijuana.com.uy\/?product=calculadora-financiera-casio-fc-100v#primaryimage"},"image":{"@id":"https:\/\/tijuana.com.uy\/?product=calculadora-financiera-casio-fc-100v#primaryimage"},"thumbnailUrl":"https:\/\/tijuana.com.uy\/wp-content\/uploads\/2023\/02\/image_1.webp","datePublished":"2023-02-17T17:50:44+00:00","dateModified":"2023-02-24T22:04:24+00:00","breadcrumb":{"@id":"https:\/\/tijuana.com.uy\/?product=calculadora-financiera-casio-fc-100v#breadcrumb"},"inLanguage":"es","potentialAction":[{"@type":"ReadAction","target":["https:\/\/tijuana.com.uy\/?product=calculadora-financiera-casio-fc-100v"]}]},{"@type":"ImageObject","inLanguage":"es","@id":"https:\/\/tijuana.com.uy\/?product=calculadora-financiera-casio-fc-100v#primaryimage","url":"https:\/\/tijuana.com.uy\/wp-content\/uploads\/2023\/02\/image_1.webp","contentUrl":"https:\/\/tijuana.com.uy\/wp-content\/uploads\/2023\/02\/image_1.webp","width":1200,"height":1000,"caption":"CALCULADORA FINANCIERA CASIO FC-100V"},{"@type":"BreadcrumbList","@id":"https:\/\/tijuana.com.uy\/?product=calculadora-financiera-casio-fc-100v#breadcrumb","itemListElement":[{"@type":"ListItem","position":1,"name":"Inicio","item":"https:\/\/tijuana.com.uy\/"},{"@type":"ListItem","position":2,"name":"Todos nuestros productos","item":"https:\/\/tijuana.com.uy\/?page_id=365"},{"@type":"ListItem","position":3,"name":"CALCULADORA FINANCIERA CASIO FC-100V"}]},{"@type":"WebSite","@id":"https:\/\/tijuana.com.uy\/#website","url":"https:\/\/tijuana.com.uy\/","name":"Tijuana","description":"Ecommerce Tijuana","potentialAction":[{"@type":"SearchAction","target":{"@type":"EntryPoint","urlTemplate":"https:\/\/tijuana.com.uy\/?s={search_term_string}"},"query-input":{"@type":"PropertyValueSpecification","valueRequired":true,"valueName":"search_term_string"}}],"inLanguage":"es"}]}},"_links":{"self":[{"href":"https:\/\/tijuana.com.uy\/index.php?rest_route=\/wp\/v2\/product\/3398","targetHints":{"allow":["GET"]}}],"collection":[{"href":"https:\/\/tijuana.com.uy\/index.php?rest_route=\/wp\/v2\/product"}],"about":[{"href":"https:\/\/tijuana.com.uy\/index.php?rest_route=\/wp\/v2\/types\/product"}],"wp:featuredmedia":[{"embeddable":true,"href":"https:\/\/tijuana.com.uy\/index.php?rest_route=\/wp\/v2\/media\/3399"}],"wp:attachment":[{"href":"https:\/\/tijuana.com.uy\/index.php?rest_route=%2Fwp%2Fv2%2Fmedia&parent=3398"}],"wp:term":[{"taxonomy":"product_brand","embeddable":true,"href":"https:\/\/tijuana.com.uy\/index.php?rest_route=%2Fwp%2Fv2%2Fproduct_brand&post=3398"},{"taxonomy":"product_cat","embeddable":true,"href":"https:\/\/tijuana.com.uy\/index.php?rest_route=%2Fwp%2Fv2%2Fproduct_cat&post=3398"},{"taxonomy":"product_tag","embeddable":true,"href":"https:\/\/tijuana.com.uy\/index.php?rest_route=%2Fwp%2Fv2%2Fproduct_tag&post=3398"}],"curies":[{"name":"wp","href":"https:\/\/api.w.org\/{rel}","templated":true}]}}