{"id":3402,"date":"2023-02-17T18:34:11","date_gmt":"2023-02-17T18:34:11","guid":{"rendered":"https:\/\/tijuana.com.uy\/?post_type=product&#038;p=3402"},"modified":"2024-12-22T11:42:09","modified_gmt":"2024-12-22T14:42:09","slug":"calculadora-casio-hr-8rc-con-impresora","status":"publish","type":"product","link":"https:\/\/tijuana.com.uy\/?product=calculadora-casio-hr-8rc-con-impresora","title":{"rendered":"CALCULADORA CASIO HR-8RC CON IMPRESORA"},"content":{"rendered":"","protected":false},"excerpt":{"rendered":"<p>Calculadora con impresora de 12 d\u00edgitos para c\u00e1lculo de impuestos y conversi\u00f3n de divisa. Display grande. Memoria independiente, porcentaje y porcentaje de margen de ganacias. L\u00f3gica algebraica simple. Marcadores de coma cada 3 d\u00edgitos. 1,6 lineas\/segundo. Rodillo de tinta modelo IR-40. Ancho de papel 58 mm. Apagado autom\u00e1tico. REPRINT: Reimpresi\u00f3n y Post Impresi\u00f3n. CHECK: Chequeo y correcci\u00f3n de hasta 150 pasos anteriores.<\/p>\n<p>Medidas : 4,2 x 10,2 x 20,8 Cm<br \/>\nDisplay\u00a0: 12 D\u00edgitos<br \/>\nAlimentaci\u00f3n : A pila<\/p>\n","protected":false},"featured_media":3404,"template":"","meta":[],"product_brand":[],"product_cat":[164,59,25],"product_tag":[129],"class_list":{"0":"post-3402","1":"product","2":"type-product","3":"status-publish","4":"has-post-thumbnail","6":"product_cat-calculadoras","7":"product_cat-oficina","8":"product_cat-papeleria","9":"product_tag-casio","11":"first","12":"outofstock","13":"taxable","14":"shipping-taxable","15":"purchasable","16":"product-type-simple"},"yoast_head":"<!-- This site is optimized with the Yoast SEO plugin v27.5 - https:\/\/yoast.com\/product\/yoast-seo-wordpress\/ -->\n<title>CALCULADORA CASIO HR-8RC CON IMPRESORA - Tijuana<\/title>\n<meta name=\"description\" content=\"Calculadora con impresora de 12 d\u00edgitos para c\u00e1lculo de impuestos y conversi\u00f3n de divisa. Display grande, memoria independiente.\" \/>\n<meta name=\"robots\" content=\"index, follow, max-snippet:-1, max-image-preview:large, max-video-preview:-1\" \/>\n<link rel=\"canonical\" href=\"https:\/\/tijuana.com.uy\/?product=calculadora-casio-hr-8rc-con-impresora\" \/>\n<meta property=\"og:locale\" content=\"es_ES\" \/>\n<meta property=\"og:type\" content=\"article\" \/>\n<meta property=\"og:title\" content=\"CALCULADORA CASIO HR-8RC CON IMPRESORA - Tijuana\" \/>\n<meta property=\"og:description\" content=\"Calculadora con impresora de 12 d\u00edgitos para c\u00e1lculo de impuestos y conversi\u00f3n de divisa. Display grande, memoria independiente.\" \/>\n<meta property=\"og:url\" content=\"https:\/\/tijuana.com.uy\/?product=calculadora-casio-hr-8rc-con-impresora\" \/>\n<meta property=\"og:site_name\" content=\"Tijuana\" \/>\n<meta property=\"article:modified_time\" content=\"2024-12-22T14:42:09+00:00\" \/>\n<meta property=\"og:image\" content=\"https:\/\/tijuana.com.uy\/wp-content\/uploads\/2023\/02\/D_NQ_NP_865317-MLA47558259113_092021-O.webp\" \/>\n\t<meta property=\"og:image:width\" content=\"419\" \/>\n\t<meta property=\"og:image:height\" content=\"500\" \/>\n\t<meta property=\"og:image:type\" content=\"image\/webp\" \/>\n<meta name=\"twitter:card\" content=\"summary_large_image\" \/>\n<script type=\"application\/ld+json\" class=\"yoast-schema-graph\">{\"@context\":\"https:\\\/\\\/schema.org\",\"@graph\":[{\"@type\":\"WebPage\",\"@id\":\"https:\\\/\\\/tijuana.com.uy\\\/?product=calculadora-casio-hr-8rc-con-impresora\",\"url\":\"https:\\\/\\\/tijuana.com.uy\\\/?product=calculadora-casio-hr-8rc-con-impresora\",\"name\":\"CALCULADORA CASIO HR-8RC CON IMPRESORA - Tijuana\",\"isPartOf\":{\"@id\":\"https:\\\/\\\/tijuana.com.uy\\\/#website\"},\"primaryImageOfPage\":{\"@id\":\"https:\\\/\\\/tijuana.com.uy\\\/?product=calculadora-casio-hr-8rc-con-impresora#primaryimage\"},\"image\":{\"@id\":\"https:\\\/\\\/tijuana.com.uy\\\/?product=calculadora-casio-hr-8rc-con-impresora#primaryimage\"},\"thumbnailUrl\":\"https:\\\/\\\/tijuana.com.uy\\\/wp-content\\\/uploads\\\/2023\\\/02\\\/D_NQ_NP_865317-MLA47558259113_092021-O.webp\",\"datePublished\":\"2023-02-17T18:34:11+00:00\",\"dateModified\":\"2024-12-22T14:42:09+00:00\",\"description\":\"Calculadora con impresora de 12 d\u00edgitos para c\u00e1lculo de impuestos y conversi\u00f3n de divisa. Display grande, memoria independiente.\",\"breadcrumb\":{\"@id\":\"https:\\\/\\\/tijuana.com.uy\\\/?product=calculadora-casio-hr-8rc-con-impresora#breadcrumb\"},\"inLanguage\":\"es\",\"potentialAction\":[{\"@type\":\"ReadAction\",\"target\":[\"https:\\\/\\\/tijuana.com.uy\\\/?product=calculadora-casio-hr-8rc-con-impresora\"]}]},{\"@type\":\"ImageObject\",\"inLanguage\":\"es\",\"@id\":\"https:\\\/\\\/tijuana.com.uy\\\/?product=calculadora-casio-hr-8rc-con-impresora#primaryimage\",\"url\":\"https:\\\/\\\/tijuana.com.uy\\\/wp-content\\\/uploads\\\/2023\\\/02\\\/D_NQ_NP_865317-MLA47558259113_092021-O.webp\",\"contentUrl\":\"https:\\\/\\\/tijuana.com.uy\\\/wp-content\\\/uploads\\\/2023\\\/02\\\/D_NQ_NP_865317-MLA47558259113_092021-O.webp\",\"width\":419,\"height\":500,\"caption\":\"CALCULADORA CASIO HR-8RC CON IMPRESORA\"},{\"@type\":\"BreadcrumbList\",\"@id\":\"https:\\\/\\\/tijuana.com.uy\\\/?product=calculadora-casio-hr-8rc-con-impresora#breadcrumb\",\"itemListElement\":[{\"@type\":\"ListItem\",\"position\":1,\"name\":\"Inicio\",\"item\":\"https:\\\/\\\/tijuana.com.uy\\\/\"},{\"@type\":\"ListItem\",\"position\":2,\"name\":\"Todos nuestros productos\",\"item\":\"https:\\\/\\\/tijuana.com.uy\\\/?page_id=365\"},{\"@type\":\"ListItem\",\"position\":3,\"name\":\"CALCULADORA CASIO HR-8RC CON IMPRESORA\"}]},{\"@type\":\"WebSite\",\"@id\":\"https:\\\/\\\/tijuana.com.uy\\\/#website\",\"url\":\"https:\\\/\\\/tijuana.com.uy\\\/\",\"name\":\"Tijuana\",\"description\":\"Ecommerce Tijuana\",\"potentialAction\":[{\"@type\":\"SearchAction\",\"target\":{\"@type\":\"EntryPoint\",\"urlTemplate\":\"https:\\\/\\\/tijuana.com.uy\\\/?s={search_term_string}\"},\"query-input\":{\"@type\":\"PropertyValueSpecification\",\"valueRequired\":true,\"valueName\":\"search_term_string\"}}],\"inLanguage\":\"es\"}]}<\/script>\n<!-- \/ Yoast SEO plugin. -->","yoast_head_json":{"title":"CALCULADORA CASIO HR-8RC CON IMPRESORA - Tijuana","description":"Calculadora con impresora de 12 d\u00edgitos para c\u00e1lculo de impuestos y conversi\u00f3n de divisa. Display grande, memoria independiente.","robots":{"index":"index","follow":"follow","max-snippet":"max-snippet:-1","max-image-preview":"max-image-preview:large","max-video-preview":"max-video-preview:-1"},"canonical":"https:\/\/tijuana.com.uy\/?product=calculadora-casio-hr-8rc-con-impresora","og_locale":"es_ES","og_type":"article","og_title":"CALCULADORA CASIO HR-8RC CON IMPRESORA - Tijuana","og_description":"Calculadora con impresora de 12 d\u00edgitos para c\u00e1lculo de impuestos y conversi\u00f3n de divisa. Display grande, memoria independiente.","og_url":"https:\/\/tijuana.com.uy\/?product=calculadora-casio-hr-8rc-con-impresora","og_site_name":"Tijuana","article_modified_time":"2024-12-22T14:42:09+00:00","og_image":[{"width":419,"height":500,"url":"https:\/\/tijuana.com.uy\/wp-content\/uploads\/2023\/02\/D_NQ_NP_865317-MLA47558259113_092021-O.webp","type":"image\/webp"}],"twitter_card":"summary_large_image","schema":{"@context":"https:\/\/schema.org","@graph":[{"@type":"WebPage","@id":"https:\/\/tijuana.com.uy\/?product=calculadora-casio-hr-8rc-con-impresora","url":"https:\/\/tijuana.com.uy\/?product=calculadora-casio-hr-8rc-con-impresora","name":"CALCULADORA CASIO HR-8RC CON IMPRESORA - Tijuana","isPartOf":{"@id":"https:\/\/tijuana.com.uy\/#website"},"primaryImageOfPage":{"@id":"https:\/\/tijuana.com.uy\/?product=calculadora-casio-hr-8rc-con-impresora#primaryimage"},"image":{"@id":"https:\/\/tijuana.com.uy\/?product=calculadora-casio-hr-8rc-con-impresora#primaryimage"},"thumbnailUrl":"https:\/\/tijuana.com.uy\/wp-content\/uploads\/2023\/02\/D_NQ_NP_865317-MLA47558259113_092021-O.webp","datePublished":"2023-02-17T18:34:11+00:00","dateModified":"2024-12-22T14:42:09+00:00","description":"Calculadora con impresora de 12 d\u00edgitos para c\u00e1lculo de impuestos y conversi\u00f3n de divisa. Display grande, memoria independiente.","breadcrumb":{"@id":"https:\/\/tijuana.com.uy\/?product=calculadora-casio-hr-8rc-con-impresora#breadcrumb"},"inLanguage":"es","potentialAction":[{"@type":"ReadAction","target":["https:\/\/tijuana.com.uy\/?product=calculadora-casio-hr-8rc-con-impresora"]}]},{"@type":"ImageObject","inLanguage":"es","@id":"https:\/\/tijuana.com.uy\/?product=calculadora-casio-hr-8rc-con-impresora#primaryimage","url":"https:\/\/tijuana.com.uy\/wp-content\/uploads\/2023\/02\/D_NQ_NP_865317-MLA47558259113_092021-O.webp","contentUrl":"https:\/\/tijuana.com.uy\/wp-content\/uploads\/2023\/02\/D_NQ_NP_865317-MLA47558259113_092021-O.webp","width":419,"height":500,"caption":"CALCULADORA CASIO HR-8RC CON IMPRESORA"},{"@type":"BreadcrumbList","@id":"https:\/\/tijuana.com.uy\/?product=calculadora-casio-hr-8rc-con-impresora#breadcrumb","itemListElement":[{"@type":"ListItem","position":1,"name":"Inicio","item":"https:\/\/tijuana.com.uy\/"},{"@type":"ListItem","position":2,"name":"Todos nuestros productos","item":"https:\/\/tijuana.com.uy\/?page_id=365"},{"@type":"ListItem","position":3,"name":"CALCULADORA CASIO HR-8RC CON IMPRESORA"}]},{"@type":"WebSite","@id":"https:\/\/tijuana.com.uy\/#website","url":"https:\/\/tijuana.com.uy\/","name":"Tijuana","description":"Ecommerce Tijuana","potentialAction":[{"@type":"SearchAction","target":{"@type":"EntryPoint","urlTemplate":"https:\/\/tijuana.com.uy\/?s={search_term_string}"},"query-input":{"@type":"PropertyValueSpecification","valueRequired":true,"valueName":"search_term_string"}}],"inLanguage":"es"}]}},"_links":{"self":[{"href":"https:\/\/tijuana.com.uy\/index.php?rest_route=\/wp\/v2\/product\/3402","targetHints":{"allow":["GET"]}}],"collection":[{"href":"https:\/\/tijuana.com.uy\/index.php?rest_route=\/wp\/v2\/product"}],"about":[{"href":"https:\/\/tijuana.com.uy\/index.php?rest_route=\/wp\/v2\/types\/product"}],"wp:featuredmedia":[{"embeddable":true,"href":"https:\/\/tijuana.com.uy\/index.php?rest_route=\/wp\/v2\/media\/3404"}],"wp:attachment":[{"href":"https:\/\/tijuana.com.uy\/index.php?rest_route=%2Fwp%2Fv2%2Fmedia&parent=3402"}],"wp:term":[{"taxonomy":"product_brand","embeddable":true,"href":"https:\/\/tijuana.com.uy\/index.php?rest_route=%2Fwp%2Fv2%2Fproduct_brand&post=3402"},{"taxonomy":"product_cat","embeddable":true,"href":"https:\/\/tijuana.com.uy\/index.php?rest_route=%2Fwp%2Fv2%2Fproduct_cat&post=3402"},{"taxonomy":"product_tag","embeddable":true,"href":"https:\/\/tijuana.com.uy\/index.php?rest_route=%2Fwp%2Fv2%2Fproduct_tag&post=3402"}],"curies":[{"name":"wp","href":"https:\/\/api.w.org\/{rel}","templated":true}]}}