{"id":3414,"date":"2023-02-17T18:56:07","date_gmt":"2023-02-17T18:56:07","guid":{"rendered":"https:\/\/tijuana.com.uy\/?post_type=product&#038;p=3414"},"modified":"2023-02-24T22:02:26","modified_gmt":"2023-02-24T22:02:26","slug":"lapices-de-colores-giotto-x36","status":"publish","type":"product","link":"https:\/\/tijuana.com.uy\/?product=lapices-de-colores-giotto-x36","title":{"rendered":"LAPICES DE COLORES GIOTTO x36"},"content":{"rendered":"","protected":false},"excerpt":{"rendered":"<p>36 L\u00e1pices de colores Giotto Stilnovo. Cuentan con un espacio para escribir el nombre en el mismo l\u00e1piz. Toda la calidad de Giotto en un l\u00e1piz hexagonal de f\u00e1cil afilado con una mina de 3,3 mm.<\/p>\n","protected":false},"featured_media":3417,"template":"","meta":[],"product_brand":[],"product_cat":[58,159,25],"product_tag":[74],"class_list":{"0":"post-3414","1":"product","2":"type-product","3":"status-publish","4":"has-post-thumbnail","6":"product_cat-escolares","7":"product_cat-lapices","8":"product_cat-papeleria","9":"product_tag-giotto","11":"first","12":"instock","13":"taxable","14":"shipping-taxable","15":"purchasable","16":"product-type-simple"},"yoast_head":"<!-- This site is optimized with the Yoast SEO plugin v27.5 - https:\/\/yoast.com\/product\/yoast-seo-wordpress\/ -->\n<title>LAPICES DE COLORES GIOTTO x36 - Tijuana<\/title>\n<meta name=\"description\" content=\"36 L\u00e1pices de colores Giotto Stilnovo. Cuentan con un espacio para escribir el nombre en el mismo l\u00e1piz. Toda la calidad de Giotto en un l\u00e1piz hexagonal.\" \/>\n<meta name=\"robots\" content=\"index, follow, max-snippet:-1, max-image-preview:large, max-video-preview:-1\" \/>\n<link rel=\"canonical\" href=\"https:\/\/tijuana.com.uy\/?product=lapices-de-colores-giotto-x36\" \/>\n<meta property=\"og:locale\" content=\"es_ES\" \/>\n<meta property=\"og:type\" content=\"article\" \/>\n<meta property=\"og:title\" content=\"LAPICES DE COLORES GIOTTO x36 - Tijuana\" \/>\n<meta property=\"og:description\" content=\"36 L\u00e1pices de colores Giotto Stilnovo. Cuentan con un espacio para escribir el nombre en el mismo l\u00e1piz. Toda la calidad de Giotto en un l\u00e1piz hexagonal.\" \/>\n<meta property=\"og:url\" content=\"https:\/\/tijuana.com.uy\/?product=lapices-de-colores-giotto-x36\" \/>\n<meta property=\"og:site_name\" content=\"Tijuana\" \/>\n<meta property=\"article:modified_time\" content=\"2023-02-24T22:02:26+00:00\" \/>\n<meta property=\"og:image\" content=\"https:\/\/tijuana.com.uy\/wp-content\/uploads\/2023\/02\/Estuche-de-lapices-Giotto-Stilnovo-36-unidades.jpg\" \/>\n\t<meta property=\"og:image:width\" content=\"340\" \/>\n\t<meta property=\"og:image:height\" content=\"340\" \/>\n\t<meta property=\"og:image:type\" content=\"image\/jpeg\" \/>\n<meta name=\"twitter:card\" content=\"summary_large_image\" \/>\n<script type=\"application\/ld+json\" class=\"yoast-schema-graph\">{\"@context\":\"https:\\\/\\\/schema.org\",\"@graph\":[{\"@type\":\"WebPage\",\"@id\":\"https:\\\/\\\/tijuana.com.uy\\\/?product=lapices-de-colores-giotto-x36\",\"url\":\"https:\\\/\\\/tijuana.com.uy\\\/?product=lapices-de-colores-giotto-x36\",\"name\":\"LAPICES DE COLORES GIOTTO x36 - Tijuana\",\"isPartOf\":{\"@id\":\"https:\\\/\\\/tijuana.com.uy\\\/#website\"},\"primaryImageOfPage\":{\"@id\":\"https:\\\/\\\/tijuana.com.uy\\\/?product=lapices-de-colores-giotto-x36#primaryimage\"},\"image\":{\"@id\":\"https:\\\/\\\/tijuana.com.uy\\\/?product=lapices-de-colores-giotto-x36#primaryimage\"},\"thumbnailUrl\":\"https:\\\/\\\/tijuana.com.uy\\\/wp-content\\\/uploads\\\/2023\\\/02\\\/Estuche-de-lapices-Giotto-Stilnovo-36-unidades.jpg\",\"datePublished\":\"2023-02-17T18:56:07+00:00\",\"dateModified\":\"2023-02-24T22:02:26+00:00\",\"description\":\"36 L\u00e1pices de colores Giotto Stilnovo. Cuentan con un espacio para escribir el nombre en el mismo l\u00e1piz. Toda la calidad de Giotto en un l\u00e1piz hexagonal.\",\"breadcrumb\":{\"@id\":\"https:\\\/\\\/tijuana.com.uy\\\/?product=lapices-de-colores-giotto-x36#breadcrumb\"},\"inLanguage\":\"es\",\"potentialAction\":[{\"@type\":\"ReadAction\",\"target\":[\"https:\\\/\\\/tijuana.com.uy\\\/?product=lapices-de-colores-giotto-x36\"]}]},{\"@type\":\"ImageObject\",\"inLanguage\":\"es\",\"@id\":\"https:\\\/\\\/tijuana.com.uy\\\/?product=lapices-de-colores-giotto-x36#primaryimage\",\"url\":\"https:\\\/\\\/tijuana.com.uy\\\/wp-content\\\/uploads\\\/2023\\\/02\\\/Estuche-de-lapices-Giotto-Stilnovo-36-unidades.jpg\",\"contentUrl\":\"https:\\\/\\\/tijuana.com.uy\\\/wp-content\\\/uploads\\\/2023\\\/02\\\/Estuche-de-lapices-Giotto-Stilnovo-36-unidades.jpg\",\"width\":340,\"height\":340,\"caption\":\"LAPICES DE COLORES GIOTTO x36\"},{\"@type\":\"BreadcrumbList\",\"@id\":\"https:\\\/\\\/tijuana.com.uy\\\/?product=lapices-de-colores-giotto-x36#breadcrumb\",\"itemListElement\":[{\"@type\":\"ListItem\",\"position\":1,\"name\":\"Inicio\",\"item\":\"https:\\\/\\\/tijuana.com.uy\\\/\"},{\"@type\":\"ListItem\",\"position\":2,\"name\":\"Todos nuestros productos\",\"item\":\"https:\\\/\\\/tijuana.com.uy\\\/?page_id=365\"},{\"@type\":\"ListItem\",\"position\":3,\"name\":\"LAPICES DE COLORES GIOTTO x36\"}]},{\"@type\":\"WebSite\",\"@id\":\"https:\\\/\\\/tijuana.com.uy\\\/#website\",\"url\":\"https:\\\/\\\/tijuana.com.uy\\\/\",\"name\":\"Tijuana\",\"description\":\"Ecommerce Tijuana\",\"potentialAction\":[{\"@type\":\"SearchAction\",\"target\":{\"@type\":\"EntryPoint\",\"urlTemplate\":\"https:\\\/\\\/tijuana.com.uy\\\/?s={search_term_string}\"},\"query-input\":{\"@type\":\"PropertyValueSpecification\",\"valueRequired\":true,\"valueName\":\"search_term_string\"}}],\"inLanguage\":\"es\"}]}<\/script>\n<!-- \/ Yoast SEO plugin. -->","yoast_head_json":{"title":"LAPICES DE COLORES GIOTTO x36 - Tijuana","description":"36 L\u00e1pices de colores Giotto Stilnovo. Cuentan con un espacio para escribir el nombre en el mismo l\u00e1piz. Toda la calidad de Giotto en un l\u00e1piz hexagonal.","robots":{"index":"index","follow":"follow","max-snippet":"max-snippet:-1","max-image-preview":"max-image-preview:large","max-video-preview":"max-video-preview:-1"},"canonical":"https:\/\/tijuana.com.uy\/?product=lapices-de-colores-giotto-x36","og_locale":"es_ES","og_type":"article","og_title":"LAPICES DE COLORES GIOTTO x36 - Tijuana","og_description":"36 L\u00e1pices de colores Giotto Stilnovo. Cuentan con un espacio para escribir el nombre en el mismo l\u00e1piz. Toda la calidad de Giotto en un l\u00e1piz hexagonal.","og_url":"https:\/\/tijuana.com.uy\/?product=lapices-de-colores-giotto-x36","og_site_name":"Tijuana","article_modified_time":"2023-02-24T22:02:26+00:00","og_image":[{"width":340,"height":340,"url":"https:\/\/tijuana.com.uy\/wp-content\/uploads\/2023\/02\/Estuche-de-lapices-Giotto-Stilnovo-36-unidades.jpg","type":"image\/jpeg"}],"twitter_card":"summary_large_image","schema":{"@context":"https:\/\/schema.org","@graph":[{"@type":"WebPage","@id":"https:\/\/tijuana.com.uy\/?product=lapices-de-colores-giotto-x36","url":"https:\/\/tijuana.com.uy\/?product=lapices-de-colores-giotto-x36","name":"LAPICES DE COLORES GIOTTO x36 - Tijuana","isPartOf":{"@id":"https:\/\/tijuana.com.uy\/#website"},"primaryImageOfPage":{"@id":"https:\/\/tijuana.com.uy\/?product=lapices-de-colores-giotto-x36#primaryimage"},"image":{"@id":"https:\/\/tijuana.com.uy\/?product=lapices-de-colores-giotto-x36#primaryimage"},"thumbnailUrl":"https:\/\/tijuana.com.uy\/wp-content\/uploads\/2023\/02\/Estuche-de-lapices-Giotto-Stilnovo-36-unidades.jpg","datePublished":"2023-02-17T18:56:07+00:00","dateModified":"2023-02-24T22:02:26+00:00","description":"36 L\u00e1pices de colores Giotto Stilnovo. Cuentan con un espacio para escribir el nombre en el mismo l\u00e1piz. Toda la calidad de Giotto en un l\u00e1piz hexagonal.","breadcrumb":{"@id":"https:\/\/tijuana.com.uy\/?product=lapices-de-colores-giotto-x36#breadcrumb"},"inLanguage":"es","potentialAction":[{"@type":"ReadAction","target":["https:\/\/tijuana.com.uy\/?product=lapices-de-colores-giotto-x36"]}]},{"@type":"ImageObject","inLanguage":"es","@id":"https:\/\/tijuana.com.uy\/?product=lapices-de-colores-giotto-x36#primaryimage","url":"https:\/\/tijuana.com.uy\/wp-content\/uploads\/2023\/02\/Estuche-de-lapices-Giotto-Stilnovo-36-unidades.jpg","contentUrl":"https:\/\/tijuana.com.uy\/wp-content\/uploads\/2023\/02\/Estuche-de-lapices-Giotto-Stilnovo-36-unidades.jpg","width":340,"height":340,"caption":"LAPICES DE COLORES GIOTTO x36"},{"@type":"BreadcrumbList","@id":"https:\/\/tijuana.com.uy\/?product=lapices-de-colores-giotto-x36#breadcrumb","itemListElement":[{"@type":"ListItem","position":1,"name":"Inicio","item":"https:\/\/tijuana.com.uy\/"},{"@type":"ListItem","position":2,"name":"Todos nuestros productos","item":"https:\/\/tijuana.com.uy\/?page_id=365"},{"@type":"ListItem","position":3,"name":"LAPICES DE COLORES GIOTTO x36"}]},{"@type":"WebSite","@id":"https:\/\/tijuana.com.uy\/#website","url":"https:\/\/tijuana.com.uy\/","name":"Tijuana","description":"Ecommerce Tijuana","potentialAction":[{"@type":"SearchAction","target":{"@type":"EntryPoint","urlTemplate":"https:\/\/tijuana.com.uy\/?s={search_term_string}"},"query-input":{"@type":"PropertyValueSpecification","valueRequired":true,"valueName":"search_term_string"}}],"inLanguage":"es"}]}},"_links":{"self":[{"href":"https:\/\/tijuana.com.uy\/index.php?rest_route=\/wp\/v2\/product\/3414","targetHints":{"allow":["GET"]}}],"collection":[{"href":"https:\/\/tijuana.com.uy\/index.php?rest_route=\/wp\/v2\/product"}],"about":[{"href":"https:\/\/tijuana.com.uy\/index.php?rest_route=\/wp\/v2\/types\/product"}],"wp:featuredmedia":[{"embeddable":true,"href":"https:\/\/tijuana.com.uy\/index.php?rest_route=\/wp\/v2\/media\/3417"}],"wp:attachment":[{"href":"https:\/\/tijuana.com.uy\/index.php?rest_route=%2Fwp%2Fv2%2Fmedia&parent=3414"}],"wp:term":[{"taxonomy":"product_brand","embeddable":true,"href":"https:\/\/tijuana.com.uy\/index.php?rest_route=%2Fwp%2Fv2%2Fproduct_brand&post=3414"},{"taxonomy":"product_cat","embeddable":true,"href":"https:\/\/tijuana.com.uy\/index.php?rest_route=%2Fwp%2Fv2%2Fproduct_cat&post=3414"},{"taxonomy":"product_tag","embeddable":true,"href":"https:\/\/tijuana.com.uy\/index.php?rest_route=%2Fwp%2Fv2%2Fproduct_tag&post=3414"}],"curies":[{"name":"wp","href":"https:\/\/api.w.org\/{rel}","templated":true}]}}