{"id":3620,"date":"2023-02-23T21:37:24","date_gmt":"2023-02-23T21:37:24","guid":{"rendered":"https:\/\/tijuana.com.uy\/?post_type=product&#038;p=3620"},"modified":"2023-02-24T21:46:17","modified_gmt":"2023-02-24T21:46:17","slug":"sacapuntas-con-deposito-colores-pastel","status":"publish","type":"product","link":"https:\/\/tijuana.com.uy\/?product=sacapuntas-con-deposito-colores-pastel","title":{"rendered":"SACAPUNTAS CON DEPOSITO COLORES PASTEL"},"content":{"rendered":"","protected":false},"excerpt":{"rendered":"<p>Sacapuntas met\u00e1lico con dep\u00f3sito de 2 orificios para l\u00e1pices de 8 y 11 mm. Dise\u00f1o ergon\u00f3mico de f\u00e1cil agarre de colores pasteles, cuchilla de alta calidad.<\/p>\n<p>&nbsp;<\/p>\n","protected":false},"featured_media":3621,"template":"","meta":[],"product_brand":[],"product_cat":[58,25,163],"product_tag":[],"class_list":{"0":"post-3620","1":"product","2":"type-product","3":"status-publish","4":"has-post-thumbnail","6":"product_cat-escolares","7":"product_cat-papeleria","8":"product_cat-sacapuntas","10":"first","11":"instock","12":"taxable","13":"shipping-taxable","14":"purchasable","15":"product-type-simple"},"yoast_head":"<!-- This site is optimized with the Yoast SEO plugin v27.5 - https:\/\/yoast.com\/product\/yoast-seo-wordpress\/ -->\n<title>SACAPUNTAS CON DEPOSITO COLORES PASTEL - Tijuana<\/title>\n<meta name=\"description\" content=\"Sacapuntas met\u00e1lico con dep\u00f3sito de 2 orificios para l\u00e1pices de 8 y 11 mm. Dise\u00f1o ergon\u00f3mico de f\u00e1cil agarre de colores pasteles, cuchilla de alta calidad.\u00a0\" \/>\n<meta name=\"robots\" content=\"index, follow, max-snippet:-1, max-image-preview:large, max-video-preview:-1\" \/>\n<link rel=\"canonical\" href=\"https:\/\/tijuana.com.uy\/?product=sacapuntas-con-deposito-colores-pastel\" \/>\n<meta property=\"og:locale\" content=\"es_ES\" \/>\n<meta property=\"og:type\" content=\"article\" \/>\n<meta property=\"og:title\" content=\"SACAPUNTAS CON DEPOSITO COLORES PASTEL - Tijuana\" \/>\n<meta property=\"og:description\" content=\"Sacapuntas met\u00e1lico con dep\u00f3sito de 2 orificios para l\u00e1pices de 8 y 11 mm. Dise\u00f1o ergon\u00f3mico de f\u00e1cil agarre de colores pasteles, cuchilla de alta calidad.\u00a0\" \/>\n<meta property=\"og:url\" content=\"https:\/\/tijuana.com.uy\/?product=sacapuntas-con-deposito-colores-pastel\" \/>\n<meta property=\"og:site_name\" content=\"Tijuana\" \/>\n<meta property=\"article:modified_time\" content=\"2023-02-24T21:46:17+00:00\" \/>\n<meta property=\"og:image\" content=\"https:\/\/tijuana.com.uy\/wp-content\/uploads\/2023\/02\/image-4.png\" \/>\n\t<meta property=\"og:image:width\" content=\"500\" \/>\n\t<meta property=\"og:image:height\" content=\"500\" \/>\n\t<meta property=\"og:image:type\" content=\"image\/png\" \/>\n<meta name=\"twitter:card\" content=\"summary_large_image\" \/>\n<script type=\"application\/ld+json\" class=\"yoast-schema-graph\">{\"@context\":\"https:\\\/\\\/schema.org\",\"@graph\":[{\"@type\":\"WebPage\",\"@id\":\"https:\\\/\\\/tijuana.com.uy\\\/?product=sacapuntas-con-deposito-colores-pastel\",\"url\":\"https:\\\/\\\/tijuana.com.uy\\\/?product=sacapuntas-con-deposito-colores-pastel\",\"name\":\"SACAPUNTAS CON DEPOSITO COLORES PASTEL - Tijuana\",\"isPartOf\":{\"@id\":\"https:\\\/\\\/tijuana.com.uy\\\/#website\"},\"primaryImageOfPage\":{\"@id\":\"https:\\\/\\\/tijuana.com.uy\\\/?product=sacapuntas-con-deposito-colores-pastel#primaryimage\"},\"image\":{\"@id\":\"https:\\\/\\\/tijuana.com.uy\\\/?product=sacapuntas-con-deposito-colores-pastel#primaryimage\"},\"thumbnailUrl\":\"https:\\\/\\\/tijuana.com.uy\\\/wp-content\\\/uploads\\\/2023\\\/02\\\/image-4.png\",\"datePublished\":\"2023-02-23T21:37:24+00:00\",\"dateModified\":\"2023-02-24T21:46:17+00:00\",\"description\":\"Sacapuntas met\u00e1lico con dep\u00f3sito de 2 orificios para l\u00e1pices de 8 y 11 mm. Dise\u00f1o ergon\u00f3mico de f\u00e1cil agarre de colores pasteles, cuchilla de alta calidad.\u00a0\",\"breadcrumb\":{\"@id\":\"https:\\\/\\\/tijuana.com.uy\\\/?product=sacapuntas-con-deposito-colores-pastel#breadcrumb\"},\"inLanguage\":\"es\",\"potentialAction\":[{\"@type\":\"ReadAction\",\"target\":[\"https:\\\/\\\/tijuana.com.uy\\\/?product=sacapuntas-con-deposito-colores-pastel\"]}]},{\"@type\":\"ImageObject\",\"inLanguage\":\"es\",\"@id\":\"https:\\\/\\\/tijuana.com.uy\\\/?product=sacapuntas-con-deposito-colores-pastel#primaryimage\",\"url\":\"https:\\\/\\\/tijuana.com.uy\\\/wp-content\\\/uploads\\\/2023\\\/02\\\/image-4.png\",\"contentUrl\":\"https:\\\/\\\/tijuana.com.uy\\\/wp-content\\\/uploads\\\/2023\\\/02\\\/image-4.png\",\"width\":500,\"height\":500,\"caption\":\"SACAPUNTAS CON DEPOSITO COLORES PASTEL\"},{\"@type\":\"BreadcrumbList\",\"@id\":\"https:\\\/\\\/tijuana.com.uy\\\/?product=sacapuntas-con-deposito-colores-pastel#breadcrumb\",\"itemListElement\":[{\"@type\":\"ListItem\",\"position\":1,\"name\":\"Inicio\",\"item\":\"https:\\\/\\\/tijuana.com.uy\\\/\"},{\"@type\":\"ListItem\",\"position\":2,\"name\":\"Todos nuestros productos\",\"item\":\"https:\\\/\\\/tijuana.com.uy\\\/?page_id=365\"},{\"@type\":\"ListItem\",\"position\":3,\"name\":\"SACAPUNTAS CON DEPOSITO COLORES PASTEL\"}]},{\"@type\":\"WebSite\",\"@id\":\"https:\\\/\\\/tijuana.com.uy\\\/#website\",\"url\":\"https:\\\/\\\/tijuana.com.uy\\\/\",\"name\":\"Tijuana\",\"description\":\"Ecommerce Tijuana\",\"potentialAction\":[{\"@type\":\"SearchAction\",\"target\":{\"@type\":\"EntryPoint\",\"urlTemplate\":\"https:\\\/\\\/tijuana.com.uy\\\/?s={search_term_string}\"},\"query-input\":{\"@type\":\"PropertyValueSpecification\",\"valueRequired\":true,\"valueName\":\"search_term_string\"}}],\"inLanguage\":\"es\"}]}<\/script>\n<!-- \/ Yoast SEO plugin. -->","yoast_head_json":{"title":"SACAPUNTAS CON DEPOSITO COLORES PASTEL - Tijuana","description":"Sacapuntas met\u00e1lico con dep\u00f3sito de 2 orificios para l\u00e1pices de 8 y 11 mm. Dise\u00f1o ergon\u00f3mico de f\u00e1cil agarre de colores pasteles, cuchilla de alta calidad.\u00a0","robots":{"index":"index","follow":"follow","max-snippet":"max-snippet:-1","max-image-preview":"max-image-preview:large","max-video-preview":"max-video-preview:-1"},"canonical":"https:\/\/tijuana.com.uy\/?product=sacapuntas-con-deposito-colores-pastel","og_locale":"es_ES","og_type":"article","og_title":"SACAPUNTAS CON DEPOSITO COLORES PASTEL - Tijuana","og_description":"Sacapuntas met\u00e1lico con dep\u00f3sito de 2 orificios para l\u00e1pices de 8 y 11 mm. Dise\u00f1o ergon\u00f3mico de f\u00e1cil agarre de colores pasteles, cuchilla de alta calidad.\u00a0","og_url":"https:\/\/tijuana.com.uy\/?product=sacapuntas-con-deposito-colores-pastel","og_site_name":"Tijuana","article_modified_time":"2023-02-24T21:46:17+00:00","og_image":[{"width":500,"height":500,"url":"https:\/\/tijuana.com.uy\/wp-content\/uploads\/2023\/02\/image-4.png","type":"image\/png"}],"twitter_card":"summary_large_image","schema":{"@context":"https:\/\/schema.org","@graph":[{"@type":"WebPage","@id":"https:\/\/tijuana.com.uy\/?product=sacapuntas-con-deposito-colores-pastel","url":"https:\/\/tijuana.com.uy\/?product=sacapuntas-con-deposito-colores-pastel","name":"SACAPUNTAS CON DEPOSITO COLORES PASTEL - Tijuana","isPartOf":{"@id":"https:\/\/tijuana.com.uy\/#website"},"primaryImageOfPage":{"@id":"https:\/\/tijuana.com.uy\/?product=sacapuntas-con-deposito-colores-pastel#primaryimage"},"image":{"@id":"https:\/\/tijuana.com.uy\/?product=sacapuntas-con-deposito-colores-pastel#primaryimage"},"thumbnailUrl":"https:\/\/tijuana.com.uy\/wp-content\/uploads\/2023\/02\/image-4.png","datePublished":"2023-02-23T21:37:24+00:00","dateModified":"2023-02-24T21:46:17+00:00","description":"Sacapuntas met\u00e1lico con dep\u00f3sito de 2 orificios para l\u00e1pices de 8 y 11 mm. Dise\u00f1o ergon\u00f3mico de f\u00e1cil agarre de colores pasteles, cuchilla de alta calidad.\u00a0","breadcrumb":{"@id":"https:\/\/tijuana.com.uy\/?product=sacapuntas-con-deposito-colores-pastel#breadcrumb"},"inLanguage":"es","potentialAction":[{"@type":"ReadAction","target":["https:\/\/tijuana.com.uy\/?product=sacapuntas-con-deposito-colores-pastel"]}]},{"@type":"ImageObject","inLanguage":"es","@id":"https:\/\/tijuana.com.uy\/?product=sacapuntas-con-deposito-colores-pastel#primaryimage","url":"https:\/\/tijuana.com.uy\/wp-content\/uploads\/2023\/02\/image-4.png","contentUrl":"https:\/\/tijuana.com.uy\/wp-content\/uploads\/2023\/02\/image-4.png","width":500,"height":500,"caption":"SACAPUNTAS CON DEPOSITO COLORES PASTEL"},{"@type":"BreadcrumbList","@id":"https:\/\/tijuana.com.uy\/?product=sacapuntas-con-deposito-colores-pastel#breadcrumb","itemListElement":[{"@type":"ListItem","position":1,"name":"Inicio","item":"https:\/\/tijuana.com.uy\/"},{"@type":"ListItem","position":2,"name":"Todos nuestros productos","item":"https:\/\/tijuana.com.uy\/?page_id=365"},{"@type":"ListItem","position":3,"name":"SACAPUNTAS CON DEPOSITO COLORES PASTEL"}]},{"@type":"WebSite","@id":"https:\/\/tijuana.com.uy\/#website","url":"https:\/\/tijuana.com.uy\/","name":"Tijuana","description":"Ecommerce Tijuana","potentialAction":[{"@type":"SearchAction","target":{"@type":"EntryPoint","urlTemplate":"https:\/\/tijuana.com.uy\/?s={search_term_string}"},"query-input":{"@type":"PropertyValueSpecification","valueRequired":true,"valueName":"search_term_string"}}],"inLanguage":"es"}]}},"_links":{"self":[{"href":"https:\/\/tijuana.com.uy\/index.php?rest_route=\/wp\/v2\/product\/3620","targetHints":{"allow":["GET"]}}],"collection":[{"href":"https:\/\/tijuana.com.uy\/index.php?rest_route=\/wp\/v2\/product"}],"about":[{"href":"https:\/\/tijuana.com.uy\/index.php?rest_route=\/wp\/v2\/types\/product"}],"wp:featuredmedia":[{"embeddable":true,"href":"https:\/\/tijuana.com.uy\/index.php?rest_route=\/wp\/v2\/media\/3621"}],"wp:attachment":[{"href":"https:\/\/tijuana.com.uy\/index.php?rest_route=%2Fwp%2Fv2%2Fmedia&parent=3620"}],"wp:term":[{"taxonomy":"product_brand","embeddable":true,"href":"https:\/\/tijuana.com.uy\/index.php?rest_route=%2Fwp%2Fv2%2Fproduct_brand&post=3620"},{"taxonomy":"product_cat","embeddable":true,"href":"https:\/\/tijuana.com.uy\/index.php?rest_route=%2Fwp%2Fv2%2Fproduct_cat&post=3620"},{"taxonomy":"product_tag","embeddable":true,"href":"https:\/\/tijuana.com.uy\/index.php?rest_route=%2Fwp%2Fv2%2Fproduct_tag&post=3620"}],"curies":[{"name":"wp","href":"https:\/\/api.w.org\/{rel}","templated":true}]}}