{"id":3634,"date":"2023-02-23T22:12:40","date_gmt":"2023-02-23T22:12:40","guid":{"rendered":"https:\/\/tijuana.com.uy\/?post_type=product&#038;p=3634"},"modified":"2023-02-23T22:12:43","modified_gmt":"2023-02-23T22:12:43","slug":"dispensador-de-cinta-adhesiva-grande","status":"publish","type":"product","link":"https:\/\/tijuana.com.uy\/?product=dispensador-de-cinta-adhesiva-grande","title":{"rendered":"DISPENSADOR DE CINTA ADHESIVA GRANDE"},"content":{"rendered":"","protected":false},"excerpt":{"rendered":"<p><span>Pr\u00e1ctico dispensador con capacidad para cinta de hasta 24 mm de n\u00facleo de cinta de gran tama\u00f1o. <\/span><span>Tiene doble n\u00facleo para cintas de tama\u00f1o peque\u00f1o y grande. <\/span><span>La base antideslizante hace que envolver con una sola mano sea f\u00e1cil y seguro para escritorios delicados. <\/span><span>Ideal para todas sus necesidades de envoltura y pegado. <\/span><span>Tama\u00f1o del dispensador de cinta: 17,5 x 6 x 8,5 cm Tama\u00f1o de la rueda del dispensador: 7 cm de di\u00e1metro<\/span><\/p>\n","protected":false},"featured_media":3636,"template":"","meta":[],"product_brand":[],"product_cat":[58,59,25],"product_tag":[75,121,76],"class_list":{"0":"post-3634","1":"product","2":"type-product","3":"status-publish","4":"has-post-thumbnail","6":"product_cat-escolares","7":"product_cat-oficina","8":"product_cat-papeleria","9":"product_tag-escolar","10":"product_tag-oficina","11":"product_tag-papeleria","13":"first","14":"instock","15":"taxable","16":"shipping-taxable","17":"purchasable","18":"product-type-simple"},"yoast_head":"<!-- This site is optimized with the Yoast SEO plugin v27.5 - https:\/\/yoast.com\/product\/yoast-seo-wordpress\/ -->\n<title>DISPENSADOR DE CINTA ADHESIVA GRANDE - Tijuana<\/title>\n<meta name=\"description\" content=\"Pr\u00e1ctico dispensador con capacidad para cinta de hasta 24 mm de n\u00facleo de cinta de gran tama\u00f1o. Tiene doble n\u00facleo para cintas de tama\u00f1o peque\u00f1o y grande.\" \/>\n<meta name=\"robots\" content=\"index, follow, max-snippet:-1, max-image-preview:large, max-video-preview:-1\" \/>\n<link rel=\"canonical\" href=\"https:\/\/tijuana.com.uy\/?product=dispensador-de-cinta-adhesiva-grande\" \/>\n<meta property=\"og:locale\" content=\"es_ES\" \/>\n<meta property=\"og:type\" content=\"article\" \/>\n<meta property=\"og:title\" content=\"DISPENSADOR DE CINTA ADHESIVA GRANDE - Tijuana\" \/>\n<meta property=\"og:description\" content=\"Pr\u00e1ctico dispensador con capacidad para cinta de hasta 24 mm de n\u00facleo de cinta de gran tama\u00f1o. Tiene doble n\u00facleo para cintas de tama\u00f1o peque\u00f1o y grande.\" \/>\n<meta property=\"og:url\" content=\"https:\/\/tijuana.com.uy\/?product=dispensador-de-cinta-adhesiva-grande\" \/>\n<meta property=\"og:site_name\" content=\"Tijuana\" \/>\n<meta property=\"article:modified_time\" content=\"2023-02-23T22:12:43+00:00\" \/>\n<meta property=\"og:image\" content=\"https:\/\/tijuana.com.uy\/wp-content\/uploads\/2023\/02\/WhatsApp-Image-2023-02-23-at-19.06.28.jpeg\" \/>\n\t<meta property=\"og:image:width\" content=\"1024\" \/>\n\t<meta property=\"og:image:height\" content=\"928\" \/>\n\t<meta property=\"og:image:type\" content=\"image\/jpeg\" \/>\n<meta name=\"twitter:card\" content=\"summary_large_image\" \/>\n<script type=\"application\/ld+json\" class=\"yoast-schema-graph\">{\"@context\":\"https:\\\/\\\/schema.org\",\"@graph\":[{\"@type\":\"WebPage\",\"@id\":\"https:\\\/\\\/tijuana.com.uy\\\/?product=dispensador-de-cinta-adhesiva-grande\",\"url\":\"https:\\\/\\\/tijuana.com.uy\\\/?product=dispensador-de-cinta-adhesiva-grande\",\"name\":\"DISPENSADOR DE CINTA ADHESIVA GRANDE - Tijuana\",\"isPartOf\":{\"@id\":\"https:\\\/\\\/tijuana.com.uy\\\/#website\"},\"primaryImageOfPage\":{\"@id\":\"https:\\\/\\\/tijuana.com.uy\\\/?product=dispensador-de-cinta-adhesiva-grande#primaryimage\"},\"image\":{\"@id\":\"https:\\\/\\\/tijuana.com.uy\\\/?product=dispensador-de-cinta-adhesiva-grande#primaryimage\"},\"thumbnailUrl\":\"https:\\\/\\\/tijuana.com.uy\\\/wp-content\\\/uploads\\\/2023\\\/02\\\/WhatsApp-Image-2023-02-23-at-19.06.28.jpeg\",\"datePublished\":\"2023-02-23T22:12:40+00:00\",\"dateModified\":\"2023-02-23T22:12:43+00:00\",\"description\":\"Pr\u00e1ctico dispensador con capacidad para cinta de hasta 24 mm de n\u00facleo de cinta de gran tama\u00f1o. Tiene doble n\u00facleo para cintas de tama\u00f1o peque\u00f1o y grande.\",\"breadcrumb\":{\"@id\":\"https:\\\/\\\/tijuana.com.uy\\\/?product=dispensador-de-cinta-adhesiva-grande#breadcrumb\"},\"inLanguage\":\"es\",\"potentialAction\":[{\"@type\":\"ReadAction\",\"target\":[\"https:\\\/\\\/tijuana.com.uy\\\/?product=dispensador-de-cinta-adhesiva-grande\"]}]},{\"@type\":\"ImageObject\",\"inLanguage\":\"es\",\"@id\":\"https:\\\/\\\/tijuana.com.uy\\\/?product=dispensador-de-cinta-adhesiva-grande#primaryimage\",\"url\":\"https:\\\/\\\/tijuana.com.uy\\\/wp-content\\\/uploads\\\/2023\\\/02\\\/WhatsApp-Image-2023-02-23-at-19.06.28.jpeg\",\"contentUrl\":\"https:\\\/\\\/tijuana.com.uy\\\/wp-content\\\/uploads\\\/2023\\\/02\\\/WhatsApp-Image-2023-02-23-at-19.06.28.jpeg\",\"width\":1024,\"height\":928,\"caption\":\"DISPENSADOR DE CINTA ADHESIVA GRANDE\"},{\"@type\":\"BreadcrumbList\",\"@id\":\"https:\\\/\\\/tijuana.com.uy\\\/?product=dispensador-de-cinta-adhesiva-grande#breadcrumb\",\"itemListElement\":[{\"@type\":\"ListItem\",\"position\":1,\"name\":\"Inicio\",\"item\":\"https:\\\/\\\/tijuana.com.uy\\\/\"},{\"@type\":\"ListItem\",\"position\":2,\"name\":\"Todos nuestros productos\",\"item\":\"https:\\\/\\\/tijuana.com.uy\\\/?page_id=365\"},{\"@type\":\"ListItem\",\"position\":3,\"name\":\"DISPENSADOR DE CINTA ADHESIVA GRANDE\"}]},{\"@type\":\"WebSite\",\"@id\":\"https:\\\/\\\/tijuana.com.uy\\\/#website\",\"url\":\"https:\\\/\\\/tijuana.com.uy\\\/\",\"name\":\"Tijuana\",\"description\":\"Ecommerce Tijuana\",\"potentialAction\":[{\"@type\":\"SearchAction\",\"target\":{\"@type\":\"EntryPoint\",\"urlTemplate\":\"https:\\\/\\\/tijuana.com.uy\\\/?s={search_term_string}\"},\"query-input\":{\"@type\":\"PropertyValueSpecification\",\"valueRequired\":true,\"valueName\":\"search_term_string\"}}],\"inLanguage\":\"es\"}]}<\/script>\n<!-- \/ Yoast SEO plugin. -->","yoast_head_json":{"title":"DISPENSADOR DE CINTA ADHESIVA GRANDE - Tijuana","description":"Pr\u00e1ctico dispensador con capacidad para cinta de hasta 24 mm de n\u00facleo de cinta de gran tama\u00f1o. Tiene doble n\u00facleo para cintas de tama\u00f1o peque\u00f1o y grande.","robots":{"index":"index","follow":"follow","max-snippet":"max-snippet:-1","max-image-preview":"max-image-preview:large","max-video-preview":"max-video-preview:-1"},"canonical":"https:\/\/tijuana.com.uy\/?product=dispensador-de-cinta-adhesiva-grande","og_locale":"es_ES","og_type":"article","og_title":"DISPENSADOR DE CINTA ADHESIVA GRANDE - Tijuana","og_description":"Pr\u00e1ctico dispensador con capacidad para cinta de hasta 24 mm de n\u00facleo de cinta de gran tama\u00f1o. Tiene doble n\u00facleo para cintas de tama\u00f1o peque\u00f1o y grande.","og_url":"https:\/\/tijuana.com.uy\/?product=dispensador-de-cinta-adhesiva-grande","og_site_name":"Tijuana","article_modified_time":"2023-02-23T22:12:43+00:00","og_image":[{"width":1024,"height":928,"url":"https:\/\/tijuana.com.uy\/wp-content\/uploads\/2023\/02\/WhatsApp-Image-2023-02-23-at-19.06.28.jpeg","type":"image\/jpeg"}],"twitter_card":"summary_large_image","schema":{"@context":"https:\/\/schema.org","@graph":[{"@type":"WebPage","@id":"https:\/\/tijuana.com.uy\/?product=dispensador-de-cinta-adhesiva-grande","url":"https:\/\/tijuana.com.uy\/?product=dispensador-de-cinta-adhesiva-grande","name":"DISPENSADOR DE CINTA ADHESIVA GRANDE - Tijuana","isPartOf":{"@id":"https:\/\/tijuana.com.uy\/#website"},"primaryImageOfPage":{"@id":"https:\/\/tijuana.com.uy\/?product=dispensador-de-cinta-adhesiva-grande#primaryimage"},"image":{"@id":"https:\/\/tijuana.com.uy\/?product=dispensador-de-cinta-adhesiva-grande#primaryimage"},"thumbnailUrl":"https:\/\/tijuana.com.uy\/wp-content\/uploads\/2023\/02\/WhatsApp-Image-2023-02-23-at-19.06.28.jpeg","datePublished":"2023-02-23T22:12:40+00:00","dateModified":"2023-02-23T22:12:43+00:00","description":"Pr\u00e1ctico dispensador con capacidad para cinta de hasta 24 mm de n\u00facleo de cinta de gran tama\u00f1o. Tiene doble n\u00facleo para cintas de tama\u00f1o peque\u00f1o y grande.","breadcrumb":{"@id":"https:\/\/tijuana.com.uy\/?product=dispensador-de-cinta-adhesiva-grande#breadcrumb"},"inLanguage":"es","potentialAction":[{"@type":"ReadAction","target":["https:\/\/tijuana.com.uy\/?product=dispensador-de-cinta-adhesiva-grande"]}]},{"@type":"ImageObject","inLanguage":"es","@id":"https:\/\/tijuana.com.uy\/?product=dispensador-de-cinta-adhesiva-grande#primaryimage","url":"https:\/\/tijuana.com.uy\/wp-content\/uploads\/2023\/02\/WhatsApp-Image-2023-02-23-at-19.06.28.jpeg","contentUrl":"https:\/\/tijuana.com.uy\/wp-content\/uploads\/2023\/02\/WhatsApp-Image-2023-02-23-at-19.06.28.jpeg","width":1024,"height":928,"caption":"DISPENSADOR DE CINTA ADHESIVA GRANDE"},{"@type":"BreadcrumbList","@id":"https:\/\/tijuana.com.uy\/?product=dispensador-de-cinta-adhesiva-grande#breadcrumb","itemListElement":[{"@type":"ListItem","position":1,"name":"Inicio","item":"https:\/\/tijuana.com.uy\/"},{"@type":"ListItem","position":2,"name":"Todos nuestros productos","item":"https:\/\/tijuana.com.uy\/?page_id=365"},{"@type":"ListItem","position":3,"name":"DISPENSADOR DE CINTA ADHESIVA GRANDE"}]},{"@type":"WebSite","@id":"https:\/\/tijuana.com.uy\/#website","url":"https:\/\/tijuana.com.uy\/","name":"Tijuana","description":"Ecommerce Tijuana","potentialAction":[{"@type":"SearchAction","target":{"@type":"EntryPoint","urlTemplate":"https:\/\/tijuana.com.uy\/?s={search_term_string}"},"query-input":{"@type":"PropertyValueSpecification","valueRequired":true,"valueName":"search_term_string"}}],"inLanguage":"es"}]}},"_links":{"self":[{"href":"https:\/\/tijuana.com.uy\/index.php?rest_route=\/wp\/v2\/product\/3634","targetHints":{"allow":["GET"]}}],"collection":[{"href":"https:\/\/tijuana.com.uy\/index.php?rest_route=\/wp\/v2\/product"}],"about":[{"href":"https:\/\/tijuana.com.uy\/index.php?rest_route=\/wp\/v2\/types\/product"}],"wp:featuredmedia":[{"embeddable":true,"href":"https:\/\/tijuana.com.uy\/index.php?rest_route=\/wp\/v2\/media\/3636"}],"wp:attachment":[{"href":"https:\/\/tijuana.com.uy\/index.php?rest_route=%2Fwp%2Fv2%2Fmedia&parent=3634"}],"wp:term":[{"taxonomy":"product_brand","embeddable":true,"href":"https:\/\/tijuana.com.uy\/index.php?rest_route=%2Fwp%2Fv2%2Fproduct_brand&post=3634"},{"taxonomy":"product_cat","embeddable":true,"href":"https:\/\/tijuana.com.uy\/index.php?rest_route=%2Fwp%2Fv2%2Fproduct_cat&post=3634"},{"taxonomy":"product_tag","embeddable":true,"href":"https:\/\/tijuana.com.uy\/index.php?rest_route=%2Fwp%2Fv2%2Fproduct_tag&post=3634"}],"curies":[{"name":"wp","href":"https:\/\/api.w.org\/{rel}","templated":true}]}}