{"id":3674,"date":"2023-02-24T00:16:42","date_gmt":"2023-02-24T00:16:42","guid":{"rendered":"https:\/\/tijuana.com.uy\/?post_type=product&#038;p=3674"},"modified":"2023-02-24T21:44:42","modified_gmt":"2023-02-24T21:44:42","slug":"carpeta-acordeon-a4-13-divisiones","status":"publish","type":"product","link":"https:\/\/tijuana.com.uy\/?product=carpeta-acordeon-a4-13-divisiones","title":{"rendered":"CARPETA ACORDEON A4 13 DIVISIONES"},"content":{"rendered":"","protected":false},"excerpt":{"rendered":"<p>Carpeta de cierre el\u00e1stico plegada tipo acorde\u00f3n con 13 divisiones, laminada en polipropileno. Posee visores y trae etiquetas para identificaci\u00f3n de las divisiones.<\/p>\n","protected":false},"featured_media":3675,"template":"","meta":[],"product_brand":[],"product_cat":[165,58,59,25],"product_tag":[75,121,76],"class_list":{"0":"post-3674","1":"product","2":"type-product","3":"status-publish","4":"has-post-thumbnail","6":"product_cat-carpetas","7":"product_cat-escolares","8":"product_cat-oficina","9":"product_cat-papeleria","10":"product_tag-escolar","11":"product_tag-oficina","12":"product_tag-papeleria","14":"first","15":"instock","16":"taxable","17":"shipping-taxable","18":"purchasable","19":"product-type-simple"},"yoast_head":"<!-- This site is optimized with the Yoast SEO plugin v27.5 - https:\/\/yoast.com\/product\/yoast-seo-wordpress\/ -->\n<title>CARPETA ACORDEON A4 13 DIVISIONES - Tijuana<\/title>\n<meta name=\"description\" content=\"Carpeta de cierre el\u00e1stico plegada tipo acorde\u00f3n con 13 divisiones, laminada en polipropileno. Posee visores y trae etiquetas para identificaci\u00f3n de las divisiones.\" \/>\n<meta name=\"robots\" content=\"index, follow, max-snippet:-1, max-image-preview:large, max-video-preview:-1\" \/>\n<link rel=\"canonical\" href=\"https:\/\/tijuana.com.uy\/?product=carpeta-acordeon-a4-13-divisiones\" \/>\n<meta property=\"og:locale\" content=\"es_ES\" \/>\n<meta property=\"og:type\" content=\"article\" \/>\n<meta property=\"og:title\" content=\"CARPETA ACORDEON A4 13 DIVISIONES - Tijuana\" \/>\n<meta property=\"og:description\" content=\"Carpeta de cierre el\u00e1stico plegada tipo acorde\u00f3n con 13 divisiones, laminada en polipropileno. Posee visores y trae etiquetas para identificaci\u00f3n de las divisiones.\" \/>\n<meta property=\"og:url\" content=\"https:\/\/tijuana.com.uy\/?product=carpeta-acordeon-a4-13-divisiones\" \/>\n<meta property=\"og:site_name\" content=\"Tijuana\" \/>\n<meta property=\"article:modified_time\" content=\"2023-02-24T21:44:42+00:00\" \/>\n<meta property=\"og:image\" content=\"https:\/\/tijuana.com.uy\/wp-content\/uploads\/2023\/02\/WhatsApp-Image-2023-02-23-at-20.35.59-4.jpeg\" \/>\n\t<meta property=\"og:image:width\" content=\"1024\" \/>\n\t<meta property=\"og:image:height\" content=\"1024\" \/>\n\t<meta property=\"og:image:type\" content=\"image\/jpeg\" \/>\n<meta name=\"twitter:card\" content=\"summary_large_image\" \/>\n<script type=\"application\/ld+json\" class=\"yoast-schema-graph\">{\"@context\":\"https:\\\/\\\/schema.org\",\"@graph\":[{\"@type\":\"WebPage\",\"@id\":\"https:\\\/\\\/tijuana.com.uy\\\/?product=carpeta-acordeon-a4-13-divisiones\",\"url\":\"https:\\\/\\\/tijuana.com.uy\\\/?product=carpeta-acordeon-a4-13-divisiones\",\"name\":\"CARPETA ACORDEON A4 13 DIVISIONES - Tijuana\",\"isPartOf\":{\"@id\":\"https:\\\/\\\/tijuana.com.uy\\\/#website\"},\"primaryImageOfPage\":{\"@id\":\"https:\\\/\\\/tijuana.com.uy\\\/?product=carpeta-acordeon-a4-13-divisiones#primaryimage\"},\"image\":{\"@id\":\"https:\\\/\\\/tijuana.com.uy\\\/?product=carpeta-acordeon-a4-13-divisiones#primaryimage\"},\"thumbnailUrl\":\"https:\\\/\\\/tijuana.com.uy\\\/wp-content\\\/uploads\\\/2023\\\/02\\\/WhatsApp-Image-2023-02-23-at-20.35.59-4.jpeg\",\"datePublished\":\"2023-02-24T00:16:42+00:00\",\"dateModified\":\"2023-02-24T21:44:42+00:00\",\"description\":\"Carpeta de cierre el\u00e1stico plegada tipo acorde\u00f3n con 13 divisiones, laminada en polipropileno. Posee visores y trae etiquetas para identificaci\u00f3n de las divisiones.\",\"breadcrumb\":{\"@id\":\"https:\\\/\\\/tijuana.com.uy\\\/?product=carpeta-acordeon-a4-13-divisiones#breadcrumb\"},\"inLanguage\":\"es\",\"potentialAction\":[{\"@type\":\"ReadAction\",\"target\":[\"https:\\\/\\\/tijuana.com.uy\\\/?product=carpeta-acordeon-a4-13-divisiones\"]}]},{\"@type\":\"ImageObject\",\"inLanguage\":\"es\",\"@id\":\"https:\\\/\\\/tijuana.com.uy\\\/?product=carpeta-acordeon-a4-13-divisiones#primaryimage\",\"url\":\"https:\\\/\\\/tijuana.com.uy\\\/wp-content\\\/uploads\\\/2023\\\/02\\\/WhatsApp-Image-2023-02-23-at-20.35.59-4.jpeg\",\"contentUrl\":\"https:\\\/\\\/tijuana.com.uy\\\/wp-content\\\/uploads\\\/2023\\\/02\\\/WhatsApp-Image-2023-02-23-at-20.35.59-4.jpeg\",\"width\":1024,\"height\":1024,\"caption\":\"CARPETA ACORDEON A4\"},{\"@type\":\"BreadcrumbList\",\"@id\":\"https:\\\/\\\/tijuana.com.uy\\\/?product=carpeta-acordeon-a4-13-divisiones#breadcrumb\",\"itemListElement\":[{\"@type\":\"ListItem\",\"position\":1,\"name\":\"Inicio\",\"item\":\"https:\\\/\\\/tijuana.com.uy\\\/\"},{\"@type\":\"ListItem\",\"position\":2,\"name\":\"Todos nuestros productos\",\"item\":\"https:\\\/\\\/tijuana.com.uy\\\/?page_id=365\"},{\"@type\":\"ListItem\",\"position\":3,\"name\":\"CARPETA ACORDEON A4 13 DIVISIONES\"}]},{\"@type\":\"WebSite\",\"@id\":\"https:\\\/\\\/tijuana.com.uy\\\/#website\",\"url\":\"https:\\\/\\\/tijuana.com.uy\\\/\",\"name\":\"Tijuana\",\"description\":\"Ecommerce Tijuana\",\"potentialAction\":[{\"@type\":\"SearchAction\",\"target\":{\"@type\":\"EntryPoint\",\"urlTemplate\":\"https:\\\/\\\/tijuana.com.uy\\\/?s={search_term_string}\"},\"query-input\":{\"@type\":\"PropertyValueSpecification\",\"valueRequired\":true,\"valueName\":\"search_term_string\"}}],\"inLanguage\":\"es\"}]}<\/script>\n<!-- \/ Yoast SEO plugin. -->","yoast_head_json":{"title":"CARPETA ACORDEON A4 13 DIVISIONES - Tijuana","description":"Carpeta de cierre el\u00e1stico plegada tipo acorde\u00f3n con 13 divisiones, laminada en polipropileno. Posee visores y trae etiquetas para identificaci\u00f3n de las divisiones.","robots":{"index":"index","follow":"follow","max-snippet":"max-snippet:-1","max-image-preview":"max-image-preview:large","max-video-preview":"max-video-preview:-1"},"canonical":"https:\/\/tijuana.com.uy\/?product=carpeta-acordeon-a4-13-divisiones","og_locale":"es_ES","og_type":"article","og_title":"CARPETA ACORDEON A4 13 DIVISIONES - Tijuana","og_description":"Carpeta de cierre el\u00e1stico plegada tipo acorde\u00f3n con 13 divisiones, laminada en polipropileno. Posee visores y trae etiquetas para identificaci\u00f3n de las divisiones.","og_url":"https:\/\/tijuana.com.uy\/?product=carpeta-acordeon-a4-13-divisiones","og_site_name":"Tijuana","article_modified_time":"2023-02-24T21:44:42+00:00","og_image":[{"width":1024,"height":1024,"url":"https:\/\/tijuana.com.uy\/wp-content\/uploads\/2023\/02\/WhatsApp-Image-2023-02-23-at-20.35.59-4.jpeg","type":"image\/jpeg"}],"twitter_card":"summary_large_image","schema":{"@context":"https:\/\/schema.org","@graph":[{"@type":"WebPage","@id":"https:\/\/tijuana.com.uy\/?product=carpeta-acordeon-a4-13-divisiones","url":"https:\/\/tijuana.com.uy\/?product=carpeta-acordeon-a4-13-divisiones","name":"CARPETA ACORDEON A4 13 DIVISIONES - Tijuana","isPartOf":{"@id":"https:\/\/tijuana.com.uy\/#website"},"primaryImageOfPage":{"@id":"https:\/\/tijuana.com.uy\/?product=carpeta-acordeon-a4-13-divisiones#primaryimage"},"image":{"@id":"https:\/\/tijuana.com.uy\/?product=carpeta-acordeon-a4-13-divisiones#primaryimage"},"thumbnailUrl":"https:\/\/tijuana.com.uy\/wp-content\/uploads\/2023\/02\/WhatsApp-Image-2023-02-23-at-20.35.59-4.jpeg","datePublished":"2023-02-24T00:16:42+00:00","dateModified":"2023-02-24T21:44:42+00:00","description":"Carpeta de cierre el\u00e1stico plegada tipo acorde\u00f3n con 13 divisiones, laminada en polipropileno. Posee visores y trae etiquetas para identificaci\u00f3n de las divisiones.","breadcrumb":{"@id":"https:\/\/tijuana.com.uy\/?product=carpeta-acordeon-a4-13-divisiones#breadcrumb"},"inLanguage":"es","potentialAction":[{"@type":"ReadAction","target":["https:\/\/tijuana.com.uy\/?product=carpeta-acordeon-a4-13-divisiones"]}]},{"@type":"ImageObject","inLanguage":"es","@id":"https:\/\/tijuana.com.uy\/?product=carpeta-acordeon-a4-13-divisiones#primaryimage","url":"https:\/\/tijuana.com.uy\/wp-content\/uploads\/2023\/02\/WhatsApp-Image-2023-02-23-at-20.35.59-4.jpeg","contentUrl":"https:\/\/tijuana.com.uy\/wp-content\/uploads\/2023\/02\/WhatsApp-Image-2023-02-23-at-20.35.59-4.jpeg","width":1024,"height":1024,"caption":"CARPETA ACORDEON A4"},{"@type":"BreadcrumbList","@id":"https:\/\/tijuana.com.uy\/?product=carpeta-acordeon-a4-13-divisiones#breadcrumb","itemListElement":[{"@type":"ListItem","position":1,"name":"Inicio","item":"https:\/\/tijuana.com.uy\/"},{"@type":"ListItem","position":2,"name":"Todos nuestros productos","item":"https:\/\/tijuana.com.uy\/?page_id=365"},{"@type":"ListItem","position":3,"name":"CARPETA ACORDEON A4 13 DIVISIONES"}]},{"@type":"WebSite","@id":"https:\/\/tijuana.com.uy\/#website","url":"https:\/\/tijuana.com.uy\/","name":"Tijuana","description":"Ecommerce Tijuana","potentialAction":[{"@type":"SearchAction","target":{"@type":"EntryPoint","urlTemplate":"https:\/\/tijuana.com.uy\/?s={search_term_string}"},"query-input":{"@type":"PropertyValueSpecification","valueRequired":true,"valueName":"search_term_string"}}],"inLanguage":"es"}]}},"_links":{"self":[{"href":"https:\/\/tijuana.com.uy\/index.php?rest_route=\/wp\/v2\/product\/3674","targetHints":{"allow":["GET"]}}],"collection":[{"href":"https:\/\/tijuana.com.uy\/index.php?rest_route=\/wp\/v2\/product"}],"about":[{"href":"https:\/\/tijuana.com.uy\/index.php?rest_route=\/wp\/v2\/types\/product"}],"wp:featuredmedia":[{"embeddable":true,"href":"https:\/\/tijuana.com.uy\/index.php?rest_route=\/wp\/v2\/media\/3675"}],"wp:attachment":[{"href":"https:\/\/tijuana.com.uy\/index.php?rest_route=%2Fwp%2Fv2%2Fmedia&parent=3674"}],"wp:term":[{"taxonomy":"product_brand","embeddable":true,"href":"https:\/\/tijuana.com.uy\/index.php?rest_route=%2Fwp%2Fv2%2Fproduct_brand&post=3674"},{"taxonomy":"product_cat","embeddable":true,"href":"https:\/\/tijuana.com.uy\/index.php?rest_route=%2Fwp%2Fv2%2Fproduct_cat&post=3674"},{"taxonomy":"product_tag","embeddable":true,"href":"https:\/\/tijuana.com.uy\/index.php?rest_route=%2Fwp%2Fv2%2Fproduct_tag&post=3674"}],"curies":[{"name":"wp","href":"https:\/\/api.w.org\/{rel}","templated":true}]}}