{"id":3760,"date":"2023-02-24T22:48:43","date_gmt":"2023-02-24T22:48:43","guid":{"rendered":"https:\/\/tijuana.com.uy\/?post_type=product&#038;p=3760"},"modified":"2023-02-24T22:48:46","modified_gmt":"2023-02-24T22:48:46","slug":"caja-de-clips-metalicos-grandes","status":"publish","type":"product","link":"https:\/\/tijuana.com.uy\/?product=caja-de-clips-metalicos-grandes","title":{"rendered":"CAJA DE CLIPS METALICOS GRANDES"},"content":{"rendered":"","protected":false},"excerpt":{"rendered":"<p>Los Clips Met\u00e1licos Dingli son una excelente opci\u00f3n para asegurar tus hojas, no se requiere ning\u00fan tipo de herramientas para usarlos, por lo que son perfectos para el uso en el hogar o en la oficina. Son f\u00e1ciles de usar y mantienen tus hojas firmemente en su lugar. Son reutilizables.<\/p>\n<p>Caja de cart\u00f3n mediana que contiene 100 unidades de clips met\u00e1licos de tama\u00f1o 50 mm.<\/p>\n","protected":false},"featured_media":3763,"template":"","meta":[],"product_brand":[],"product_cat":[58,59,25],"product_tag":[],"class_list":{"0":"post-3760","1":"product","2":"type-product","3":"status-publish","4":"has-post-thumbnail","6":"product_cat-escolares","7":"product_cat-oficina","8":"product_cat-papeleria","10":"first","11":"instock","12":"taxable","13":"shipping-taxable","14":"purchasable","15":"product-type-simple"},"yoast_head":"<!-- This site is optimized with the Yoast SEO plugin v27.5 - https:\/\/yoast.com\/product\/yoast-seo-wordpress\/ -->\n<title>CAJA DE CLIPS METALICOS GRANDES - Tijuana<\/title>\n<meta name=\"description\" content=\"Los Clips Met\u00e1licos Dingli son una excelente opci\u00f3n para asegurar tus hojas, no se requiere ning\u00fan tipo de herramientas para usarlos.\" \/>\n<meta name=\"robots\" content=\"index, follow, max-snippet:-1, max-image-preview:large, max-video-preview:-1\" \/>\n<link rel=\"canonical\" href=\"https:\/\/tijuana.com.uy\/?product=caja-de-clips-metalicos-grandes\" \/>\n<meta property=\"og:locale\" content=\"es_ES\" \/>\n<meta property=\"og:type\" content=\"article\" \/>\n<meta property=\"og:title\" content=\"CAJA DE CLIPS METALICOS GRANDES - Tijuana\" \/>\n<meta property=\"og:description\" content=\"Los Clips Met\u00e1licos Dingli son una excelente opci\u00f3n para asegurar tus hojas, no se requiere ning\u00fan tipo de herramientas para usarlos.\" \/>\n<meta property=\"og:url\" content=\"https:\/\/tijuana.com.uy\/?product=caja-de-clips-metalicos-grandes\" \/>\n<meta property=\"og:site_name\" content=\"Tijuana\" \/>\n<meta property=\"article:modified_time\" content=\"2023-02-24T22:48:46+00:00\" \/>\n<meta property=\"og:image\" content=\"https:\/\/tijuana.com.uy\/wp-content\/uploads\/2023\/02\/Dingli-Paper-Clips-50-Mm-100-items.webp\" \/>\n\t<meta property=\"og:image:width\" content=\"800\" \/>\n\t<meta property=\"og:image:height\" content=\"800\" \/>\n\t<meta property=\"og:image:type\" content=\"image\/webp\" \/>\n<meta name=\"twitter:card\" content=\"summary_large_image\" \/>\n<script type=\"application\/ld+json\" class=\"yoast-schema-graph\">{\"@context\":\"https:\\\/\\\/schema.org\",\"@graph\":[{\"@type\":\"WebPage\",\"@id\":\"https:\\\/\\\/tijuana.com.uy\\\/?product=caja-de-clips-metalicos-grandes\",\"url\":\"https:\\\/\\\/tijuana.com.uy\\\/?product=caja-de-clips-metalicos-grandes\",\"name\":\"CAJA DE CLIPS METALICOS GRANDES - Tijuana\",\"isPartOf\":{\"@id\":\"https:\\\/\\\/tijuana.com.uy\\\/#website\"},\"primaryImageOfPage\":{\"@id\":\"https:\\\/\\\/tijuana.com.uy\\\/?product=caja-de-clips-metalicos-grandes#primaryimage\"},\"image\":{\"@id\":\"https:\\\/\\\/tijuana.com.uy\\\/?product=caja-de-clips-metalicos-grandes#primaryimage\"},\"thumbnailUrl\":\"https:\\\/\\\/tijuana.com.uy\\\/wp-content\\\/uploads\\\/2023\\\/02\\\/Dingli-Paper-Clips-50-Mm-100-items.webp\",\"datePublished\":\"2023-02-24T22:48:43+00:00\",\"dateModified\":\"2023-02-24T22:48:46+00:00\",\"description\":\"Los Clips Met\u00e1licos Dingli son una excelente opci\u00f3n para asegurar tus hojas, no se requiere ning\u00fan tipo de herramientas para usarlos.\",\"breadcrumb\":{\"@id\":\"https:\\\/\\\/tijuana.com.uy\\\/?product=caja-de-clips-metalicos-grandes#breadcrumb\"},\"inLanguage\":\"es\",\"potentialAction\":[{\"@type\":\"ReadAction\",\"target\":[\"https:\\\/\\\/tijuana.com.uy\\\/?product=caja-de-clips-metalicos-grandes\"]}]},{\"@type\":\"ImageObject\",\"inLanguage\":\"es\",\"@id\":\"https:\\\/\\\/tijuana.com.uy\\\/?product=caja-de-clips-metalicos-grandes#primaryimage\",\"url\":\"https:\\\/\\\/tijuana.com.uy\\\/wp-content\\\/uploads\\\/2023\\\/02\\\/Dingli-Paper-Clips-50-Mm-100-items.webp\",\"contentUrl\":\"https:\\\/\\\/tijuana.com.uy\\\/wp-content\\\/uploads\\\/2023\\\/02\\\/Dingli-Paper-Clips-50-Mm-100-items.webp\",\"width\":800,\"height\":800,\"caption\":\"caja de clips grandes ding li\"},{\"@type\":\"BreadcrumbList\",\"@id\":\"https:\\\/\\\/tijuana.com.uy\\\/?product=caja-de-clips-metalicos-grandes#breadcrumb\",\"itemListElement\":[{\"@type\":\"ListItem\",\"position\":1,\"name\":\"Inicio\",\"item\":\"https:\\\/\\\/tijuana.com.uy\\\/\"},{\"@type\":\"ListItem\",\"position\":2,\"name\":\"Todos nuestros productos\",\"item\":\"https:\\\/\\\/tijuana.com.uy\\\/?page_id=365\"},{\"@type\":\"ListItem\",\"position\":3,\"name\":\"CAJA DE CLIPS METALICOS GRANDES\"}]},{\"@type\":\"WebSite\",\"@id\":\"https:\\\/\\\/tijuana.com.uy\\\/#website\",\"url\":\"https:\\\/\\\/tijuana.com.uy\\\/\",\"name\":\"Tijuana\",\"description\":\"Ecommerce Tijuana\",\"potentialAction\":[{\"@type\":\"SearchAction\",\"target\":{\"@type\":\"EntryPoint\",\"urlTemplate\":\"https:\\\/\\\/tijuana.com.uy\\\/?s={search_term_string}\"},\"query-input\":{\"@type\":\"PropertyValueSpecification\",\"valueRequired\":true,\"valueName\":\"search_term_string\"}}],\"inLanguage\":\"es\"}]}<\/script>\n<!-- \/ Yoast SEO plugin. -->","yoast_head_json":{"title":"CAJA DE CLIPS METALICOS GRANDES - Tijuana","description":"Los Clips Met\u00e1licos Dingli son una excelente opci\u00f3n para asegurar tus hojas, no se requiere ning\u00fan tipo de herramientas para usarlos.","robots":{"index":"index","follow":"follow","max-snippet":"max-snippet:-1","max-image-preview":"max-image-preview:large","max-video-preview":"max-video-preview:-1"},"canonical":"https:\/\/tijuana.com.uy\/?product=caja-de-clips-metalicos-grandes","og_locale":"es_ES","og_type":"article","og_title":"CAJA DE CLIPS METALICOS GRANDES - Tijuana","og_description":"Los Clips Met\u00e1licos Dingli son una excelente opci\u00f3n para asegurar tus hojas, no se requiere ning\u00fan tipo de herramientas para usarlos.","og_url":"https:\/\/tijuana.com.uy\/?product=caja-de-clips-metalicos-grandes","og_site_name":"Tijuana","article_modified_time":"2023-02-24T22:48:46+00:00","og_image":[{"width":800,"height":800,"url":"https:\/\/tijuana.com.uy\/wp-content\/uploads\/2023\/02\/Dingli-Paper-Clips-50-Mm-100-items.webp","type":"image\/webp"}],"twitter_card":"summary_large_image","schema":{"@context":"https:\/\/schema.org","@graph":[{"@type":"WebPage","@id":"https:\/\/tijuana.com.uy\/?product=caja-de-clips-metalicos-grandes","url":"https:\/\/tijuana.com.uy\/?product=caja-de-clips-metalicos-grandes","name":"CAJA DE CLIPS METALICOS GRANDES - Tijuana","isPartOf":{"@id":"https:\/\/tijuana.com.uy\/#website"},"primaryImageOfPage":{"@id":"https:\/\/tijuana.com.uy\/?product=caja-de-clips-metalicos-grandes#primaryimage"},"image":{"@id":"https:\/\/tijuana.com.uy\/?product=caja-de-clips-metalicos-grandes#primaryimage"},"thumbnailUrl":"https:\/\/tijuana.com.uy\/wp-content\/uploads\/2023\/02\/Dingli-Paper-Clips-50-Mm-100-items.webp","datePublished":"2023-02-24T22:48:43+00:00","dateModified":"2023-02-24T22:48:46+00:00","description":"Los Clips Met\u00e1licos Dingli son una excelente opci\u00f3n para asegurar tus hojas, no se requiere ning\u00fan tipo de herramientas para usarlos.","breadcrumb":{"@id":"https:\/\/tijuana.com.uy\/?product=caja-de-clips-metalicos-grandes#breadcrumb"},"inLanguage":"es","potentialAction":[{"@type":"ReadAction","target":["https:\/\/tijuana.com.uy\/?product=caja-de-clips-metalicos-grandes"]}]},{"@type":"ImageObject","inLanguage":"es","@id":"https:\/\/tijuana.com.uy\/?product=caja-de-clips-metalicos-grandes#primaryimage","url":"https:\/\/tijuana.com.uy\/wp-content\/uploads\/2023\/02\/Dingli-Paper-Clips-50-Mm-100-items.webp","contentUrl":"https:\/\/tijuana.com.uy\/wp-content\/uploads\/2023\/02\/Dingli-Paper-Clips-50-Mm-100-items.webp","width":800,"height":800,"caption":"caja de clips grandes ding li"},{"@type":"BreadcrumbList","@id":"https:\/\/tijuana.com.uy\/?product=caja-de-clips-metalicos-grandes#breadcrumb","itemListElement":[{"@type":"ListItem","position":1,"name":"Inicio","item":"https:\/\/tijuana.com.uy\/"},{"@type":"ListItem","position":2,"name":"Todos nuestros productos","item":"https:\/\/tijuana.com.uy\/?page_id=365"},{"@type":"ListItem","position":3,"name":"CAJA DE CLIPS METALICOS GRANDES"}]},{"@type":"WebSite","@id":"https:\/\/tijuana.com.uy\/#website","url":"https:\/\/tijuana.com.uy\/","name":"Tijuana","description":"Ecommerce Tijuana","potentialAction":[{"@type":"SearchAction","target":{"@type":"EntryPoint","urlTemplate":"https:\/\/tijuana.com.uy\/?s={search_term_string}"},"query-input":{"@type":"PropertyValueSpecification","valueRequired":true,"valueName":"search_term_string"}}],"inLanguage":"es"}]}},"_links":{"self":[{"href":"https:\/\/tijuana.com.uy\/index.php?rest_route=\/wp\/v2\/product\/3760","targetHints":{"allow":["GET"]}}],"collection":[{"href":"https:\/\/tijuana.com.uy\/index.php?rest_route=\/wp\/v2\/product"}],"about":[{"href":"https:\/\/tijuana.com.uy\/index.php?rest_route=\/wp\/v2\/types\/product"}],"wp:featuredmedia":[{"embeddable":true,"href":"https:\/\/tijuana.com.uy\/index.php?rest_route=\/wp\/v2\/media\/3763"}],"wp:attachment":[{"href":"https:\/\/tijuana.com.uy\/index.php?rest_route=%2Fwp%2Fv2%2Fmedia&parent=3760"}],"wp:term":[{"taxonomy":"product_brand","embeddable":true,"href":"https:\/\/tijuana.com.uy\/index.php?rest_route=%2Fwp%2Fv2%2Fproduct_brand&post=3760"},{"taxonomy":"product_cat","embeddable":true,"href":"https:\/\/tijuana.com.uy\/index.php?rest_route=%2Fwp%2Fv2%2Fproduct_cat&post=3760"},{"taxonomy":"product_tag","embeddable":true,"href":"https:\/\/tijuana.com.uy\/index.php?rest_route=%2Fwp%2Fv2%2Fproduct_tag&post=3760"}],"curies":[{"name":"wp","href":"https:\/\/api.w.org\/{rel}","templated":true}]}}