{"id":3794,"date":"2023-02-25T00:00:00","date_gmt":"2023-02-25T00:00:00","guid":{"rendered":"https:\/\/tijuana.com.uy\/?post_type=product&#038;p=3794"},"modified":"2023-02-25T00:00:29","modified_gmt":"2023-02-25T00:00:29","slug":"lapiz-mecanico-pilot-progrex","status":"publish","type":"product","link":"https:\/\/tijuana.com.uy\/?product=lapiz-mecanico-pilot-progrex","title":{"rendered":"L\u00c1PIZ MEC\u00c1NICO PILOT PROGREX 0.5"},"content":{"rendered":"","protected":false},"excerpt":{"rendered":"<p>L\u00e1piz mec\u00e1nico Pilot Progrex con punta retr\u00e1ctil y empu\u00f1adura de goma. Funda de metal deslizante, agarre ergon\u00f3mico y borrador integrado. Mina: 0.5<\/p>\n","protected":false},"featured_media":3795,"template":"","meta":[],"product_brand":[],"product_cat":[58,159,59,25],"product_tag":[119],"class_list":{"0":"post-3794","1":"product","2":"type-product","3":"status-publish","4":"has-post-thumbnail","6":"product_cat-escolares","7":"product_cat-lapices","8":"product_cat-oficina","9":"product_cat-papeleria","10":"product_tag-pilot","12":"first","13":"instock","14":"taxable","15":"shipping-taxable","16":"purchasable","17":"product-type-simple"},"yoast_head":"<!-- This site is optimized with the Yoast SEO plugin v27.5 - https:\/\/yoast.com\/product\/yoast-seo-wordpress\/ -->\n<title>L\u00c1PIZ MEC\u00c1NICO PILOT PROGREX 0.5 - Tijuana<\/title>\n<meta name=\"description\" content=\"Lapiz mecanico Pilot Progrex con punta retr\u00e1ctil y empu\u00f1adura de goma. Funda de metal deslizante, agarre ergon\u00f3mico y borrador integrado. Mina: 0.5\" \/>\n<meta name=\"robots\" content=\"index, follow, max-snippet:-1, max-image-preview:large, max-video-preview:-1\" \/>\n<link rel=\"canonical\" href=\"https:\/\/tijuana.com.uy\/?product=lapiz-mecanico-pilot-progrex\" \/>\n<meta property=\"og:locale\" content=\"es_ES\" \/>\n<meta property=\"og:type\" content=\"article\" \/>\n<meta property=\"og:title\" content=\"L\u00c1PIZ MEC\u00c1NICO PILOT PROGREX 0.5 - Tijuana\" \/>\n<meta property=\"og:description\" content=\"Lapiz mecanico Pilot Progrex con punta retr\u00e1ctil y empu\u00f1adura de goma. Funda de metal deslizante, agarre ergon\u00f3mico y borrador integrado. Mina: 0.5\" \/>\n<meta property=\"og:url\" content=\"https:\/\/tijuana.com.uy\/?product=lapiz-mecanico-pilot-progrex\" \/>\n<meta property=\"og:site_name\" content=\"Tijuana\" \/>\n<meta property=\"article:modified_time\" content=\"2023-02-25T00:00:29+00:00\" \/>\n<meta property=\"og:image\" content=\"https:\/\/tijuana.com.uy\/wp-content\/uploads\/2023\/02\/D_NQ_NP_869104-MLU32674101747_102019-O.jpg\" \/>\n\t<meta property=\"og:image:width\" content=\"493\" \/>\n\t<meta property=\"og:image:height\" content=\"500\" \/>\n\t<meta property=\"og:image:type\" content=\"image\/jpeg\" \/>\n<meta name=\"twitter:card\" content=\"summary_large_image\" \/>\n<script type=\"application\/ld+json\" class=\"yoast-schema-graph\">{\"@context\":\"https:\\\/\\\/schema.org\",\"@graph\":[{\"@type\":\"WebPage\",\"@id\":\"https:\\\/\\\/tijuana.com.uy\\\/?product=lapiz-mecanico-pilot-progrex\",\"url\":\"https:\\\/\\\/tijuana.com.uy\\\/?product=lapiz-mecanico-pilot-progrex\",\"name\":\"L\u00c1PIZ MEC\u00c1NICO PILOT PROGREX 0.5 - Tijuana\",\"isPartOf\":{\"@id\":\"https:\\\/\\\/tijuana.com.uy\\\/#website\"},\"primaryImageOfPage\":{\"@id\":\"https:\\\/\\\/tijuana.com.uy\\\/?product=lapiz-mecanico-pilot-progrex#primaryimage\"},\"image\":{\"@id\":\"https:\\\/\\\/tijuana.com.uy\\\/?product=lapiz-mecanico-pilot-progrex#primaryimage\"},\"thumbnailUrl\":\"https:\\\/\\\/tijuana.com.uy\\\/wp-content\\\/uploads\\\/2023\\\/02\\\/D_NQ_NP_869104-MLU32674101747_102019-O.jpg\",\"datePublished\":\"2023-02-25T00:00:00+00:00\",\"dateModified\":\"2023-02-25T00:00:29+00:00\",\"description\":\"Lapiz mecanico Pilot Progrex con punta retr\u00e1ctil y empu\u00f1adura de goma. Funda de metal deslizante, agarre ergon\u00f3mico y borrador integrado. Mina: 0.5\",\"breadcrumb\":{\"@id\":\"https:\\\/\\\/tijuana.com.uy\\\/?product=lapiz-mecanico-pilot-progrex#breadcrumb\"},\"inLanguage\":\"es\",\"potentialAction\":[{\"@type\":\"ReadAction\",\"target\":[\"https:\\\/\\\/tijuana.com.uy\\\/?product=lapiz-mecanico-pilot-progrex\"]}]},{\"@type\":\"ImageObject\",\"inLanguage\":\"es\",\"@id\":\"https:\\\/\\\/tijuana.com.uy\\\/?product=lapiz-mecanico-pilot-progrex#primaryimage\",\"url\":\"https:\\\/\\\/tijuana.com.uy\\\/wp-content\\\/uploads\\\/2023\\\/02\\\/D_NQ_NP_869104-MLU32674101747_102019-O.jpg\",\"contentUrl\":\"https:\\\/\\\/tijuana.com.uy\\\/wp-content\\\/uploads\\\/2023\\\/02\\\/D_NQ_NP_869104-MLU32674101747_102019-O.jpg\",\"width\":493,\"height\":500,\"caption\":\"LAPIZ MECANICO PILOT PROGREX\"},{\"@type\":\"BreadcrumbList\",\"@id\":\"https:\\\/\\\/tijuana.com.uy\\\/?product=lapiz-mecanico-pilot-progrex#breadcrumb\",\"itemListElement\":[{\"@type\":\"ListItem\",\"position\":1,\"name\":\"Inicio\",\"item\":\"https:\\\/\\\/tijuana.com.uy\\\/\"},{\"@type\":\"ListItem\",\"position\":2,\"name\":\"Todos nuestros productos\",\"item\":\"https:\\\/\\\/tijuana.com.uy\\\/?page_id=365\"},{\"@type\":\"ListItem\",\"position\":3,\"name\":\"L\u00c1PIZ MEC\u00c1NICO PILOT PROGREX 0.5\"}]},{\"@type\":\"WebSite\",\"@id\":\"https:\\\/\\\/tijuana.com.uy\\\/#website\",\"url\":\"https:\\\/\\\/tijuana.com.uy\\\/\",\"name\":\"Tijuana\",\"description\":\"Ecommerce Tijuana\",\"potentialAction\":[{\"@type\":\"SearchAction\",\"target\":{\"@type\":\"EntryPoint\",\"urlTemplate\":\"https:\\\/\\\/tijuana.com.uy\\\/?s={search_term_string}\"},\"query-input\":{\"@type\":\"PropertyValueSpecification\",\"valueRequired\":true,\"valueName\":\"search_term_string\"}}],\"inLanguage\":\"es\"}]}<\/script>\n<!-- \/ Yoast SEO plugin. -->","yoast_head_json":{"title":"L\u00c1PIZ MEC\u00c1NICO PILOT PROGREX 0.5 - Tijuana","description":"Lapiz mecanico Pilot Progrex con punta retr\u00e1ctil y empu\u00f1adura de goma. Funda de metal deslizante, agarre ergon\u00f3mico y borrador integrado. Mina: 0.5","robots":{"index":"index","follow":"follow","max-snippet":"max-snippet:-1","max-image-preview":"max-image-preview:large","max-video-preview":"max-video-preview:-1"},"canonical":"https:\/\/tijuana.com.uy\/?product=lapiz-mecanico-pilot-progrex","og_locale":"es_ES","og_type":"article","og_title":"L\u00c1PIZ MEC\u00c1NICO PILOT PROGREX 0.5 - Tijuana","og_description":"Lapiz mecanico Pilot Progrex con punta retr\u00e1ctil y empu\u00f1adura de goma. Funda de metal deslizante, agarre ergon\u00f3mico y borrador integrado. Mina: 0.5","og_url":"https:\/\/tijuana.com.uy\/?product=lapiz-mecanico-pilot-progrex","og_site_name":"Tijuana","article_modified_time":"2023-02-25T00:00:29+00:00","og_image":[{"width":493,"height":500,"url":"https:\/\/tijuana.com.uy\/wp-content\/uploads\/2023\/02\/D_NQ_NP_869104-MLU32674101747_102019-O.jpg","type":"image\/jpeg"}],"twitter_card":"summary_large_image","schema":{"@context":"https:\/\/schema.org","@graph":[{"@type":"WebPage","@id":"https:\/\/tijuana.com.uy\/?product=lapiz-mecanico-pilot-progrex","url":"https:\/\/tijuana.com.uy\/?product=lapiz-mecanico-pilot-progrex","name":"L\u00c1PIZ MEC\u00c1NICO PILOT PROGREX 0.5 - Tijuana","isPartOf":{"@id":"https:\/\/tijuana.com.uy\/#website"},"primaryImageOfPage":{"@id":"https:\/\/tijuana.com.uy\/?product=lapiz-mecanico-pilot-progrex#primaryimage"},"image":{"@id":"https:\/\/tijuana.com.uy\/?product=lapiz-mecanico-pilot-progrex#primaryimage"},"thumbnailUrl":"https:\/\/tijuana.com.uy\/wp-content\/uploads\/2023\/02\/D_NQ_NP_869104-MLU32674101747_102019-O.jpg","datePublished":"2023-02-25T00:00:00+00:00","dateModified":"2023-02-25T00:00:29+00:00","description":"Lapiz mecanico Pilot Progrex con punta retr\u00e1ctil y empu\u00f1adura de goma. Funda de metal deslizante, agarre ergon\u00f3mico y borrador integrado. Mina: 0.5","breadcrumb":{"@id":"https:\/\/tijuana.com.uy\/?product=lapiz-mecanico-pilot-progrex#breadcrumb"},"inLanguage":"es","potentialAction":[{"@type":"ReadAction","target":["https:\/\/tijuana.com.uy\/?product=lapiz-mecanico-pilot-progrex"]}]},{"@type":"ImageObject","inLanguage":"es","@id":"https:\/\/tijuana.com.uy\/?product=lapiz-mecanico-pilot-progrex#primaryimage","url":"https:\/\/tijuana.com.uy\/wp-content\/uploads\/2023\/02\/D_NQ_NP_869104-MLU32674101747_102019-O.jpg","contentUrl":"https:\/\/tijuana.com.uy\/wp-content\/uploads\/2023\/02\/D_NQ_NP_869104-MLU32674101747_102019-O.jpg","width":493,"height":500,"caption":"LAPIZ MECANICO PILOT PROGREX"},{"@type":"BreadcrumbList","@id":"https:\/\/tijuana.com.uy\/?product=lapiz-mecanico-pilot-progrex#breadcrumb","itemListElement":[{"@type":"ListItem","position":1,"name":"Inicio","item":"https:\/\/tijuana.com.uy\/"},{"@type":"ListItem","position":2,"name":"Todos nuestros productos","item":"https:\/\/tijuana.com.uy\/?page_id=365"},{"@type":"ListItem","position":3,"name":"L\u00c1PIZ MEC\u00c1NICO PILOT PROGREX 0.5"}]},{"@type":"WebSite","@id":"https:\/\/tijuana.com.uy\/#website","url":"https:\/\/tijuana.com.uy\/","name":"Tijuana","description":"Ecommerce Tijuana","potentialAction":[{"@type":"SearchAction","target":{"@type":"EntryPoint","urlTemplate":"https:\/\/tijuana.com.uy\/?s={search_term_string}"},"query-input":{"@type":"PropertyValueSpecification","valueRequired":true,"valueName":"search_term_string"}}],"inLanguage":"es"}]}},"_links":{"self":[{"href":"https:\/\/tijuana.com.uy\/index.php?rest_route=\/wp\/v2\/product\/3794","targetHints":{"allow":["GET"]}}],"collection":[{"href":"https:\/\/tijuana.com.uy\/index.php?rest_route=\/wp\/v2\/product"}],"about":[{"href":"https:\/\/tijuana.com.uy\/index.php?rest_route=\/wp\/v2\/types\/product"}],"wp:featuredmedia":[{"embeddable":true,"href":"https:\/\/tijuana.com.uy\/index.php?rest_route=\/wp\/v2\/media\/3795"}],"wp:attachment":[{"href":"https:\/\/tijuana.com.uy\/index.php?rest_route=%2Fwp%2Fv2%2Fmedia&parent=3794"}],"wp:term":[{"taxonomy":"product_brand","embeddable":true,"href":"https:\/\/tijuana.com.uy\/index.php?rest_route=%2Fwp%2Fv2%2Fproduct_brand&post=3794"},{"taxonomy":"product_cat","embeddable":true,"href":"https:\/\/tijuana.com.uy\/index.php?rest_route=%2Fwp%2Fv2%2Fproduct_cat&post=3794"},{"taxonomy":"product_tag","embeddable":true,"href":"https:\/\/tijuana.com.uy\/index.php?rest_route=%2Fwp%2Fv2%2Fproduct_tag&post=3794"}],"curies":[{"name":"wp","href":"https:\/\/api.w.org\/{rel}","templated":true}]}}