{"id":3802,"date":"2023-02-25T00:17:02","date_gmt":"2023-02-25T00:17:02","guid":{"rendered":"https:\/\/tijuana.com.uy\/?post_type=product&#038;p=3802"},"modified":"2023-02-25T00:17:25","modified_gmt":"2023-02-25T00:17:25","slug":"lapiz-mecanico-omega-tri-o-teen","status":"publish","type":"product","link":"https:\/\/tijuana.com.uy\/?product=lapiz-mecanico-omega-tri-o-teen","title":{"rendered":"L\u00c1PIZ MEC\u00c1NICO OMEGA TRI-O TEEN"},"content":{"rendered":"","protected":false},"excerpt":{"rendered":"<p>L\u00e1piz mec\u00e1nico marca Omega con cuerpo triangular y goma de borrar integrada. Cuerpo del l\u00e1piz de colores fluo<br \/>\nMinas: 0.5<\/p>\n","protected":false},"featured_media":3803,"template":"","meta":[],"product_brand":[],"product_cat":[58,159,59,25],"product_tag":[72],"class_list":{"0":"post-3802","1":"product","2":"type-product","3":"status-publish","4":"has-post-thumbnail","6":"product_cat-escolares","7":"product_cat-lapices","8":"product_cat-oficina","9":"product_cat-papeleria","10":"product_tag-omega","12":"first","13":"instock","14":"taxable","15":"shipping-taxable","16":"purchasable","17":"product-type-simple"},"yoast_head":"<!-- This site is optimized with the Yoast SEO plugin v27.5 - https:\/\/yoast.com\/product\/yoast-seo-wordpress\/ -->\n<title>L\u00c1PIZ MEC\u00c1NICO OMEGA TRI-O TEEN - Tijuana<\/title>\n<meta name=\"description\" content=\"L\u00e1piz mec\u00e1nico marca Omega con cuerpo triangular y goma de borrar integrada. Cuerpo del l\u00e1piz de colores fluo. Minas: 0.5\" \/>\n<meta name=\"robots\" content=\"index, follow, max-snippet:-1, max-image-preview:large, max-video-preview:-1\" \/>\n<link rel=\"canonical\" href=\"https:\/\/tijuana.com.uy\/?product=lapiz-mecanico-omega-tri-o-teen\" \/>\n<meta property=\"og:locale\" content=\"es_ES\" \/>\n<meta property=\"og:type\" content=\"article\" \/>\n<meta property=\"og:title\" content=\"L\u00c1PIZ MEC\u00c1NICO OMEGA TRI-O TEEN - Tijuana\" \/>\n<meta property=\"og:description\" content=\"L\u00e1piz mec\u00e1nico marca Omega con cuerpo triangular y goma de borrar integrada. Cuerpo del l\u00e1piz de colores fluo. Minas: 0.5\" \/>\n<meta property=\"og:url\" content=\"https:\/\/tijuana.com.uy\/?product=lapiz-mecanico-omega-tri-o-teen\" \/>\n<meta property=\"og:site_name\" content=\"Tijuana\" \/>\n<meta property=\"article:modified_time\" content=\"2023-02-25T00:17:25+00:00\" \/>\n<meta property=\"og:image\" content=\"https:\/\/tijuana.com.uy\/wp-content\/uploads\/2023\/02\/image-5.jpg\" \/>\n\t<meta property=\"og:image:width\" content=\"500\" \/>\n\t<meta property=\"og:image:height\" content=\"498\" \/>\n\t<meta property=\"og:image:type\" content=\"image\/jpeg\" \/>\n<meta name=\"twitter:card\" content=\"summary_large_image\" \/>\n<script type=\"application\/ld+json\" class=\"yoast-schema-graph\">{\"@context\":\"https:\\\/\\\/schema.org\",\"@graph\":[{\"@type\":\"WebPage\",\"@id\":\"https:\\\/\\\/tijuana.com.uy\\\/?product=lapiz-mecanico-omega-tri-o-teen\",\"url\":\"https:\\\/\\\/tijuana.com.uy\\\/?product=lapiz-mecanico-omega-tri-o-teen\",\"name\":\"L\u00c1PIZ MEC\u00c1NICO OMEGA TRI-O TEEN - Tijuana\",\"isPartOf\":{\"@id\":\"https:\\\/\\\/tijuana.com.uy\\\/#website\"},\"primaryImageOfPage\":{\"@id\":\"https:\\\/\\\/tijuana.com.uy\\\/?product=lapiz-mecanico-omega-tri-o-teen#primaryimage\"},\"image\":{\"@id\":\"https:\\\/\\\/tijuana.com.uy\\\/?product=lapiz-mecanico-omega-tri-o-teen#primaryimage\"},\"thumbnailUrl\":\"https:\\\/\\\/tijuana.com.uy\\\/wp-content\\\/uploads\\\/2023\\\/02\\\/image-5.jpg\",\"datePublished\":\"2023-02-25T00:17:02+00:00\",\"dateModified\":\"2023-02-25T00:17:25+00:00\",\"description\":\"L\u00e1piz mec\u00e1nico marca Omega con cuerpo triangular y goma de borrar integrada. Cuerpo del l\u00e1piz de colores fluo. Minas: 0.5\",\"breadcrumb\":{\"@id\":\"https:\\\/\\\/tijuana.com.uy\\\/?product=lapiz-mecanico-omega-tri-o-teen#breadcrumb\"},\"inLanguage\":\"es\",\"potentialAction\":[{\"@type\":\"ReadAction\",\"target\":[\"https:\\\/\\\/tijuana.com.uy\\\/?product=lapiz-mecanico-omega-tri-o-teen\"]}]},{\"@type\":\"ImageObject\",\"inLanguage\":\"es\",\"@id\":\"https:\\\/\\\/tijuana.com.uy\\\/?product=lapiz-mecanico-omega-tri-o-teen#primaryimage\",\"url\":\"https:\\\/\\\/tijuana.com.uy\\\/wp-content\\\/uploads\\\/2023\\\/02\\\/image-5.jpg\",\"contentUrl\":\"https:\\\/\\\/tijuana.com.uy\\\/wp-content\\\/uploads\\\/2023\\\/02\\\/image-5.jpg\",\"width\":500,\"height\":498,\"caption\":\"L\u00c1PIZ MEC\u00c1NICO OMEGA TRI-O TEEN\"},{\"@type\":\"BreadcrumbList\",\"@id\":\"https:\\\/\\\/tijuana.com.uy\\\/?product=lapiz-mecanico-omega-tri-o-teen#breadcrumb\",\"itemListElement\":[{\"@type\":\"ListItem\",\"position\":1,\"name\":\"Inicio\",\"item\":\"https:\\\/\\\/tijuana.com.uy\\\/\"},{\"@type\":\"ListItem\",\"position\":2,\"name\":\"Todos nuestros productos\",\"item\":\"https:\\\/\\\/tijuana.com.uy\\\/?page_id=365\"},{\"@type\":\"ListItem\",\"position\":3,\"name\":\"L\u00c1PIZ MEC\u00c1NICO OMEGA TRI-O TEEN\"}]},{\"@type\":\"WebSite\",\"@id\":\"https:\\\/\\\/tijuana.com.uy\\\/#website\",\"url\":\"https:\\\/\\\/tijuana.com.uy\\\/\",\"name\":\"Tijuana\",\"description\":\"Ecommerce Tijuana\",\"potentialAction\":[{\"@type\":\"SearchAction\",\"target\":{\"@type\":\"EntryPoint\",\"urlTemplate\":\"https:\\\/\\\/tijuana.com.uy\\\/?s={search_term_string}\"},\"query-input\":{\"@type\":\"PropertyValueSpecification\",\"valueRequired\":true,\"valueName\":\"search_term_string\"}}],\"inLanguage\":\"es\"}]}<\/script>\n<!-- \/ Yoast SEO plugin. -->","yoast_head_json":{"title":"L\u00c1PIZ MEC\u00c1NICO OMEGA TRI-O TEEN - Tijuana","description":"L\u00e1piz mec\u00e1nico marca Omega con cuerpo triangular y goma de borrar integrada. Cuerpo del l\u00e1piz de colores fluo. Minas: 0.5","robots":{"index":"index","follow":"follow","max-snippet":"max-snippet:-1","max-image-preview":"max-image-preview:large","max-video-preview":"max-video-preview:-1"},"canonical":"https:\/\/tijuana.com.uy\/?product=lapiz-mecanico-omega-tri-o-teen","og_locale":"es_ES","og_type":"article","og_title":"L\u00c1PIZ MEC\u00c1NICO OMEGA TRI-O TEEN - Tijuana","og_description":"L\u00e1piz mec\u00e1nico marca Omega con cuerpo triangular y goma de borrar integrada. Cuerpo del l\u00e1piz de colores fluo. Minas: 0.5","og_url":"https:\/\/tijuana.com.uy\/?product=lapiz-mecanico-omega-tri-o-teen","og_site_name":"Tijuana","article_modified_time":"2023-02-25T00:17:25+00:00","og_image":[{"width":500,"height":498,"url":"https:\/\/tijuana.com.uy\/wp-content\/uploads\/2023\/02\/image-5.jpg","type":"image\/jpeg"}],"twitter_card":"summary_large_image","schema":{"@context":"https:\/\/schema.org","@graph":[{"@type":"WebPage","@id":"https:\/\/tijuana.com.uy\/?product=lapiz-mecanico-omega-tri-o-teen","url":"https:\/\/tijuana.com.uy\/?product=lapiz-mecanico-omega-tri-o-teen","name":"L\u00c1PIZ MEC\u00c1NICO OMEGA TRI-O TEEN - Tijuana","isPartOf":{"@id":"https:\/\/tijuana.com.uy\/#website"},"primaryImageOfPage":{"@id":"https:\/\/tijuana.com.uy\/?product=lapiz-mecanico-omega-tri-o-teen#primaryimage"},"image":{"@id":"https:\/\/tijuana.com.uy\/?product=lapiz-mecanico-omega-tri-o-teen#primaryimage"},"thumbnailUrl":"https:\/\/tijuana.com.uy\/wp-content\/uploads\/2023\/02\/image-5.jpg","datePublished":"2023-02-25T00:17:02+00:00","dateModified":"2023-02-25T00:17:25+00:00","description":"L\u00e1piz mec\u00e1nico marca Omega con cuerpo triangular y goma de borrar integrada. Cuerpo del l\u00e1piz de colores fluo. Minas: 0.5","breadcrumb":{"@id":"https:\/\/tijuana.com.uy\/?product=lapiz-mecanico-omega-tri-o-teen#breadcrumb"},"inLanguage":"es","potentialAction":[{"@type":"ReadAction","target":["https:\/\/tijuana.com.uy\/?product=lapiz-mecanico-omega-tri-o-teen"]}]},{"@type":"ImageObject","inLanguage":"es","@id":"https:\/\/tijuana.com.uy\/?product=lapiz-mecanico-omega-tri-o-teen#primaryimage","url":"https:\/\/tijuana.com.uy\/wp-content\/uploads\/2023\/02\/image-5.jpg","contentUrl":"https:\/\/tijuana.com.uy\/wp-content\/uploads\/2023\/02\/image-5.jpg","width":500,"height":498,"caption":"L\u00c1PIZ MEC\u00c1NICO OMEGA TRI-O TEEN"},{"@type":"BreadcrumbList","@id":"https:\/\/tijuana.com.uy\/?product=lapiz-mecanico-omega-tri-o-teen#breadcrumb","itemListElement":[{"@type":"ListItem","position":1,"name":"Inicio","item":"https:\/\/tijuana.com.uy\/"},{"@type":"ListItem","position":2,"name":"Todos nuestros productos","item":"https:\/\/tijuana.com.uy\/?page_id=365"},{"@type":"ListItem","position":3,"name":"L\u00c1PIZ MEC\u00c1NICO OMEGA TRI-O TEEN"}]},{"@type":"WebSite","@id":"https:\/\/tijuana.com.uy\/#website","url":"https:\/\/tijuana.com.uy\/","name":"Tijuana","description":"Ecommerce Tijuana","potentialAction":[{"@type":"SearchAction","target":{"@type":"EntryPoint","urlTemplate":"https:\/\/tijuana.com.uy\/?s={search_term_string}"},"query-input":{"@type":"PropertyValueSpecification","valueRequired":true,"valueName":"search_term_string"}}],"inLanguage":"es"}]}},"_links":{"self":[{"href":"https:\/\/tijuana.com.uy\/index.php?rest_route=\/wp\/v2\/product\/3802","targetHints":{"allow":["GET"]}}],"collection":[{"href":"https:\/\/tijuana.com.uy\/index.php?rest_route=\/wp\/v2\/product"}],"about":[{"href":"https:\/\/tijuana.com.uy\/index.php?rest_route=\/wp\/v2\/types\/product"}],"wp:featuredmedia":[{"embeddable":true,"href":"https:\/\/tijuana.com.uy\/index.php?rest_route=\/wp\/v2\/media\/3803"}],"wp:attachment":[{"href":"https:\/\/tijuana.com.uy\/index.php?rest_route=%2Fwp%2Fv2%2Fmedia&parent=3802"}],"wp:term":[{"taxonomy":"product_brand","embeddable":true,"href":"https:\/\/tijuana.com.uy\/index.php?rest_route=%2Fwp%2Fv2%2Fproduct_brand&post=3802"},{"taxonomy":"product_cat","embeddable":true,"href":"https:\/\/tijuana.com.uy\/index.php?rest_route=%2Fwp%2Fv2%2Fproduct_cat&post=3802"},{"taxonomy":"product_tag","embeddable":true,"href":"https:\/\/tijuana.com.uy\/index.php?rest_route=%2Fwp%2Fv2%2Fproduct_tag&post=3802"}],"curies":[{"name":"wp","href":"https:\/\/api.w.org\/{rel}","templated":true}]}}