{"id":4078,"date":"2023-03-10T01:02:44","date_gmt":"2023-03-10T01:02:44","guid":{"rendered":"https:\/\/tijuana.com.uy\/?post_type=product&#038;p=4078"},"modified":"2024-09-05T12:44:14","modified_gmt":"2024-09-05T15:44:14","slug":"solar-rover-4m","status":"publish","type":"product","link":"https:\/\/tijuana.com.uy\/?product=solar-rover-4m","title":{"rendered":"SOLAR ROVER"},"content":{"rendered":"","protected":false},"excerpt":{"rendered":"<p>\u00a1Transforma una lata de refresco reciclada en un veh\u00edculo de energ\u00eda solar!<\/p>\n<p>Este kit incluye todas las piezas necesarias para construir un autom\u00f3vil con energ\u00eda solar. El panel solar convierte la luz del sol en electricidad que hace que funcione el motor. Perfecto para j\u00f3venes cient\u00edficos interesados en la mec\u00e1nica y las fuentes de energ\u00eda alternativas.<\/p>\n<p>Instrucciones detalladas de montaje incluidas.<\/p>\n","protected":false},"featured_media":4081,"template":"","meta":[],"product_brand":[],"product_cat":[212,26],"product_tag":[67,66],"class_list":{"0":"post-4078","1":"product","2":"type-product","3":"status-publish","4":"has-post-thumbnail","6":"product_cat-4m","7":"product_cat-jugueteria","8":"product_tag-7anos","9":"product_tag-5-6anos","11":"first","12":"outofstock","13":"taxable","14":"shipping-taxable","15":"purchasable","16":"product-type-simple"},"yoast_head":"<!-- This site is optimized with the Yoast SEO plugin v27.5 - https:\/\/yoast.com\/product\/yoast-seo-wordpress\/ -->\n<title>SOLAR ROVER - Tijuana<\/title>\n<meta name=\"description\" content=\"\u00a1Transforma una lata de refresco reciclada en un veh\u00edculo de energ\u00eda solar!Este kit incluye todas las piezas necesarias para construir un autom\u00f3vil.\" \/>\n<meta name=\"robots\" content=\"index, follow, max-snippet:-1, max-image-preview:large, max-video-preview:-1\" \/>\n<link rel=\"canonical\" href=\"https:\/\/tijuana.com.uy\/?product=solar-rover-4m\" \/>\n<meta property=\"og:locale\" content=\"es_ES\" \/>\n<meta property=\"og:type\" content=\"article\" \/>\n<meta property=\"og:title\" content=\"SOLAR ROVER - Tijuana\" \/>\n<meta property=\"og:description\" content=\"\u00a1Transforma una lata de refresco reciclada en un veh\u00edculo de energ\u00eda solar!Este kit incluye todas las piezas necesarias para construir un autom\u00f3vil.\" \/>\n<meta property=\"og:url\" content=\"https:\/\/tijuana.com.uy\/?product=solar-rover-4m\" \/>\n<meta property=\"og:site_name\" content=\"Tijuana\" \/>\n<meta property=\"article:modified_time\" content=\"2024-09-05T15:44:14+00:00\" \/>\n<meta property=\"og:image\" content=\"https:\/\/tijuana.com.uy\/wp-content\/uploads\/2023\/03\/SOLAR-ROVER-4M-1.jpg\" \/>\n\t<meta property=\"og:image:width\" content=\"960\" \/>\n\t<meta property=\"og:image:height\" content=\"720\" \/>\n\t<meta property=\"og:image:type\" content=\"image\/jpeg\" \/>\n<meta name=\"twitter:card\" content=\"summary_large_image\" \/>\n<script type=\"application\/ld+json\" class=\"yoast-schema-graph\">{\"@context\":\"https:\\\/\\\/schema.org\",\"@graph\":[{\"@type\":\"WebPage\",\"@id\":\"https:\\\/\\\/tijuana.com.uy\\\/?product=solar-rover-4m\",\"url\":\"https:\\\/\\\/tijuana.com.uy\\\/?product=solar-rover-4m\",\"name\":\"SOLAR ROVER - Tijuana\",\"isPartOf\":{\"@id\":\"https:\\\/\\\/tijuana.com.uy\\\/#website\"},\"primaryImageOfPage\":{\"@id\":\"https:\\\/\\\/tijuana.com.uy\\\/?product=solar-rover-4m#primaryimage\"},\"image\":{\"@id\":\"https:\\\/\\\/tijuana.com.uy\\\/?product=solar-rover-4m#primaryimage\"},\"thumbnailUrl\":\"https:\\\/\\\/tijuana.com.uy\\\/wp-content\\\/uploads\\\/2023\\\/03\\\/SOLAR-ROVER-4M-1.jpg\",\"datePublished\":\"2023-03-10T01:02:44+00:00\",\"dateModified\":\"2024-09-05T15:44:14+00:00\",\"description\":\"\u00a1Transforma una lata de refresco reciclada en un veh\u00edculo de energ\u00eda solar!Este kit incluye todas las piezas necesarias para construir un autom\u00f3vil.\",\"breadcrumb\":{\"@id\":\"https:\\\/\\\/tijuana.com.uy\\\/?product=solar-rover-4m#breadcrumb\"},\"inLanguage\":\"es\",\"potentialAction\":[{\"@type\":\"ReadAction\",\"target\":[\"https:\\\/\\\/tijuana.com.uy\\\/?product=solar-rover-4m\"]}]},{\"@type\":\"ImageObject\",\"inLanguage\":\"es\",\"@id\":\"https:\\\/\\\/tijuana.com.uy\\\/?product=solar-rover-4m#primaryimage\",\"url\":\"https:\\\/\\\/tijuana.com.uy\\\/wp-content\\\/uploads\\\/2023\\\/03\\\/SOLAR-ROVER-4M-1.jpg\",\"contentUrl\":\"https:\\\/\\\/tijuana.com.uy\\\/wp-content\\\/uploads\\\/2023\\\/03\\\/SOLAR-ROVER-4M-1.jpg\",\"width\":960,\"height\":720,\"caption\":\"SOLAR ROVER 4M\"},{\"@type\":\"BreadcrumbList\",\"@id\":\"https:\\\/\\\/tijuana.com.uy\\\/?product=solar-rover-4m#breadcrumb\",\"itemListElement\":[{\"@type\":\"ListItem\",\"position\":1,\"name\":\"Inicio\",\"item\":\"https:\\\/\\\/tijuana.com.uy\\\/\"},{\"@type\":\"ListItem\",\"position\":2,\"name\":\"Todos nuestros productos\",\"item\":\"https:\\\/\\\/tijuana.com.uy\\\/?page_id=365\"},{\"@type\":\"ListItem\",\"position\":3,\"name\":\"SOLAR ROVER\"}]},{\"@type\":\"WebSite\",\"@id\":\"https:\\\/\\\/tijuana.com.uy\\\/#website\",\"url\":\"https:\\\/\\\/tijuana.com.uy\\\/\",\"name\":\"Tijuana\",\"description\":\"Ecommerce Tijuana\",\"potentialAction\":[{\"@type\":\"SearchAction\",\"target\":{\"@type\":\"EntryPoint\",\"urlTemplate\":\"https:\\\/\\\/tijuana.com.uy\\\/?s={search_term_string}\"},\"query-input\":{\"@type\":\"PropertyValueSpecification\",\"valueRequired\":true,\"valueName\":\"search_term_string\"}}],\"inLanguage\":\"es\"}]}<\/script>\n<!-- \/ Yoast SEO plugin. -->","yoast_head_json":{"title":"SOLAR ROVER - Tijuana","description":"\u00a1Transforma una lata de refresco reciclada en un veh\u00edculo de energ\u00eda solar!Este kit incluye todas las piezas necesarias para construir un autom\u00f3vil.","robots":{"index":"index","follow":"follow","max-snippet":"max-snippet:-1","max-image-preview":"max-image-preview:large","max-video-preview":"max-video-preview:-1"},"canonical":"https:\/\/tijuana.com.uy\/?product=solar-rover-4m","og_locale":"es_ES","og_type":"article","og_title":"SOLAR ROVER - Tijuana","og_description":"\u00a1Transforma una lata de refresco reciclada en un veh\u00edculo de energ\u00eda solar!Este kit incluye todas las piezas necesarias para construir un autom\u00f3vil.","og_url":"https:\/\/tijuana.com.uy\/?product=solar-rover-4m","og_site_name":"Tijuana","article_modified_time":"2024-09-05T15:44:14+00:00","og_image":[{"width":960,"height":720,"url":"https:\/\/tijuana.com.uy\/wp-content\/uploads\/2023\/03\/SOLAR-ROVER-4M-1.jpg","type":"image\/jpeg"}],"twitter_card":"summary_large_image","schema":{"@context":"https:\/\/schema.org","@graph":[{"@type":"WebPage","@id":"https:\/\/tijuana.com.uy\/?product=solar-rover-4m","url":"https:\/\/tijuana.com.uy\/?product=solar-rover-4m","name":"SOLAR ROVER - Tijuana","isPartOf":{"@id":"https:\/\/tijuana.com.uy\/#website"},"primaryImageOfPage":{"@id":"https:\/\/tijuana.com.uy\/?product=solar-rover-4m#primaryimage"},"image":{"@id":"https:\/\/tijuana.com.uy\/?product=solar-rover-4m#primaryimage"},"thumbnailUrl":"https:\/\/tijuana.com.uy\/wp-content\/uploads\/2023\/03\/SOLAR-ROVER-4M-1.jpg","datePublished":"2023-03-10T01:02:44+00:00","dateModified":"2024-09-05T15:44:14+00:00","description":"\u00a1Transforma una lata de refresco reciclada en un veh\u00edculo de energ\u00eda solar!Este kit incluye todas las piezas necesarias para construir un autom\u00f3vil.","breadcrumb":{"@id":"https:\/\/tijuana.com.uy\/?product=solar-rover-4m#breadcrumb"},"inLanguage":"es","potentialAction":[{"@type":"ReadAction","target":["https:\/\/tijuana.com.uy\/?product=solar-rover-4m"]}]},{"@type":"ImageObject","inLanguage":"es","@id":"https:\/\/tijuana.com.uy\/?product=solar-rover-4m#primaryimage","url":"https:\/\/tijuana.com.uy\/wp-content\/uploads\/2023\/03\/SOLAR-ROVER-4M-1.jpg","contentUrl":"https:\/\/tijuana.com.uy\/wp-content\/uploads\/2023\/03\/SOLAR-ROVER-4M-1.jpg","width":960,"height":720,"caption":"SOLAR ROVER 4M"},{"@type":"BreadcrumbList","@id":"https:\/\/tijuana.com.uy\/?product=solar-rover-4m#breadcrumb","itemListElement":[{"@type":"ListItem","position":1,"name":"Inicio","item":"https:\/\/tijuana.com.uy\/"},{"@type":"ListItem","position":2,"name":"Todos nuestros productos","item":"https:\/\/tijuana.com.uy\/?page_id=365"},{"@type":"ListItem","position":3,"name":"SOLAR ROVER"}]},{"@type":"WebSite","@id":"https:\/\/tijuana.com.uy\/#website","url":"https:\/\/tijuana.com.uy\/","name":"Tijuana","description":"Ecommerce Tijuana","potentialAction":[{"@type":"SearchAction","target":{"@type":"EntryPoint","urlTemplate":"https:\/\/tijuana.com.uy\/?s={search_term_string}"},"query-input":{"@type":"PropertyValueSpecification","valueRequired":true,"valueName":"search_term_string"}}],"inLanguage":"es"}]}},"_links":{"self":[{"href":"https:\/\/tijuana.com.uy\/index.php?rest_route=\/wp\/v2\/product\/4078","targetHints":{"allow":["GET"]}}],"collection":[{"href":"https:\/\/tijuana.com.uy\/index.php?rest_route=\/wp\/v2\/product"}],"about":[{"href":"https:\/\/tijuana.com.uy\/index.php?rest_route=\/wp\/v2\/types\/product"}],"wp:featuredmedia":[{"embeddable":true,"href":"https:\/\/tijuana.com.uy\/index.php?rest_route=\/wp\/v2\/media\/4081"}],"wp:attachment":[{"href":"https:\/\/tijuana.com.uy\/index.php?rest_route=%2Fwp%2Fv2%2Fmedia&parent=4078"}],"wp:term":[{"taxonomy":"product_brand","embeddable":true,"href":"https:\/\/tijuana.com.uy\/index.php?rest_route=%2Fwp%2Fv2%2Fproduct_brand&post=4078"},{"taxonomy":"product_cat","embeddable":true,"href":"https:\/\/tijuana.com.uy\/index.php?rest_route=%2Fwp%2Fv2%2Fproduct_cat&post=4078"},{"taxonomy":"product_tag","embeddable":true,"href":"https:\/\/tijuana.com.uy\/index.php?rest_route=%2Fwp%2Fv2%2Fproduct_tag&post=4078"}],"curies":[{"name":"wp","href":"https:\/\/api.w.org\/{rel}","templated":true}]}}