{"id":4388,"date":"2023-05-07T20:23:55","date_gmt":"2023-05-07T23:23:55","guid":{"rendered":"https:\/\/tijuana.com.uy\/?post_type=product&#038;p=4388"},"modified":"2025-08-15T10:41:52","modified_gmt":"2025-08-15T13:41:52","slug":"imanix-standard-32-piezas","status":"publish","type":"product","link":"https:\/\/tijuana.com.uy\/?product=imanix-standard-32-piezas","title":{"rendered":"IMANIX STANDARD 32 PIEZAS"},"content":{"rendered":"","protected":false},"excerpt":{"rendered":"<p>Construir, apilar, derrumbar y volver a construir. Imanix es un juego de construcci\u00f3n compuesto por piezas geom\u00e9tricas de diferentes tama\u00f1os y colores, que se unen f\u00e1cilmente a trav\u00e9s de imanes interiores para que puedas crear en 2D y 3D. Piezas con certificaci\u00f3n internacional, libres de BPA, L\u00e1tex y Tolueno.<\/p>\n<p><strong>Contiene:<\/strong>\u00a02 cuadrados grandes, 8 cuadrados peque\u00f1os, 4 tri\u00e1ngulos is\u00f3sceles, 8 tri\u00e1ngulos equil\u00e1teros, 4 tri\u00e1ngulos rectos, 6 ventanas cuadradas y 4 clicks aleatorios de regalo.<\/p>\n","protected":false},"featured_media":4389,"template":"","meta":[],"product_brand":[],"product_cat":[26],"product_tag":[67,65,66,33],"class_list":{"0":"post-4388","1":"product","2":"type-product","3":"status-publish","4":"has-post-thumbnail","6":"product_cat-jugueteria","7":"product_tag-7anos","8":"product_tag-3-4anos","9":"product_tag-5-6anos","10":"product_tag-imanix","12":"first","13":"instock","14":"sale","15":"taxable","16":"shipping-taxable","17":"purchasable","18":"product-type-simple"},"yoast_head":"<!-- This site is optimized with the Yoast SEO plugin v27.5 - https:\/\/yoast.com\/product\/yoast-seo-wordpress\/ -->\n<title>IMANIX STANDARD 32 PIEZAS - Tijuana<\/title>\n<meta name=\"description\" content=\"Imanix es un juego de construcci\u00f3n compuesto por piezas geom\u00e9tricas de diferentes tama\u00f1os y colores que se unen f\u00e1cilmente a trav\u00e9s de imanes.\" \/>\n<meta name=\"robots\" content=\"index, follow, max-snippet:-1, max-image-preview:large, max-video-preview:-1\" \/>\n<link rel=\"canonical\" href=\"https:\/\/tijuana.com.uy\/?product=imanix-standard-32-piezas\" \/>\n<meta property=\"og:locale\" content=\"es_ES\" \/>\n<meta property=\"og:type\" content=\"article\" \/>\n<meta property=\"og:title\" content=\"IMANIX STANDARD 32 PIEZAS - Tijuana\" \/>\n<meta property=\"og:description\" content=\"Imanix es un juego de construcci\u00f3n compuesto por piezas geom\u00e9tricas de diferentes tama\u00f1os y colores que se unen f\u00e1cilmente a trav\u00e9s de imanes.\" \/>\n<meta property=\"og:url\" content=\"https:\/\/tijuana.com.uy\/?product=imanix-standard-32-piezas\" \/>\n<meta property=\"og:site_name\" content=\"Tijuana\" \/>\n<meta property=\"article:modified_time\" content=\"2025-08-15T13:41:52+00:00\" \/>\n<meta property=\"og:image\" content=\"https:\/\/tijuana.com.uy\/wp-content\/uploads\/2023\/05\/IMA-032-1_1800x-799x799-1.jpg\" \/>\n\t<meta property=\"og:image:width\" content=\"799\" \/>\n\t<meta property=\"og:image:height\" content=\"799\" \/>\n\t<meta property=\"og:image:type\" content=\"image\/jpeg\" \/>\n<meta name=\"twitter:card\" content=\"summary_large_image\" \/>\n<script type=\"application\/ld+json\" class=\"yoast-schema-graph\">{\"@context\":\"https:\\\/\\\/schema.org\",\"@graph\":[{\"@type\":\"WebPage\",\"@id\":\"https:\\\/\\\/tijuana.com.uy\\\/?product=imanix-standard-32-piezas\",\"url\":\"https:\\\/\\\/tijuana.com.uy\\\/?product=imanix-standard-32-piezas\",\"name\":\"IMANIX STANDARD 32 PIEZAS - Tijuana\",\"isPartOf\":{\"@id\":\"https:\\\/\\\/tijuana.com.uy\\\/#website\"},\"primaryImageOfPage\":{\"@id\":\"https:\\\/\\\/tijuana.com.uy\\\/?product=imanix-standard-32-piezas#primaryimage\"},\"image\":{\"@id\":\"https:\\\/\\\/tijuana.com.uy\\\/?product=imanix-standard-32-piezas#primaryimage\"},\"thumbnailUrl\":\"https:\\\/\\\/tijuana.com.uy\\\/wp-content\\\/uploads\\\/2023\\\/05\\\/IMA-032-1_1800x-799x799-1.jpg\",\"datePublished\":\"2023-05-07T23:23:55+00:00\",\"dateModified\":\"2025-08-15T13:41:52+00:00\",\"description\":\"Imanix es un juego de construcci\u00f3n compuesto por piezas geom\u00e9tricas de diferentes tama\u00f1os y colores que se unen f\u00e1cilmente a trav\u00e9s de imanes.\",\"breadcrumb\":{\"@id\":\"https:\\\/\\\/tijuana.com.uy\\\/?product=imanix-standard-32-piezas#breadcrumb\"},\"inLanguage\":\"es\",\"potentialAction\":[{\"@type\":\"ReadAction\",\"target\":[\"https:\\\/\\\/tijuana.com.uy\\\/?product=imanix-standard-32-piezas\"]}]},{\"@type\":\"ImageObject\",\"inLanguage\":\"es\",\"@id\":\"https:\\\/\\\/tijuana.com.uy\\\/?product=imanix-standard-32-piezas#primaryimage\",\"url\":\"https:\\\/\\\/tijuana.com.uy\\\/wp-content\\\/uploads\\\/2023\\\/05\\\/IMA-032-1_1800x-799x799-1.jpg\",\"contentUrl\":\"https:\\\/\\\/tijuana.com.uy\\\/wp-content\\\/uploads\\\/2023\\\/05\\\/IMA-032-1_1800x-799x799-1.jpg\",\"width\":799,\"height\":799,\"caption\":\"IMANIX STANDARD 32 PIEZAS\"},{\"@type\":\"BreadcrumbList\",\"@id\":\"https:\\\/\\\/tijuana.com.uy\\\/?product=imanix-standard-32-piezas#breadcrumb\",\"itemListElement\":[{\"@type\":\"ListItem\",\"position\":1,\"name\":\"Inicio\",\"item\":\"https:\\\/\\\/tijuana.com.uy\\\/\"},{\"@type\":\"ListItem\",\"position\":2,\"name\":\"Todos nuestros productos\",\"item\":\"https:\\\/\\\/tijuana.com.uy\\\/?page_id=365\"},{\"@type\":\"ListItem\",\"position\":3,\"name\":\"IMANIX STANDARD 32 PIEZAS\"}]},{\"@type\":\"WebSite\",\"@id\":\"https:\\\/\\\/tijuana.com.uy\\\/#website\",\"url\":\"https:\\\/\\\/tijuana.com.uy\\\/\",\"name\":\"Tijuana\",\"description\":\"Ecommerce Tijuana\",\"potentialAction\":[{\"@type\":\"SearchAction\",\"target\":{\"@type\":\"EntryPoint\",\"urlTemplate\":\"https:\\\/\\\/tijuana.com.uy\\\/?s={search_term_string}\"},\"query-input\":{\"@type\":\"PropertyValueSpecification\",\"valueRequired\":true,\"valueName\":\"search_term_string\"}}],\"inLanguage\":\"es\"}]}<\/script>\n<!-- \/ Yoast SEO plugin. -->","yoast_head_json":{"title":"IMANIX STANDARD 32 PIEZAS - Tijuana","description":"Imanix es un juego de construcci\u00f3n compuesto por piezas geom\u00e9tricas de diferentes tama\u00f1os y colores que se unen f\u00e1cilmente a trav\u00e9s de imanes.","robots":{"index":"index","follow":"follow","max-snippet":"max-snippet:-1","max-image-preview":"max-image-preview:large","max-video-preview":"max-video-preview:-1"},"canonical":"https:\/\/tijuana.com.uy\/?product=imanix-standard-32-piezas","og_locale":"es_ES","og_type":"article","og_title":"IMANIX STANDARD 32 PIEZAS - Tijuana","og_description":"Imanix es un juego de construcci\u00f3n compuesto por piezas geom\u00e9tricas de diferentes tama\u00f1os y colores que se unen f\u00e1cilmente a trav\u00e9s de imanes.","og_url":"https:\/\/tijuana.com.uy\/?product=imanix-standard-32-piezas","og_site_name":"Tijuana","article_modified_time":"2025-08-15T13:41:52+00:00","og_image":[{"width":799,"height":799,"url":"https:\/\/tijuana.com.uy\/wp-content\/uploads\/2023\/05\/IMA-032-1_1800x-799x799-1.jpg","type":"image\/jpeg"}],"twitter_card":"summary_large_image","schema":{"@context":"https:\/\/schema.org","@graph":[{"@type":"WebPage","@id":"https:\/\/tijuana.com.uy\/?product=imanix-standard-32-piezas","url":"https:\/\/tijuana.com.uy\/?product=imanix-standard-32-piezas","name":"IMANIX STANDARD 32 PIEZAS - Tijuana","isPartOf":{"@id":"https:\/\/tijuana.com.uy\/#website"},"primaryImageOfPage":{"@id":"https:\/\/tijuana.com.uy\/?product=imanix-standard-32-piezas#primaryimage"},"image":{"@id":"https:\/\/tijuana.com.uy\/?product=imanix-standard-32-piezas#primaryimage"},"thumbnailUrl":"https:\/\/tijuana.com.uy\/wp-content\/uploads\/2023\/05\/IMA-032-1_1800x-799x799-1.jpg","datePublished":"2023-05-07T23:23:55+00:00","dateModified":"2025-08-15T13:41:52+00:00","description":"Imanix es un juego de construcci\u00f3n compuesto por piezas geom\u00e9tricas de diferentes tama\u00f1os y colores que se unen f\u00e1cilmente a trav\u00e9s de imanes.","breadcrumb":{"@id":"https:\/\/tijuana.com.uy\/?product=imanix-standard-32-piezas#breadcrumb"},"inLanguage":"es","potentialAction":[{"@type":"ReadAction","target":["https:\/\/tijuana.com.uy\/?product=imanix-standard-32-piezas"]}]},{"@type":"ImageObject","inLanguage":"es","@id":"https:\/\/tijuana.com.uy\/?product=imanix-standard-32-piezas#primaryimage","url":"https:\/\/tijuana.com.uy\/wp-content\/uploads\/2023\/05\/IMA-032-1_1800x-799x799-1.jpg","contentUrl":"https:\/\/tijuana.com.uy\/wp-content\/uploads\/2023\/05\/IMA-032-1_1800x-799x799-1.jpg","width":799,"height":799,"caption":"IMANIX STANDARD 32 PIEZAS"},{"@type":"BreadcrumbList","@id":"https:\/\/tijuana.com.uy\/?product=imanix-standard-32-piezas#breadcrumb","itemListElement":[{"@type":"ListItem","position":1,"name":"Inicio","item":"https:\/\/tijuana.com.uy\/"},{"@type":"ListItem","position":2,"name":"Todos nuestros productos","item":"https:\/\/tijuana.com.uy\/?page_id=365"},{"@type":"ListItem","position":3,"name":"IMANIX STANDARD 32 PIEZAS"}]},{"@type":"WebSite","@id":"https:\/\/tijuana.com.uy\/#website","url":"https:\/\/tijuana.com.uy\/","name":"Tijuana","description":"Ecommerce Tijuana","potentialAction":[{"@type":"SearchAction","target":{"@type":"EntryPoint","urlTemplate":"https:\/\/tijuana.com.uy\/?s={search_term_string}"},"query-input":{"@type":"PropertyValueSpecification","valueRequired":true,"valueName":"search_term_string"}}],"inLanguage":"es"}]}},"_links":{"self":[{"href":"https:\/\/tijuana.com.uy\/index.php?rest_route=\/wp\/v2\/product\/4388","targetHints":{"allow":["GET"]}}],"collection":[{"href":"https:\/\/tijuana.com.uy\/index.php?rest_route=\/wp\/v2\/product"}],"about":[{"href":"https:\/\/tijuana.com.uy\/index.php?rest_route=\/wp\/v2\/types\/product"}],"wp:featuredmedia":[{"embeddable":true,"href":"https:\/\/tijuana.com.uy\/index.php?rest_route=\/wp\/v2\/media\/4389"}],"wp:attachment":[{"href":"https:\/\/tijuana.com.uy\/index.php?rest_route=%2Fwp%2Fv2%2Fmedia&parent=4388"}],"wp:term":[{"taxonomy":"product_brand","embeddable":true,"href":"https:\/\/tijuana.com.uy\/index.php?rest_route=%2Fwp%2Fv2%2Fproduct_brand&post=4388"},{"taxonomy":"product_cat","embeddable":true,"href":"https:\/\/tijuana.com.uy\/index.php?rest_route=%2Fwp%2Fv2%2Fproduct_cat&post=4388"},{"taxonomy":"product_tag","embeddable":true,"href":"https:\/\/tijuana.com.uy\/index.php?rest_route=%2Fwp%2Fv2%2Fproduct_tag&post=4388"}],"curies":[{"name":"wp","href":"https:\/\/api.w.org\/{rel}","templated":true}]}}